{"id":97445,"date":"2026-02-04T17:00:29","date_gmt":"2026-02-04T17:00:29","guid":{"rendered":"https:\/\/brandss.com.py\/index\/?post_type=product&#038;p=97445"},"modified":"2026-04-21T11:27:49","modified_gmt":"2026-04-21T11:27:49","slug":"almohadilla-facial-medicube-pdrn-pink-collagen-toning-gel-toner-70pcs-120ml","status":"publish","type":"product","link":"https:\/\/brandss.com.py\/index\/producto\/almohadilla-facial-medicube-pdrn-pink-collagen-toning-gel-toner-70pcs-120ml\/","title":{"rendered":"ALMOHADILLA FACIAL MEDICUBE PDRN PINK COLLAGEN TONING GEL TONER 70PCS 120ML"},"content":{"rendered":"<p><img loading=\"lazy\" decoding=\"async\" class=\"\" src=\"https:\/\/www.miikorean.com\/cdn\/shop\/collections\/MEDICUBE_533x.webp?v=1756148720\" alt=\"MEDICUBE \u2013 Mii Korean Skincare\" width=\"140\" height=\"45\" \/><\/p>\n<h1>PDRN PINK COLLAGEN TONING GEL TONER<\/h1>\n<p>\u00bfEst\u00e1s buscando una soluci\u00f3n r\u00e1pida, efectiva y lujosa para hidratar, suavizar y potenciar tu piel? PDRN Pink Collagen Toning Gel Toner Pad es un h\u00edbrido avanzado entre t\u00f3nico, Essence y mascarilla en gel todo en una almohadilla conveniente.<\/p>\n<p>Esta novedad de tono rosado combina ciencia e innovaci\u00f3n de K-beauty para darle a tu piel un efecto inmediato de &#8220;piel de vidrio&#8221;, mientras trabaja activamente en profundidad para fortalecer, calmar y rejuvenecer. Ya sea que desees revitalizar la piel cansada, tratar manchas de pigmentaci\u00f3n o simplemente darle a tu piel una dosis diaria de brillo, estas almohadillas t\u00f3nicas son tu nuevo mejor amigo.<\/p>\n<p><span dir=\"auto\">El gel tonificador de col\u00e1geno rosa PDRN de Medicube\u00a0\u00a0<\/span><span dir=\"auto\">contiene PDRN de salm\u00f3n premium, sometido a un avanzado proceso de purificaci\u00f3n para minimizar los residuos y mejorar su absorci\u00f3n.\u00a0<\/span><span dir=\"auto\">Con un 99 % de PDRN de salm\u00f3n de alta pureza, libre de residuos innecesarios, la f\u00f3rmula penetra m\u00e1s r\u00e1pido y profundamente, distribuyendo sus potentes ingredientes activos eficazmente en la piel.<\/span><\/p>\n<p><span dir=\"auto\">Con una textura ultrafina de 0,5 mm, este producto se adapta perfectamente a las imperfecciones, ofreciendo una iluminaci\u00f3n localizada.\u00a0<\/span><span dir=\"auto\">Incluso con un solo uso, proporciona una correcci\u00f3n del tono cl\u00ednicamente probada, manteniendo la piel limpia y radiante a diario.\u00a0<\/span><span dir=\"auto\">Este producto es el primer disco t\u00f3nico en gel ultraadhesivo de Medicube, desarrollado con una t\u00e9cnica especial que impregna el gel en la tela, proporcionando una f\u00f3rmula ligera pero potente que retiene la hidrataci\u00f3n.<\/span><\/p>\n<h3><strong>Ventajas:<img loading=\"lazy\" decoding=\"async\" class=\"alignleft\" src=\"https:\/\/kbeautystore.com\/cdn\/shop\/files\/MEDICUBEPDRNPinkCollagenToningGelTonerPad70Sheets-5_2048x_85b8e1d7-4e06-4c13-86c3-130a041d2686_webp.jpg?v=1747728008&amp;width=900\" width=\"602\" height=\"602\" \/><\/strong><\/h3>\n<ul>\n<li><strong>Salmon PDRN (Polideoxirribonucle\u00f3tido): <\/strong>Una biomol\u00e9cula del ADN de salm\u00f3n que estimula la renovaci\u00f3n de la piel, mejora la elasticidad y unifica el tono de la piel. Ayuda a reducir manchas de pigmentaci\u00f3n y cicatrices.<\/li>\n<li><strong>Col\u00e1geno de ultrabaja mol\u00e9cula (200 Da): <\/strong>Penetra profundamente en la piel y mejora la firmeza y elasticidad. Contribuye a una piel m\u00e1s plena y el\u00e1stica.<\/li>\n<li><strong>Niacinamida (Vitamina B3): <\/strong>Unifica el tono de la piel, aclara las manchas de pigmentaci\u00f3n y fortalece la barrera de la piel. Un ingrediente efectivo para una piel m\u00e1s clara.<\/li>\n<li><strong>Madecassoside (de Centella Asiatica): <\/strong>Tiene un efecto calmante y antiinflamatorio. Fortalece la piel y reduce el enrojecimiento.<\/li>\n<li><strong>Gel-esencia hidratante:<\/strong>\u00a0Una textura refrescante que hidrata sin sentirse pegajosa. Tambi\u00e9n es adecuada para piel sensible o grasa.<\/li>\n<\/ul>\n<h3><strong>Uso:<\/strong><\/h3>\n<p><strong>Como almohadilla t\u00f3nica diaria:<\/strong><\/p>\n<ol>\n<li>Usar despu\u00e9s de la limpieza.<\/li>\n<li>Toma una almohadilla y p\u00e1sala suavemente por el rostro, cuello o \u00e1reas espec\u00edficas.<\/li>\n<li>Deja que el gel se absorba o masajea el exceso.<\/li>\n<\/ol>\n<p><strong>Como tratamiento intensivo:<\/strong><\/p>\n<ol>\n<li>Aplica una almohadilla en \u00e1reas seleccionadas, como p\u00f3mulos, frente o manchas de pigmentaci\u00f3n.<\/li>\n<li>Deja actuar de 3 a 5 minutos como una mini-mascarilla.<\/li>\n<li>Retira y da palmaditas para absorber la esencia restante.<\/li>\n<\/ol>\n<p><strong>Consejo:<\/strong> Guarda el frasco en el refrigerador para un efecto refrescante, perfecto durante d\u00edas calurosos o para reducir la hinchaz\u00f3n.<\/p>\n","protected":false},"excerpt":{"rendered":"<p>PDRN PINK COLLAGEN TONING GEL TONER \u00bfEst\u00e1s buscando una soluci\u00f3n r\u00e1pida, efectiva y lujosa para hidratar, suavizar y potenciar tu<\/p>\n","protected":false},"featured_media":97446,"comment_status":"open","ping_status":"closed","template":"","meta":{"nf_dc_page":""},"product_brand":[2664],"product_cat":[104],"product_tag":[2674],"class_list":{"0":"post-97445","1":"product","2":"type-product","3":"status-publish","4":"has-post-thumbnail","6":"product_brand-medicube","7":"product_cat-skin-care","8":"product_tag-2674","10":"first","11":"outofstock","12":"shipping-taxable","13":"purchasable","14":"product-type-simple"},"_links":{"self":[{"href":"https:\/\/brandss.com.py\/index\/wp-json\/wp\/v2\/product\/97445","targetHints":{"allow":["GET"]}}],"collection":[{"href":"https:\/\/brandss.com.py\/index\/wp-json\/wp\/v2\/product"}],"about":[{"href":"https:\/\/brandss.com.py\/index\/wp-json\/wp\/v2\/types\/product"}],"replies":[{"embeddable":true,"href":"https:\/\/brandss.com.py\/index\/wp-json\/wp\/v2\/comments?post=97445"}],"version-history":[{"count":1,"href":"https:\/\/brandss.com.py\/index\/wp-json\/wp\/v2\/product\/97445\/revisions"}],"predecessor-version":[{"id":97454,"href":"https:\/\/brandss.com.py\/index\/wp-json\/wp\/v2\/product\/97445\/revisions\/97454"}],"wp:featuredmedia":[{"embeddable":true,"href":"https:\/\/brandss.com.py\/index\/wp-json\/wp\/v2\/media\/97446"}],"wp:attachment":[{"href":"https:\/\/brandss.com.py\/index\/wp-json\/wp\/v2\/media?parent=97445"}],"wp:term":[{"taxonomy":"product_brand","embeddable":true,"href":"https:\/\/brandss.com.py\/index\/wp-json\/wp\/v2\/product_brand?post=97445"},{"taxonomy":"product_cat","embeddable":true,"href":"https:\/\/brandss.com.py\/index\/wp-json\/wp\/v2\/product_cat?post=97445"},{"taxonomy":"product_tag","embeddable":true,"href":"https:\/\/brandss.com.py\/index\/wp-json\/wp\/v2\/product_tag?post=97445"}],"curies":[{"name":"wp","href":"https:\/\/api.w.org\/{rel}","templated":true}]}}