{"id":97469,"date":"2026-02-04T18:23:43","date_gmt":"2026-02-04T18:23:43","guid":{"rendered":"https:\/\/brandss.com.py\/index\/?post_type=product&#038;p=97469"},"modified":"2026-04-21T11:27:49","modified_gmt":"2026-04-21T11:27:49","slug":"serum-facial-medicube-pdrn-peptide-30ml","status":"publish","type":"product","link":"https:\/\/brandss.com.py\/index\/producto\/serum-facial-medicube-pdrn-peptide-30ml\/","title":{"rendered":"S\u00c9RUM FACIAL MEDICUBE PDRN PEPTIDE 30ML"},"content":{"rendered":"<p><img loading=\"lazy\" decoding=\"async\" class=\"\" src=\"https:\/\/www.miikorean.com\/cdn\/shop\/collections\/MEDICUBE_533x.webp?v=1756148720\" alt=\"MEDICUBE \u2013 Mii Korean Skincare\" width=\"153\" height=\"49\" \/><\/p>\n<h1>PDRN PEPTIDE<\/h1>\n<p>Experimenta una piel radiante y juvenil\u00a0con medicube PDRN Pink Peptide Serum. Este suero avanzado est\u00e1 especialmente dise\u00f1ado para mejorar la elasticidad de la piel y proporcionar un tono de piel m\u00e1s uniforme, lo que resulta en una tez m\u00e1s clara y resistente.<img loading=\"lazy\" decoding=\"async\" class=\"alignleft\" src=\"https:\/\/static.wixstatic.com\/media\/f5a2cd_992ff5aff702428387c45e3d6bbc3fa8~mv2.webp\" width=\"634\" height=\"755\" \/><\/p>\n<p>El suero tiene una textura ligera e hidratante que se absorbe r\u00e1pidamente en la piel, dej\u00e1ndola suave, tersa y radiante durante horas. Las mejoras visibles se pueden notar en tan solo dos semanas, lo que lo convierte en la soluci\u00f3n definitiva para lograr una piel saludable y radiante. Es un s\u00e9rum avanzado dise\u00f1ado para quienes buscan terapias antiedad\u00a0que\u00a0suavizan la textura\u00a0y\u00a0reducen los signos del envejecimiento facial. Formulado con\u00a0PDRN de salm\u00f3n, un ingrediente biotecnol\u00f3gico, se combina en\u00a0perfecta sinergia\u00a0con un\u00a0complejo de col\u00e1geno y p\u00e9ptidos\u00a0para mejorar la elasticidad de la piel,\u00a0atenuar imperfecciones\u00a0y reducir\u00a0manchas oscuras e hiperpigmentaci\u00f3n.<\/p>\n<p>Descubre el secreto de la piel radiante\u00a0con\u00a0Medicube PDRN Pink Peptide Serum, una fusi\u00f3n de\u00a0biotecnolog\u00eda avanzada\u00a0y\u00a0cuidado facial coreano de lujo. Formulado con\u00a0ingredientes estrella\u00a0como\u00a0PDRN y p\u00e9ptidos, este s\u00e9rum\u00a0multiplica la regeneraci\u00f3n celular\u00a0y\u00a0redefine la juventud de tu piel.<\/p>\n<p>Cada gota trabaja para\u00a0restaurar elasticidad,\u00a0borrar signos de fatiga\u00a0y\u00a0revelar un rostro luminoso y uniforme.\u00a0No es solo un producto, es la experiencia definitiva de lujo que tu piel merece.<\/p>\n<h3><strong>Caracter\u00edsticas y Beneficios:<\/strong><\/h3>\n<p>&nbsp;<\/p>\n<ul>\n<li>Mejora de la Elasticidad:\u00a0contiene\u00a010,000 ppm de PDRN de salm\u00f3n, un componente similar a la piel humana, que ayuda a mejorar la elasticidad cut\u00e1nea en\u00a0tan solo dos semanas.<\/li>\n<li>Reducci\u00f3n de Imperfecciones:\u00a0el sistema reparador tonificante ofrece elasticidad y ayuda a\u00a0borrar manchas\u00a0en la piel. Su\u00a0textura ligera\u00a0no deja sensaci\u00f3n pegajosa, mientras\u00a0calma y fortalece la barrera cut\u00e1nea.<\/li>\n<li>Hidrataci\u00f3n Profunda:\u00a0gracias al\u00a0\u00e1cido hialur\u00f3nico, el\u00a0complejo de col\u00e1geno de salm\u00f3n\u00a0y la\u00a0coenzima Q10, brinda un\u00a0alivio inmediato, hidrata profundamente y rellena el col\u00e1geno, ayudando a\u00a0reparar la barrera cut\u00e1nea debilitada.<\/li>\n<li>Iluminaci\u00f3n y Suavidad:\u00a0la\u00a0niacinamida\u00a0y el\u00a0extracto de ra\u00edz de c\u00farcuma\u00a0proporcionan\u00a0efectos iluminadores y suavizantes, unificando el tono de la piel.<\/li>\n<li>Apto para Pieles Sensibles:\u00a0su f\u00f3rmula es\u00a0hipoalerg\u00e9nica\u00a0y\u00a0segura incluso para las condiciones m\u00e1s delicadas.<\/li>\n<\/ul>\n<p>&nbsp;<\/p>\n<h3><span style=\"font-family: HelveticaNeueW01-65Medi, HelveticaNeueW02-65Medi, HelveticaNeueW10-65Medi, sans-serif\">La f\u00f3rmula:<img loading=\"lazy\" decoding=\"async\" class=\"alignright\" src=\"https:\/\/cdn-image.oliveyoung.com\/slicedImg\/editor\/1001\/74cacce5-7ae9-491e-bbbe-e23357e7a64e90b6589b-caf0-4eb6-888d-8598fb7126fa.jpg\" width=\"617\" height=\"617\" \/><\/span><\/h3>\n<p>&nbsp;<\/p>\n<p>El\u00a0PDRN (Polidesoxirribonucle\u00f3tido)\u00a0es el ingrediente revolucionario que\u00a0fortalece y restaura\u00a0la barrera natural de tu piel. Extra\u00eddo cuidadosamente del salm\u00f3n, su\u00a0estructura \u00fanica, similar al ADN humano, asegura una\u00a0compatibilidad perfecta con tus c\u00e9lulas cut\u00e1neas.<\/p>\n<p>El resultado: una barrera m\u00e1s\u00a0fuerte, resistente\u00a0y capaz de defenderse de las agresiones externas. Es la\u00a0ciencia detr\u00e1s de la piel saludable\u00a0que transforma tu rutina de cuidado en una experiencia de lujo y eficacia.<\/p>\n<p>&nbsp;<\/p>\n<h3><strong>Otros ingredientes clave:<\/strong><\/h3>\n<p>&nbsp;<\/p>\n<ul>\n<li><strong>Complejo de Col\u00e1geno de Salm\u00f3n:<\/strong>\u00a0aumenta la\u00a0firmeza\u00a0y\u00a0elasticidad cut\u00e1nea.<\/li>\n<li><strong>P\u00e9ptidos:<\/strong>\u00a0estimulan la\u00a0producci\u00f3n de col\u00e1geno\u00a0y mejoran la textura de la piel.<\/li>\n<li><strong>Niacinamida:<\/strong>\u00a0ilumina y\u00a0unifica el tono.<\/li>\n<li><strong>Extracto de Ra\u00edz de C\u00farcuma:<\/strong>\u00a0un poderoso ingrediente bot\u00e1nico con\u00a0efectos antioxidantes y calmantes.<\/li>\n<\/ul>\n<p>&nbsp;<\/p>\n<p><strong>Uso:<\/strong><\/p>\n<ol>\n<li>Limpia bien el rostro\u00a0y seca la piel antes de la aplicaci\u00f3n.<\/li>\n<li>Dispensa una cantidad adecuada de suero\u00a0y apl\u00edcalo uniformemente sobre el rostro y el cuello.<\/li>\n<li>Da ligeros golpecitos al suero\u00a0en la piel para una mejor absorci\u00f3n.<\/li>\n<li>Sigue con una crema hidratante\u00a0y protecci\u00f3n solar durante el d\u00eda.<\/li>\n<li>Usa por la ma\u00f1ana y por la noche\u00a0para obtener mejores resultados.<\/li>\n<\/ol>\n<p>&nbsp;<\/p>\n<p><strong>\u00a1Hazlo tuyo ahora y siente la diferencia desde la primera aplicaci\u00f3n!<\/strong><\/p>\n","protected":false},"excerpt":{"rendered":"<p>PDRN PEPTIDE Experimenta una piel radiante y juvenil\u00a0con medicube PDRN Pink Peptide Serum. Este suero avanzado est\u00e1 especialmente dise\u00f1ado para<\/p>\n","protected":false},"featured_media":97470,"comment_status":"open","ping_status":"closed","template":"","meta":{"nf_dc_page":""},"product_brand":[2664],"product_cat":[104],"product_tag":[2676],"class_list":{"0":"post-97469","1":"product","2":"type-product","3":"status-publish","4":"has-post-thumbnail","6":"product_brand-medicube","7":"product_cat-skin-care","8":"product_tag-2676","10":"first","11":"outofstock","12":"shipping-taxable","13":"purchasable","14":"product-type-simple"},"_links":{"self":[{"href":"https:\/\/brandss.com.py\/index\/wp-json\/wp\/v2\/product\/97469","targetHints":{"allow":["GET"]}}],"collection":[{"href":"https:\/\/brandss.com.py\/index\/wp-json\/wp\/v2\/product"}],"about":[{"href":"https:\/\/brandss.com.py\/index\/wp-json\/wp\/v2\/types\/product"}],"replies":[{"embeddable":true,"href":"https:\/\/brandss.com.py\/index\/wp-json\/wp\/v2\/comments?post=97469"}],"version-history":[{"count":1,"href":"https:\/\/brandss.com.py\/index\/wp-json\/wp\/v2\/product\/97469\/revisions"}],"predecessor-version":[{"id":97480,"href":"https:\/\/brandss.com.py\/index\/wp-json\/wp\/v2\/product\/97469\/revisions\/97480"}],"wp:featuredmedia":[{"embeddable":true,"href":"https:\/\/brandss.com.py\/index\/wp-json\/wp\/v2\/media\/97470"}],"wp:attachment":[{"href":"https:\/\/brandss.com.py\/index\/wp-json\/wp\/v2\/media?parent=97469"}],"wp:term":[{"taxonomy":"product_brand","embeddable":true,"href":"https:\/\/brandss.com.py\/index\/wp-json\/wp\/v2\/product_brand?post=97469"},{"taxonomy":"product_cat","embeddable":true,"href":"https:\/\/brandss.com.py\/index\/wp-json\/wp\/v2\/product_cat?post=97469"},{"taxonomy":"product_tag","embeddable":true,"href":"https:\/\/brandss.com.py\/index\/wp-json\/wp\/v2\/product_tag?post=97469"}],"curies":[{"name":"wp","href":"https:\/\/api.w.org\/{rel}","templated":true}]}}