{"id":97481,"date":"2026-02-04T19:01:21","date_gmt":"2026-02-04T19:01:21","guid":{"rendered":"https:\/\/brandss.com.py\/index\/?post_type=product&#038;p=97481"},"modified":"2026-04-21T11:27:49","modified_gmt":"2026-04-21T11:27:49","slug":"crema-facial-medicube-deep-vita-c-capsule-55gr","status":"publish","type":"product","link":"https:\/\/brandss.com.py\/index\/producto\/crema-facial-medicube-deep-vita-c-capsule-55gr\/","title":{"rendered":"CREMA FACIAL MEDICUBE DEEP VITA C CAPSULE 55GR"},"content":{"rendered":"<p><img loading=\"lazy\" decoding=\"async\" class=\"\" src=\"https:\/\/www.miikorean.com\/cdn\/shop\/collections\/MEDICUBE_533x.webp?v=1756148720\" alt=\"MEDICUBE \u2013 Mii Korean Skincare\" width=\"159\" height=\"51\" \/><\/p>\n<h1>DEEP VITA C CAPSULE<\/h1>\n<p data-start=\"159\" data-end=\"927\"><span dir=\"auto\">Ees una crema en gel antimanchas y antiedad de alta calidad dise\u00f1ada para unificar el tono de la piel y mejorar su firmeza. Gracias a su tecnolog\u00eda de doble textura (c\u00e1psulas de vitamina C encapsuladas + gel transparente), este producto potencia la acci\u00f3n de <\/span><span dir=\"auto\">la vitamina C, la niacinamida y la arbutina<\/span><span dir=\"auto\">\u00a0, combatiendo la decoloraci\u00f3n, la p\u00e9rdida de elasticidad y la textura irregular.<img decoding=\"async\" class=\"alignleft\" src=\"https:\/\/skinb.mx\/cdn\/shop\/files\/medicube_deep_vitac_capsule_cream.jpg?v=1763875627&amp;width=620\" \/><\/span><br data-start=\"540\" data-end=\"543\" \/><span dir=\"auto\">Su f\u00f3rmula tambi\u00e9n contiene\u00a0<\/span><span dir=\"auto\">un 50 % de agua de espino amarillo<\/span><span dir=\"auto\">\u00a0, extremadamente rica en antioxidantes, que, junto con un gel enriquecido con\u00a0<\/span><span dir=\"auto\">vitamina E, coenzima Q10 y \u00e1cido fer\u00falico<\/span><span dir=\"auto\">\u00a0, potencia la luminosidad y la barrera protectora de la piel.<\/span><br data-start=\"768\" data-end=\"771\" \/><span dir=\"auto\">Su textura ligera y personalizable, seg\u00fan la proporci\u00f3n de gel y c\u00e1psulas, la hace adecuada incluso para\u00a0<\/span><span dir=\"auto\">pieles sensibles o con tendencia a las imperfecciones<\/span><span dir=\"auto\">.<\/span><\/p>\n<h2 data-start=\"929\" data-end=\"975\"><span dir=\"auto\">Beneficios para la piel de la crema en c\u00e1psulas Medicube Deep Vita C<\/span><\/h2>\n<ul>\n<li data-start=\"978\" data-end=\"1103\"><strong data-start=\"978\" data-end=\"997\"><span dir=\"auto\">Tono de piel uniforme:<\/span><\/strong><span dir=\"auto\">\u00a0ayuda a reducir las manchas oscuras y lograr una tez m\u00e1s uniforme a trav\u00e9s de una sinergia de activos iluminadores.<\/span><\/li>\n<li data-start=\"1106\" data-end=\"1217\"><strong data-start=\"1106\" data-end=\"1128\"><span dir=\"auto\">Luminosidad mejorada:<\/span><\/strong><span dir=\"auto\">\u00a0la combinaci\u00f3n de vitamina C y antioxidantes proporciona a la piel un brillo saludable y luminoso.<\/span><\/li>\n<li data-start=\"1220\" data-end=\"1324\"><strong data-start=\"1220\" data-end=\"1242\"><span dir=\"auto\">Firmeza mejorada:<\/span><\/strong><span dir=\"auto\">\u00a0proporciona un efecto reafirmante que favorece la elasticidad y una apariencia m\u00e1s tonificada.<\/span><\/li>\n<li data-start=\"1327\" data-end=\"1446\"><strong data-start=\"1327\" data-end=\"1354\"><span dir=\"auto\">Hidrataci\u00f3n duradera:<\/span><\/strong><span dir=\"auto\">\u00a0el gel y los agentes humectantes trabajan juntos para mantener la comodidad de la piel sin pesadez.<\/span><\/li>\n<li data-start=\"1449\" data-end=\"1561\"><strong data-start=\"1449\" data-end=\"1478\"><span dir=\"auto\">Antienvejecimiento integral:<\/span><\/strong><span dir=\"auto\">\u00a0las c\u00e1psulas y el gel cooperan para ayudar a reducir las l\u00edneas finas y los signos visibles del envejecimiento.<\/span><\/li>\n<\/ul>\n<h2 data-start=\"1563\" data-end=\"1582\"><span dir=\"auto\">Ingredientes clave de la crema en c\u00e1psulas Medicube Deep Vita C<img loading=\"lazy\" decoding=\"async\" class=\"alignright\" src=\"https:\/\/skinshop.ie\/cdn\/shop\/files\/Medicube_DeepVitaCCapsuleCream55g_3.jpg?v=1726679737\" width=\"642\" height=\"642\" \/><\/span><\/h2>\n<ul>\n<li data-start=\"1585\" data-end=\"1700\"><strong data-start=\"1585\" data-end=\"1599\"><span dir=\"auto\">Vitamina C:<\/span><\/strong><span dir=\"auto\">\u00a0Un poderoso antioxidante que disminuye las manchas, protege contra los radicales libres y aumenta la luminosidad.<\/span><\/li>\n<li data-start=\"1703\" data-end=\"1804\"><strong data-start=\"1703\" data-end=\"1732\"><span dir=\"auto\">Niacinamida (vitamina B3):<\/span><\/strong><span dir=\"auto\">\u00a0unifica el tono de la piel, refina la textura y contribuye al cuidado antienvejecimiento.<\/span><\/li>\n<li data-start=\"1807\" data-end=\"1903\"><strong data-start=\"1807\" data-end=\"1819\"><span dir=\"auto\">Arbutina:<\/span><\/strong><span dir=\"auto\">\u00a0Un agente abrillantador de origen vegetal que ayuda a reducir la decoloraci\u00f3n y las manchas oscuras.<\/span><\/li>\n<li data-start=\"1906\" data-end=\"2027\"><strong data-start=\"1906\" data-end=\"1936\"><span dir=\"auto\">Agua de espino amarillo (50%):<\/span><\/strong><span dir=\"auto\">\u00a0Un extracto concentrado rico en antioxidantes naturales; ilumina y revitaliza la piel.<\/span><\/li>\n<li data-start=\"2030\" data-end=\"2151\"><strong data-start=\"2030\" data-end=\"2072\"><span dir=\"auto\">\u00c1cido Fer\u00falico, Vitamina E, Coenzima Q10:<\/span><\/strong><span dir=\"auto\">\u00a0Refuerzan el complejo antioxidante aportando luminosidad y protecci\u00f3n.<\/span><\/li>\n<\/ul>\n<h2 data-start=\"2153\" data-end=\"2193\"><span dir=\"auto\">C\u00f3mo usar la crema en c\u00e1psulas Deep Vita C<\/span><\/h2>\n<p data-start=\"2195\" data-end=\"2217\"><strong><span dir=\"auto\">Prepara tu piel<\/span><\/strong><\/p>\n<p data-start=\"2218\" data-end=\"2382\"><span dir=\"auto\">Comienza tu rutina de cuidado de la piel con una limpieza profunda para eliminar el maquillaje, la grasa y las impurezas. Despu\u00e9s, aplica un t\u00f3nico para equilibrar el pH de la piel y prepararla para el tratamiento.<\/span><\/p>\n<h3 data-start=\"2384\" data-end=\"2402\"><span dir=\"auto\">Instrucciones:<\/span><\/h3>\n<ol>\n<li data-start=\"2406\" data-end=\"2476\"><strong data-start=\"2406\" data-end=\"2418\"><span dir=\"auto\">Limpieza:<\/span><\/strong><span dir=\"auto\">\u00a0lava tu rostro con un limpiador suave para obtener una base limpia.<\/span><\/li>\n<li data-start=\"2480\" data-end=\"2619\"><strong data-start=\"2480\" data-end=\"2490\"><span dir=\"auto\">Aplicar:<\/span><\/strong><span dir=\"auto\">\u00a0Dispensar el gel y las c\u00e1psulas seg\u00fan las necesidades de tu piel (por ejemplo, m\u00e1s gel para piel mixta, m\u00e1s c\u00e1psulas para piel seca).<\/span><\/li>\n<li data-start=\"2623\" data-end=\"2693\"><strong data-start=\"2623\" data-end=\"2631\"><span dir=\"auto\">Mezcla:<\/span><\/strong><span dir=\"auto\">\u00a0Mezcle el gel y las c\u00e1psulas suavemente hasta obtener una textura uniforme.<\/span><\/li>\n<li data-start=\"2697\" data-end=\"2775\"><strong data-start=\"2697\" data-end=\"2708\"><span dir=\"auto\">Extender:<\/span><\/strong><span dir=\"auto\">\u00a0Aplicar uniformemente sobre rostro y cuello, evitando el \u00e1rea de los ojos y los labios.<\/span><\/li>\n<li data-start=\"2779\" data-end=\"2843\"><strong data-start=\"2779\" data-end=\"2791\"><span dir=\"auto\">Masaje:<\/span><\/strong><span dir=\"auto\">\u00a0realizar suaves movimientos circulares hasta su total absorci\u00f3n.<\/span><\/li>\n<li data-start=\"2847\" data-end=\"2933\"><strong data-start=\"2847\" data-end=\"2858\"><span dir=\"auto\">Acabado:<\/span><\/strong><span dir=\"auto\">\u00a0Por la ma\u00f1ana, continuar con el protector solar para preservar la eficacia del producto.<\/span><\/li>\n<\/ol>\n","protected":false},"excerpt":{"rendered":"<p>DEEP VITA C CAPSULE Ees una crema en gel antimanchas y antiedad de alta calidad dise\u00f1ada para unificar el tono<\/p>\n","protected":false},"featured_media":97482,"comment_status":"open","ping_status":"closed","template":"","meta":{"nf_dc_page":""},"product_brand":[2664],"product_cat":[104],"product_tag":[2678],"class_list":{"0":"post-97481","1":"product","2":"type-product","3":"status-publish","4":"has-post-thumbnail","6":"product_brand-medicube","7":"product_cat-skin-care","8":"product_tag-2678","10":"first","11":"outofstock","12":"shipping-taxable","13":"purchasable","14":"product-type-simple"},"_links":{"self":[{"href":"https:\/\/brandss.com.py\/index\/wp-json\/wp\/v2\/product\/97481","targetHints":{"allow":["GET"]}}],"collection":[{"href":"https:\/\/brandss.com.py\/index\/wp-json\/wp\/v2\/product"}],"about":[{"href":"https:\/\/brandss.com.py\/index\/wp-json\/wp\/v2\/types\/product"}],"replies":[{"embeddable":true,"href":"https:\/\/brandss.com.py\/index\/wp-json\/wp\/v2\/comments?post=97481"}],"version-history":[{"count":1,"href":"https:\/\/brandss.com.py\/index\/wp-json\/wp\/v2\/product\/97481\/revisions"}],"predecessor-version":[{"id":97492,"href":"https:\/\/brandss.com.py\/index\/wp-json\/wp\/v2\/product\/97481\/revisions\/97492"}],"wp:featuredmedia":[{"embeddable":true,"href":"https:\/\/brandss.com.py\/index\/wp-json\/wp\/v2\/media\/97482"}],"wp:attachment":[{"href":"https:\/\/brandss.com.py\/index\/wp-json\/wp\/v2\/media?parent=97481"}],"wp:term":[{"taxonomy":"product_brand","embeddable":true,"href":"https:\/\/brandss.com.py\/index\/wp-json\/wp\/v2\/product_brand?post=97481"},{"taxonomy":"product_cat","embeddable":true,"href":"https:\/\/brandss.com.py\/index\/wp-json\/wp\/v2\/product_cat?post=97481"},{"taxonomy":"product_tag","embeddable":true,"href":"https:\/\/brandss.com.py\/index\/wp-json\/wp\/v2\/product_tag?post=97481"}],"curies":[{"name":"wp","href":"https:\/\/api.w.org\/{rel}","templated":true}]}}