{"id":97507,"date":"2026-02-05T11:36:14","date_gmt":"2026-02-05T11:36:14","guid":{"rendered":"https:\/\/brandss.com.py\/index\/?post_type=product&#038;p=97507"},"modified":"2026-03-27T16:01:48","modified_gmt":"2026-03-27T16:01:48","slug":"crema-facial-dr-althea-345-relief-50ml","status":"publish","type":"product","link":"https:\/\/brandss.com.py\/index\/producto\/crema-facial-dr-althea-345-relief-50ml\/","title":{"rendered":"CREMA FACIAL DR. ALTHEA 345 RELIEF 50ML"},"content":{"rendered":"<p><img loading=\"lazy\" decoding=\"async\" class=\"\" src=\"https:\/\/cdn.salla.sa\/ArAEy\/rYv67xzndaSGBSB18YSMHDwAcQ9oSZljWXDGtal4.png\" alt=\"Dr.Althea - CLENZ Skin and Health Care\" width=\"117\" height=\"33\" \/><\/p>\n<h1>345 RELIEF<\/h1>\n<p>Es un nutritivo dise\u00f1ado para tratar eficazmente la piel postacneica. La crema contiene una rica mezcla de ingredientes que tratan los problemas de la piel, la calman y la nutren.<img loading=\"lazy\" decoding=\"async\" class=\"alignright\" src=\"https:\/\/www.skinko.com.ar\/cdn\/shop\/files\/345ReliefCream2_5c4906eb-6c5b-48c6-aa90-fdaa388ab447.jpg?v=1769703519&amp;width=1000\" width=\"504\" height=\"571\" \/><\/p>\n<p>Dr. Althea\u00a0345 Relief Cream Contiene ceramidas, \u00e1cido hialur\u00f3nico y p\u00e9ptidos, entre otros. Las ceramidas son l\u00edpidos que ayudan a unir las c\u00e9lulas muertas de la piel para crear una barrera y retener el agua, mientras que el \u00e1cido hialur\u00f3nico es un humectante que ayuda a hidratar la piel. Los p\u00e9ptidos son cadenas de amino\u00e1cidos que ayudan a la piel a producir prote\u00ednas como el col\u00e1geno.<\/p>\n<p><span dir=\"auto\">La crema 345 Relief del Dr. Althea es un tratamiento multifuncional dise\u00f1ado para calmar, hidratar y proteger la piel sensible gracias a su f\u00f3rmula inspirada en el concepto 3, 4 y 5.\u00a0<\/span><\/p>\n<p><strong><span dir=\"auto\">3 ingredientes antiimperfecciones:\u00a0<\/span><\/strong><span dir=\"auto\">\u00a0niacinamida, resveratrol, extracto de flor de hibisco: para reducir el enrojecimiento y unificar el tono de la piel.<\/span><\/p>\n<p><strong><span dir=\"auto\">4 ingredientes nutritivos:<\/span><\/strong><span dir=\"auto\"> ceramidas, pantenol, onagra y extractos de algas; para hidratar y fortalecer la barrera cut\u00e1nea.<\/span><\/p>\n<p><strong><span dir=\"auto\">5 ingredientes calmantes:<\/span><\/strong><span dir=\"auto\"> \u00e1cido hialur\u00f3nico, betaglucano, extractos de centella asi\u00e1tica, gardenia y houttuynia cordata; para calmar y proteger la piel.<\/span><\/p>\n<p><span dir=\"auto\">Su textura ligera es apta para todo tipo de piel, incluso las m\u00e1s sensibles. La Crema 345 Relief calma, hidrata y fortalece la piel desde las primeras aplicaciones.<\/span><\/p>\n<h3><strong>Ventajas:<img loading=\"lazy\" decoding=\"async\" class=\"alignleft\" src=\"https:\/\/www.skinko.com.ar\/cdn\/shop\/files\/345ReliefCream3_2a5322d4-a4ec-490d-9d1a-47c1ddbcd84e.jpg?v=1769703520&amp;width=4096\" width=\"534\" height=\"605\" \/><\/strong><\/h3>\n<ul>\n<li><strong>Propiedades hidratantes:<\/strong>\u00a0Contiene \u00e1cido hialur\u00f3nico, conocido por su capacidad para hidratar la piel en profundidad.<\/li>\n<li><strong>Calma las rojeces y la irritaci\u00f3n:<\/strong>\u00a0Contiene ingredientes como la centella asi\u00e1tica, la cal\u00e9ndula y la houttuynia cordata que ayudan a reducir las rojeces y calmar la piel irritada.<\/li>\n<li><strong>Refuerza la barrera cut\u00e1nea:<\/strong>\u00a0Las ceramidas de la crema ayudan a reforzar la barrera natural de la piel y a retener la humedad.<\/li>\n<li><strong>Propiedades antienvejecimiento:<\/strong>\u00a0Los p\u00e9ptidos y otros ingredientes ayudan a prevenir los signos del envejecimiento aumentando la producci\u00f3n de col\u00e1geno de la piel.<\/li>\n<li><strong>Adecuado para pieles sensibles:<\/strong>\u00a0Formulado sin alcohol agresivo, parabenos ni sulfatos, por lo que es suave con la piel sensible.<\/li>\n<\/ul>\n<h3><strong>Uso:<\/strong><\/h3>\n<ol>\n<li><strong>Limpia:<\/strong> empieza limpiando tu piel a fondo. Esto ayudar\u00e1 a eliminar la suciedad, la grasa y otras impurezas que pueden dificultar la eficacia de la crema.<\/li>\n<li><strong>Prepara:<\/strong> despu\u00e9s de la limpieza, aplica los t\u00f3nicos, sueros u otros tratamientos que utilices habitualmente en tu rutina de cuidado de la piel.<\/li>\n<li><strong>Aplique la crema:<\/strong> tome una cantidad adecuada de Dr. Althea 345 Relief Cream y apl\u00edquela uniformemente sobre el rostro. La crema debe utilizarse como \u00faltimo o pen\u00faltimo paso de la rutina de cuidado de la piel.<\/li>\n<\/ol>\n","protected":false},"excerpt":{"rendered":"<p>345 RELIEF Es un nutritivo dise\u00f1ado para tratar eficazmente la piel postacneica. La crema contiene una rica mezcla de ingredientes<\/p>\n","protected":false},"featured_media":97508,"comment_status":"open","ping_status":"closed","template":"","meta":{"nf_dc_page":""},"product_brand":[2680],"product_cat":[104],"product_tag":[3294],"class_list":{"0":"post-97507","1":"product","2":"type-product","3":"status-publish","4":"has-post-thumbnail","6":"product_brand-dr-althea","7":"product_cat-skin-care","8":"product_tag-3294","10":"first","11":"instock","12":"sale","13":"shipping-taxable","14":"purchasable","15":"product-type-simple"},"_links":{"self":[{"href":"https:\/\/brandss.com.py\/index\/wp-json\/wp\/v2\/product\/97507","targetHints":{"allow":["GET"]}}],"collection":[{"href":"https:\/\/brandss.com.py\/index\/wp-json\/wp\/v2\/product"}],"about":[{"href":"https:\/\/brandss.com.py\/index\/wp-json\/wp\/v2\/types\/product"}],"replies":[{"embeddable":true,"href":"https:\/\/brandss.com.py\/index\/wp-json\/wp\/v2\/comments?post=97507"}],"version-history":[{"count":1,"href":"https:\/\/brandss.com.py\/index\/wp-json\/wp\/v2\/product\/97507\/revisions"}],"predecessor-version":[{"id":97515,"href":"https:\/\/brandss.com.py\/index\/wp-json\/wp\/v2\/product\/97507\/revisions\/97515"}],"wp:featuredmedia":[{"embeddable":true,"href":"https:\/\/brandss.com.py\/index\/wp-json\/wp\/v2\/media\/97508"}],"wp:attachment":[{"href":"https:\/\/brandss.com.py\/index\/wp-json\/wp\/v2\/media?parent=97507"}],"wp:term":[{"taxonomy":"product_brand","embeddable":true,"href":"https:\/\/brandss.com.py\/index\/wp-json\/wp\/v2\/product_brand?post=97507"},{"taxonomy":"product_cat","embeddable":true,"href":"https:\/\/brandss.com.py\/index\/wp-json\/wp\/v2\/product_cat?post=97507"},{"taxonomy":"product_tag","embeddable":true,"href":"https:\/\/brandss.com.py\/index\/wp-json\/wp\/v2\/product_tag?post=97507"}],"curies":[{"name":"wp","href":"https:\/\/api.w.org\/{rel}","templated":true}]}}