{"id":97516,"date":"2026-02-05T12:01:19","date_gmt":"2026-02-05T12:01:19","guid":{"rendered":"https:\/\/brandss.com.py\/index\/?post_type=product&#038;p=97516"},"modified":"2026-03-27T16:02:03","modified_gmt":"2026-03-27T16:02:03","slug":"bruma-facial-dr-althea-345-relief-cream-100ml","status":"publish","type":"product","link":"https:\/\/brandss.com.py\/index\/producto\/bruma-facial-dr-althea-345-relief-cream-100ml\/","title":{"rendered":"BRUMA FACIAL DR. ALTHEA 345 RELIEF CREAM 100ML"},"content":{"rendered":"<p><img loading=\"lazy\" decoding=\"async\" class=\"\" src=\"https:\/\/cdn.salla.sa\/ArAEy\/rYv67xzndaSGBSB18YSMHDwAcQ9oSZljWXDGtal4.png\" alt=\"Dr.Althea - CLENZ Skin and Health Care\" width=\"117\" height=\"33\" \/><\/p>\n<h1>345 RELIEF<\/h1>\n<p>Es una bruma facial calmante e intensamente hidratante que combina las propiedades nutritivas de una crema con la sensaci\u00f3n ligera de una bruma. Desarrollada para calmar r\u00e1pidamente la piel sensible e irritada, fortalece al mismo tiempo la barrera cut\u00e1nea y proporciona una hidrataci\u00f3n profunda.<img loading=\"lazy\" decoding=\"async\" class=\"alignleft\" src=\"https:\/\/www.koreanbeauty.es\/cdn\/shop\/files\/345ReliefCreamMist_2.png?v=1767964615&amp;width=1800\" width=\"469\" height=\"469\" \/><\/p>\n<p>La bruma ultrafina se posa como una capa protectora de humedad sobre la piel y ayuda a equilibrar y refrescar la piel durante el d\u00eda. Perfecta para condiciones de piel seca, tensa o estresada, tanto como parte de tu rutina diaria de cuidado de la piel como para una hidrataci\u00f3n r\u00e1pida en cualquier momento.<\/p>\n<p><span dir=\"auto\">Formulada con \u00e1cido hialur\u00f3nico, esta bruma ultrafina repone instant\u00e1neamente la piel seca con una hidrataci\u00f3n profunda, ayudando a mantener una hidrataci\u00f3n duradera con comodidad durante todo el d\u00eda.<\/span><\/p>\n<p><span dir=\"auto\">Contiene una exclusiva capa 2 en 1 de crema y esencia de agua para brindar una nutrici\u00f3n rica y una hidrataci\u00f3n refrescante para una piel perfectamente equilibrada.<\/span><\/p>\n<h3><strong>Ventajas:<\/strong><\/h3>\n<p>&nbsp;<\/p>\n<ul>\n<li>Proporciona hidrataci\u00f3n inmediata y una sensaci\u00f3n agradable<\/li>\n<li>Calma eficazmente la piel sensible e irritada<\/li>\n<li>Fortalece la barrera protectora natural de la piel<\/li>\n<li>Ayuda a la piel a retener la humedad durante todo el d\u00eda<\/li>\n<li>Bruma ligera que se absorbe r\u00e1pidamente sin dejar residuos pegajosos<\/li>\n<li>Se puede aplicar sobre el maquillaje para un acabado fresco<\/li>\n<\/ul>\n<h3><strong><span dir=\"auto\">Beneficios:<img loading=\"lazy\" decoding=\"async\" class=\"alignright\" src=\"https:\/\/www.koreanbeauty.es\/cdn\/shop\/files\/345ReliefCreamMist_3.png?v=1767964615&amp;width=1800\" width=\"569\" height=\"569\" \/><\/span><\/strong><\/h3>\n<p><span dir=\"auto\">&#8211; Aplicaci\u00f3n ultrafina y suave.<\/span><br \/>\n<span dir=\"auto\">&#8211; Hidrataci\u00f3n profunda con extracto de arroz.<\/span><br \/>\n<span dir=\"auto\">&#8211; Cuidado calmante para pieles sensibles.<\/span><\/p>\n<h3><strong><span dir=\"auto\">Efectos:<\/span><\/strong><\/h3>\n<p><span dir=\"auto\">Enriquecida con extracto de hoja de Centella Asi\u00e1tica y Pantenol, esta suave bruma ayuda a calmar y aliviar la irritaci\u00f3n de la piel mientras fortalece la barrera natural de la piel.<\/span><\/p>\n<h3><strong>Ingredientes:<\/strong><\/h3>\n<p>&nbsp;<\/p>\n<ul>\n<li><strong>Extracto de Centella Asiatica: <\/strong>calma la piel y reduce la irritaci\u00f3n eficazmente.<\/li>\n<li><strong>Pantenol: <\/strong>hidrata profundamente y fortalece la barrera natural de la piel.<\/li>\n<li><strong>Ceramidas: <\/strong>fortalecen y protegen la barrera de la piel contra las agresiones externas.<\/li>\n<li><strong>Alanto\u00edna: <\/strong>tiene un efecto calmante y protege la piel para mayor comodidad.<\/li>\n<\/ul>\n<h3><strong>Uso:<\/strong><\/h3>\n<ol>\n<li>Agitar bien el frasco antes de usar.<\/li>\n<li>Cerrar los ojos y rociar una capa uniforme sobre el rostro desde una distancia de aproximadamente 20-30 cm.<\/li>\n<li>Aplicar por la ma\u00f1ana y por la noche despu\u00e9s de la limpieza, o usar durante el d\u00eda cuando la piel necesite un impulso refrescante y calmante de hidrataci\u00f3n.<\/li>\n<\/ol>\n","protected":false},"excerpt":{"rendered":"<p>345 RELIEF Es una bruma facial calmante e intensamente hidratante que combina las propiedades nutritivas de una crema con la<\/p>\n","protected":false},"featured_media":97517,"comment_status":"open","ping_status":"closed","template":"","meta":{"nf_dc_page":""},"product_brand":[2680],"product_cat":[104],"product_tag":[2682],"class_list":{"0":"post-97516","1":"product","2":"type-product","3":"status-publish","4":"has-post-thumbnail","6":"product_brand-dr-althea","7":"product_cat-skin-care","8":"product_tag-2682","10":"first","11":"outofstock","12":"shipping-taxable","13":"purchasable","14":"product-type-simple"},"_links":{"self":[{"href":"https:\/\/brandss.com.py\/index\/wp-json\/wp\/v2\/product\/97516","targetHints":{"allow":["GET"]}}],"collection":[{"href":"https:\/\/brandss.com.py\/index\/wp-json\/wp\/v2\/product"}],"about":[{"href":"https:\/\/brandss.com.py\/index\/wp-json\/wp\/v2\/types\/product"}],"replies":[{"embeddable":true,"href":"https:\/\/brandss.com.py\/index\/wp-json\/wp\/v2\/comments?post=97516"}],"version-history":[{"count":1,"href":"https:\/\/brandss.com.py\/index\/wp-json\/wp\/v2\/product\/97516\/revisions"}],"predecessor-version":[{"id":97525,"href":"https:\/\/brandss.com.py\/index\/wp-json\/wp\/v2\/product\/97516\/revisions\/97525"}],"wp:featuredmedia":[{"embeddable":true,"href":"https:\/\/brandss.com.py\/index\/wp-json\/wp\/v2\/media\/97517"}],"wp:attachment":[{"href":"https:\/\/brandss.com.py\/index\/wp-json\/wp\/v2\/media?parent=97516"}],"wp:term":[{"taxonomy":"product_brand","embeddable":true,"href":"https:\/\/brandss.com.py\/index\/wp-json\/wp\/v2\/product_brand?post=97516"},{"taxonomy":"product_cat","embeddable":true,"href":"https:\/\/brandss.com.py\/index\/wp-json\/wp\/v2\/product_cat?post=97516"},{"taxonomy":"product_tag","embeddable":true,"href":"https:\/\/brandss.com.py\/index\/wp-json\/wp\/v2\/product_tag?post=97516"}],"curies":[{"name":"wp","href":"https:\/\/api.w.org\/{rel}","templated":true}]}}