{"id":97526,"date":"2026-02-05T12:38:01","date_gmt":"2026-02-05T12:38:01","guid":{"rendered":"https:\/\/brandss.com.py\/index\/?post_type=product&#038;p=97526"},"modified":"2026-04-23T17:14:39","modified_gmt":"2026-04-23T17:14:39","slug":"crema-para-ojos-k-secret-seoul-1988-retinal-liposome-4-30ml","status":"publish","type":"product","link":"https:\/\/brandss.com.py\/index\/producto\/crema-para-ojos-k-secret-seoul-1988-retinal-liposome-4-30ml\/","title":{"rendered":"CREMA PARA OJOS K-SECRET SEOUL 1988 RETINAL LIPOSOME 4% 30ML"},"content":{"rendered":"<p><img loading=\"lazy\" decoding=\"async\" class=\"\" src=\"https:\/\/qasrjamal.com\/cdn\/shop\/collections\/K-Secret_Logo_1200x1200.png?v=1754468465\" alt=\"K-Secret Seoul 1988 Skincare Collection \u2013 QasrJamal\" width=\"124\" height=\"124\" \/><\/p>\n<h1>RETINAL LIPOSOME 4%<\/h1>\n<p><em><strong>\u00a1Transforma tu mirada con una piel m\u00e1s\u00a0firme\u00a0y\u00a0luminosa!\u00a0<\/strong><\/em><\/p>\n<p><span dir=\"auto\">Es un avanzado tratamiento coreano para el contorno de ojos, formulado con un 4 % de liposomas de retina y extracto de frijol fermentado para tratar las ojeras m\u00e1s comunes. Esta crema, potente pero suave, act\u00faa reduciendo las l\u00edneas de expresi\u00f3n, arrugas, ojeras e hinchaz\u00f3n, a la vez que hidrata y nutre profundamente la delicada piel del contorno de ojos. Enriquecida con ingredientes iluminadores y que favorecen el col\u00e1geno, como niacinamida, bakuchiol, vitaminas C y E, y p\u00e9ptidos, ayuda a mejorar la textura, firmeza y luminosidad de la piel con el uso regular. Su f\u00f3rmula ligera y de r\u00e1pida absorci\u00f3n deja el contorno de ojos m\u00e1s suave, firme y con un aspecto m\u00e1s juvenil.<img loading=\"lazy\" decoding=\"async\" class=\"alignleft\" src=\"https:\/\/rakuencosmeticacoreana.cl\/cdn\/shop\/files\/4_900x_255548a7-298e-4c3c-9626-f09b0b4971a4.jpg?v=1756511031&amp;width=960\" width=\"362\" height=\"362\" \/><\/span><\/p>\n<p>K-SECRET SEOUL 1988 Eye Cream combina ingredientes potentes\u00a0para combatir eficazmente los signos de envejecimiento y mejorar la piel alrededor de los ojos. Con un 4% de Retinal Liposome, ayuda a prevenir l\u00edneas finas, arrugas, as\u00ed como el tono y la textura desigual de la piel. El extracto fermentado de soja protege la piel y contribuye a un tono de piel m\u00e1s claro y uniforme.<\/p>\n<p>La f\u00f3rmula tambi\u00e9n contiene Bakuchiol, vitamina C, vitamina E y tres tipos de p\u00e9ptidos que apoyan la producci\u00f3n de col\u00e1geno para aumentar la elasticidad y el efecto antiarrugas. Ingredientes como la glicerina y el \u00e1cido hialur\u00f3nico hidratan la piel y ayudan a mantener su equilibrio de humedad.<\/p>\n<h3><strong>Ventajas:<\/strong><\/h3>\n<ul>\n<li><strong>Alta concentraci\u00f3n de Retinal Liposome (4%): <\/strong>reduce las arrugas visibles y las l\u00edneas finas, y mejora la estructura de la piel.<\/li>\n<li><strong>Extracto fermentado de soja: <\/strong>proporciona protecci\u00f3n antioxidante y ayuda a iluminar la piel.<\/li>\n<li><strong>P\u00e9ptidos + Bakuchiol: <\/strong>promueve la producci\u00f3n de col\u00e1geno y aumenta la elasticidad de la piel.<\/li>\n<li><strong>Vitaminas C &amp; E: <\/strong>protege la piel de los radicales libres y proporciona un efecto unificador.<\/li>\n<li><strong>\u00c1cido hialur\u00f3nico &amp; Glicerina: <\/strong>hidrata profundamente la piel y mantiene su equilibrio de humedad.<\/li>\n<li><strong>Textura de r\u00e1pida absorci\u00f3n: <\/strong>no deja sensaci\u00f3n grasa y funciona bien bajo el maquillaje.<\/li>\n<li><strong>Adecuado para todo tipo de piel: <\/strong>suave y eficaz incluso para pieles sensibles.<\/li>\n<li><strong>Efecto anti-envejecimiento y unificador: <\/strong>reduce las ojeras y la hinchaz\u00f3n alrededor de los ojos.<\/li>\n<\/ul>\n<h3><span dir=\"auto\">Beneficios:<img loading=\"lazy\" decoding=\"async\" class=\"alignright\" src=\"https:\/\/ksecretcosmetics.com\/cdn\/shop\/files\/1988EyeCreamThumbnail_3_1080x.png?v=1764147615\" width=\"521\" height=\"521\" \/><\/span><\/h3>\n<div class=\"flex flex-col text-sm pb-25\">\n<article class=\"text-token-text-primary w-full focus:outline-none [--shadow-height:45px] has-data-writing-block:pointer-events-none has-data-writing-block:-mt-(--shadow-height) has-data-writing-block:pt-(--shadow-height) [&amp;:has([data-writing-block])&gt;*]:pointer-events-auto scroll-mt-[calc(var(--header-height)+min(200px,max(70px,20svh)))]\" dir=\"auto\" data-turn-id=\"request-WEB:94d2e4cf-3849-4a89-b124-c835624bed19-30\" data-testid=\"conversation-turn-62\" data-scroll-anchor=\"true\" data-turn=\"assistant\">\n<div class=\"text-base my-auto mx-auto pb-10 [--thread-content-margin:--spacing(4)] @w-sm\/main:[--thread-content-margin:--spacing(6)] @w-lg\/main:[--thread-content-margin:--spacing(16)] px-(--thread-content-margin)\">\n<div class=\"[--thread-content-max-width:40rem] @w-lg\/main:[--thread-content-max-width:48rem] mx-auto max-w-(--thread-content-max-width) flex-1 group\/turn-messages focus-visible:outline-hidden relative flex w-full min-w-0 flex-col agent-turn\">\n<div class=\"flex max-w-full flex-col grow\">\n<div class=\"min-h-8 text-message relative flex w-full flex-col items-end gap-2 text-start break-words whitespace-normal [.text-message+&amp;]:mt-1\" dir=\"auto\" data-message-author-role=\"assistant\" data-message-id=\"3310cae1-2948-4db1-a573-66efd2bdacca\" data-message-model-slug=\"gpt-5-mini\">\n<div class=\"flex w-full flex-col gap-1 empty:hidden first:pt-[1px]\">\n<div class=\"markdown prose dark:prose-invert w-full break-words dark markdown-new-styling\">\n<ul>\n<li data-start=\"14\" data-end=\"84\"><strong><span dir=\"auto\">Hidrata y nutre:<\/span><\/strong><span dir=\"auto\">\u00a0hidrata profundamente la delicada zona debajo de los ojos.<\/span><\/li>\n<li data-start=\"87\" data-end=\"165\"><strong><span dir=\"auto\">Reduce las l\u00edneas finas:<\/span><\/strong><span dir=\"auto\">\u00a0ayuda a minimizar la aparici\u00f3n de arrugas y l\u00edneas finas.<\/span><\/li>\n<li data-start=\"168\" data-end=\"228\"><strong><span dir=\"auto\">Ilumina:<\/span><\/strong><span dir=\"auto\">\u00a0mejora las ojeras para una apariencia m\u00e1s fresca.<\/span><\/li>\n<li data-start=\"231\" data-end=\"293\"><strong><span dir=\"auto\">Reduce la hinchaz\u00f3n:<\/span><\/strong><span dir=\"auto\">\u00a0alivia y disminuye la hinchaz\u00f3n debajo de los ojos.<\/span><\/li>\n<li data-start=\"296\" data-end=\"373\"><strong><span dir=\"auto\">Reafirma y suaviza:<\/span><\/strong><span dir=\"auto\">\u00a0mejora la textura y la firmeza de la piel para una apariencia juvenil.<\/span><\/li>\n<\/ul>\n<h3><span dir=\"auto\">Modo de empleo:<\/span><\/h3>\n<div class=\"flex flex-col text-sm pb-25\">\n<article class=\"text-token-text-primary w-full focus:outline-none [--shadow-height:45px] has-data-writing-block:pointer-events-none has-data-writing-block:-mt-(--shadow-height) has-data-writing-block:pt-(--shadow-height) [&amp;:has([data-writing-block])&gt;*]:pointer-events-auto scroll-mt-[calc(var(--header-height)+min(200px,max(70px,20svh)))]\" dir=\"auto\" data-turn-id=\"request-WEB:94d2e4cf-3849-4a89-b124-c835624bed19-31\" data-testid=\"conversation-turn-64\" data-scroll-anchor=\"true\" data-turn=\"assistant\">\n<div class=\"text-base my-auto mx-auto pb-10 [--thread-content-margin:--spacing(4)] @w-sm\/main:[--thread-content-margin:--spacing(6)] @w-lg\/main:[--thread-content-margin:--spacing(16)] px-(--thread-content-margin)\">\n<div class=\"[--thread-content-max-width:40rem] @w-lg\/main:[--thread-content-max-width:48rem] mx-auto max-w-(--thread-content-max-width) flex-1 group\/turn-messages focus-visible:outline-hidden relative flex w-full min-w-0 flex-col agent-turn\">\n<div class=\"flex max-w-full flex-col grow\">\n<div class=\"min-h-8 text-message relative flex w-full flex-col items-end gap-2 text-start break-words whitespace-normal [.text-message+&amp;]:mt-1\" dir=\"auto\" data-message-author-role=\"assistant\" data-message-id=\"b3a5fe87-4659-40e0-a767-d3d5a3a2584d\" data-message-model-slug=\"gpt-5-mini\">\n<div class=\"flex w-full flex-col gap-1 empty:hidden first:pt-[1px]\">\n<div class=\"markdown prose dark:prose-invert w-full break-words dark markdown-new-styling\">\n<ol>\n<li><strong>Limpia la piel: <\/strong>aseg\u00farate de que la piel est\u00e9 limpia y seca antes de la aplicaci\u00f3n.<\/li>\n<li><strong>Toma una peque\u00f1a cantidad: <\/strong>usa una peque\u00f1a cantidad de crema, aproximadamente del tama\u00f1o de un grano de arroz para cada ojo.<\/li>\n<li><strong>Aplica con cuidado: <\/strong>da golpecitos con la crema alrededor del \u00e1rea de los ojos con el dedo anular, evitando tirar o frotar.<\/li>\n<li><strong>Usa ma\u00f1ana y noche: <\/strong>para obtener los mejores resultados, aplica tanto por la ma\u00f1ana como por la noche.<\/li>\n<li><strong>Sigue con protecci\u00f3n solar: <\/strong>como el retinal puede aumentar la sensibilidad de la piel al sol, siempre usa SPF durante el d\u00eda.<\/li>\n<\/ol>\n<p>El producto se puede integrar en tu rutina diaria de cuidado de la piel y funciona bien junto con otros productos hidratantes y anti-envejecimiento.<\/p>\n<\/div>\n<\/div>\n<\/div>\n<\/div>\n<\/div>\n<\/div>\n<\/article>\n<\/div>\n<\/div>\n<\/div>\n<\/div>\n<\/div>\n<\/div>\n<\/div>\n<\/article>\n<\/div>\n","protected":false},"excerpt":{"rendered":"<p>RETINAL LIPOSOME 4% \u00a1Transforma tu mirada con una piel m\u00e1s\u00a0firme\u00a0y\u00a0luminosa!\u00a0 Es un avanzado tratamiento coreano para el contorno de ojos,<\/p>\n","protected":false},"featured_media":97527,"comment_status":"open","ping_status":"closed","template":"","meta":{"nf_dc_page":""},"product_brand":[2683],"product_cat":[104],"product_tag":[2684],"class_list":{"0":"post-97526","1":"product","2":"type-product","3":"status-publish","4":"has-post-thumbnail","6":"product_brand-k-secret-seoul-1988","7":"product_cat-skin-care","8":"product_tag-2684","10":"first","11":"instock","12":"shipping-taxable","13":"purchasable","14":"product-type-simple"},"_links":{"self":[{"href":"https:\/\/brandss.com.py\/index\/wp-json\/wp\/v2\/product\/97526","targetHints":{"allow":["GET"]}}],"collection":[{"href":"https:\/\/brandss.com.py\/index\/wp-json\/wp\/v2\/product"}],"about":[{"href":"https:\/\/brandss.com.py\/index\/wp-json\/wp\/v2\/types\/product"}],"replies":[{"embeddable":true,"href":"https:\/\/brandss.com.py\/index\/wp-json\/wp\/v2\/comments?post=97526"}],"version-history":[{"count":1,"href":"https:\/\/brandss.com.py\/index\/wp-json\/wp\/v2\/product\/97526\/revisions"}],"predecessor-version":[{"id":97535,"href":"https:\/\/brandss.com.py\/index\/wp-json\/wp\/v2\/product\/97526\/revisions\/97535"}],"wp:featuredmedia":[{"embeddable":true,"href":"https:\/\/brandss.com.py\/index\/wp-json\/wp\/v2\/media\/97527"}],"wp:attachment":[{"href":"https:\/\/brandss.com.py\/index\/wp-json\/wp\/v2\/media?parent=97526"}],"wp:term":[{"taxonomy":"product_brand","embeddable":true,"href":"https:\/\/brandss.com.py\/index\/wp-json\/wp\/v2\/product_brand?post=97526"},{"taxonomy":"product_cat","embeddable":true,"href":"https:\/\/brandss.com.py\/index\/wp-json\/wp\/v2\/product_cat?post=97526"},{"taxonomy":"product_tag","embeddable":true,"href":"https:\/\/brandss.com.py\/index\/wp-json\/wp\/v2\/product_tag?post=97526"}],"curies":[{"name":"wp","href":"https:\/\/api.w.org\/{rel}","templated":true}]}}