{"id":97536,"date":"2026-02-05T13:33:13","date_gmt":"2026-02-05T13:33:13","guid":{"rendered":"https:\/\/brandss.com.py\/index\/?post_type=product&#038;p=97536"},"modified":"2026-04-21T11:34:28","modified_gmt":"2026-04-21T11:34:28","slug":"serum-facial-k-secret-seoul-1988-retinal-liposome-2-ginseng-negro-30ml","status":"publish","type":"product","link":"https:\/\/brandss.com.py\/index\/producto\/serum-facial-k-secret-seoul-1988-retinal-liposome-2-ginseng-negro-30ml\/","title":{"rendered":"S\u00c9RUM FACIAL K-SECRET SEOUL 1988 RETINAL LIPOSOME 2% + GINSENG NEGRO 30ML"},"content":{"rendered":"<p><img loading=\"lazy\" decoding=\"async\" class=\"\" src=\"https:\/\/qasrjamal.com\/cdn\/shop\/collections\/K-Secret_Logo_1200x1200.png?v=1754468465\" alt=\"K-Secret Seoul 1988 Skincare Collection \u2013 QasrJamal\" width=\"149\" height=\"149\" \/><\/p>\n<h1>RETINAL LIPOSOME 2% + GINSENG NEGRO<\/h1>\n<p><span dir=\"auto\">Belleza coreana que retrasa el envejecimiento en un frasco: Presentamos el <\/span><span dir=\"auto\">S\u00e9rum KSecret Seoul 1988: Liposoma de Retina al 2% + Ginseng Negro<\/span><span dir=\"auto\">, un potente s\u00e9rum coreano meticulosamente elaborado para disminuir los signos de la edad y mejorar la elasticidad de la piel. Este s\u00e9rum cuenta con una potente combinaci\u00f3n de Liposoma de Retina al 2% y Extracto de Ginseng Negro al 58%, que ofrece resultados inigualables en la lucha contra las arrugas, la pigmentaci\u00f3n y el rejuvenecimiento general de la piel.<\/span><\/p>\n<h3><strong><span dir=\"auto\">\u00bfPor qu\u00e9 elegir el s\u00e9rum KSecret Seoul1988?<img loading=\"lazy\" decoding=\"async\" class=\"alignleft\" src=\"https:\/\/beauty-garden.hr\/cdn\/shop\/files\/1988Serum_3.jpg?v=1730987685&amp;width=1100\" width=\"552\" height=\"552\" \/><\/span><\/strong><\/h3>\n<p><strong><span dir=\"auto\">Luminosidad juvenil:<\/span><\/strong><span dir=\"auto\">\u00a0Formulado con 2 % de liposomas de retina (0,02 % de retinal puro) y ginseng negro, este s\u00e9rum promueve una tez joven y radiante, cuidando la textura de la piel, la hidrataci\u00f3n y la reducci\u00f3n de arrugas.<\/span><\/p>\n<p><strong><span dir=\"auto\">Antienvejecimiento avanzado:<\/span><\/strong><span dir=\"auto\">\u00a0Retinal previene activamente el envejecimiento de la piel, tratando las l\u00edneas finas, las arrugas, el tono desigual de la piel y la textura, mientras que el extracto de ginseng negro ofrece poderosos beneficios antioxidantes de acci\u00f3n r\u00e1pida para la protecci\u00f3n de la piel.<\/span><\/p>\n<p><strong><span dir=\"auto\">Libre de ingredientes agresivos:<\/span><\/strong><span dir=\"auto\">\u00a0este suero est\u00e1 libre de al\u00e9rgenos comunes, alcoholes agresivos, fragancias, aceites, parabenos, sulfatos, siliconas y colorantes artificiales, lo que garantiza una experiencia de cuidado de la piel suave pero efectiva.<\/span><\/p>\n<p><strong><span dir=\"auto\">Absorci\u00f3n r\u00e1pida:<\/span><\/strong><span dir=\"auto\">\u00a0experimente el cuidado de las arrugas en una textura suave de r\u00e1pida absorci\u00f3n, que proporciona suavidad inmediata sin residuos.<\/span><\/p>\n<p><strong><span dir=\"auto\">Probado por dermat\u00f3logos:<\/span><\/strong><span dir=\"auto\">\u00a0est\u00e1 probado por dermat\u00f3logos para la irritaci\u00f3n de la piel, lo que garantiza seguridad y eficacia para pieles sensibles.<\/span><\/p>\n<h3><strong><span dir=\"auto\">INGREDIENTES CLAVE<\/span><\/strong><\/h3>\n<p><strong><span dir=\"auto\">Retinal<\/span><\/strong><span dir=\"auto\">\u00a0: ayuda a prevenir los signos del envejecimiento, incluidas las l\u00edneas finas, las arrugas y el tono y la textura desiguales de la piel, al mismo tiempo que reduce la producci\u00f3n de grasa para minimizar los brotes de acn\u00e9.<\/span><\/p>\n<p><strong><span dir=\"auto\">Ginseng negro:<\/span><\/strong><span dir=\"auto\">\u00a0ofrece protecci\u00f3n antioxidante, beneficios antiinflamatorios, estimula la producci\u00f3n de col\u00e1geno, ilumina el tono de la piel y combate los radicales libres y los factores estresantes ambientales.<\/span><\/p>\n<p><strong><span dir=\"auto\">Bakuchiol, vitamina C y 3 p\u00e9ptidos:<\/span><\/strong><span dir=\"auto\">\u00a0estos poderosos ingredientes favorecen la producci\u00f3n de col\u00e1geno, aumentando la elasticidad de la piel para lograr esa textura suave y tersa que est\u00e1 de moda.<\/span><\/p>\n<p><strong><span dir=\"auto\">Tocoferol<\/span><\/strong><span dir=\"auto\">\u00a0: retiene la humedad para mantener la piel hidratada, radiante y saludable, promoviendo la salud y vitalidad general de la piel.<\/span><\/p>\n<div>\n<div class=\"summary__title\">\n<h2 class=\"h4 accordion__title inline-richtext\">Beneficios<img loading=\"lazy\" decoding=\"async\" class=\"alignright\" src=\"https:\/\/beauty-garden.hr\/cdn\/shop\/files\/1988Serum_25.jpg?v=1730987685&amp;width=1100\" width=\"602\" height=\"602\" \/><\/h2>\n<\/div>\n<\/div>\n<div id=\"ProductAccordion-collapsible-row-1-template--18343358726396__main\" class=\"accordion__content rte\">\n<p><span class=\"metafield-multi_line_text_field\">+ Reafirma y mejora la elasticidad.<br \/>\n+ Suaviza l\u00edneas y arrugas.<br \/>\n+ Mejora el tono y la textura.<br \/>\n+ Ilumina y revitaliza la piel.<\/span><\/p>\n<h3><strong><span dir=\"auto\">Preocupaciones<\/span><\/strong><\/h3>\n<p><span dir=\"auto\">Arrugas, pigmentaci\u00f3n y textura de la piel, piel con problemas<\/span><\/p>\n<h3><strong><span dir=\"auto\">Tipo de piel<\/span><\/strong><\/h3>\n<p><span dir=\"auto\">Para todo tipo de piel, especialmente pieles envejecidas y maduras.<\/span><\/p>\n<\/div>\n<h3><span class=\"summary__title\"><span class=\"accordion__title\"><span dir=\"auto\">C\u00f3mo utilizar<\/span><\/span><\/span><\/h3>\n<div class=\"accordion__content custom__liquid-template--27069548888397__main rte\">\n<div class=\"metafield-rich_text_field\">\n<p><span dir=\"auto\">Recomendamos usarlo en tu rutina de noche con protecci\u00f3n solar obligatoria durante el d\u00eda. Si no tienes experiencia con retinoides, empieza a usar el s\u00e9rum gradualmente, 2 o 3 veces por semana, y aumenta la frecuencia seg\u00fan la tolerancia de tu piel.<\/span><\/p>\n<p><span dir=\"auto\">Tenga cuidado al usar este producto, ya que puede causar sensibilidad cut\u00e1nea. Le recomendamos que lo incorpore gradualmente a su rutina y que vigile atentamente las reacciones cut\u00e1neas.<\/span><\/p>\n<p>1. Despu\u00e9s de limpiar y tonificar tu piel, aplica una peque\u00f1a cantidad del tama\u00f1o de un ch\u00edcharo.<br \/>\n2. Masajea suavemente hasta que se absorba por completo y finaliza con tu crema hidratante.<\/p>\n<p>#KoTip Te recomendamos realizar una prueba antes de aplicarlo en la cara completa para prevenir cualquier irritaci\u00f3n.<\/p>\n<p>Ideal en:<br \/>\nRutina de noche \ud83c\udf19<\/p>\n<\/div>\n<\/div>\n","protected":false},"excerpt":{"rendered":"<p>RETINAL LIPOSOME 2% + GINSENG NEGRO Belleza coreana que retrasa el envejecimiento en un frasco: Presentamos el S\u00e9rum KSecret Seoul<\/p>\n","protected":false},"featured_media":97537,"comment_status":"open","ping_status":"closed","template":"","meta":{"nf_dc_page":""},"product_brand":[2683],"product_cat":[104],"product_tag":[2685],"class_list":{"0":"post-97536","1":"product","2":"type-product","3":"status-publish","4":"has-post-thumbnail","6":"product_brand-k-secret-seoul-1988","7":"product_cat-skin-care","8":"product_tag-2685","10":"first","11":"outofstock","12":"shipping-taxable","13":"purchasable","14":"product-type-simple"},"_links":{"self":[{"href":"https:\/\/brandss.com.py\/index\/wp-json\/wp\/v2\/product\/97536","targetHints":{"allow":["GET"]}}],"collection":[{"href":"https:\/\/brandss.com.py\/index\/wp-json\/wp\/v2\/product"}],"about":[{"href":"https:\/\/brandss.com.py\/index\/wp-json\/wp\/v2\/types\/product"}],"replies":[{"embeddable":true,"href":"https:\/\/brandss.com.py\/index\/wp-json\/wp\/v2\/comments?post=97536"}],"version-history":[{"count":1,"href":"https:\/\/brandss.com.py\/index\/wp-json\/wp\/v2\/product\/97536\/revisions"}],"predecessor-version":[{"id":97546,"href":"https:\/\/brandss.com.py\/index\/wp-json\/wp\/v2\/product\/97536\/revisions\/97546"}],"wp:featuredmedia":[{"embeddable":true,"href":"https:\/\/brandss.com.py\/index\/wp-json\/wp\/v2\/media\/97537"}],"wp:attachment":[{"href":"https:\/\/brandss.com.py\/index\/wp-json\/wp\/v2\/media?parent=97536"}],"wp:term":[{"taxonomy":"product_brand","embeddable":true,"href":"https:\/\/brandss.com.py\/index\/wp-json\/wp\/v2\/product_brand?post=97536"},{"taxonomy":"product_cat","embeddable":true,"href":"https:\/\/brandss.com.py\/index\/wp-json\/wp\/v2\/product_cat?post=97536"},{"taxonomy":"product_tag","embeddable":true,"href":"https:\/\/brandss.com.py\/index\/wp-json\/wp\/v2\/product_tag?post=97536"}],"curies":[{"name":"wp","href":"https:\/\/api.w.org\/{rel}","templated":true}]}}