{"id":97547,"date":"2026-02-05T14:09:48","date_gmt":"2026-02-05T14:09:48","guid":{"rendered":"https:\/\/brandss.com.py\/index\/?post_type=product&#038;p=97547"},"modified":"2026-04-21T11:34:27","modified_gmt":"2026-04-21T11:34:27","slug":"serum-facial-k-secret-seoul-1988-glow-niacinamida-15-yuja-30ml","status":"publish","type":"product","link":"https:\/\/brandss.com.py\/index\/producto\/serum-facial-k-secret-seoul-1988-glow-niacinamida-15-yuja-30ml\/","title":{"rendered":"S\u00c9RUM FACIAL K-SECRET SEOUL 1988 GLOW NIACINAMIDA 15% + YUJA 30ML"},"content":{"rendered":"<p><img loading=\"lazy\" decoding=\"async\" class=\"\" src=\"https:\/\/qasrjamal.com\/cdn\/shop\/collections\/K-Secret_Logo_1200x1200.png?v=1754468465\" alt=\"K-Secret Seoul 1988 Skincare Collection \u2013 QasrJamal\" width=\"111\" height=\"111\" \/><\/p>\n<h1>GLOW NIACINAMIDA 15% + YUJA<\/h1>\n<p>Consigue una piel radiante con K-SECRET SEOUL 1988 Glow Serum: Niacinamida 15% + Yuja.\u00a0Este potente suero est\u00e1 dise\u00f1ado para iluminar eficazmente la piel, reducir la pigmentaci\u00f3n y promover un tono de piel m\u00e1s claro y radiante.<img decoding=\"async\" class=\"alignleft\" src=\"https:\/\/cdn.webshopapp.com\/shops\/243452\/files\/488568054\/500x500x2\/image.jpg\" \/><\/p>\n<p>El suero contiene una alta concentraci\u00f3n de\u00a015 % de niacinamida, reforzada con aceite de fruta de yuja (Citrus Junos) y extractos ricos en antioxidantes como glutati\u00f3n y \u00e1cido tranex\u00e1mico. Estos ingredientes activos trabajan juntos para combatir las manchas oscuras y unificar el tono de la piel. Adem\u00e1s, la f\u00f3rmula est\u00e1 enriquecida con componentes hidratantes como glicerina, squalane, \u00e1cido hialur\u00f3nico y manteca de karit\u00e9, que ayudan a mantener la funci\u00f3n de barrera de la piel y la elasticidad sin sentirse pesada. El producto es apto para todo tipo de piel y est\u00e1 especialmente formulado para dar brillo y nutrici\u00f3n a la piel opaca y seca.<\/p>\n<h3><span dir=\"auto\">Preocupaciones<\/span><\/h3>\n<p><span dir=\"auto\">Piel opaca y seca, pigmentaci\u00f3n, textura desigual, piel con problemas.<\/span><\/p>\n<h3><span dir=\"auto\">Tipos de piel<\/span><\/h3>\n<p><span dir=\"auto\">Para todo tipo de piel, especialmente para pieles apagadas y secas.<\/span><\/p>\n<h3><strong>Ventajas:<\/strong><\/h3>\n<ul>\n<li>Reduce la visibilidad de las manchas de pigmentaci\u00f3n y mejora el tono de la piel para un brillo aumentado.<\/li>\n<li>Promueve un brillo inmediato y proporciona una apariencia m\u00e1s fresca y vibrante.<\/li>\n<li>Proporciona hidrataci\u00f3n duradera sin sentirse grasosa o pesada en la piel.<\/li>\n<li>Refuerza la barrera de la piel con ingredientes hidratantes y nutritivos.<\/li>\n<li>Apto para todo tipo de piel, especialmente para aquellos con piel opaca o seca.<\/li>\n<\/ul>\n<h3><strong>Ingredientes:<img loading=\"lazy\" decoding=\"async\" class=\"alignright\" src=\"https:\/\/www.koreanbeauty.es\/cdn\/shop\/files\/SEOUL_1988_Glow_Serum_Niacinamide_15_Yuja_1.png?v=1758561126&amp;width=1800\" width=\"609\" height=\"609\" \/><\/strong><\/h3>\n<ul>\n<li><strong>Niacinamida 15 %:<\/strong>\u00a0Ofrece un poderoso efecto iluminador, minimiza la pigmentaci\u00f3n y unifica el tono de la piel.<\/li>\n<li><strong>Aceite de Fruta de Yuja \/ Citrus Junos:\u00a0<\/strong>Un antioxidante que contribuye a un brillo aumentado.<\/li>\n<li><strong>\u00c1cido Hialur\u00f3nico (Sodium Hyaluronate):<\/strong>\u00a0Hidrata en profundidad con un efecto rellenador.<\/li>\n<li><strong>Squalane, Manteca de Karit\u00e9:<\/strong>\u00a0Aceites suavizantes y nutritivos que mantienen el confort de la piel.<\/li>\n<li><strong>\u00c1cido Tranex\u00e1mico:<\/strong>\u00a0Reduce la pigmentaci\u00f3n y promueve un tono de piel m\u00e1s uniforme.<\/li>\n<\/ul>\n<h3><strong>Uso:<\/strong><\/h3>\n<ol>\n<li>Despu\u00e9s de la limpieza y el t\u00f3nico, aplica unas gotas del suero uniformemente sobre el rostro y el cuello.<\/li>\n<li>Masajea suavemente el suero hasta que la piel lo haya absorbido completamente.<\/li>\n<li>Para obtener los mejores resultados, usa el producto tanto en la ma\u00f1ana como en la noche. Si usas el suero por la ma\u00f1ana, siempre complementa con protector solar.<\/li>\n<\/ol>\n<p>Si tienes piel sensible, se recomienda comenzar aplicando el suero cada dos d\u00edas. Aumenta gradualmente a uso diario cuando la piel se haya adaptado.<\/p>\n","protected":false},"excerpt":{"rendered":"<p>GLOW NIACINAMIDA 15% + YUJA Consigue una piel radiante con K-SECRET SEOUL 1988 Glow Serum: Niacinamida 15% + Yuja.\u00a0Este potente<\/p>\n","protected":false},"featured_media":97548,"comment_status":"open","ping_status":"closed","template":"","meta":{"nf_dc_page":""},"product_brand":[2683],"product_cat":[104],"product_tag":[2686],"class_list":{"0":"post-97547","1":"product","2":"type-product","3":"status-publish","4":"has-post-thumbnail","6":"product_brand-k-secret-seoul-1988","7":"product_cat-skin-care","8":"product_tag-2686","10":"first","11":"outofstock","12":"shipping-taxable","13":"purchasable","14":"product-type-simple"},"_links":{"self":[{"href":"https:\/\/brandss.com.py\/index\/wp-json\/wp\/v2\/product\/97547","targetHints":{"allow":["GET"]}}],"collection":[{"href":"https:\/\/brandss.com.py\/index\/wp-json\/wp\/v2\/product"}],"about":[{"href":"https:\/\/brandss.com.py\/index\/wp-json\/wp\/v2\/types\/product"}],"replies":[{"embeddable":true,"href":"https:\/\/brandss.com.py\/index\/wp-json\/wp\/v2\/comments?post=97547"}],"version-history":[{"count":1,"href":"https:\/\/brandss.com.py\/index\/wp-json\/wp\/v2\/product\/97547\/revisions"}],"predecessor-version":[{"id":97556,"href":"https:\/\/brandss.com.py\/index\/wp-json\/wp\/v2\/product\/97547\/revisions\/97556"}],"wp:featuredmedia":[{"embeddable":true,"href":"https:\/\/brandss.com.py\/index\/wp-json\/wp\/v2\/media\/97548"}],"wp:attachment":[{"href":"https:\/\/brandss.com.py\/index\/wp-json\/wp\/v2\/media?parent=97547"}],"wp:term":[{"taxonomy":"product_brand","embeddable":true,"href":"https:\/\/brandss.com.py\/index\/wp-json\/wp\/v2\/product_brand?post=97547"},{"taxonomy":"product_cat","embeddable":true,"href":"https:\/\/brandss.com.py\/index\/wp-json\/wp\/v2\/product_cat?post=97547"},{"taxonomy":"product_tag","embeddable":true,"href":"https:\/\/brandss.com.py\/index\/wp-json\/wp\/v2\/product_tag?post=97547"}],"curies":[{"name":"wp","href":"https:\/\/api.w.org\/{rel}","templated":true}]}}