{"id":97557,"date":"2026-02-05T16:45:31","date_gmt":"2026-02-05T16:45:31","guid":{"rendered":"https:\/\/brandss.com.py\/index\/?post_type=product&#038;p=97557"},"modified":"2026-04-21T11:34:27","modified_gmt":"2026-04-21T11:34:27","slug":"crema-facial-k-secret-seoul-1988-snail-mucin-93-rice-100ml","status":"publish","type":"product","link":"https:\/\/brandss.com.py\/index\/producto\/crema-facial-k-secret-seoul-1988-snail-mucin-93-rice-100ml\/","title":{"rendered":"CREMA FACIAL K-SECRET SEOUL 1988 SNAIL MUCIN 93% + RICE 100ML"},"content":{"rendered":"<p><img loading=\"lazy\" decoding=\"async\" class=\"\" src=\"https:\/\/qasrjamal.com\/cdn\/shop\/collections\/K-Secret_Logo_1200x1200.png?v=1754468465\" alt=\"K-Secret Seoul 1988 Skincare Collection \u2013 QasrJamal\" width=\"102\" height=\"102\" \/><\/p>\n<h1>SNAIL MUCIN 93% + RICE<\/h1>\n<p>Descubre K-SECRET SEOUL 1988 Cream: Snail Mucin 93% + Rice, una crema facial nutritiva\u00a0que combina el poder del filtrado de secreci\u00f3n de caracol y el filtrado de fermento de arroz para una hidrataci\u00f3n intensa y mejora de la piel. Esta f\u00f3rmula avanzada fortalece la barrera de la piel, unifica el tono de la piel y proporciona un brillo saludable sin sentirse pegajosa o grasosa.<img loading=\"lazy\" decoding=\"async\" class=\"alignleft\" src=\"https:\/\/ksecretcosmetics.com\/cdn\/shop\/files\/5_bd74788d-7f4e-40a6-9dab-1060dfd37639_1080x.jpg?v=1764150135\" width=\"532\" height=\"532\" \/><\/p>\n<p><span dir=\"auto\">Ksecret Seoul 1988 Snail Mucin 93% + Rice Cream alivia la piel roja e irritada al mismo tiempo que hidrata la piel y la satura con nutrientes. <\/span><span dir=\"auto\">Esta crema est\u00e1 enriquecida con 93% de filtrado de secreci\u00f3n de caracol y filtrado de fermento de arroz (sake) para proporcionar una hidrataci\u00f3n profunda, iluminar la piel y tener efectos calmantes y ayuda a fortalecer la barrera cut\u00e1nea.<\/span><\/p>\n<p><span dir=\"auto\">Tambi\u00e9n contiene pantenol que favorece la producci\u00f3n de col\u00e1geno y mejora la firmeza de la piel y ecto\u00edna que mejora la textura de la piel y repara la barrera cut\u00e1nea. <\/span><span dir=\"auto\">Hidrata la piel y favorece una r\u00e1pida regeneraci\u00f3n de la piel. <\/span><span dir=\"auto\">El extracto de arroz mejora la textura de la piel y tambi\u00e9n la ilumina suavemente y proporciona un tono uniforme y radiante. <\/span><span dir=\"auto\">Esta crema tiene una rica textura cremosa tipo gel y ofrece una absorci\u00f3n instant\u00e1nea. <\/span><span dir=\"auto\">Est\u00e1 libre de alcoholes agresivos y fragancias.<\/span><\/p>\n<h3><span dir=\"auto\">Preocupaciones<\/span><\/h3>\n<p><span dir=\"auto\">Arrugas, pigmentaci\u00f3n, textura de la piel, piel con problemas.<\/span><\/p>\n<p>&nbsp;<\/p>\n<h3><span dir=\"auto\">Beneficios<\/span><\/h3>\n<p><span dir=\"auto\">Antienvejecimiento, iluminador, cuidado de los poros, mejora la textura.<\/span><\/p>\n<p>&nbsp;<\/p>\n<h3><span dir=\"auto\">Tipos de piel<\/span><\/h3>\n<p><span dir=\"auto\">Para todo tipo de piel, especialmente pieles envejecidas y maduras.<\/span><\/p>\n<h3><strong>Ventajas<img loading=\"lazy\" decoding=\"async\" class=\"alignright\" src=\"https:\/\/ksecretcosmetics.com\/cdn\/shop\/files\/5_bd74788d-7f4e-40a6-9dab-1060dfd37639_1080x.jpg?v=1764150135\" width=\"596\" height=\"596\" \/><\/strong><\/h3>\n<ul>\n<li><strong>Hidrataci\u00f3n profunda: <\/strong>93% de filtrado de secreci\u00f3n de caracol proporciona hidrataci\u00f3n intensa y mejora la elasticidad de la piel.<\/li>\n<li><strong>Tono de piel m\u00e1s luminoso: <\/strong>el filtrado de fermento de arroz y el extracto de arroz unifican el tono de la piel y proporcionan un brillo natural.<\/li>\n<li><strong>Fortalece la barrera de la piel: <\/strong>el pantenol y ecto\u00edna ayudan a proteger y reparar la piel.<\/li>\n<li><strong>Calma la piel sensible: <\/strong>la alanto\u00edna y el pantenol tienen propiedades antiinflamatorias que reducen el enrojecimiento y la irritaci\u00f3n.<\/li>\n<li><strong>Ligera y de r\u00e1pida absorci\u00f3n: <\/strong>la textura de gel-crema se siente fresca y se absorbe sin dejar una pel\u00edcula grasosa.<\/li>\n<li><strong>Libre de ingredientes fuertes: <\/strong>no contiene agentes desecantes a base de alcohol, colorantes artificiales o fragancias fuertes, lo que la hace suave para la piel sensible.<\/li>\n<\/ul>\n<h3><strong>Uso<\/strong><\/h3>\n<ol>\n<li>Limpia el rostro\u00a0con un limpiador facial y aplica t\u00f3nico y suero.<\/li>\n<li>Toma una cantidad adecuada de crema\u00a0y distrib\u00fayela uniformemente sobre el rostro.<\/li>\n<li>Masa o da palmaditas\u00a0suavemente para mejor absorci\u00f3n.<\/li>\n<li>Usa ma\u00f1ana y noche\u00a0para mantener la piel hidratada y nutrida.<\/li>\n<li>Sigue con protector solar\u00a0durante el d\u00eda para proteger la piel.<\/li>\n<\/ol>\n","protected":false},"excerpt":{"rendered":"<p>SNAIL MUCIN 93% + RICE Descubre K-SECRET SEOUL 1988 Cream: Snail Mucin 93% + Rice, una crema facial nutritiva\u00a0que combina<\/p>\n","protected":false},"featured_media":97558,"comment_status":"open","ping_status":"closed","template":"","meta":{"nf_dc_page":""},"product_brand":[2683],"product_cat":[104],"product_tag":[2687],"class_list":{"0":"post-97557","1":"product","2":"type-product","3":"status-publish","4":"has-post-thumbnail","6":"product_brand-k-secret-seoul-1988","7":"product_cat-skin-care","8":"product_tag-2687","10":"first","11":"outofstock","12":"shipping-taxable","13":"purchasable","14":"product-type-simple"},"_links":{"self":[{"href":"https:\/\/brandss.com.py\/index\/wp-json\/wp\/v2\/product\/97557","targetHints":{"allow":["GET"]}}],"collection":[{"href":"https:\/\/brandss.com.py\/index\/wp-json\/wp\/v2\/product"}],"about":[{"href":"https:\/\/brandss.com.py\/index\/wp-json\/wp\/v2\/types\/product"}],"replies":[{"embeddable":true,"href":"https:\/\/brandss.com.py\/index\/wp-json\/wp\/v2\/comments?post=97557"}],"version-history":[{"count":1,"href":"https:\/\/brandss.com.py\/index\/wp-json\/wp\/v2\/product\/97557\/revisions"}],"predecessor-version":[{"id":97568,"href":"https:\/\/brandss.com.py\/index\/wp-json\/wp\/v2\/product\/97557\/revisions\/97568"}],"wp:featuredmedia":[{"embeddable":true,"href":"https:\/\/brandss.com.py\/index\/wp-json\/wp\/v2\/media\/97558"}],"wp:attachment":[{"href":"https:\/\/brandss.com.py\/index\/wp-json\/wp\/v2\/media?parent=97557"}],"wp:term":[{"taxonomy":"product_brand","embeddable":true,"href":"https:\/\/brandss.com.py\/index\/wp-json\/wp\/v2\/product_brand?post=97557"},{"taxonomy":"product_cat","embeddable":true,"href":"https:\/\/brandss.com.py\/index\/wp-json\/wp\/v2\/product_cat?post=97557"},{"taxonomy":"product_tag","embeddable":true,"href":"https:\/\/brandss.com.py\/index\/wp-json\/wp\/v2\/product_tag?post=97557"}],"curies":[{"name":"wp","href":"https:\/\/api.w.org\/{rel}","templated":true}]}}