{"id":97569,"date":"2026-02-05T17:15:12","date_gmt":"2026-02-05T17:15:12","guid":{"rendered":"https:\/\/brandss.com.py\/index\/?post_type=product&#038;p=97569"},"modified":"2026-04-23T17:14:39","modified_gmt":"2026-04-23T17:14:39","slug":"crema-facial-k-secret-seoul-1988-capsule-niacinamide-5-yuja-50ml","status":"publish","type":"product","link":"https:\/\/brandss.com.py\/index\/producto\/crema-facial-k-secret-seoul-1988-capsule-niacinamide-5-yuja-50ml\/","title":{"rendered":"CREMA FACIAL K-SECRET SEOUL 1988 CAPSULE NIACINAMIDE 5% + YUJA 50ML"},"content":{"rendered":"<p><img loading=\"lazy\" decoding=\"async\" class=\"\" src=\"https:\/\/qasrjamal.com\/cdn\/shop\/collections\/K-Secret_Logo_1200x1200.png?v=1754468465\" alt=\"K-Secret Seoul 1988 Skincare Collection \u2013 QasrJamal\" width=\"104\" height=\"104\" \/><\/p>\n<h1>CAPSULE NIACINAMIDE 5% + YUJA<\/h1>\n<p>Logra una piel uniforme y radiante con K-SECRET \u2013 SEOUL 1988 Capsule Cream: Niacinamida 5% + Yuja. Esta crema en c\u00e1psulas ligera pero efectiva combina 5% de niacinamida con extracto de yuzu (yuja) y tecnolog\u00eda innovadora de c\u00e1psulas. El resultado es una piel que se siente fresca, hidratada y con un nuevo brillo, sin una sensaci\u00f3n pesada.<img loading=\"lazy\" decoding=\"async\" class=\"alignleft\" src=\"https:\/\/www.koreanbeauty.es\/cdn\/shop\/files\/SEOUL_1988_CAPSULE_CREAM_NIACINAMIDE_5_YUJA_2.png?v=1758557764&amp;width=1800\" width=\"510\" height=\"510\" \/><\/p>\n<p>La crema est\u00e1 especialmente desarrollada para revitalizar la piel cansada, apagada y desigual. La f\u00f3rmula est\u00e1 enriquecida con diferentes tipos de \u00e1cido hialur\u00f3nico, manteca de karit\u00e9 y squalane, que juntos proporcionan hidrataci\u00f3n profunda y fortalecen la barrera cut\u00e1nea. El aceite de yuja y el agua de espino amarillo (Hippophae Rhamnoides Water) aportan una potente protecci\u00f3n antioxidante, mientras que la adenosina trabaja para mejorar la elasticidad de la piel y combatir el envejecimiento.<\/p>\n<p data-start=\"2060\" data-end=\"2276\"><span dir=\"auto\">Una\u00a0<\/span><span dir=\"auto\">crema-gel<\/span><span dir=\"auto\">\u00a0ligera con\u00a0<\/span><span dir=\"auto\">microc\u00e1psulas<\/span><span dir=\"auto\">\u00a0que se activan al contacto, liberando activos frescos. Dise\u00f1ada para lograr una tez\u00a0<\/span><span dir=\"auto\">m\u00e1s uniforme, radiante y equilibrada,<\/span><span dir=\"auto\">\u00a0con comodidad durante todo el d\u00eda.<\/span><\/p>\n<h3 data-start=\"2278\" data-end=\"2296\"><strong data-start=\"2278\" data-end=\"2294\"><span dir=\"auto\">Por qu\u00e9 funciona<\/span><\/strong><\/h3>\n<ul data-start=\"2297\" data-end=\"2607\">\n<li data-start=\"2297\" data-end=\"2388\">\n<p data-start=\"2299\" data-end=\"2388\"><strong data-start=\"2299\" data-end=\"2328\"><span dir=\"auto\">Niacinamida (vitamina B3):<\/span><\/strong><span dir=\"auto\">\u00a0apoya la barrera, unifica el tono y ayuda a equilibrar el sebo.<\/span><\/p>\n<\/li>\n<li data-start=\"2389\" data-end=\"2493\">\n<p data-start=\"2391\" data-end=\"2493\"><strong data-start=\"2391\" data-end=\"2421\"><span dir=\"auto\">Yuzu (c\u00edtrico antioxidante):<\/span><\/strong><span dir=\"auto\">\u00a0aumenta\u00a0<\/span><span dir=\"auto\">la luminosidad<\/span><span dir=\"auto\">\u00a0y ayuda a defenderse de los factores estresantes ambientales.<\/span><\/p>\n<\/li>\n<li data-start=\"2494\" data-end=\"2607\">\n<p data-start=\"2496\" data-end=\"2607\"><strong data-start=\"2496\" data-end=\"2519\"><span dir=\"auto\">Tecnolog\u00eda de c\u00e1psula:<\/span><\/strong><span dir=\"auto\">\u00a0mantiene los principios activos clave estables hasta la aplicaci\u00f3n para una eficacia \u00f3ptima y una mejor tolerancia.<\/span><\/p>\n<\/li>\n<\/ul>\n<h3 data-start=\"2853\" data-end=\"3002\"><strong data-start=\"2853\" data-end=\"2869\"><span dir=\"auto\">Para qui\u00e9n es<\/span><\/strong><\/h3>\n<p data-start=\"2853\" data-end=\"3002\"><br data-start=\"2869\" data-end=\"2872\" \/><span dir=\"auto\">Todo tipo de piel, incluidas\u00a0<\/span><span dir=\"auto\">las mixtas\/grasas<\/span><span dir=\"auto\">\u00a0y\u00a0<\/span><span dir=\"auto\">sensibles<\/span><span dir=\"auto\">, que buscan hidrataci\u00f3n, luminosidad y un cuidado ligero que unifique el tono.<\/span><\/p>\n<h3 data-start=\"3004\" data-end=\"3154\"><strong data-start=\"3004\" data-end=\"3022\"><span dir=\"auto\">Textura y tacto<\/span><\/strong><\/h3>\n<p data-start=\"3004\" data-end=\"3154\"><br data-start=\"3022\" data-end=\"3025\" \/><span dir=\"auto\">Crema-gel ultraligera con finas c\u00e1psulas que se disuelven al masajear. Se absorbe r\u00e1pidamente y deja un acabado suave y f\u00e1cil de maquillar.<\/span><\/p>\n<h3><span dir=\"auto\">Preocupaciones<img loading=\"lazy\" decoding=\"async\" class=\"alignright\" src=\"https:\/\/www.ksecret.com\/images\/thumbs\/0012359_k-secret-seoul-1988-capsule-cream-niacinamide-5-yuja-50ml.jpeg\" width=\"685\" height=\"685\" \/><\/span><\/h3>\n<p><span dir=\"auto\">Piel opaca y seca, pigmentaci\u00f3n, textura desigual, piel con problemas.<\/span><\/p>\n<p>&nbsp;<\/p>\n<h3><span dir=\"auto\">Beneficios<\/span><\/h3>\n<p><span dir=\"auto\">Antienvejecimiento, iluminador, mejora la textura, hidrataci\u00f3n.<\/span><\/p>\n<p>&nbsp;<\/p>\n<h3><strong>Ventajas<\/strong><\/h3>\n<ul>\n<li>Iguala el tono de la piel y reduce los signos de fatiga con la ayuda de niacinamida y yuja.<\/li>\n<li>Hidrata y suaviza la piel sin sentirse grasa o pegajosa.<\/li>\n<li>Fortalece la barrera cut\u00e1nea mientras proporciona una potente protecci\u00f3n antioxidante.<\/li>\n<li>Promueve una piel fresca, clara y naturalmente radiante.<\/li>\n<li>F\u00f3rmula ligera y de r\u00e1pida absorci\u00f3n \u2013 perfecta para la rutina de ma\u00f1ana y noche.<\/li>\n<\/ul>\n<h3><strong>Ingredientes<\/strong><\/h3>\n<ul>\n<li><strong>Niacinamida 5%: <\/strong>para un tono de piel m\u00e1s uniforme, reduce la pigmentaci\u00f3n y el enrojecimiento.<\/li>\n<li><strong>Extracto de Fruta Citrus Junos (Yuja): <\/strong>antioxidante que proporciona brillo y frescura.<\/li>\n<li><strong>\u00c1cido Hialur\u00f3nico y sus derivados: <\/strong>hidrataci\u00f3n intensa para una piel m\u00e1s rellena.<\/li>\n<li><strong>Squalane y Manteca de Karit\u00e9: <\/strong>suaviza, nutre y conserva la flexibilidad de la piel.<\/li>\n<li><strong>Adenosina: <\/strong>mejora la elasticidad de la piel y tiene efecto anti-edad.<\/li>\n<li><strong>Agua de Hippophae Rhamnoides (Agua de Espino Amarillo): <\/strong>antioxidante que fortalece la barrera cut\u00e1nea e hidrata.<\/li>\n<\/ul>\n<h3><strong>Uso<\/strong><\/h3>\n<ol>\n<li>Comienza limpiando bien la piel y aplica un t\u00f3nico o esencia.<\/li>\n<li>Aplica una cantidad adecuada de crema y masajea uniformemente sobre el rostro y el cuello.<\/li>\n<li><span dir=\"auto\">Calentar una peque\u00f1a cantidad entre los dedos y\u00a0<\/span><span dir=\"auto\">masajear hasta que las c\u00e1psulas se dispersen completamente<\/span><span dir=\"auto\">.<\/span><\/li>\n<li><span dir=\"auto\">Por la ma\u00f1ana, continuar con\u00a0<\/span><span dir=\"auto\">FPS<\/span><span dir=\"auto\">.<\/span><\/li>\n<li>Usa por la ma\u00f1ana y por la noche para obtener los mejores resultados. Siempre complementa con SPF por la ma\u00f1ana.<\/li>\n<\/ol>\n<h3 data-start=\"3401\" data-end=\"3415\"><strong data-start=\"3401\" data-end=\"3413\"><span dir=\"auto\">Consejos profesionales<\/span><\/strong><\/h3>\n<ul data-start=\"3416\" data-end=\"3635\">\n<li data-start=\"3416\" data-end=\"3508\">\n<p data-start=\"3418\" data-end=\"3508\"><span dir=\"auto\">Para pieles mixtas: aplicar una capa fina en la zona T y una capa normal en las mejillas.<\/span><\/p>\n<\/li>\n<li data-start=\"3509\" data-end=\"3635\">\n<p data-start=\"3511\" data-end=\"3635\"><span dir=\"auto\">Comb\u00ednalo con sueros calmantes (pantenol\/centella) o iluminadores suaves (vitamina C), alternando d\u00edas si tu piel es reactiva.<\/span><\/p>\n<\/li>\n<\/ul>\n<p>Si tienes piel sensible, introduce el producto gradualmente us\u00e1ndolo cada dos d\u00edas al principio.<\/p>\n","protected":false},"excerpt":{"rendered":"<p>CAPSULE NIACINAMIDE 5% + YUJA Logra una piel uniforme y radiante con K-SECRET \u2013 SEOUL 1988 Capsule Cream: Niacinamida 5%<\/p>\n","protected":false},"featured_media":97570,"comment_status":"open","ping_status":"closed","template":"","meta":{"nf_dc_page":""},"product_brand":[2683],"product_cat":[104],"product_tag":[2688],"class_list":{"0":"post-97569","1":"product","2":"type-product","3":"status-publish","4":"has-post-thumbnail","6":"product_brand-k-secret-seoul-1988","7":"product_cat-skin-care","8":"product_tag-2688","10":"first","11":"instock","12":"shipping-taxable","13":"purchasable","14":"product-type-simple"},"_links":{"self":[{"href":"https:\/\/brandss.com.py\/index\/wp-json\/wp\/v2\/product\/97569","targetHints":{"allow":["GET"]}}],"collection":[{"href":"https:\/\/brandss.com.py\/index\/wp-json\/wp\/v2\/product"}],"about":[{"href":"https:\/\/brandss.com.py\/index\/wp-json\/wp\/v2\/types\/product"}],"replies":[{"embeddable":true,"href":"https:\/\/brandss.com.py\/index\/wp-json\/wp\/v2\/comments?post=97569"}],"version-history":[{"count":1,"href":"https:\/\/brandss.com.py\/index\/wp-json\/wp\/v2\/product\/97569\/revisions"}],"predecessor-version":[{"id":97579,"href":"https:\/\/brandss.com.py\/index\/wp-json\/wp\/v2\/product\/97569\/revisions\/97579"}],"wp:featuredmedia":[{"embeddable":true,"href":"https:\/\/brandss.com.py\/index\/wp-json\/wp\/v2\/media\/97570"}],"wp:attachment":[{"href":"https:\/\/brandss.com.py\/index\/wp-json\/wp\/v2\/media?parent=97569"}],"wp:term":[{"taxonomy":"product_brand","embeddable":true,"href":"https:\/\/brandss.com.py\/index\/wp-json\/wp\/v2\/product_brand?post=97569"},{"taxonomy":"product_cat","embeddable":true,"href":"https:\/\/brandss.com.py\/index\/wp-json\/wp\/v2\/product_cat?post=97569"},{"taxonomy":"product_tag","embeddable":true,"href":"https:\/\/brandss.com.py\/index\/wp-json\/wp\/v2\/product_tag?post=97569"}],"curies":[{"name":"wp","href":"https:\/\/api.w.org\/{rel}","templated":true}]}}