{"id":97580,"date":"2026-02-05T17:48:39","date_gmt":"2026-02-05T17:48:39","guid":{"rendered":"https:\/\/brandss.com.py\/index\/?post_type=product&#038;p=97580"},"modified":"2026-04-21T11:28:37","modified_gmt":"2026-04-21T11:28:37","slug":"limpiador-facial-skin1004-madagascar-centella-light-oil-200ml","status":"publish","type":"product","link":"https:\/\/brandss.com.py\/index\/producto\/limpiador-facial-skin1004-madagascar-centella-light-oil-200ml\/","title":{"rendered":"LIMPIADOR FACIAL SKIN1004 MADAGASCAR CENTELLA LIGHT OIL 200ML"},"content":{"rendered":"<p><img loading=\"lazy\" decoding=\"async\" class=\"\" src=\"https:\/\/heyskinday.com\/cdn\/shop\/collections\/skin1004_logo.png?v=1714498278\" alt=\"Skin1004 | Korean Beauty | HeySkinday\" width=\"110\" height=\"110\" \/><\/p>\n<h1>MADAGASCAR CENTELLA LIGHT<\/h1>\n<p>Experimente una piel m\u00e1s limpia y clara con Madagascar Centella Light Cleansing Oil.\u00a0Este exclusivo aceite limpiador est\u00e1 especialmente formulado para eliminar la suciedad, la grasa y el maquillaje con facilidad, al tiempo que preserva el equilibrio de hidrataci\u00f3n natural de la piel.<img loading=\"lazy\" decoding=\"async\" class=\"alignleft\" src=\"https:\/\/www.skincupid.us\/cdn\/shop\/files\/2020110409102498761_2e1c51b6-163b-40a6-809f-0dd0194cf859.jpg?v=1760352087&amp;width=800\" width=\"552\" height=\"552\" \/><\/p>\n<p>Enriquecido con el poderoso ingrediente Centella Asi\u00e1tica de Madagascar, este aceite limpiador no s\u00f3lo es suave con la piel, sino que tambi\u00e9n est\u00e1 lleno de beneficios. La centella asi\u00e1tica es conocida por sus propiedades calmantes y antiinflamatorias, por lo que es perfecta para la piel sensible. Sus nutrientes naturales favorecen la salud de la piel, dej\u00e1ndola radiante y fresca.<\/p>\n<p>La textura ligera y sedosa del aceite limpiador elimina al instante la suciedad y las impurezas sin resecar la piel. Experimentar\u00e1 una relajante rutina de limpieza mientras cuida del bienestar de su piel. F\u00e1cil de usar: masajear el aceite sobre la piel seca y aclarar con agua.\u00a0\u00bfEl resultado? Una piel suave, limpia e hidratada que luce fresca y revitalizada.<\/p>\n<p>El Madagascar Centella Light Cleansing Oil\u00a0no solo purifica la piel, sino que tambi\u00e9n ayuda a mantener el equilibrio de humedad natural de la piel, evitando la sensaci\u00f3n de tirantez que pueden causar otros limpiadores. Es el primer paso perfecto en una rutina de doble limpieza, preparando la piel para los siguientes pasos de hidrataci\u00f3n y tratamiento.<\/p>\n<h3><strong>Ventajas<\/strong><\/h3>\n<ul>\n<li><strong>Limpieza suave:<\/strong>\u00a0Este aceite limpiador es suave con la piel a la vez que elimina eficazmente la suciedad, la grasa y el maquillaje. No deja la piel tirante ni deshidratada.<\/li>\n<li><strong>Centella asi\u00e1tica:<\/strong>\u00a0Enriquecido con Centella Asi\u00e1tica de Madagascar, un poderoso ingrediente con propiedades calmantes y antiinflamatorias. Ideal para pieles sensibles y ayuda a promover la salud de la piel.<\/li>\n<li><strong>Hidratante:<\/strong>\u00a0El aceite ligero derrite las impurezas a la vez que preserva el equilibrio natural de hidrataci\u00f3n de la piel, dando como resultado una piel suave e hidratada.<\/li>\n<li><strong>Textura sedosa:<\/strong>\u00a0La textura sedosa convierte la rutina de limpieza en una experiencia placentera. El aceite se desliza suavemente sobre la piel y se masajea con facilidad.<\/li>\n<li><strong>Desmaquillado eficaz:<\/strong>\u00a0Una soluci\u00f3n perfecta para eliminar tanto el maquillaje ligero como el m\u00e1s intenso, incluido el resistente al agua, sin tener que frotar ni tirar de la piel.<\/li>\n<li><strong>Piel radiante:<\/strong>\u00a0Al limpiar la piel en profundidad, este aceite ayuda a eliminar las c\u00e9lulas muertas y la suciedad que pueden impedir el brillo natural de la piel.<img loading=\"lazy\" decoding=\"async\" class=\"alignright\" src=\"https:\/\/static.sweetcare.com\/img\/prd\/max\/v-638260742699565825\/skin1004-017950kn-3.jpg\" width=\"534\" height=\"534\" \/><\/li>\n<\/ul>\n<h3><strong>Uso<\/strong><\/h3>\n<ol>\n<li>Tome una cantidad adecuada de aceite limpiador en sus manos secas. Una o dos bombas ser\u00e1n suficientes dependiendo de la cantidad de maquillaje y suciedad que necesite eliminar.<\/li>\n<li>Masajea suavemente la piel seca con movimientos circulares. Aseg\u00farese de cubrir todo el rostro y tambi\u00e9n la zona de los ojos si los tiene maquillados.<\/li>\n<li>Contin\u00fae masajeando durante unos minutos, dejando que el aceite disuelva el maquillaje y las impurezas. Notar\u00e1 que el aceite empieza a disolver el maquillaje y la suciedad.<\/li>\n<li>Cuando notes que el aceite ha actuado correctamente, humed\u00e9cete las manos con un poco de agua y sigue masajeando. Esto emulsionar\u00e1 el aceite y lo convertir\u00e1 en una consistencia lechosa.<\/li>\n<li>A continuaci\u00f3n, acl\u00e1rese bien la cara con agua tibia. Siga masajeando con agua hasta que todo el aceite y la suciedad se hayan eliminado por completo.<\/li>\n<li>Seque la cara dando suaves golpecitos con una toalla limpia. Evite frotar o tirar de la piel para evitar irritaciones.<\/li>\n<li>Contin\u00faa tu rutina de cuidado de la piel con tus productos habituales, como t\u00f3nico, s\u00e9rum y crema hidratante.<\/li>\n<\/ol>\n","protected":false},"excerpt":{"rendered":"<p>MADAGASCAR CENTELLA LIGHT Experimente una piel m\u00e1s limpia y clara con Madagascar Centella Light Cleansing Oil.\u00a0Este exclusivo aceite limpiador est\u00e1<\/p>\n","protected":false},"featured_media":97581,"comment_status":"open","ping_status":"closed","template":"","meta":{"nf_dc_page":""},"product_brand":[2689],"product_cat":[104],"product_tag":[2690],"class_list":{"0":"post-97580","1":"product","2":"type-product","3":"status-publish","4":"has-post-thumbnail","6":"product_brand-skin1004","7":"product_cat-skin-care","8":"product_tag-2690","10":"first","11":"outofstock","12":"shipping-taxable","13":"purchasable","14":"product-type-simple"},"_links":{"self":[{"href":"https:\/\/brandss.com.py\/index\/wp-json\/wp\/v2\/product\/97580","targetHints":{"allow":["GET"]}}],"collection":[{"href":"https:\/\/brandss.com.py\/index\/wp-json\/wp\/v2\/product"}],"about":[{"href":"https:\/\/brandss.com.py\/index\/wp-json\/wp\/v2\/types\/product"}],"replies":[{"embeddable":true,"href":"https:\/\/brandss.com.py\/index\/wp-json\/wp\/v2\/comments?post=97580"}],"version-history":[{"count":1,"href":"https:\/\/brandss.com.py\/index\/wp-json\/wp\/v2\/product\/97580\/revisions"}],"predecessor-version":[{"id":97588,"href":"https:\/\/brandss.com.py\/index\/wp-json\/wp\/v2\/product\/97580\/revisions\/97588"}],"wp:featuredmedia":[{"embeddable":true,"href":"https:\/\/brandss.com.py\/index\/wp-json\/wp\/v2\/media\/97581"}],"wp:attachment":[{"href":"https:\/\/brandss.com.py\/index\/wp-json\/wp\/v2\/media?parent=97580"}],"wp:term":[{"taxonomy":"product_brand","embeddable":true,"href":"https:\/\/brandss.com.py\/index\/wp-json\/wp\/v2\/product_brand?post=97580"},{"taxonomy":"product_cat","embeddable":true,"href":"https:\/\/brandss.com.py\/index\/wp-json\/wp\/v2\/product_cat?post=97580"},{"taxonomy":"product_tag","embeddable":true,"href":"https:\/\/brandss.com.py\/index\/wp-json\/wp\/v2\/product_tag?post=97580"}],"curies":[{"name":"wp","href":"https:\/\/api.w.org\/{rel}","templated":true}]}}