{"id":97589,"date":"2026-02-05T18:37:57","date_gmt":"2026-02-05T18:37:57","guid":{"rendered":"https:\/\/brandss.com.py\/index\/?post_type=product&#038;p=97589"},"modified":"2026-05-02T16:30:46","modified_gmt":"2026-05-02T16:30:46","slug":"crema-facial-skin1004-madagascar-centella-tone-brightening-capsule-75ml","status":"publish","type":"product","link":"https:\/\/brandss.com.py\/index\/producto\/crema-facial-skin1004-madagascar-centella-tone-brightening-capsule-75ml\/","title":{"rendered":"CREMA FACIAL SKIN1004 MADAGASCAR CENTELLA TONE BRIGHTENING CAPSULE 75ML"},"content":{"rendered":"<p><img loading=\"lazy\" decoding=\"async\" class=\"\" src=\"https:\/\/heyskinday.com\/cdn\/shop\/collections\/skin1004_logo.png?v=1714498278\" alt=\"Skin1004 | Korean Beauty | HeySkinday\" width=\"184\" height=\"184\" \/><\/p>\n<h1>MADAGASCAR CENTELLA TONE BRIGHTENING<\/h1>\n<p>Es una crema antimanchas, revitalante, nutritiva e iluminadora, que nutre e iguala el tono de la piel. D<span dir=\"auto\">ise\u00f1ada para iluminar la piel para ayudar a emparejar el tono de la piel, eliminar peque\u00f1as imperfecciones y tiene un efecto calmante.<img loading=\"lazy\" decoding=\"async\" class=\"alignleft\" src=\"https:\/\/www.skin1004.com\/cdn\/shop\/products\/skin1004-madagascar-centella-tone-brightening-capsule-cream-75m-37793803469046_1440x.png?v=1677150487\" width=\"568\" height=\"568\" \/><\/span><\/p>\n<p><span dir=\"auto\">La crema contiene un ingrediente especial patentado,\u00a0<\/span><strong><span dir=\"auto\">MadeWhite\u2122,<\/span><\/strong><span dir=\"auto\">\u00a0un extracto natural de la famosa Centella Asi\u00e1tica (Madecas\u00f3sido). MadeWhite\u2122 act\u00faa sobre la s\u00edntesis de melanina bloque\u00e1ndola, protegiendo as\u00ed la piel de la aparici\u00f3n de manchas de la edad y unific\u00e1ndola.<\/span><\/p>\n<p>Formulada con un 60% de centella asi\u00e1tica, que calma\u00a0la piel sensible, irritada\u00a0y reduce la apariencia y la textura de\u00a0peque\u00f1as imperfecciones.<\/p>\n<h3><em><strong><span dir=\"auto\">Principales ingredientes activos:<\/span><\/strong><\/em><\/h3>\n<p><strong><span dir=\"auto\">La niacinamida:<\/span><\/strong><span dir=\"auto\">\u00a0es un ingrediente popular para combatir las manchas de la edad y las marcas del acn\u00e9. Tambi\u00e9n ayuda a combatir la apariencia de la piel opaca, mejorando la tez, aumentando la elasticidad y controlando la producci\u00f3n de sebo.<\/span><\/p>\n<p><strong><span dir=\"auto\">El \u00e1cido tranex\u00e1mico:<\/span><\/strong><span dir=\"auto\">\u00a0es uno de los agentes aclarantes m\u00e1s potentes. Ayuda a bloquear la s\u00edntesis de melanina, combatiendo as\u00ed las manchas de la edad.<\/span><\/p>\n<p><strong><span dir=\"auto\">El alfa-bisabolol:<\/span><\/strong><span dir=\"auto\">\u00a0alivia las irritaciones con sus propiedades calmantes, unifica el tono de la piel y complementa el efecto iluminador de la crema, ayudando a eliminar las manchas de la edad.<\/span><\/p>\n<p><strong><span dir=\"auto\">El extracto de centella asi\u00e1tica (60%) de Madagascar:<\/span><\/strong><span dir=\"auto\">\u00a0uno de los ingredientes clave de la crema, se cultiva y cosecha en condiciones especiales. La centella asi\u00e1tica es conocida por sus propiedades calmantes y cicatrizantes. Combate el enrojecimiento y la irritaci\u00f3n, y tambi\u00e9n ayuda a estimular la s\u00edntesis de col\u00e1geno natural.<\/span><\/p>\n<p><strong> MadeWhite<\/strong>\u2122: un innovador complejo bot\u00e1nico con Madecassoside, patentado por <em>SKIN1004<\/em>. Inhibe la s\u00edntesis de melanina, evitando la aparici\u00f3n de manchas y mejorando la luminosidad del rostro.<\/p>\n<h3><em><strong><span dir=\"auto\">Para qui\u00e9n es adecuado<img loading=\"lazy\" decoding=\"async\" class=\"alignright\" src=\"https:\/\/static.wixstatic.com\/media\/f5a2cd_9a8440dbcb564d74be4e5a26f3c7df01~mv2.webp\" width=\"510\" height=\"637\" \/><\/span><\/strong><\/em><\/h3>\n<p><span dir=\"auto\">Apto para todo tipo de piel. Se except\u00faan las personas con intolerancia individual a alg\u00fan ingrediente de la lista de ingredientes.<\/span><\/p>\n<h3><em>Beneficios<\/em><\/h3>\n<ul class=\"metafield-single_line_text_field-array\">\n<li class=\"metafield-single_line_text_field\"><span dir=\"auto\">Ayuda a igualar el tono de la piel.<\/span><\/li>\n<li class=\"metafield-single_line_text_field\"><span dir=\"auto\">Regula la secreci\u00f3n de sebo.<\/span><\/li>\n<li class=\"metafield-single_line_text_field\"><span dir=\"auto\">Textura ligera y fresca para todo tipo de piel.<\/span><\/li>\n<\/ul>\n<h2 class=\"s_a6LSI oXMERUv---typography-11-runningText oXMERUv---priority-7-primary _HOcyB x4nptw sxbtulv ftb6e2\" aria-hidden=\"false\" data-hook=\"info-section-title\"><em>Tipo de piel<\/em><\/h2>\n<div class=\"aecizt ciGGdC QfrfFD cell\" data-hook=\"collapse-info-minus-icon\"><\/div>\n<div class=\"rah-static rah-static--height-auto\" aria-hidden=\"false\">\n<div>\n<div class=\"ulKuLk QfrfFD cell\">\n<div class=\"zp8uy2\" data-hook=\"info-section-description\">\n<p>Apta para todo tipo de piel, especialmente piel apagada, fatigada, con\u00a0manchas, seca, madura y\/o sensible.<\/p>\n<h2 class=\"s_a6LSI oXMERUv---typography-11-runningText oXMERUv---priority-7-primary _HOcyB x4nptw sxbtulv ftb6e2\" aria-hidden=\"false\" data-hook=\"info-section-title\"><em>Uso<\/em><\/h2>\n<div class=\"aecizt ciGGdC QfrfFD cell\" data-hook=\"collapse-info-minus-icon\"><\/div>\n<div class=\"rah-static rah-static--height-auto\" aria-hidden=\"false\">\n<div>\n<div class=\"ulKuLk QfrfFD cell\">\n<div class=\"zp8uy2\" data-hook=\"info-section-description\">\n<ul>\n<li>Al final de tu rutina de cuidado facial de dia y de noche, toma la cantidad deseada del producto\u00a0y exti\u00e9ndelo\u00a0de manera\u00a0uniforme por todo el rostro -evitando la zona de alrededor de los ojos y los labios.<\/li>\n<li>Da suaves toques con las yemas de los dedos para facilitar la completa absorci\u00f3n de los ingredientes activos.<\/li>\n<\/ul>\n<\/div>\n<\/div>\n<\/div>\n<\/div>\n<p>&nbsp;<\/p>\n<\/div>\n<\/div>\n<\/div>\n<\/div>\n<p><em>SKIN1004\u00a0<\/em>es una marca con sello PETA,\u00a0<em>cruelty free<\/em> y apta para uso vegano .<\/p>\n","protected":false},"excerpt":{"rendered":"<p>MADAGASCAR CENTELLA TONE BRIGHTENING Es una crema antimanchas, revitalante, nutritiva e iluminadora, que nutre e iguala el tono de la<\/p>\n","protected":false},"featured_media":97590,"comment_status":"open","ping_status":"closed","template":"","meta":{"nf_dc_page":""},"product_brand":[2689],"product_cat":[104],"product_tag":[2691],"class_list":{"0":"post-97589","1":"product","2":"type-product","3":"status-publish","4":"has-post-thumbnail","6":"product_brand-skin1004","7":"product_cat-skin-care","8":"product_tag-2691","10":"first","11":"instock","12":"shipping-taxable","13":"purchasable","14":"product-type-simple"},"_links":{"self":[{"href":"https:\/\/brandss.com.py\/index\/wp-json\/wp\/v2\/product\/97589","targetHints":{"allow":["GET"]}}],"collection":[{"href":"https:\/\/brandss.com.py\/index\/wp-json\/wp\/v2\/product"}],"about":[{"href":"https:\/\/brandss.com.py\/index\/wp-json\/wp\/v2\/types\/product"}],"replies":[{"embeddable":true,"href":"https:\/\/brandss.com.py\/index\/wp-json\/wp\/v2\/comments?post=97589"}],"version-history":[{"count":1,"href":"https:\/\/brandss.com.py\/index\/wp-json\/wp\/v2\/product\/97589\/revisions"}],"predecessor-version":[{"id":97600,"href":"https:\/\/brandss.com.py\/index\/wp-json\/wp\/v2\/product\/97589\/revisions\/97600"}],"wp:featuredmedia":[{"embeddable":true,"href":"https:\/\/brandss.com.py\/index\/wp-json\/wp\/v2\/media\/97590"}],"wp:attachment":[{"href":"https:\/\/brandss.com.py\/index\/wp-json\/wp\/v2\/media?parent=97589"}],"wp:term":[{"taxonomy":"product_brand","embeddable":true,"href":"https:\/\/brandss.com.py\/index\/wp-json\/wp\/v2\/product_brand?post=97589"},{"taxonomy":"product_cat","embeddable":true,"href":"https:\/\/brandss.com.py\/index\/wp-json\/wp\/v2\/product_cat?post=97589"},{"taxonomy":"product_tag","embeddable":true,"href":"https:\/\/brandss.com.py\/index\/wp-json\/wp\/v2\/product_tag?post=97589"}],"curies":[{"name":"wp","href":"https:\/\/api.w.org\/{rel}","templated":true}]}}