{"id":97601,"date":"2026-02-05T19:03:10","date_gmt":"2026-02-05T19:03:10","guid":{"rendered":"https:\/\/brandss.com.py\/index\/?post_type=product&#038;p=97601"},"modified":"2026-05-02T16:27:12","modified_gmt":"2026-05-02T16:27:12","slug":"almohadilla-facial-skin1004-madagascar-centella-quick-calming-70-piezas-130ml","status":"publish","type":"product","link":"https:\/\/brandss.com.py\/index\/producto\/almohadilla-facial-skin1004-madagascar-centella-quick-calming-70-piezas-130ml\/","title":{"rendered":"ALMOHADILLA FACIAL SKIN1004 MADAGASCAR CENTELLA QUICK CALMING 70 PIEZAS 130ML"},"content":{"rendered":"<p><img loading=\"lazy\" decoding=\"async\" class=\"\" src=\"https:\/\/heyskinday.com\/cdn\/shop\/collections\/skin1004_logo.png?v=1714498278\" alt=\"Skin1004 | Korean Beauty | HeySkinday\" width=\"136\" height=\"136\" \/><\/p>\n<h1>MADAGASCAR CENTELLA QUICK CALMING<\/h1>\n<p>Es un pr\u00e1ctico y suave disco de t\u00f3nico con 130ml de Essence calmante,\u00a0 una soluci\u00f3n r\u00e1pida y efectiva para reducir el enrojecimiento e hidratar la piel en solo 2-5 minutos. Cada disco de t\u00f3nico est\u00e1 enriquecido con 49 % de centella asi\u00e1tica, pantenol y \u00e1cido hialur\u00f3nico, ingredientes que ayudan a calmar la piel irritada o sensible, restaurar el equilibrio de humedad y fortalecer la barrera cut\u00e1nea.<img loading=\"lazy\" decoding=\"async\" class=\"alignleft\" src=\"https:\/\/www.kosbeauty.com\/cdn\/shop\/files\/1_fa8259e9-8f08-485f-8ff3-7d29f87e05da.jpg?v=1726268146\" width=\"393\" height=\"393\" \/><\/p>\n<p>Gracias a su suave estructura, el disco se adapta a los contornos del rostro, incluyendo las \u00e1reas debajo de los ojos y alrededor de las aletas de la nariz. Ideal para piel estresada, sensible o propensa al acn\u00e9 \u2013 \u00fasalo como parte de tu rutina despu\u00e9s de la limpieza por la ma\u00f1ana y noche, o como una r\u00e1pida soluci\u00f3n SOS cuando la piel necesita cuidado extra y frescor.<\/p>\n<p><span dir=\"auto\">Almohadillas calmantes con t\u00f3nico calmante con 49 % de centella y pantenol que alivian r\u00e1pidamente la piel sensible, irritada e inflamada. Eliminan eficazmente el enrojecimiento, la descamaci\u00f3n y el picor. Fortalecen la barrera protectora de la piel. Hidratan, suavizan, alisan e iluminan profundamente la piel. Es una mascarilla r\u00e1pida con efecto inmediato. \u00a1El procedimiento solo toma de 3 a 5 minutos! Las almohadillas son grandes, delgadas, suaves y est\u00e1n impregnadas de esencia. Tienen una forma perfecta para aplicarse en las mejillas y debajo de los ojos. Contienen solo diez ingredientes seguros para todo tipo de piel. No contienen ingredientes exfoliantes.<\/span><\/p>\n<h3><strong>Ventajas<\/strong><\/h3>\n<ul>\n<li><strong>49 % Extracto de Centella Asi\u00e1tica: <\/strong>eficazmente calmante, antiinflamatorio y reparador de la piel.<\/li>\n<li><strong>Pantenol (provitamina B5): <\/strong>hidrata, suaviza y fortalece la barrera cut\u00e1nea.<\/li>\n<li><strong>Sodium Hyaluronate: <\/strong>proporciona y retiene la humedad en profundidad en la piel.<\/li>\n<li><strong>F\u00f3rmula simple con 10 ingredientes: <\/strong>libre de alcohol, fragancias, siliconas, parabenos y sulfatos.<\/li>\n<li><strong>Discos de triple capa: <\/strong>se adaptan a los contornos del rostro para una entrega efectiva de Essence.<\/li>\n<\/ul>\n<h3><strong><span dir=\"auto\">Beneficios<img loading=\"lazy\" decoding=\"async\" class=\"alignright\" src=\"https:\/\/www.watsons.sa\/cdn\/shop\/files\/ASW20000018423_103.jpg?v=1738902609&amp;width=1946\" width=\"659\" height=\"659\" \/><\/span><\/strong><\/h3>\n<ul>\n<li><span dir=\"auto\">Almohadillas impregnadas de t\u00f3nico calmante con 49% de centella y pantenol.<\/span><\/li>\n<li>Reconforta r\u00e1pidamente la piel sensible, irritada e inflamada.<\/li>\n<li>Elimina eficazmente el enrojecimiento, la descamaci\u00f3n y la picaz\u00f3n.<\/li>\n<li>Fortalecer la barrera protectora de la piel.<\/li>\n<li>Hidrata profundamente, suaviza, alisa e ilumina la piel.<\/li>\n<li>Es una mascarilla r\u00e1pida con efecto inmediato.<\/li>\n<li>\u00a1El procedimiento s\u00f3lo lleva entre 3 y 5 minutos!<\/li>\n<li>Contiene solo diez ingredientes seguros para cualquier tipo de piel.<\/li>\n<li>No contienen ingredientes exfoliantes.<\/li>\n<li>Son grandes, delgadas, suaves y llenas de esencia.<\/li>\n<li>Tienen una forma perfecta para ser aplicadas en las mejillas, debajo de los ojos.<\/li>\n<\/ul>\n<p>&nbsp;<\/p>\n<p><strong>Uso:<\/strong><\/p>\n<ol>\n<li>Limpia cuidadosamente rostro y cuello.<\/li>\n<li>Aplica un disco en el \u00e1rea deseada (mejillas, frente, l\u00ednea de la mand\u00edbula) y deja actuar durante 3-5 minutos.<\/li>\n<li>Masajea el exceso de Essence con movimientos suaves y palmaditas.<\/li>\n<li>Usar por la ma\u00f1ana o noche \u2013 despu\u00e9s de la limpieza o como una r\u00e1pida soluci\u00f3n SOS en caso de irritaci\u00f3n.<\/li>\n<\/ol>\n","protected":false},"excerpt":{"rendered":"<p>MADAGASCAR CENTELLA QUICK CALMING Es un pr\u00e1ctico y suave disco de t\u00f3nico con 130ml de Essence calmante,\u00a0 una soluci\u00f3n r\u00e1pida<\/p>\n","protected":false},"featured_media":97602,"comment_status":"open","ping_status":"closed","template":"","meta":{"nf_dc_page":""},"product_brand":[2689],"product_cat":[104],"product_tag":[2692],"class_list":{"0":"post-97601","1":"product","2":"type-product","3":"status-publish","4":"has-post-thumbnail","6":"product_brand-skin1004","7":"product_cat-skin-care","8":"product_tag-2692","10":"first","11":"instock","12":"shipping-taxable","13":"purchasable","14":"product-type-simple"},"_links":{"self":[{"href":"https:\/\/brandss.com.py\/index\/wp-json\/wp\/v2\/product\/97601","targetHints":{"allow":["GET"]}}],"collection":[{"href":"https:\/\/brandss.com.py\/index\/wp-json\/wp\/v2\/product"}],"about":[{"href":"https:\/\/brandss.com.py\/index\/wp-json\/wp\/v2\/types\/product"}],"replies":[{"embeddable":true,"href":"https:\/\/brandss.com.py\/index\/wp-json\/wp\/v2\/comments?post=97601"}],"version-history":[{"count":1,"href":"https:\/\/brandss.com.py\/index\/wp-json\/wp\/v2\/product\/97601\/revisions"}],"predecessor-version":[{"id":97611,"href":"https:\/\/brandss.com.py\/index\/wp-json\/wp\/v2\/product\/97601\/revisions\/97611"}],"wp:featuredmedia":[{"embeddable":true,"href":"https:\/\/brandss.com.py\/index\/wp-json\/wp\/v2\/media\/97602"}],"wp:attachment":[{"href":"https:\/\/brandss.com.py\/index\/wp-json\/wp\/v2\/media?parent=97601"}],"wp:term":[{"taxonomy":"product_brand","embeddable":true,"href":"https:\/\/brandss.com.py\/index\/wp-json\/wp\/v2\/product_brand?post=97601"},{"taxonomy":"product_cat","embeddable":true,"href":"https:\/\/brandss.com.py\/index\/wp-json\/wp\/v2\/product_cat?post=97601"},{"taxonomy":"product_tag","embeddable":true,"href":"https:\/\/brandss.com.py\/index\/wp-json\/wp\/v2\/product_tag?post=97601"}],"curies":[{"name":"wp","href":"https:\/\/api.w.org\/{rel}","templated":true}]}}