{"id":97617,"date":"2026-02-06T11:32:56","date_gmt":"2026-02-06T11:32:56","guid":{"rendered":"https:\/\/brandss.com.py\/index\/?post_type=product&#038;p=97617"},"modified":"2026-05-02T16:29:38","modified_gmt":"2026-05-02T16:29:38","slug":"gel-limpiador-facial-skin1004-madagascar-centella-tone-brightening-foam-125ml","status":"publish","type":"product","link":"https:\/\/brandss.com.py\/index\/producto\/gel-limpiador-facial-skin1004-madagascar-centella-tone-brightening-foam-125ml\/","title":{"rendered":"GEL LIMPIADOR FACIAL SKIN1004 MADAGASCAR CENTELLA TONE BRIGHTENING FOAM 125ML"},"content":{"rendered":"<p><img loading=\"lazy\" decoding=\"async\" class=\"\" src=\"https:\/\/heyskinday.com\/cdn\/shop\/collections\/skin1004_logo.png?v=1714498278\" alt=\"Skin1004 | Korean Beauty | HeySkinday\" width=\"100\" height=\"100\" \/><\/p>\n<h1>MADAGASCAR CENTELLA TONE BRIGHTENING<\/h1>\n<p>Este limpiador en\u00a0gel\u00a0brinda una limpieza\u00a0completa y suave, retirando todos los residuos mientras\u00a0hidrata la piel. Su f\u00f3rmula \u00fanica incorpora un\u00a0exfoliante natural\u00a0y\u00a0MadeWhite\u2122, ofreciendo una limpieza estable y\u00a0menos irritante, al mismo tiempo que proporciona propiedades\u00a0iluminadoras\u00a0para la piel.<img loading=\"lazy\" decoding=\"async\" class=\"alignleft\" src=\"https:\/\/kumikoreanshop.com\/cdn\/shop\/files\/213cd0_32318c7cb7914c12bc3840d69e4becd8_mv2.webp?v=1730650387&amp;width=713\" width=\"652\" height=\"644\" \/><\/p>\n<p>Su f\u00f3rmula incluye el extracto patentado\u00a0Madawhite\u2122, derivado del\u00a0Madecassoside, para\u00a0calmar\u00a0la piel a la vez que controla la producci\u00f3n de melanina y\u00a0reduce la aparici\u00f3n de manchas. Adem\u00e1s, cuenta con\u00a0el\u00a0Complejo\u00a0SINGREEN, formulado con\u00a0extractos de manzana,\u00a0papaya,\u00a0uva\u00a0y\u00a0durazno, y un derivado\u00a0estable\u00a0y\u00a0poco irritante\u00a0de\u00a0vitamina C\u00a0(3-O ETHYL ASCORBIC ACID), para una piel\u00a0radiante,\u00a0luminosa,\u00a0flexible\u00a0y\u00a0juvenil.<\/p>\n<p>Este limpiador, adem\u00e1s de\u00a0ser libre de fragancias y colorantes artificiales, es probado para irritaciones cut\u00e1neas, asegurando una limpieza efectiva y suave para el cuidado diario de la piel.<\/p>\n<p>Madagascar Centella Tone Gel Limpiador Iluminador Espuma 125ml, la espuma limpiar\u00e1 eficazmente la piel sin provocar sensaci\u00f3n inc\u00f3moda ni sequedad. La espuma MadeWhite\u2122 es un extracto natural de centella asi\u00e1tica (Madecas\u00f3sido) y est\u00e1 formulada con un ingrediente especial patentado, MadeWhite\u2122. MadeWhite\u2122 act\u00faa como s\u00edntesis de melanina en este bloque, protegiendo la piel de un aspecto brillante y luminoso.<\/p>\n<h3>Principales ingredientes activos:<\/h3>\n<p><strong>La niacinamida, una vitamina B3:<\/strong> uno de los ingredientes m\u00e1s delicados para la pigmentaci\u00f3n disminuida, inhibe la s\u00edntesis de melanina, aclara la piel y controla la producci\u00f3n de sebo.<br \/>\n<strong>El \u00e1cido c\u00edtrico:<\/strong> favorece la renovaci\u00f3n celular, suaviza las arrugas, tiene un efecto antienvejecimiento, tonificante, exfoliante y potencia el efecto de otros componentes.<img loading=\"lazy\" decoding=\"async\" class=\"alignright\" src=\"https:\/\/moonglow.md\/wp-content\/uploads\/2025\/10\/skin1004-madagascar-centella-tone-brightening-cleansing-gel-foam-125-ml-5-768x768.jpg\" width=\"604\" height=\"604\" \/><br \/>\nLa f\u00f3rmula del producto contiene complejo vegetal Singreen, formato en extracto de mar, papaya, uva y ciruela. Los oligoelementos utilizados sobre la piel y los complejos tienen un efecto exfoliante de enzimas naturales y acidulantes de frutas.<\/p>\n<p><strong><span dir=\"auto\">El madecas\u00f3sido:<\/span><\/strong><span dir=\"auto\">\u00a0es un componente principal de la planta medicinal Centella Asi\u00e1tica, tambi\u00e9n conocida como Cica. El madecas\u00f3sido posee propiedades calmantes, cicatrizantes y antioxidantes.<\/span><\/p>\n<h4><span dir=\"auto\">Beneficios clave<\/span><\/h4>\n<ul>\n<li><span dir=\"auto\">Limpieza suave<\/span><\/li>\n<li><span dir=\"auto\">Da un brillo natural.<\/span><\/li>\n<li><span dir=\"auto\">Con efecto iluminador<\/span><\/li>\n<li><span dir=\"auto\">Calma la piel<\/span><\/li>\n<\/ul>\n<h3>A qui\u00e9n le conviene<\/h3>\n<p>Apto para todo tipo de pieles. Las excepciones son personas que tengan intolerancia individual o alg\u00fan ingrediente que aparezca en la lista de ingredientes.<\/p>\n<h3>C\u00f3mo utilizar<\/h3>\n<p>Enjabonar una peque\u00f1a cantidad con agua hasta que est\u00e9 espumoso y aplicar sobre la piel h\u00fameda. Masajear desde el centro del rostro hacia la periferia, luego enjuagar bien con agua tibia.<\/p>\n","protected":false},"excerpt":{"rendered":"<p>MADAGASCAR CENTELLA TONE BRIGHTENING Este limpiador en\u00a0gel\u00a0brinda una limpieza\u00a0completa y suave, retirando todos los residuos mientras\u00a0hidrata la piel. Su f\u00f3rmula<\/p>\n","protected":false},"featured_media":97618,"comment_status":"open","ping_status":"closed","template":"","meta":{"nf_dc_page":""},"product_brand":[2689],"product_cat":[104],"product_tag":[2693],"class_list":{"0":"post-97617","1":"product","2":"type-product","3":"status-publish","4":"has-post-thumbnail","6":"product_brand-skin1004","7":"product_cat-skin-care","8":"product_tag-2693","10":"first","11":"instock","12":"shipping-taxable","13":"purchasable","14":"product-type-simple"},"_links":{"self":[{"href":"https:\/\/brandss.com.py\/index\/wp-json\/wp\/v2\/product\/97617","targetHints":{"allow":["GET"]}}],"collection":[{"href":"https:\/\/brandss.com.py\/index\/wp-json\/wp\/v2\/product"}],"about":[{"href":"https:\/\/brandss.com.py\/index\/wp-json\/wp\/v2\/types\/product"}],"replies":[{"embeddable":true,"href":"https:\/\/brandss.com.py\/index\/wp-json\/wp\/v2\/comments?post=97617"}],"version-history":[{"count":1,"href":"https:\/\/brandss.com.py\/index\/wp-json\/wp\/v2\/product\/97617\/revisions"}],"predecessor-version":[{"id":97629,"href":"https:\/\/brandss.com.py\/index\/wp-json\/wp\/v2\/product\/97617\/revisions\/97629"}],"wp:featuredmedia":[{"embeddable":true,"href":"https:\/\/brandss.com.py\/index\/wp-json\/wp\/v2\/media\/97618"}],"wp:attachment":[{"href":"https:\/\/brandss.com.py\/index\/wp-json\/wp\/v2\/media?parent=97617"}],"wp:term":[{"taxonomy":"product_brand","embeddable":true,"href":"https:\/\/brandss.com.py\/index\/wp-json\/wp\/v2\/product_brand?post=97617"},{"taxonomy":"product_cat","embeddable":true,"href":"https:\/\/brandss.com.py\/index\/wp-json\/wp\/v2\/product_cat?post=97617"},{"taxonomy":"product_tag","embeddable":true,"href":"https:\/\/brandss.com.py\/index\/wp-json\/wp\/v2\/product_tag?post=97617"}],"curies":[{"name":"wp","href":"https:\/\/api.w.org\/{rel}","templated":true}]}}