{"id":97630,"date":"2026-02-06T12:27:06","date_gmt":"2026-02-06T12:27:06","guid":{"rendered":"https:\/\/brandss.com.py\/index\/?post_type=product&#038;p=97630"},"modified":"2026-05-02T16:34:29","modified_gmt":"2026-05-02T16:34:29","slug":"crema-facial-skin1004-madagascar-centella-tea-trica-b5-75ml","status":"publish","type":"product","link":"https:\/\/brandss.com.py\/index\/producto\/crema-facial-skin1004-madagascar-centella-tea-trica-b5-75ml\/","title":{"rendered":"CREMA FACIAL SKIN1004 MADAGASCAR CENTELLA TEA-TRICA B5 75ML"},"content":{"rendered":"<p><img loading=\"lazy\" decoding=\"async\" class=\"\" src=\"https:\/\/heyskinday.com\/cdn\/shop\/collections\/skin1004_logo.png?v=1714498278\" alt=\"Skin1004 | Korean Beauty | HeySkinday\" width=\"140\" height=\"140\" \/><\/p>\n<h1>MADAGASCAR CENTELLA TEA-TRICA B5<\/h1>\n<p><span dir=\"auto\">Esta incre\u00edble crema fue creada para pieles problem\u00e1ticas y grasas, brindando una gran cantidad de beneficios que su piel necesita. <\/span><span dir=\"auto\">Su f\u00f3rmula \u00fanica, enriquecida con extractos de \u00e1rbol de t\u00e9, centella asi\u00e1tica y otros ingredientes, calma la irritaci\u00f3n y reduce la inflamaci\u00f3n. Adem\u00e1s, ayuda a regular la producci\u00f3n de sebo, controlando su exceso y previniendo los brillos no deseados.<img loading=\"lazy\" decoding=\"async\" class=\"alignleft\" src=\"https:\/\/static.wixstatic.com\/media\/f5a2cd_3d16cc4c4dbe47ddac790e76f7624443~mv2.webp\" width=\"535\" height=\"653\" \/><\/span><\/p>\n<p><span dir=\"auto\">El trica de t\u00e9 de centella de Madagascar posee propiedades \u00fanicas capaces de transformar la piel con problemas. Su textura ligera se absorbe f\u00e1cilmente sin dejar una sensaci\u00f3n pegajosa ni pesada. La crema proporciona una excelente hidrataci\u00f3n, ayudando a mantener los niveles \u00f3ptimos de hidrataci\u00f3n de la piel y previniendo la deshidrataci\u00f3n.<\/span><\/p>\n<p><span dir=\"auto\">Esta crema es apta para uso diario y puede ser tu aliada de confianza para combatir la piel grasa y problem\u00e1tica. Ha sido dermatol\u00f3gicamente probada y te ayudar\u00e1 a conseguir una piel hermosa, sana y radiante.<\/span><\/p>\n<p>Refuerza la barrera cut\u00e1nea y potencia el proceso de curaci\u00f3n de la piel da\u00f1ada o irritada, con la crema Madagascar Centella Tea-Trica B5 Cream. Especialmente pensada para el cuidado de la piel grasa o con tendencia acneica. Este hidratante combina las propiedades humectantes de la vitamina B5 (pantenol) y los poderosos beneficios calmantes y regenerantes del\u00a0extracto\u00a0de \u00c1rbol de T\u00e9 y la Centella\u00a0Asi\u00e1tica.<\/p>\n<p>Su\u00a0textura ligera, se absorbe f\u00e1cilmente, brindando una hidrataci\u00f3n rica y duradera que previene la sequedad de la piel. No deja una sensaci\u00f3n pegajosa o pesada tras su uso.<br \/>\nExplora la poderosa sinergia entre la centella y el pantenol para regular la producci\u00f3n de grasa, prevenir brotes de acn\u00e9, matificar la piel y evitar brillos no deseados con\u00a0<em>Madagascar Centella Tea-Trica B5 Cream<\/em>.<\/p>\n<p><em>SKIN1004<\/em>\u00a0es una marca 100% natural,<em>\u00a0<\/em>con sello\u00a0<em>PETA<\/em>,<em>\u00a0cruelty free,<\/em>\u00a0apta para uso vegano\u00a0y formulada con ingredientes ecol\u00f3gicos\u00a0certificados<em>,\u00a0<\/em><em>EWG Green<\/em><\/p>\n<h3>Benef\u00edcios de Tea-Trica B5 Cream:<\/h3>\n<p>&nbsp;<\/p>\n<ul>\n<li>El 50% de la f\u00f3rmula est\u00e1 enriquecida con<em> Tea-Tree complex <\/em>un\u00a0complejo bot\u00e1nico con propiedades antiinflamatorias y antibacterianas que brinda\u00a0un alivio inmediato y calma\u00a0la piel irritada o sensible.<\/li>\n<li>Ofrece una\u00a0hidrataci\u00f3n\u00a0profunda\u00a0y previene la p\u00e9rdida transepid\u00e9rmica de agua.<\/li>\n<li>Reduce la inflamaci\u00f3n y calma la piel irritada\u00a0y\/o sensible.<\/li>\n<li>La vitamina B5 o\u00a0Pantenol, refuerza la barrera cut\u00e1nea, promueve la regeneraci\u00f3n celular y mejora la hidrataci\u00f3n\u00a0de la piel.<\/li>\n<li>Regula la producci\u00f3n de grasa\u00a0cut\u00e1nea.<\/li>\n<li>Contiene ingredientes con propiedades antioxidantes, como la Ceramida NP, que mejora la apariencia de las arrugas y la elasticidad de la piel.<\/li>\n<\/ul>\n<p><img loading=\"lazy\" decoding=\"async\" class=\"alignright\" src=\"https:\/\/static.wixstatic.com\/media\/f5a2cd_574606aa43da442aa924b2618ffc6c86~mv2.webp\" width=\"473\" height=\"473\" \/><\/p>\n<h3><strong><span dir=\"auto\">Principales ingredientes activos<\/span><\/strong><\/h3>\n<p><strong><span dir=\"auto\">Agua de hoja de <\/span><span dir=\"auto\">Melaleuca Alternifolia (\u00e1rbol de t\u00e9):<\/span><\/strong><span dir=\"auto\">\u00a0tiene propiedades antiinflamatorias y ayuda a combatir problemas de la piel como el acn\u00e9 y el enrojecimiento.<\/span><br \/>\n<strong><span dir=\"auto\">Pantenol: <\/span><\/strong><span dir=\"auto\">\u00a0tiene propiedades hidratantes y ayuda a mejorar la textura de la piel, haci\u00e9ndola sentir m\u00e1s suave y flexible.<\/span><br \/>\n<strong><span dir=\"auto\">Niacinamida:<\/span><\/strong><span dir=\"auto\">\u00a0este componente es un poderoso antioxidante, que ayuda a reducir la inflamaci\u00f3n, mejora la apariencia de la tez y reduce la apariencia de pigmentaci\u00f3n.<\/span><br \/>\n<strong><span dir=\"auto\">Aceite de hoja de <\/span><span dir=\"auto\">Melaleuca Alternifolia<\/span><\/strong><span dir=\"auto\"><strong>\u00a0(\u00e1rbol de t\u00e9):<\/strong> tiene propiedades antiinflamatorias y antimicrobianas, ayudando a combatir el acn\u00e9 y los problemas de la piel.<\/span><br \/>\n<strong><span dir=\"auto\">Ceramida NP:<\/span><\/strong><span dir=\"auto\">\u00a0este componente mantiene la barrera natural de la piel, mejora la hidrataci\u00f3n y protege la piel de factores externos.<\/span><br \/>\n<strong><span dir=\"auto\">\u00c1cido hialur\u00f3nico:<\/span><\/strong><span dir=\"auto\">\u00a0proporciona una hidrataci\u00f3n intensa a la piel.<\/span><\/p>\n<p>&nbsp;<\/p>\n<p><strong><span dir=\"auto\">Para qui\u00e9n es:<\/span><\/strong><\/p>\n<p><span dir=\"auto\">Para piel normal, mixta o grasa.<\/span><\/p>\n<p>&nbsp;<\/p>\n<p><strong><span dir=\"auto\">Modo de empleo:<\/span><\/strong><\/p>\n<p><span dir=\"auto\">Aplicar como paso final con suaves movimientos a lo largo de las l\u00edneas de masaje.<\/span><\/p>\n","protected":false},"excerpt":{"rendered":"<p>MADAGASCAR CENTELLA TEA-TRICA B5 Esta incre\u00edble crema fue creada para pieles problem\u00e1ticas y grasas, brindando una gran cantidad de beneficios<\/p>\n","protected":false},"featured_media":97631,"comment_status":"open","ping_status":"closed","template":"","meta":{"nf_dc_page":""},"product_brand":[2689],"product_cat":[104],"product_tag":[2694],"class_list":{"0":"post-97630","1":"product","2":"type-product","3":"status-publish","4":"has-post-thumbnail","6":"product_brand-skin1004","7":"product_cat-skin-care","8":"product_tag-2694","10":"first","11":"instock","12":"shipping-taxable","13":"purchasable","14":"product-type-simple"},"_links":{"self":[{"href":"https:\/\/brandss.com.py\/index\/wp-json\/wp\/v2\/product\/97630","targetHints":{"allow":["GET"]}}],"collection":[{"href":"https:\/\/brandss.com.py\/index\/wp-json\/wp\/v2\/product"}],"about":[{"href":"https:\/\/brandss.com.py\/index\/wp-json\/wp\/v2\/types\/product"}],"replies":[{"embeddable":true,"href":"https:\/\/brandss.com.py\/index\/wp-json\/wp\/v2\/comments?post=97630"}],"version-history":[{"count":1,"href":"https:\/\/brandss.com.py\/index\/wp-json\/wp\/v2\/product\/97630\/revisions"}],"predecessor-version":[{"id":97638,"href":"https:\/\/brandss.com.py\/index\/wp-json\/wp\/v2\/product\/97630\/revisions\/97638"}],"wp:featuredmedia":[{"embeddable":true,"href":"https:\/\/brandss.com.py\/index\/wp-json\/wp\/v2\/media\/97631"}],"wp:attachment":[{"href":"https:\/\/brandss.com.py\/index\/wp-json\/wp\/v2\/media?parent=97630"}],"wp:term":[{"taxonomy":"product_brand","embeddable":true,"href":"https:\/\/brandss.com.py\/index\/wp-json\/wp\/v2\/product_brand?post=97630"},{"taxonomy":"product_cat","embeddable":true,"href":"https:\/\/brandss.com.py\/index\/wp-json\/wp\/v2\/product_cat?post=97630"},{"taxonomy":"product_tag","embeddable":true,"href":"https:\/\/brandss.com.py\/index\/wp-json\/wp\/v2\/product_tag?post=97630"}],"curies":[{"name":"wp","href":"https:\/\/api.w.org\/{rel}","templated":true}]}}