{"id":97639,"date":"2026-02-06T13:15:53","date_gmt":"2026-02-06T13:15:53","guid":{"rendered":"https:\/\/brandss.com.py\/index\/?post_type=product&#038;p=97639"},"modified":"2026-04-21T11:28:37","modified_gmt":"2026-04-21T11:28:37","slug":"serum-facial-skin1004-madagascar-centella-tone-brightening-capsule-ampoule-50ml","status":"publish","type":"product","link":"https:\/\/brandss.com.py\/index\/producto\/serum-facial-skin1004-madagascar-centella-tone-brightening-capsule-ampoule-50ml\/","title":{"rendered":"S\u00c9RUM FACIAL SKIN1004 MADAGASCAR CENTELLA TONE BRIGHTENING CAPSULE AMPOULE 50ML"},"content":{"rendered":"<p><img loading=\"lazy\" decoding=\"async\" class=\"\" src=\"https:\/\/heyskinday.com\/cdn\/shop\/collections\/skin1004_logo.png?v=1714498278\" alt=\"Skin1004 | Korean Beauty | HeySkinday\" width=\"135\" height=\"135\" \/><\/p>\n<h1>MADAGASCAR CENTELLA TONE BRIGHTENING CAPSULE<\/h1>\n<p>Contribuye\u00a0a iluminar y mejorar el tono de la piel a la vez que la hidrata y la calma.\u00a0Ingredientes clave Extracto de Centella Asi\u00e1tica que calma e hidrata la piel, y Madecassoside que est\u00e1 encapsulado para mejorar la estabilidad del ingrediente y ayuda a iluminar la piel.<img loading=\"lazy\" decoding=\"async\" class=\"alignleft\" src=\"https:\/\/acdn-us.mitiendanube.com\/stores\/324\/065\/products\/88-011d04d45dcc0d04a417362784816299-1024-1024.webp\" width=\"508\" height=\"761\" \/><\/p>\n<p>La ampolla tambi\u00e9n contiene ingredientes como la Niacinamida y el \u00c1cido Tranex\u00e1mico, que combaten eficazmente la hiperpigmentaci\u00f3n y reducen visiblemente las cicatrices y las l\u00edneas de expresi\u00f3n. El producto es adecuado para todo tipo de pieles.<\/p>\n<p><span dir=\"auto\">La ampolla iluminadora de Centella de Madagascar<\/span><span dir=\"auto\">\u00a0tiene un efecto iluminador en la piel, ayudando a combatir las manchas de la edad y a lograr una luminosidad radiante.<\/span><br \/>\n<span dir=\"auto\">Contiene un ingrediente especial patentado, MadeWhite\u2122, un extracto natural de la famosa Centella Asi\u00e1tica (madecas\u00f3sido). MadeWhite\u2122 act\u00faa sobre la s\u00edntesis de melanina, bloque\u00e1ndola, protegiendo la piel de las manchas de la edad y aport\u00e1ndole luminosidad. Adem\u00e1s de ser un derivado de la centella, MadeWhite\u2122 tambi\u00e9n tiene propiedades calmantes.<\/span><br \/>\n<span dir=\"auto\">La ampolla est\u00e1 enriquecida con tres ingredientes iluminadores: niacinamida (4%), \u00e1cido tranex\u00e1mico (2%) y \u00e1cido 3-O-etil asc\u00f3rbico.<\/span><\/p>\n<h3><strong><span dir=\"auto\">Principales ingredientes activos:<\/span><\/strong><\/h3>\n<p><strong><span dir=\"auto\">El extracto de Centella asi\u00e1tica (77%)<\/span><\/strong><span dir=\"auto\">\u00a0\u00a0de Madagascar, uno de los ingredientes clave de la ampolla, se cultiva y cosecha en condiciones especiales. Gracias a su pureza, se potencia la eficacia del extracto y se conservan sus microcomponentes beneficiosos. La centella asi\u00e1tica es conocida por sus propiedades calmantes y cicatrizantes. Es excelente para tratar el enrojecimiento y la irritaci\u00f3n, y ayuda a estimular la s\u00edntesis natural de col\u00e1geno.<\/span><\/p>\n<p><strong><span dir=\"auto\">La niacinamida<\/span><\/strong><span dir=\"auto\">\u00a0\u00a0es un ingrediente popular utilizado para combatir las manchas de la edad y los signos posteriores al acn\u00e9.<\/span><\/p>\n<p><strong><span dir=\"auto\">El \u00e1cido tranex\u00e1mico<\/span><\/strong><span dir=\"auto\">\u00a0\u00a0es uno de los agentes aclaradores m\u00e1s potentes. Ayuda a bloquear la s\u00edntesis de melanina, combatiendo as\u00ed las manchas de pigmentaci\u00f3n.<\/span><\/p>\n<p><strong><span dir=\"auto\">El pantenol<\/span><\/strong><span dir=\"auto\">\u00a0\u00a0estimula la restauraci\u00f3n de la integridad de la piel, alivia el enrojecimiento y la irritaci\u00f3n, tiene propiedades cicatrizantes.<\/span><\/p>\n<h3><strong><span dir=\"auto\">Adecuado para:<\/span><\/strong><\/h3>\n<p><span dir=\"auto\">Apto para todo tipo de piel. Se except\u00faan las personas con intolerancia individual a alg\u00fan ingrediente de la lista de ingredientes.<\/span><\/p>\n<p><img loading=\"lazy\" decoding=\"async\" class=\"alignright\" src=\"https:\/\/static.wixstatic.com\/media\/f5a2cd_97dde1e53754494ba7b803b0bfbc7057~mv2.webp\" width=\"584\" height=\"584\" \/><\/p>\n<h3><strong>Ventajas:\u00a0<\/strong><\/h3>\n<ul>\n<li><strong>Ilumina la piel:<\/strong>\u00a0Contiene ingredientes como el Madecassoside y la Niacinamida, que ayudan a mejorar e iluminar el tono de la piel.<\/li>\n<li><strong>Hidratante:<\/strong>\u00a0Contiene Glicerina, un hidratante natural que ayuda a mantener el equilibrio de hidrataci\u00f3n de la piel.<\/li>\n<li><strong>Propiedades calmantes:<\/strong>\u00a0El extracto de Centella Asi\u00e1tica tiene efectos calmantes sobre la piel, lo que resulta beneficioso para las pieles sensibles e irritadas.<\/li>\n<li><strong>Trata la hiperpigmentaci\u00f3n:<\/strong>\u00a0Ayuda a reducir las manchas oscuras y el tono desigual de la piel gracias a ingredientes como el \u00c1cido Tranex\u00e1mico.<\/li>\n<li><strong>Mejora la funci\u00f3n de barrera de la piel:<\/strong>\u00a0La niacinamida refuerza la barrera cut\u00e1nea y mejora la salud y el aspecto de la piel.<\/li>\n<li><strong>Adecuado para diferentes tipos de piel:<\/strong>\u00a0Formulado para ser adecuado para todo tipo de pieles, incluidas las sensibles.<\/li>\n<\/ul>\n<h3><strong>Uso:<\/strong><\/h3>\n<p><span dir=\"auto\">Aplique la cantidad necesaria de ampolla sobre el rostro limpio despu\u00e9s del lavado, exti\u00e9ndala uniformemente sobre la piel y contin\u00fae con su rutina de cuidado de la piel.<\/span><\/p>\n<ol>\n<li><strong>Cantidad:<\/strong>\u00a0Tomar una cantidad adecuada del producto.<\/li>\n<li><strong>Aplicaci\u00f3n:<\/strong>\u00a0Aplicar uniformemente sobre la piel.<\/li>\n<li><strong>Absorci\u00f3n:<\/strong>\u00a0Dar suaves golpecitos sobre la piel para favorecer la absorci\u00f3n del producto.<\/li>\n<\/ol>\n","protected":false},"excerpt":{"rendered":"<p>MADAGASCAR CENTELLA TONE BRIGHTENING CAPSULE Contribuye\u00a0a iluminar y mejorar el tono de la piel a la vez que la hidrata<\/p>\n","protected":false},"featured_media":97640,"comment_status":"open","ping_status":"closed","template":"","meta":{"nf_dc_page":""},"product_brand":[2689],"product_cat":[104],"product_tag":[2695],"class_list":{"0":"post-97639","1":"product","2":"type-product","3":"status-publish","4":"has-post-thumbnail","6":"product_brand-skin1004","7":"product_cat-skin-care","8":"product_tag-2695","10":"first","11":"outofstock","12":"shipping-taxable","13":"purchasable","14":"product-type-simple"},"_links":{"self":[{"href":"https:\/\/brandss.com.py\/index\/wp-json\/wp\/v2\/product\/97639","targetHints":{"allow":["GET"]}}],"collection":[{"href":"https:\/\/brandss.com.py\/index\/wp-json\/wp\/v2\/product"}],"about":[{"href":"https:\/\/brandss.com.py\/index\/wp-json\/wp\/v2\/types\/product"}],"replies":[{"embeddable":true,"href":"https:\/\/brandss.com.py\/index\/wp-json\/wp\/v2\/comments?post=97639"}],"version-history":[{"count":1,"href":"https:\/\/brandss.com.py\/index\/wp-json\/wp\/v2\/product\/97639\/revisions"}],"predecessor-version":[{"id":97650,"href":"https:\/\/brandss.com.py\/index\/wp-json\/wp\/v2\/product\/97639\/revisions\/97650"}],"wp:featuredmedia":[{"embeddable":true,"href":"https:\/\/brandss.com.py\/index\/wp-json\/wp\/v2\/media\/97640"}],"wp:attachment":[{"href":"https:\/\/brandss.com.py\/index\/wp-json\/wp\/v2\/media?parent=97639"}],"wp:term":[{"taxonomy":"product_brand","embeddable":true,"href":"https:\/\/brandss.com.py\/index\/wp-json\/wp\/v2\/product_brand?post=97639"},{"taxonomy":"product_cat","embeddable":true,"href":"https:\/\/brandss.com.py\/index\/wp-json\/wp\/v2\/product_cat?post=97639"},{"taxonomy":"product_tag","embeddable":true,"href":"https:\/\/brandss.com.py\/index\/wp-json\/wp\/v2\/product_tag?post=97639"}],"curies":[{"name":"wp","href":"https:\/\/api.w.org\/{rel}","templated":true}]}}