{"id":97661,"date":"2026-02-06T14:39:39","date_gmt":"2026-02-06T14:39:39","guid":{"rendered":"https:\/\/brandss.com.py\/index\/?post_type=product&#038;p=97661"},"modified":"2026-04-21T11:28:36","modified_gmt":"2026-04-21T11:28:36","slug":"mascara-facial-skin1004-madagascar-centella-poremizing-quick-clay-stick-27gr","status":"publish","type":"product","link":"https:\/\/brandss.com.py\/index\/producto\/mascara-facial-skin1004-madagascar-centella-poremizing-quick-clay-stick-27gr\/","title":{"rendered":"M\u00c1SCARA FACIAL SKIN1004 MADAGASCAR CENTELLA POREMIZING QUICK CLAY STICK 27GR"},"content":{"rendered":"<p><img loading=\"lazy\" decoding=\"async\" class=\"\" src=\"https:\/\/heyskinday.com\/cdn\/shop\/collections\/skin1004_logo.png?v=1714498278\" alt=\"Skin1004 | Korean Beauty | HeySkinday\" width=\"187\" height=\"187\" \/><\/p>\n<h1>MADAGASCAR CENTELLA POREMIZING QUICK CLAY STICK<\/h1>\n<p>\u00a1La mascarilla viral de redes sociales! Mascarilla de arcilla para limpiar los poros en formato barra, es ideal como producto expr\u00e9s de limpieza, desintoxica\u00a0r\u00e1pidamente la piel, mejora su textura\u00a0y la suaviza. Penetra profundamente en los poros, ayuda a estrecharlos y elimina todas las impurezas, disuelve los comedones y los tapones de grasa. Controla las gl\u00e1ndulas\u00a0seb\u00e1ceas y produce un efecto inemdiato de limpieza de\u00a0puntos negros (39,19% en el primer uso)\u00a0y puntos blancos (33,58% en el primer uso).<\/p>\n<p>El producto regula el funcionamiento de las gl\u00e1ndulas seb\u00e1ceas, reduce la secreci\u00f3n de sebo (13,7% desde el primer uso)\u00a0y matifica perfectamente. Tiene un efecto antiinflamatorio pronunciado y cura la inflamaci\u00f3n.\u00a0 Producto vegano y cruelty free.<img loading=\"lazy\" decoding=\"async\" class=\"alignleft\" src=\"https:\/\/skinshop.ie\/cdn\/shop\/files\/SKIN1004_MadagascarCentellaPoremizingQuickClayStickMask27g_2.jpg?v=1724938325\" width=\"590\" height=\"590\" \/><\/p>\n<p>El formato en barra permite aplicar y distribuir c\u00f3modamente la mascarilla sobre la piel, as\u00ed como realizar un peque\u00f1o masaje en las zonas que requieren especial atenci\u00f3n. Este stick, ligero y compacto, se puede llevar c\u00f3modamente de viaje, ocupa un espacio m\u00ednimo y es muy f\u00e1cil de usar .<\/p>\n<p><span dir=\"auto\">La\u00a0<\/span><span dir=\"auto\">mascarilla en barra de arcilla Madagascar Centella Poremizing Quick Clay Stick<\/span><span dir=\"auto\">\u00a0es suave y f\u00e1cil de usar, dise\u00f1ada para combatir la piel grasa y congestionada. Formulada con 4 tipos de arcilla, incluyendo un 18 % de caol\u00edn y polvo fino de frijol rojo, esta mascarilla absorbe eficazmente el exceso de sebo y cierra los poros dilatados. Proporciona beneficios calmantes con Centella Asi\u00e1tica, cierra los poros para una tez m\u00e1s suave y exfolia suavemente para eliminar las c\u00e9lulas muertas y las impurezas. Esta mascarilla en barra de arcilla es perfecta para quienes buscan una tez m\u00e1s clara y equilibrada sin las molestias de las mascarillas tradicionales.<\/span><\/p>\n<h3><strong><span dir=\"auto\">\u00bfPara qui\u00e9n es?<\/span><\/strong><\/h3>\n<p><span dir=\"auto\">Adecuado para todo tipo de piel, especialmente piel grasa a mixta.<\/span><\/p>\n<h3><strong>COMPONENTES PRINCIPALES:<\/strong><\/h3>\n<p><strong>El caol\u00edn (18%)\u00a0<\/strong>limpia, seca y alivia eficazmente la inflamaci\u00f3n, estimula la regeneraci\u00f3n celular, absorbe toxinas y otras sustancias nocivas de la superficie de la piel. Suaviza, mejora la tez, satura con minerales beneficiosos.<\/p>\n<p><strong>La calamina\u00a0<\/strong>previene la producci\u00f3n excesiva de sebo, alivia la irritaci\u00f3n y la inflamaci\u00f3n. Desinfecta y tiene efecto antis\u00e9ptico, trata eficazmente el acn\u00e9.<\/p>\n<p><strong>El polvo de adzuki<\/strong>\u00a0triturado regula la producci\u00f3n de sebo, mejora la elasticidad de la piel y protege contra los radicales libres.<\/p>\n<p><strong>El extracto de centella asi\u00e1tica (4,9%),<\/strong>\u00a0obtenido de plantas que crecen en una regi\u00f3n ecol\u00f3gica de Madagascar, calma, alivia la irritaci\u00f3n y el enrojecimiento, fortalece las paredes de los vasos sangu\u00edneos, combate la hinchaz\u00f3n y reduce los signos de la ros\u00e1cea, adem\u00e1s de aumentar la elasticidad.<\/p>\n<p><strong>El extracto de aloe vera<\/strong>\u00a0hidrata, calma y suaviza, tiene efecto antiinflamatorio y acelera la cicatrizaci\u00f3n de microda\u00f1os y heridas.<\/p>\n<p><strong>Las sales minerales<\/strong>\u00a0eliminan la suciedad, el polvo, las c\u00e9lulas muertas y el exceso de sebo de la superficie y las capas profundas de la epidermis, fortalecen las funciones protectoras y las saturan con minerales y microelementos para una piel sana.<\/p>\n<h3><strong><span dir=\"auto\">Caracter\u00edsticas:<img loading=\"lazy\" decoding=\"async\" class=\"alignright\" src=\"https:\/\/co.nice-cdn.com\/upload\/image\/product\/large\/default\/skin1004-madagascar-centella-poremizing-quick-clay-stick-mask-27-g-537289-en.webp\" width=\"557\" height=\"742\" \/><\/span><\/strong><\/h3>\n<ul>\n<li><span dir=\"auto\">Mascarilla de arcilla tipo barra que limpia profundamente los poros obstruidos sin irritaci\u00f3n.<\/span><\/li>\n<li><span dir=\"auto\">La arcilla suave y h\u00fameda se extiende suavemente sobre la piel con una f\u00f3rmula de f\u00e1cil enjuague.<\/span><\/li>\n<li><span dir=\"auto\">5 tipos de arcillas (18% de caol\u00edn y barro blanco) absorben eficazmente el exceso de sebo.<\/span><\/li>\n<li><span dir=\"auto\">El frijol rojo finamente triturado elimina las c\u00e9lulas muertas de la piel para una textura suave.<\/span><\/li>\n<li><span dir=\"auto\">Elimina los puntos negros y blancos visibles de los poros.<\/span><\/li>\n<\/ul>\n<h3 data-sourcepos=\"15:1-15:19\">Beneficios clave<\/h3>\n<ul data-sourcepos=\"17:1-22:0\">\n<li data-sourcepos=\"17:1-17:90\"><strong>Limpieza de poros:<\/strong> la arcilla ayuda a absorber el exceso de sebo y las impurezas.<\/li>\n<li data-sourcepos=\"18:1-18:98\"><strong>Calma la piel:<\/strong> contiene Centella Asi\u00e1tica para reducir la irritaci\u00f3n y el enrojecimiento.<\/li>\n<li data-sourcepos=\"19:1-19:57\"><strong>Exfoliaci\u00f3n suave: <\/strong>ayuda a eliminar las c\u00e9lulas muertas de la piel.<\/li>\n<li data-sourcepos=\"20:1-20:74\"><strong>Conveniencia:<\/strong> f\u00e1cil de usar y aplicar gracias a su formato en barra.<\/li>\n<li data-sourcepos=\"21:1-22:0\"><strong>Piel suave:<\/strong> deja la piel suave y fresca.<\/li>\n<\/ul>\n<h3><strong><span dir=\"auto\">Modo de empleo:<\/span><\/strong><\/h3>\n<ol>\n<li><span dir=\"auto\">Abra la cubierta exterior y gire la mitad inferior para quitar la cubierta interior.<\/span><\/li>\n<li><span dir=\"auto\">Aplicar una cantidad adecuada de producto en el rostro, evitando los ojos y la boca, y dejar actuar durante 2-3 minutos. *durante 10-15 minutos para potenciar el efecto*<\/span><\/li>\n<li><span dir=\"auto\">Despu\u00e9s del secado, lavar todo cuidadosamente con agua.<\/span><\/li>\n<\/ol>\n","protected":false},"excerpt":{"rendered":"<p>MADAGASCAR CENTELLA POREMIZING QUICK CLAY STICK \u00a1La mascarilla viral de redes sociales! Mascarilla de arcilla para limpiar los poros en<\/p>\n","protected":false},"featured_media":97662,"comment_status":"open","ping_status":"closed","template":"","meta":{"nf_dc_page":""},"product_brand":[2689],"product_cat":[104],"product_tag":[2697],"class_list":{"0":"post-97661","1":"product","2":"type-product","3":"status-publish","4":"has-post-thumbnail","6":"product_brand-skin1004","7":"product_cat-skin-care","8":"product_tag-2697","10":"first","11":"outofstock","12":"shipping-taxable","13":"purchasable","14":"product-type-simple"},"_links":{"self":[{"href":"https:\/\/brandss.com.py\/index\/wp-json\/wp\/v2\/product\/97661","targetHints":{"allow":["GET"]}}],"collection":[{"href":"https:\/\/brandss.com.py\/index\/wp-json\/wp\/v2\/product"}],"about":[{"href":"https:\/\/brandss.com.py\/index\/wp-json\/wp\/v2\/types\/product"}],"replies":[{"embeddable":true,"href":"https:\/\/brandss.com.py\/index\/wp-json\/wp\/v2\/comments?post=97661"}],"version-history":[{"count":1,"href":"https:\/\/brandss.com.py\/index\/wp-json\/wp\/v2\/product\/97661\/revisions"}],"predecessor-version":[{"id":97671,"href":"https:\/\/brandss.com.py\/index\/wp-json\/wp\/v2\/product\/97661\/revisions\/97671"}],"wp:featuredmedia":[{"embeddable":true,"href":"https:\/\/brandss.com.py\/index\/wp-json\/wp\/v2\/media\/97662"}],"wp:attachment":[{"href":"https:\/\/brandss.com.py\/index\/wp-json\/wp\/v2\/media?parent=97661"}],"wp:term":[{"taxonomy":"product_brand","embeddable":true,"href":"https:\/\/brandss.com.py\/index\/wp-json\/wp\/v2\/product_brand?post=97661"},{"taxonomy":"product_cat","embeddable":true,"href":"https:\/\/brandss.com.py\/index\/wp-json\/wp\/v2\/product_cat?post=97661"},{"taxonomy":"product_tag","embeddable":true,"href":"https:\/\/brandss.com.py\/index\/wp-json\/wp\/v2\/product_tag?post=97661"}],"curies":[{"name":"wp","href":"https:\/\/api.w.org\/{rel}","templated":true}]}}