{"id":97683,"date":"2026-02-06T17:39:22","date_gmt":"2026-02-06T17:39:22","guid":{"rendered":"https:\/\/brandss.com.py\/index\/?post_type=product&#038;p=97683"},"modified":"2026-04-21T11:28:36","modified_gmt":"2026-04-21T11:28:36","slug":"crema-facial-skin1004-madagascar-centella-soothing-75ml","status":"publish","type":"product","link":"https:\/\/brandss.com.py\/index\/producto\/crema-facial-skin1004-madagascar-centella-soothing-75ml\/","title":{"rendered":"CREMA FACIAL SKIN1004 MADAGASCAR CENTELLA SOOTHING 75ML"},"content":{"rendered":"<p><img loading=\"lazy\" decoding=\"async\" class=\"\" src=\"https:\/\/heyskinday.com\/cdn\/shop\/collections\/skin1004_logo.png?v=1714498278\" alt=\"Skin1004 | Korean Beauty | HeySkinday\" width=\"172\" height=\"172\" \/><\/p>\n<h1>MADAGASCAR CENTELLA SOOTHING<\/h1>\n<p><span dir=\"auto\">Es una crema hidratante que fortalece y mantiene la barrera cut\u00e1nea, ayudando a absorber la humedad de forma natural. Nutre e hidrata la piel, restaura el equilibrio hidrolip\u00eddico, reduce el enrojecimiento y la irritaci\u00f3n asociados con las erupciones cut\u00e1neas y fortalece la barrera protectora. Su componente principal es un <\/span><span dir=\"auto\">extracto al 72 % de Centella asi\u00e1tica,<\/span><span dir=\"auto\">\u00a0utilizado para tratar diversos problemas cut\u00e1neos. Tiene propiedades antis\u00e9pticas, mejora la producci\u00f3n de col\u00e1geno, cicatriza, calma las zonas problem\u00e1ticas y reduce la producci\u00f3n de sebo. Es adecuada para pieles con tendencia a la inflamaci\u00f3n, cicatrices y postacn\u00e9.\u00a0\u00a0<\/span><span dir=\"auto\">La ceramida<\/span><span dir=\"auto\">\u00a0act\u00faa a nivel celular eliminando las c\u00e9lulas muertas y reemplaz\u00e1ndolas con nuevas part\u00edculas celulares. Contiene 4 ceramidas bot\u00e1nicas diferentes presentes en las barreras cut\u00e1neas naturales y tiene un pH ligeramente \u00e1cido de 6 para mantener una barrera cut\u00e1nea sana. Rica en ingredientes hidratantes naturales, proporciona una hidrataci\u00f3n intensa al instante. Apto para todo tipo de piel. Tambi\u00e9n se puede usar durante el embarazo y la lactancia.<\/span><\/p>\n<p style=\"font-weight: 400\">Esta crema\u00a0calmante<img loading=\"lazy\" decoding=\"async\" class=\"alignleft\" src=\"https:\/\/moonglow.md\/wp-content\/uploads\/2025\/10\/skin1004-madagascar-centella-soothing-cream-75ml-3.jpg\" width=\"424\" height=\"424\" \/>\u00a0es una soluci\u00f3n avanzada para el cuidado de la piel, formulada espec\u00edficamente para ayudar a\u00a0reparar\u00a0la barrera cut\u00e1nea. Su f\u00f3rmula \u00fanica incluye tres componentes lip\u00eddicos aut\u00e9nticos de la capa de la epidermis, lo que se traduce en un\u00a0cuidado\u00a0efectivo\u00a0y\u00a0duradero.<\/p>\n<p style=\"font-weight: 400\">El\u00a0extracto de Centella Asi\u00e1tica\u00a0es un componente clave de esta crema, aportando\u00a0calma\u00a0y\u00a0restaurando\u00a0los niveles de hidrataci\u00f3n de la piel. Adem\u00e1s, la f\u00f3rmula incorpora los\u00a0tres componentes lip\u00eddicos intercut\u00e1neos, que son ceramida, \u00e1cido graso y colesterol, proporcionando un suplemento t\u00f3pico esencial de estos elementos esenciales\u00a0presentes en la capa exterior\u00a0de la piel. El resultado es una crema que no solo calma sino que tambi\u00e9n trabaja en la\u00a0reparaci\u00f3n\u00a0y\u00a0fortalecimiento\u00a0de la barrera cut\u00e1nea.<\/p>\n<p><strong>\u00bfPara qu\u00e9 tipo de piel?<\/strong><\/p>\n<p>Todos los tipos de piel, incluyendo las m\u00e1s sensibles.<\/p>\n<p><strong>\u00bfQu\u00e9 paso de mi rutina es este?<\/strong><\/p>\n<p>Paso 9. Hidratante en gel.<\/p>\n<p>&nbsp;<\/p>\n<h3><strong><span dir=\"auto\">Principales ingredientes activos<\/span><\/strong><\/h3>\n<p><strong><span dir=\"auto\">Centella asi\u00e1tica 72%:<\/span><\/strong><span dir=\"auto\"> cura, calma, reduce la sensibilidad de la piel, fortalece las defensas de la piel.<\/span><\/p>\n<p><strong><span dir=\"auto\">Ceramidas: <\/span><\/strong><span dir=\"auto\">restaura la barrera protectora, elimina la sequedad y la deshidrataci\u00f3n, fortalece la turgencia, aumenta la elasticidad.\u00a0<\/span><\/p>\n<p><strong><span dir=\"auto\">Trehalosa, \u00e1cido hialur\u00f3nico y betaglucano:<\/span><\/strong><span dir=\"auto\">\u00a0hidratan profundamente la piel y mejoran la elasticidad.\u00a0<\/span><\/p>\n<p><strong><span dir=\"auto\">Extracto de ra\u00edz de r\u00e1bano fermentado:<\/span><\/strong><span dir=\"auto\">\u00a0antibacteriano, suaviza la piel. <img loading=\"lazy\" decoding=\"async\" class=\"alignright\" src=\"https:\/\/static.wixstatic.com\/media\/f5a2cd_4dffde78555742d5b70469553dd9c58b~mv2.webp\" width=\"671\" height=\"839\" \/><\/span><\/p>\n<p><strong><span dir=\"auto\">Fitoesfingosina:<\/span><\/strong><span dir=\"auto\">\u00a0antiacn\u00e9, hidratante, funci\u00f3n protectora, antiinflamatoria.<\/span><\/p>\n<p><strong><span dir=\"auto\">\u00c1cido tranex\u00e1mico:<\/span><\/strong><span dir=\"auto\">\u00a0aclara la pigmentaci\u00f3n y previene la aparici\u00f3n de nuevas manchas.\u00a0<\/span><\/p>\n<p><strong><span dir=\"auto\">Extracto de menta, ra\u00edz de ginseng, extracto de cacao:<\/span><\/strong><span dir=\"auto\">\u00a0suavizan, cierran los poros, mejoran la microcirculaci\u00f3n, calman, tonifican e hidratan la piel.\u00a0<\/span><\/p>\n<p>&nbsp;<\/p>\n<p>&nbsp;<\/p>\n<h3><strong>Beneficios:<\/strong><\/h3>\n<ul>\n<li><strong>Alto contenido en Centella Asi\u00e1tica:<\/strong>\u00a0La crema contiene un 72% de extracto de Centella Asi\u00e1tica de Madagascar, conocida por sus propiedades calmantes y reparadoras para la piel.<\/li>\n<li><strong>Refuerza la barrera cut\u00e1nea:<\/strong>\u00a0Con cuatro tipos diferentes de ceramidas, la crema ayuda a reforzar la barrera natural de la piel, protegerla frente a las agresiones externas y mantener el equilibrio de hidrataci\u00f3n de la piel.<\/li>\n<li><strong>De r\u00e1pida absorci\u00f3n y no grasa:<\/strong>\u00a0La f\u00f3rmula es ligera y se absorbe r\u00e1pidamente en la piel sin dejar sensaci\u00f3n pegajosa ni grasa, por lo que es ideal tanto para el d\u00eda como para la noche.<\/li>\n<li><strong>Efecto refrescante:<\/strong>\u00a0La crema tiene un efecto refrescante al aplicarla, que puede ayudar a reducir las rojeces y calmar la piel irritada.<\/li>\n<li><strong>Adecuada para todo tipo de pieles:\u00a0<\/strong>Aunque es especialmente beneficiosa para las pieles sensibles, la f\u00f3rmula de la crema est\u00e1 dise\u00f1ada para ser adecuada para todo tipo de pieles, incluidas las grasas y mixtas.<\/li>\n<\/ul>\n<h3><strong>Modo de empleo:<\/strong><\/h3>\n<ul>\n<li><strong>Limpieza:<\/strong>\u00a0Empiece limpiando la piel a fondo para eliminar la suciedad, la grasa y otras impurezas.<\/li>\n<li><strong>Tonificar:<\/strong>\u00a0Aplica un t\u00f3nico para equilibrar el pH de tu piel y prepararla para los cuidados posteriores.<\/li>\n<li><strong>Sueros\/ampollas:\u00a0<\/strong>Si utilizas s\u00e9rums o ampollas en tu rutina, apl\u00edcalos antes de la crema para optimizar la absorci\u00f3n de los principios activos.<\/li>\n<li><strong>Aplicar la crema:<\/strong>\u00a0Tomar una cantidad adecuada de SKIN1004 Madagascar Centella Soothing Cream y distrib\u00fayala uniformemente por el rostro. Masajear la piel con ligeros movimientos circulares con las yemas de los dedos. Esto ayuda a favorecer la absorci\u00f3n y a aumentar la circulaci\u00f3n sangu\u00ednea.<\/li>\n<\/ul>\n","protected":false},"excerpt":{"rendered":"<p>MADAGASCAR CENTELLA SOOTHING Es una crema hidratante que fortalece y mantiene la barrera cut\u00e1nea, ayudando a absorber la humedad de<\/p>\n","protected":false},"featured_media":97684,"comment_status":"open","ping_status":"closed","template":"","meta":{"nf_dc_page":""},"product_brand":[2689],"product_cat":[104],"product_tag":[2699],"class_list":{"0":"post-97683","1":"product","2":"type-product","3":"status-publish","4":"has-post-thumbnail","6":"product_brand-skin1004","7":"product_cat-skin-care","8":"product_tag-2699","10":"first","11":"outofstock","12":"shipping-taxable","13":"purchasable","14":"product-type-simple"},"_links":{"self":[{"href":"https:\/\/brandss.com.py\/index\/wp-json\/wp\/v2\/product\/97683","targetHints":{"allow":["GET"]}}],"collection":[{"href":"https:\/\/brandss.com.py\/index\/wp-json\/wp\/v2\/product"}],"about":[{"href":"https:\/\/brandss.com.py\/index\/wp-json\/wp\/v2\/types\/product"}],"replies":[{"embeddable":true,"href":"https:\/\/brandss.com.py\/index\/wp-json\/wp\/v2\/comments?post=97683"}],"version-history":[{"count":1,"href":"https:\/\/brandss.com.py\/index\/wp-json\/wp\/v2\/product\/97683\/revisions"}],"predecessor-version":[{"id":97694,"href":"https:\/\/brandss.com.py\/index\/wp-json\/wp\/v2\/product\/97683\/revisions\/97694"}],"wp:featuredmedia":[{"embeddable":true,"href":"https:\/\/brandss.com.py\/index\/wp-json\/wp\/v2\/media\/97684"}],"wp:attachment":[{"href":"https:\/\/brandss.com.py\/index\/wp-json\/wp\/v2\/media?parent=97683"}],"wp:term":[{"taxonomy":"product_brand","embeddable":true,"href":"https:\/\/brandss.com.py\/index\/wp-json\/wp\/v2\/product_brand?post=97683"},{"taxonomy":"product_cat","embeddable":true,"href":"https:\/\/brandss.com.py\/index\/wp-json\/wp\/v2\/product_cat?post=97683"},{"taxonomy":"product_tag","embeddable":true,"href":"https:\/\/brandss.com.py\/index\/wp-json\/wp\/v2\/product_tag?post=97683"}],"curies":[{"name":"wp","href":"https:\/\/api.w.org\/{rel}","templated":true}]}}