{"id":97695,"date":"2026-02-06T18:15:19","date_gmt":"2026-02-06T18:15:19","guid":{"rendered":"https:\/\/brandss.com.py\/index\/?post_type=product&#038;p=97695"},"modified":"2026-05-02T16:35:29","modified_gmt":"2026-05-02T16:35:29","slug":"serum-facial-skin1004-madagascar-centella-probio-cica-intensive-ampoule-50ml","status":"publish","type":"product","link":"https:\/\/brandss.com.py\/index\/producto\/serum-facial-skin1004-madagascar-centella-probio-cica-intensive-ampoule-50ml\/","title":{"rendered":"S\u00c9RUM FACIAL SKIN1004 MADAGASCAR CENTELLA PROBIO-CICA INTENSIVE AMPOULE 50ML"},"content":{"rendered":"<p><img loading=\"lazy\" decoding=\"async\" class=\"\" src=\"https:\/\/heyskinday.com\/cdn\/shop\/collections\/skin1004_logo.png?v=1714498278\" alt=\"Skin1004 | Korean Beauty | HeySkinday\" width=\"134\" height=\"134\" \/><\/p>\n<h1>MADAGASCAR CENTELLA PROBIO-CICA INTENSIVE AMPOULE<\/h1>\n<p>Es un\u00a0suero altamente concentrado que contiene nutrientes de centella fermentada, que ayuda a cuidar la piel de forma saludable calmando r\u00e1pidamente la piel irritada. El producto es una ampolla todo en uno que favorece la recuperaci\u00f3n de la piel, la calma, la suaviza y contribuye a rejuvenecerla.<img loading=\"lazy\" decoding=\"async\" class=\"alignleft\" src=\"https:\/\/static.wixstatic.com\/media\/f5a2cd_794d55480fcc4c82a38380daa7798b9a~mv2.webp\" width=\"285\" height=\"472\" \/><\/p>\n<p>Madagascar Centella Probio-Cica Intensive Ampoule es una poderosa, ampolla facial que nutre la piel seca y sensible. Uno de los \u00faltimos lanzamientos de la imparable SKIN1004. Este producto es parte de la gama\u00a0<em>premium<\/em>\u00a0<em>Pro-Bio Cica<\/em>\u00a0para barreras cut\u00e1neas d\u00e9biles, sensibles o da\u00f1adas.<\/p>\n<p>Formulada con Probio-Cica, centella asi\u00e1tica fermentada. Ofrece beneficios calmantes y repone la hidrataci\u00f3n de la piel. Su\u00a0textura suave y con un acabado no graso facilitan la \u00f3ptima absorci\u00f3n de los ingredientes activos del producto.<\/p>\n<p>&nbsp;<\/p>\n<h3>La f\u00f3rmula:<\/h3>\n<p>&nbsp;<\/p>\n<ul>\n<li><strong>Centella asi\u00e1tica de Madagascar<\/strong>\u00a0para calmar y regenerar la piel sensible y seca<\/li>\n<li><strong>Pro-Bio-Cica <\/strong>(centella asi\u00e1tica fermentada con TICA), un ingrediente vegano patentado por la marca que refuerza y cuida la barrera cut\u00e1nea d\u00e9bil y sensible<\/li>\n<li><strong>Niacinamida<\/strong>, confiere\u00a0a la piel un\u00a0tono radiante y luminoso. Tambi\u00e9n refuerza la barrera cut\u00e1nea y controla la producci\u00f3n de grasa<\/li>\n<li><strong>Las ceramidas y el colesterol <\/strong>juegan un papel clave a la hora de retener la humedad en la piel y fortalecer la barrera cut\u00e1nea. Los \u00e1cidos grasos son los cimientos de la s\u00edntesis lip\u00eddica. Refuerzan el resguardo de la capa epid\u00e9rmica, reduciendo p\u00e9rdida de agua y combatiendo bacterias.<\/li>\n<\/ul>\n<h3>Puntos clave:<\/h3>\n<p>&nbsp;<\/p>\n<ul>\n<li>Repara y protege la barrera cut\u00e1nea.<\/li>\n<li>Previene la p\u00e9rdida de agua transepid\u00e9rmica.<\/li>\n<li>Hidrata y nutre la piel intensamente.<\/li>\n<li>Realza un tacto suave.<\/li>\n<li>Libre de fragancias y aromas artificiales. <img loading=\"lazy\" decoding=\"async\" class=\"alignright\" src=\"https:\/\/static.wixstatic.com\/media\/f5a2cd_dae1bcfce65c46f89c20c8bf092bb746~mv2.webp\" width=\"668\" height=\"668\" \/><\/li>\n<li>Cruelty free.<\/li>\n<\/ul>\n<p>Esta ampolla probi\u00f3tica, con Centella Asi\u00e1tica fermentada y ceramidas, mejora la elasticidad de la piel y fortalece la barrera cut\u00e1nea potenciando la firmeza y la frescura de la piel.<\/p>\n<p>Adem\u00e1s, suaviza\u00a0la zona de la frente, la barbilla, la nariz y las mejillas, as\u00ed como las \u00e1reas\u00a0cercanas a los ojos y la boca.<\/p>\n<p><strong>Ventajas:\u00a0<\/strong><\/p>\n<ul>\n<li><strong>Alivia r\u00e1pidamente la piel irritada:<\/strong>\u00a0La ampolla act\u00faa eficazmente para calmar r\u00e1pidamente la piel estresada e irritada.<\/li>\n<li><strong>Cuidado todo en uno:<\/strong>\u00a0Proporciona m\u00faltiples beneficios para el cuidado de la piel, como recuperaci\u00f3n, efecto calmante y rejuvenecimiento.<\/li>\n<li><strong>Hidrataci\u00f3n intensiva:<\/strong>\u00a0La f\u00f3rmula contiene extracto de Centella Asi\u00e1tica de alta calidad, que proporciona una hidrataci\u00f3n profunda.<\/li>\n<li><strong>Equilibra el sebo:<\/strong>\u00a0Ayuda a regular la producci\u00f3n de sebo, reduciendo el acn\u00e9 y la piel grasa.<\/li>\n<li><strong>Reduce los problemas cut\u00e1neos:<\/strong>\u00a0Minimiza la visibilidad de las manchas oscuras y la hiperpigmentaci\u00f3n.<\/li>\n<li><strong>Refuerza la barrera cut\u00e1nea:<\/strong>\u00a0Ayuda a reforzar la barrera protectora natural de la piel.<\/li>\n<li><strong>Mejora la textura de la piel:<\/strong>\u00a0Proporciona un tono de piel m\u00e1s uniforme y mejora la textura y el aspecto general de la piel.<\/li>\n<li><strong>Adecuado para diferentes tipos de piel:<\/strong>\u00a0Adecuado para Uso todo tipo de piel, incluidas las pieles mixtas y sensibles.<\/li>\n<\/ul>\n<p><strong>Uso:<\/strong><\/p>\n<ol>\n<li><strong>Limpieza:<\/strong>\u00a0Empiece limpiando el rostro a fondo.<\/li>\n<li><strong>Tonificar:<\/strong>\u00a0Utiliza un t\u00f3nico para equilibrar tu piel.<\/li>\n<li><strong>Aplicaci\u00f3n de la esencia:<\/strong>\u00a0Si utiliza esencia, apl\u00edquela antes de utilizar la ampolla.<\/li>\n<li><strong>Aplicar la ampolla:<\/strong>\u00a0Utilizar 1-2 gotas de la ampolla y aplicar por todo el rostro.<\/li>\n<li><strong>Incorporaci\u00f3n suave:<\/strong>\u00a0Dar suaves golpecitos con las yemas de los dedos para favorecer la absorci\u00f3n del producto en la piel. Espere al menos 30 segundos antes de continuar con el siguiente paso de su rutina de cuidado de la piel.<\/li>\n<li><strong>Contin\u00fae con su rutina:<\/strong>\u00a0Contin\u00faa con el resto de tu rutina de cuidado de la piel, que puede incluir Uso de crema hidratante y protector solar.<\/li>\n<\/ol>\n","protected":false},"excerpt":{"rendered":"<p>MADAGASCAR CENTELLA PROBIO-CICA INTENSIVE AMPOULE Es un\u00a0suero altamente concentrado que contiene nutrientes de centella fermentada, que ayuda a cuidar la<\/p>\n","protected":false},"featured_media":97696,"comment_status":"open","ping_status":"closed","template":"","meta":{"nf_dc_page":""},"product_brand":[2689],"product_cat":[104],"product_tag":[2700],"class_list":{"0":"post-97695","1":"product","2":"type-product","3":"status-publish","4":"has-post-thumbnail","6":"product_brand-skin1004","7":"product_cat-skin-care","8":"product_tag-2700","10":"first","11":"instock","12":"shipping-taxable","13":"purchasable","14":"product-type-simple"},"_links":{"self":[{"href":"https:\/\/brandss.com.py\/index\/wp-json\/wp\/v2\/product\/97695","targetHints":{"allow":["GET"]}}],"collection":[{"href":"https:\/\/brandss.com.py\/index\/wp-json\/wp\/v2\/product"}],"about":[{"href":"https:\/\/brandss.com.py\/index\/wp-json\/wp\/v2\/types\/product"}],"replies":[{"embeddable":true,"href":"https:\/\/brandss.com.py\/index\/wp-json\/wp\/v2\/comments?post=97695"}],"version-history":[{"count":1,"href":"https:\/\/brandss.com.py\/index\/wp-json\/wp\/v2\/product\/97695\/revisions"}],"predecessor-version":[{"id":97705,"href":"https:\/\/brandss.com.py\/index\/wp-json\/wp\/v2\/product\/97695\/revisions\/97705"}],"wp:featuredmedia":[{"embeddable":true,"href":"https:\/\/brandss.com.py\/index\/wp-json\/wp\/v2\/media\/97696"}],"wp:attachment":[{"href":"https:\/\/brandss.com.py\/index\/wp-json\/wp\/v2\/media?parent=97695"}],"wp:term":[{"taxonomy":"product_brand","embeddable":true,"href":"https:\/\/brandss.com.py\/index\/wp-json\/wp\/v2\/product_brand?post=97695"},{"taxonomy":"product_cat","embeddable":true,"href":"https:\/\/brandss.com.py\/index\/wp-json\/wp\/v2\/product_cat?post=97695"},{"taxonomy":"product_tag","embeddable":true,"href":"https:\/\/brandss.com.py\/index\/wp-json\/wp\/v2\/product_tag?post=97695"}],"curies":[{"name":"wp","href":"https:\/\/api.w.org\/{rel}","templated":true}]}}