{"id":97725,"date":"2026-02-07T10:52:02","date_gmt":"2026-02-07T10:52:02","guid":{"rendered":"https:\/\/brandss.com.py\/index\/?post_type=product&#038;p=97725"},"modified":"2026-05-02T16:26:15","modified_gmt":"2026-05-02T16:26:15","slug":"tonico-facial-skin1004-madagascar-centella-toning-210ml","status":"publish","type":"product","link":"https:\/\/brandss.com.py\/index\/producto\/tonico-facial-skin1004-madagascar-centella-toning-210ml\/","title":{"rendered":"T\u00d3NICO FACIAL SKIN1004 MADAGASCAR CENTELLA TONING 210ML"},"content":{"rendered":"<p><img loading=\"lazy\" decoding=\"async\" class=\"\" src=\"https:\/\/heyskinday.com\/cdn\/shop\/collections\/skin1004_logo.png?v=1714498278\" alt=\"Skin1004 | Korean Beauty | HeySkinday\" width=\"94\" height=\"94\" \/><\/p>\n<h1>MADAGASCAR CENTELLA TONING<\/h1>\n<p>\u00bfBuscas un tonico hidratante y calmante para tu piel? Entonces no busques m\u00e1s, porque tenemos el producto perfecto para ti: el Madagscar Centella Toning Toner.<img loading=\"lazy\" decoding=\"async\" class=\"alignleft\" src=\"https:\/\/moonglow.md\/wp-content\/uploads\/2025\/10\/skin1004-madagascar-centella-toning-toner-210ml-5.jpg\" width=\"418\" height=\"418\" \/><\/p>\n<p><span dir=\"auto\">Un t\u00f3nico suave con PHA con efectos calmantes, exfoliantes, hidratantes e iluminadores que refresca, calma y seca la piel a la perfecci\u00f3n. Contiene un 84 % de <\/span><span dir=\"auto\">extracto de Centella asi\u00e1tica<\/span><span dir=\"auto\">\u00a0, una planta medicinal ampliamente utilizada en la cosmetolog\u00eda coreana, que tiene como objetivo la regeneraci\u00f3n intensiva de la dermis y el fortalecimiento de la barrera protectora. Un ingrediente natural, delicado y seguro. La centella tiene propiedades bactericidas, calmantes y antiirritantes.\u00a0<\/span><span dir=\"auto\">El \u00e1cido hialur\u00f3nico<\/span><span dir=\"auto\">\u00a0,\u00a0<\/span><span dir=\"auto\">la beta\u00edna<\/span><span dir=\"auto\">\u00a0y otros ingredientes iluminadores y rejuvenecedores est\u00e1n dise\u00f1ados para restaurar una apariencia fresca y descansada, la elasticidad de la piel y eliminar las arrugas.\u00a0<\/span><span dir=\"auto\">El \u00e1cido PHA<\/span><span dir=\"auto\">\u00a0es compatible con pieles sensibles, aclara y limpia la piel, devolvi\u00e9ndole su luminosidad y nutrici\u00f3n, y exfoliando las c\u00e9lulas muertas. Apto para todo tipo de piel, especialmente para pieles sensibles. Tambi\u00e9n se puede usar durante el embarazo y la lactancia.<\/span><\/p>\n<p>Madagascar Centella Toning Toner es un exfoliante suave t\u00f3nico adecuado para uso diario y especialmente adaptado para pieles sensibles. Este t\u00f3nico ayuda a exfoliar las c\u00e9lulas muertas sin irritar la piel.<\/p>\n<p>El t\u00f3nico contiene un 84% de extracto de Centella Asi\u00e1tica, que calma e hidrata la piel, as\u00ed como PHA (Gluconolactona), que ofrece una exfoliaci\u00f3n suave y una mejora de la textura de la piel comparable a la de los AHA. Su mayor estructura molecular le permite penetrar lentamente y exfoliar la piel, al tiempo que posee propiedades hidratantes.<\/p>\n<h3><strong>Ventajas<img loading=\"lazy\" decoding=\"async\" class=\"alignright\" src=\"https:\/\/moonglow.md\/wp-content\/uploads\/2025\/10\/skin1004-madagascar-centella-toning-toner-210ml-6.jpg\" width=\"509\" height=\"509\" \/><\/strong><\/h3>\n<ul>\n<li><strong>Exfoliaci\u00f3n suave:<\/strong>\u00a0Ayuda a eliminar las c\u00e9lulas muertas sin irritar la piel.<\/li>\n<li><strong>Adecuado para pieles sensibles:<\/strong>\u00a0Contiene ingredientes que son suaves con la piel sensible.<\/li>\n<li><strong>Propiedades hidratantes:<\/strong>\u00a0Contiene \u00e1cido hialur\u00f3nico y otros ingredientes hidratantes que contribuyen a aumentar la hidrataci\u00f3n.<\/li>\n<li><strong>Contiene Centella Asi\u00e1tica:<\/strong>\u00a0Calma la piel y favorece la cicatrizaci\u00f3n.<\/li>\n<li><strong>Sin alcohol ni siliconas:<\/strong>\u00a0Minimiza el riesgo de irritaci\u00f3n y deshidrataci\u00f3n.<\/li>\n<li><strong>PHA (polihidroxi\u00e1cido):<\/strong>\u00a0Proporciona una exfoliaci\u00f3n suave adecuada incluso para pieles muy sensibles.<\/li>\n<li><strong>Mejora la textura de la piel:<\/strong>\u00a0Unifica el tono de la piel y reduce la visibilidad de las l\u00edneas de expresi\u00f3n.<\/li>\n<\/ul>\n<h3><strong><span dir=\"auto\">Beneficios:<\/span><\/strong><\/h3>\n<ul>\n<li><span dir=\"auto\">Fortalecimiento de la barrera protectora.<\/span><\/li>\n<li>Apto para pieles sensibles..<\/li>\n<li>Limpieza suave.<\/li>\n<li>Exfoliaci\u00f3n suave.<\/li>\n<\/ul>\n<h3><strong>Uso<\/strong><\/h3>\n<ol>\n<li>Aplique una cantidad adecuada de t\u00f3nico en un disco de algod\u00f3n o directamente en las manos.<\/li>\n<li>Aplique suavemente el producto sobre la piel hasta su completa absorci\u00f3n.<\/li>\n<\/ol>\n<h4><em>No pierdas m\u00e1s tiempo y prueba el\u00a0SKIN1004 &#8211; Madagscar Centella Toning Toner\u00a0hoy mismo. \u00a1Tu piel te lo agradecer\u00e1!<\/em><\/h4>\n","protected":false},"excerpt":{"rendered":"<p>MADAGASCAR CENTELLA TONING \u00bfBuscas un tonico hidratante y calmante para tu piel? Entonces no busques m\u00e1s, porque tenemos el producto<\/p>\n","protected":false},"featured_media":97726,"comment_status":"open","ping_status":"closed","template":"","meta":{"nf_dc_page":""},"product_brand":[2689],"product_cat":[104],"product_tag":[2703],"class_list":{"0":"post-97725","1":"product","2":"type-product","3":"status-publish","4":"has-post-thumbnail","6":"product_brand-skin1004","7":"product_cat-skin-care","8":"product_tag-2703","10":"first","11":"instock","12":"shipping-taxable","13":"purchasable","14":"product-type-simple"},"_links":{"self":[{"href":"https:\/\/brandss.com.py\/index\/wp-json\/wp\/v2\/product\/97725","targetHints":{"allow":["GET"]}}],"collection":[{"href":"https:\/\/brandss.com.py\/index\/wp-json\/wp\/v2\/product"}],"about":[{"href":"https:\/\/brandss.com.py\/index\/wp-json\/wp\/v2\/types\/product"}],"replies":[{"embeddable":true,"href":"https:\/\/brandss.com.py\/index\/wp-json\/wp\/v2\/comments?post=97725"}],"version-history":[{"count":1,"href":"https:\/\/brandss.com.py\/index\/wp-json\/wp\/v2\/product\/97725\/revisions"}],"predecessor-version":[{"id":97733,"href":"https:\/\/brandss.com.py\/index\/wp-json\/wp\/v2\/product\/97725\/revisions\/97733"}],"wp:featuredmedia":[{"embeddable":true,"href":"https:\/\/brandss.com.py\/index\/wp-json\/wp\/v2\/media\/97726"}],"wp:attachment":[{"href":"https:\/\/brandss.com.py\/index\/wp-json\/wp\/v2\/media?parent=97725"}],"wp:term":[{"taxonomy":"product_brand","embeddable":true,"href":"https:\/\/brandss.com.py\/index\/wp-json\/wp\/v2\/product_brand?post=97725"},{"taxonomy":"product_cat","embeddable":true,"href":"https:\/\/brandss.com.py\/index\/wp-json\/wp\/v2\/product_cat?post=97725"},{"taxonomy":"product_tag","embeddable":true,"href":"https:\/\/brandss.com.py\/index\/wp-json\/wp\/v2\/product_tag?post=97725"}],"curies":[{"name":"wp","href":"https:\/\/api.w.org\/{rel}","templated":true}]}}