{"id":97734,"date":"2026-02-07T11:13:45","date_gmt":"2026-02-07T11:13:45","guid":{"rendered":"https:\/\/brandss.com.py\/index\/?post_type=product&#038;p=97734"},"modified":"2026-02-07T11:14:19","modified_gmt":"2026-02-07T11:14:19","slug":"shampoo-capilar-kerasys-oriental-premium-200ml","status":"publish","type":"product","link":"https:\/\/brandss.com.py\/index\/producto\/shampoo-capilar-kerasys-oriental-premium-200ml\/","title":{"rendered":"SHAMPOO CAPILAR KERASYS ORIENTAL PREMIUM 200ML"},"content":{"rendered":"<p><img loading=\"lazy\" decoding=\"async\" class=\"\" src=\"https:\/\/acdn-us.mitiendanube.com\/stores\/006\/567\/235\/themes\/common\/logo-2027072255-1755034523-ec9fa1f2ce585f2d0ef3c935b64032841755034523.png?0\" alt=\"Tienda Online de KERASYS\" width=\"118\" height=\"40\" \/><\/p>\n<h1>ORIENTAL PREMIUM<\/h1>\n<p><span dir=\"auto\">Champ\u00fa revitalizante para cabello da\u00f1ado, debilitado y sin brillo. Su composici\u00f3n de seis ingredientes orientales: aceite de camelia, ginseng, extracto de granada, extracto de orqu\u00eddea, ra\u00edz de Ang\u00e9lica acutiloba (Arcylgiel) y Cnidium (apio) fortalece las ra\u00edces del cabello y previene la ca\u00edda prematura. El cabello recupera vitalidad, brillo y elasticidad.<\/span><\/p>\n<h3><strong><span dir=\"auto\">Efectos<\/span><\/strong><\/h3>\n<ul>\n<li><span dir=\"auto\">Nutre profundamente el cuero cabelludo y revitaliza el cabello da\u00f1ado.<\/span><\/li>\n<li>El aceite de camelia deja el cabello hidratado, brillante y suave en toda su longitud, tiene un efecto antioxidante, previene da\u00f1os y puntas abiertas, protege el cabello de la da\u00f1ina radiaci\u00f3n UV y del calor al usar secador, rizador o plancha.<\/li>\n<li>El extracto de hierbas medicinales fortalece los bulbos pilosos.<\/li>\n<li>El sistema de doble queratina suaviza y repara la estructura del cabello da\u00f1ado.<\/li>\n<li>Nutre el cabello da\u00f1ado por tratamientos qu\u00edmicos.<\/li>\n<li>El extracto de prote\u00edna de trigo hidrolizada mejora la elasticidad del cabello y repara el tejido capilar da\u00f1ado.<\/li>\n<li>El extracto de fruta de granada gracias a su alto contenido en polifenoles es un antioxidante eficaz, regenera, hidrata y nutre, protege contra los radicales libres que causan el envejecimiento prematuro de la piel, act\u00faa como un protector solar natural, refuerza la protecci\u00f3n contra las radiaciones UVA y UVB, tiene un efecto antiinflamatorio, aumenta la elasticidad y firmeza de la piel.<\/li>\n<\/ul>\n<h3>Beneficios<\/h3>\n<ul data-sourcepos=\"9:1-14:0\">\n<li data-sourcepos=\"9:1-9:120\"><strong><span dir=\"auto\">Revitalizaci\u00f3n profunda:<\/span><\/strong><span dir=\"auto\">\u00a0Repara los da\u00f1os causados \u200b\u200bpor los procesos qu\u00edmicos, devolvi\u00e9ndole la vitalidad a tu cabello.<\/span><\/li>\n<li data-sourcepos=\"10:1-10:107\"><strong><span dir=\"auto\">Manejabilidad y movimiento:<\/span><\/strong><span dir=\"auto\">\u00a0Proporciona hebras ligeras y sueltas, con un tacto sedoso y un brillo radiante.<\/span><\/li>\n<li data-sourcepos=\"11:1-11:135\"><strong><span dir=\"auto\">Hidrataci\u00f3n intensa:<\/span><\/strong><span dir=\"auto\">\u00a0El aceite de camelia y la esencia oriental nutren profundamente, restaurando la hidrataci\u00f3n natural de tu cabello.<\/span><\/li>\n<li data-sourcepos=\"12:1-12:130\"><strong><span dir=\"auto\">Fortalecimiento y protecci\u00f3n:<\/span><\/strong><span dir=\"auto\">\u00a0La prote\u00edna de trigo hidrolizada fortalece las hebras del cabello, previniendo la rotura y combatiendo la porosidad.<\/span><\/li>\n<li data-sourcepos=\"13:1-14:0\"><strong><span dir=\"auto\">Brillo y luminosidad:<\/span><\/strong><span dir=\"auto\">\u00a0La keratina de la f\u00f3rmula realza el brillo natural de tu cabello, dej\u00e1ndolo radiante y saludable.<\/span><\/li>\n<\/ul>\n<h6 data-sourcepos=\"15:1-15:109\"><em><strong><span dir=\"auto\">\u00a1Experimente la calidad y la innovaci\u00f3n de Kerasys, la marca de cuidado del cabello n\u00famero 1 en Corea del Sur!<\/span><\/strong><\/em><\/h6>\n<p><strong><span dir=\"auto\">Modo de empleo:<\/span><\/strong><\/p>\n<p><span dir=\"auto\">Aplicar en todo el largo del cabello despu\u00e9s de limpiarlo con champ\u00fa, evitando las ra\u00edces, dejar actuar unos minutos y enjuagar bien con agua tibia.<\/span><\/p>\n<h6><em><strong><span dir=\"auto\">\u00a1No pierdas la oportunidad de tener un cabello fuerte, sano y radiante! \u00a1Consigue ahora el champ\u00fa Kerasys Oriental Premium y revela la belleza natural de tu cabello!<\/span><\/strong><\/em><\/h6>\n","protected":false},"excerpt":{"rendered":"<p>ORIENTAL PREMIUM Champ\u00fa revitalizante para cabello da\u00f1ado, debilitado y sin brillo. Su composici\u00f3n de seis ingredientes orientales: aceite de camelia,<\/p>\n","protected":false},"featured_media":97735,"comment_status":"open","ping_status":"closed","template":"","meta":{"nf_dc_page":""},"product_brand":[204],"product_cat":[85],"product_tag":[2704],"class_list":{"0":"post-97734","1":"product","2":"type-product","3":"status-publish","4":"has-post-thumbnail","6":"product_brand-kerasys","7":"product_cat-cosmeticos","8":"product_tag-2704","10":"first","11":"instock","12":"shipping-taxable","13":"purchasable","14":"product-type-simple"},"_links":{"self":[{"href":"https:\/\/brandss.com.py\/index\/wp-json\/wp\/v2\/product\/97734","targetHints":{"allow":["GET"]}}],"collection":[{"href":"https:\/\/brandss.com.py\/index\/wp-json\/wp\/v2\/product"}],"about":[{"href":"https:\/\/brandss.com.py\/index\/wp-json\/wp\/v2\/types\/product"}],"replies":[{"embeddable":true,"href":"https:\/\/brandss.com.py\/index\/wp-json\/wp\/v2\/comments?post=97734"}],"version-history":[{"count":1,"href":"https:\/\/brandss.com.py\/index\/wp-json\/wp\/v2\/product\/97734\/revisions"}],"predecessor-version":[{"id":97738,"href":"https:\/\/brandss.com.py\/index\/wp-json\/wp\/v2\/product\/97734\/revisions\/97738"}],"wp:featuredmedia":[{"embeddable":true,"href":"https:\/\/brandss.com.py\/index\/wp-json\/wp\/v2\/media\/97735"}],"wp:attachment":[{"href":"https:\/\/brandss.com.py\/index\/wp-json\/wp\/v2\/media?parent=97734"}],"wp:term":[{"taxonomy":"product_brand","embeddable":true,"href":"https:\/\/brandss.com.py\/index\/wp-json\/wp\/v2\/product_brand?post=97734"},{"taxonomy":"product_cat","embeddable":true,"href":"https:\/\/brandss.com.py\/index\/wp-json\/wp\/v2\/product_cat?post=97734"},{"taxonomy":"product_tag","embeddable":true,"href":"https:\/\/brandss.com.py\/index\/wp-json\/wp\/v2\/product_tag?post=97734"}],"curies":[{"name":"wp","href":"https:\/\/api.w.org\/{rel}","templated":true}]}}