{"id":97743,"date":"2026-02-07T12:11:36","date_gmt":"2026-02-07T12:11:36","guid":{"rendered":"https:\/\/brandss.com.py\/index\/?post_type=product&#038;p=97743"},"modified":"2026-02-07T12:12:09","modified_gmt":"2026-02-07T12:12:09","slug":"acondicionador-capilar-kerasys-oriental-premium-intensive-600ml","status":"publish","type":"product","link":"https:\/\/brandss.com.py\/index\/producto\/acondicionador-capilar-kerasys-oriental-premium-intensive-600ml\/","title":{"rendered":"ACONDICIONADOR CAPILAR KERASYS ORIENTAL PREMIUM INTENSIVE 600ML"},"content":{"rendered":"<p><img loading=\"lazy\" decoding=\"async\" class=\"\" src=\"https:\/\/acdn-us.mitiendanube.com\/stores\/006\/567\/235\/themes\/common\/logo-2027072255-1755034523-ec9fa1f2ce585f2d0ef3c935b64032841755034523.png?0\" alt=\"Tienda Online de KERASYS\" width=\"127\" height=\"43\" \/><\/p>\n<h1>ORIENTAL PREMIUM INTENSIVE<\/h1>\n<p>Creado especialmente para cabello da\u00f1ado, seco o sensibilizado por procesos qu\u00edmicos y uso excesivo de calor. <span dir=\"auto\">El\u00a0<\/span><span dir=\"auto\">acondicionador<\/span><span dir=\"auto\">\u00a0sella las cut\u00edculas, desenreda al instante, reduce el encrespamiento y proporciona un acabado luminoso y sedoso.<\/span><\/p>\n<p><span dir=\"auto\">Ideal para restaurar la vitalidad del cabello despu\u00e9s de tratamientos qu\u00edmicos, exposici\u00f3n solar o herramientas de peinado con calor, este kit restaura la suavidad y la fuerza natural del cabello, manteni\u00e9ndolo ligero y saludable.<\/span><\/p>\n<h2><span dir=\"auto\">Beneficios clave<\/span><\/h2>\n<p><span dir=\"auto\">\u2022 Nutrici\u00f3n intensiva con aceite de camelia y prote\u00ednas vegetales<\/span><br \/>\n<span dir=\"auto\">\u2022 Fortalecimiento y reparaci\u00f3n de la fibra capilar<\/span><br \/>\n<span dir=\"auto\">\u2022 Brillo de espejo y tacto sedoso<\/span><br \/>\n<span dir=\"auto\">\u2022 Control del encrespamiento y manejabilidad<\/span><br \/>\n<span dir=\"auto\">\u2022 Protecci\u00f3n contra la sequedad y los da\u00f1os externos<\/span><\/p>\n<h2><span dir=\"auto\">Instrucciones de uso<\/span><\/h2>\n<p><span dir=\"auto\">Aplique el champ\u00fa sobre el cabello mojado, masajee hasta formar espuma y enjuague bien. Repita si es necesario. Luego, aplique el acondicionador de medios a puntas, evitando las ra\u00edces. Deje actuar unos minutos y enjuague bien. Para obtener mejores resultados, \u00faselo a diario.<\/span><\/p>\n","protected":false},"excerpt":{"rendered":"<p>ORIENTAL PREMIUM INTENSIVE Creado especialmente para cabello da\u00f1ado, seco o sensibilizado por procesos qu\u00edmicos y uso excesivo de calor. El\u00a0acondicionador\u00a0sella<\/p>\n","protected":false},"featured_media":97744,"comment_status":"open","ping_status":"closed","template":"","meta":{"nf_dc_page":""},"product_brand":[204],"product_cat":[85],"product_tag":[2706],"class_list":{"0":"post-97743","1":"product","2":"type-product","3":"status-publish","4":"has-post-thumbnail","6":"product_brand-kerasys","7":"product_cat-cosmeticos","8":"product_tag-2706","10":"first","11":"instock","12":"shipping-taxable","13":"purchasable","14":"product-type-simple"},"_links":{"self":[{"href":"https:\/\/brandss.com.py\/index\/wp-json\/wp\/v2\/product\/97743","targetHints":{"allow":["GET"]}}],"collection":[{"href":"https:\/\/brandss.com.py\/index\/wp-json\/wp\/v2\/product"}],"about":[{"href":"https:\/\/brandss.com.py\/index\/wp-json\/wp\/v2\/types\/product"}],"replies":[{"embeddable":true,"href":"https:\/\/brandss.com.py\/index\/wp-json\/wp\/v2\/comments?post=97743"}],"version-history":[{"count":1,"href":"https:\/\/brandss.com.py\/index\/wp-json\/wp\/v2\/product\/97743\/revisions"}],"predecessor-version":[{"id":97745,"href":"https:\/\/brandss.com.py\/index\/wp-json\/wp\/v2\/product\/97743\/revisions\/97745"}],"wp:featuredmedia":[{"embeddable":true,"href":"https:\/\/brandss.com.py\/index\/wp-json\/wp\/v2\/media\/97744"}],"wp:attachment":[{"href":"https:\/\/brandss.com.py\/index\/wp-json\/wp\/v2\/media?parent=97743"}],"wp:term":[{"taxonomy":"product_brand","embeddable":true,"href":"https:\/\/brandss.com.py\/index\/wp-json\/wp\/v2\/product_brand?post=97743"},{"taxonomy":"product_cat","embeddable":true,"href":"https:\/\/brandss.com.py\/index\/wp-json\/wp\/v2\/product_cat?post=97743"},{"taxonomy":"product_tag","embeddable":true,"href":"https:\/\/brandss.com.py\/index\/wp-json\/wp\/v2\/product_tag?post=97743"}],"curies":[{"name":"wp","href":"https:\/\/api.w.org\/{rel}","templated":true}]}}