{"id":97753,"date":"2026-02-07T12:47:27","date_gmt":"2026-02-07T12:47:27","guid":{"rendered":"https:\/\/brandss.com.py\/index\/?post_type=product&#038;p=97753"},"modified":"2026-02-07T12:47:50","modified_gmt":"2026-02-07T12:47:50","slug":"shampoo-capilar-kerasys-scalp-care-deep-cleasing-600ml","status":"publish","type":"product","link":"https:\/\/brandss.com.py\/index\/producto\/shampoo-capilar-kerasys-scalp-care-deep-cleasing-600ml\/","title":{"rendered":"SHAMPOO CAPILAR KERASYS SCALP CARE DEEP CLEASING 600ML"},"content":{"rendered":"<p><img loading=\"lazy\" decoding=\"async\" class=\"\" src=\"https:\/\/acdn-us.mitiendanube.com\/stores\/006\/567\/235\/themes\/common\/logo-2027072255-1755034523-ec9fa1f2ce585f2d0ef3c935b64032841755034523.png?0\" alt=\"Tienda Online de KERASYS\" width=\"159\" height=\"54\" \/><\/p>\n<h1>SCALP CARE DEEP CLEASING<\/h1>\n<p><span dir=\"auto\">El Champ\u00fa de Limpieza Profunda para el Cuero Cabelludo Kerasys fue formulado espec\u00edficamente para satisfacer las necesidades del cuero cabelludo normal a seco.<\/span><\/p>\n<p>Una l\u00ednea profesional indicada para cuero cabelludo sensible con exceso de grasa y residuos. pH 4.7 a 25 \u00b0C. F\u00f3rmula desarrollada por Aekyung para controlar el exceso de grasa y dejar el cuero cabelludo limpio y saludable. Contiene extracto de pino negro, altamente eficaz contra los efectos nocivos de la contaminaci\u00f3n. Promueve una doble frescura gracias a la menta y la menta piperita. Indicada para limpiar y equilibrar el cuero cabelludo. Realiza una limpieza profunda del cabello sin resecarlo.<\/p>\n<p><span dir=\"auto\">Esta f\u00f3rmula, rica en prote\u00ednas y amino\u00e1cidos, proporciona una limpieza profunda, eliminando impurezas, residuos y grasa acumulada, a la vez que hidrata y nutre, dejando el cuero cabelludo y el cabello con una sensaci\u00f3n de renovaci\u00f3n y equilibrio. A diferencia de muchos champ\u00fas de limpieza profunda, el Champ\u00fa de Limpieza Profunda para el Cuero Cabelludo Kerasys mantiene la hidrataci\u00f3n, evitando que el cuero cabelludo y el cabello se deshidraten. El resultado es un cabello purificado, hidratado y vibrante.<\/span><\/p>\n<h3><span dir=\"auto\">Instrucciones de uso<\/span><\/h3>\n<p><span dir=\"auto\">Aplicar una cantidad adecuada de champ\u00fa sobre el cuero cabelludo y el cabello mojado, masajeando suavemente hasta formar espuma. Enjuagar bien. Repetir si es necesario.<\/span><\/p>\n","protected":false},"excerpt":{"rendered":"<p>SCALP CARE DEEP CLEASING El Champ\u00fa de Limpieza Profunda para el Cuero Cabelludo Kerasys fue formulado espec\u00edficamente para satisfacer las<\/p>\n","protected":false},"featured_media":97754,"comment_status":"open","ping_status":"closed","template":"","meta":{"nf_dc_page":""},"product_brand":[204],"product_cat":[85],"product_tag":[2708],"class_list":{"0":"post-97753","1":"product","2":"type-product","3":"status-publish","4":"has-post-thumbnail","6":"product_brand-kerasys","7":"product_cat-cosmeticos","8":"product_tag-2708","10":"first","11":"instock","12":"shipping-taxable","13":"purchasable","14":"product-type-simple"},"_links":{"self":[{"href":"https:\/\/brandss.com.py\/index\/wp-json\/wp\/v2\/product\/97753","targetHints":{"allow":["GET"]}}],"collection":[{"href":"https:\/\/brandss.com.py\/index\/wp-json\/wp\/v2\/product"}],"about":[{"href":"https:\/\/brandss.com.py\/index\/wp-json\/wp\/v2\/types\/product"}],"replies":[{"embeddable":true,"href":"https:\/\/brandss.com.py\/index\/wp-json\/wp\/v2\/comments?post=97753"}],"version-history":[{"count":1,"href":"https:\/\/brandss.com.py\/index\/wp-json\/wp\/v2\/product\/97753\/revisions"}],"predecessor-version":[{"id":97759,"href":"https:\/\/brandss.com.py\/index\/wp-json\/wp\/v2\/product\/97753\/revisions\/97759"}],"wp:featuredmedia":[{"embeddable":true,"href":"https:\/\/brandss.com.py\/index\/wp-json\/wp\/v2\/media\/97754"}],"wp:attachment":[{"href":"https:\/\/brandss.com.py\/index\/wp-json\/wp\/v2\/media?parent=97753"}],"wp:term":[{"taxonomy":"product_brand","embeddable":true,"href":"https:\/\/brandss.com.py\/index\/wp-json\/wp\/v2\/product_brand?post=97753"},{"taxonomy":"product_cat","embeddable":true,"href":"https:\/\/brandss.com.py\/index\/wp-json\/wp\/v2\/product_cat?post=97753"},{"taxonomy":"product_tag","embeddable":true,"href":"https:\/\/brandss.com.py\/index\/wp-json\/wp\/v2\/product_tag?post=97753"}],"curies":[{"name":"wp","href":"https:\/\/api.w.org\/{rel}","templated":true}]}}