{"id":97764,"date":"2026-02-07T14:13:43","date_gmt":"2026-02-07T14:13:43","guid":{"rendered":"https:\/\/brandss.com.py\/index\/?post_type=product&#038;p=97764"},"modified":"2026-02-07T14:18:07","modified_gmt":"2026-02-07T14:18:07","slug":"acondicionador-capilar-kerasys-devils-perfumed-midnight-fantasy-1000ml","status":"publish","type":"product","link":"https:\/\/brandss.com.py\/index\/producto\/acondicionador-capilar-kerasys-devils-perfumed-midnight-fantasy-1000ml\/","title":{"rendered":"ACONDICIONADOR CAPILAR KERASYS DEVIL\u2019S PERFUMED MIDNIGHT FANTASY 1000ML"},"content":{"rendered":"<p><img loading=\"lazy\" decoding=\"async\" class=\"\" src=\"https:\/\/acdn-us.mitiendanube.com\/stores\/006\/567\/235\/themes\/common\/logo-2027072255-1755034523-ec9fa1f2ce585f2d0ef3c935b64032841755034523.png?0\" alt=\"Tienda Online de KERASYS\" width=\"174\" height=\"59\" \/><\/p>\n<h1>DEVIL\u2019S PERFUMED MIDNIGHT FANTASY<\/h1>\n<p data-start=\"105\" data-end=\"371\">Este es un acondicionador lujoso perfumado de la l\u00ednea Devil\u2019s de Kerasys, dise\u00f1ado para brindar al cabello suavidad, nutrici\u00f3n y una fragancia intensa y duradera.<\/p>\n<h3 data-start=\"373\" data-end=\"406\">Caracter\u00edsticas principales<\/h3>\n<p data-start=\"407\" data-end=\"721\"><strong data-start=\"410\" data-end=\"442\">Fragancia intensa y sensual:<\/strong><br data-start=\"442\" data-end=\"445\" \/>El producto destaca por su aroma \u00fanico, con notas florales y sensuales que combinan ingredientes como an\u00e1is, fruta blackberry, iris, jazm\u00edn, cilantro, vainilla y s\u00e1ndalo, creando un perfume profundo y adictivo que envuelve el cabello.<\/p>\n<p data-start=\"723\" data-end=\"995\"><strong data-start=\"726\" data-end=\"761\">Textura y efecto en el cabello:<\/strong><br data-start=\"761\" data-end=\"764\" \/>Su f\u00f3rmula suaviza y desenreda el cabello, dej\u00e1ndolo m\u00e1s manejable, sedoso y con brillo. Est\u00e1 especialmente pensado para cabellos secos, da\u00f1ados o sin brillo y ayuda a reducir el frizz.<\/p>\n<p data-start=\"997\" data-end=\"1202\"><strong data-start=\"1000\" data-end=\"1028\">Hidrataci\u00f3n y nutrici\u00f3n:<\/strong><br data-start=\"1028\" data-end=\"1031\" \/>Aporta hidrataci\u00f3n profunda, nutre la fibra capilar y ayuda a reparar el cabello da\u00f1ado, mejorando su aspecto general y suavidad.<\/p>\n<h3 data-start=\"1386\" data-end=\"1408\">Sensaci\u00f3n y uso<\/h3>\n<ul data-start=\"1409\" data-end=\"1856\">\n<li data-start=\"1409\" data-end=\"1518\">\n<p data-start=\"1411\" data-end=\"1518\"><strong data-start=\"1411\" data-end=\"1430\">Aroma duradero:<\/strong> Perfume que perdura varias horas en el cabello.<\/p>\n<\/li>\n<li data-start=\"1519\" data-end=\"1708\">\n<p data-start=\"1521\" data-end=\"1708\"><strong data-start=\"1521\" data-end=\"1549\">Mejorado para fragancia:<\/strong> La l\u00ednea est\u00e1 pensada no solo para cuidado capilar, sino tambi\u00e9n para dejar una fragancia \u201cadorable y envolvente\u201d.<\/p>\n<\/li>\n<li data-start=\"1709\" data-end=\"1856\">\n<p data-start=\"1711\" data-end=\"1856\"><strong data-start=\"1711\" data-end=\"1745\">Adecuado para cabello rebelde:<\/strong> perfecto si quieres un cabello m\u00e1s suave, con brillo y menos encrespado.<\/p>\n<\/li>\n<\/ul>\n","protected":false},"excerpt":{"rendered":"<p>DEVIL\u2019S PERFUMED MIDNIGHT FANTASY Este es un acondicionador lujoso perfumado de la l\u00ednea Devil\u2019s de Kerasys, dise\u00f1ado para brindar al<\/p>\n","protected":false},"featured_media":97765,"comment_status":"open","ping_status":"closed","template":"","meta":{"nf_dc_page":""},"product_brand":[204],"product_cat":[85],"product_tag":[2710],"class_list":{"0":"post-97764","1":"product","2":"type-product","3":"status-publish","4":"has-post-thumbnail","6":"product_brand-kerasys","7":"product_cat-cosmeticos","8":"product_tag-2710","10":"first","11":"instock","12":"shipping-taxable","13":"purchasable","14":"product-type-simple"},"_links":{"self":[{"href":"https:\/\/brandss.com.py\/index\/wp-json\/wp\/v2\/product\/97764","targetHints":{"allow":["GET"]}}],"collection":[{"href":"https:\/\/brandss.com.py\/index\/wp-json\/wp\/v2\/product"}],"about":[{"href":"https:\/\/brandss.com.py\/index\/wp-json\/wp\/v2\/types\/product"}],"replies":[{"embeddable":true,"href":"https:\/\/brandss.com.py\/index\/wp-json\/wp\/v2\/comments?post=97764"}],"version-history":[{"count":2,"href":"https:\/\/brandss.com.py\/index\/wp-json\/wp\/v2\/product\/97764\/revisions"}],"predecessor-version":[{"id":97768,"href":"https:\/\/brandss.com.py\/index\/wp-json\/wp\/v2\/product\/97764\/revisions\/97768"}],"wp:featuredmedia":[{"embeddable":true,"href":"https:\/\/brandss.com.py\/index\/wp-json\/wp\/v2\/media\/97765"}],"wp:attachment":[{"href":"https:\/\/brandss.com.py\/index\/wp-json\/wp\/v2\/media?parent=97764"}],"wp:term":[{"taxonomy":"product_brand","embeddable":true,"href":"https:\/\/brandss.com.py\/index\/wp-json\/wp\/v2\/product_brand?post=97764"},{"taxonomy":"product_cat","embeddable":true,"href":"https:\/\/brandss.com.py\/index\/wp-json\/wp\/v2\/product_cat?post=97764"},{"taxonomy":"product_tag","embeddable":true,"href":"https:\/\/brandss.com.py\/index\/wp-json\/wp\/v2\/product_tag?post=97764"}],"curies":[{"name":"wp","href":"https:\/\/api.w.org\/{rel}","templated":true}]}}