{"id":97791,"date":"2026-02-09T11:10:00","date_gmt":"2026-02-09T11:10:00","guid":{"rendered":"https:\/\/brandss.com.py\/index\/?post_type=product&#038;p=97791"},"modified":"2026-02-09T11:12:18","modified_gmt":"2026-02-09T11:12:18","slug":"shampoo-capilar-kerasys-propolis-repair-hair-bonding-pro-450ml","status":"publish","type":"product","link":"https:\/\/brandss.com.py\/index\/producto\/shampoo-capilar-kerasys-propolis-repair-hair-bonding-pro-450ml\/","title":{"rendered":"SHAMPOO CAPILAR KERASYS PROPOLIS REPAIR HAIR BONDING PRO 452ML"},"content":{"rendered":"<p><img loading=\"lazy\" decoding=\"async\" class=\"\" src=\"https:\/\/acdn-us.mitiendanube.com\/stores\/006\/567\/235\/themes\/common\/logo-2027072255-1755034523-ec9fa1f2ce585f2d0ef3c935b64032841755034523.png?0\" alt=\"Tienda Online de KERASYS\" width=\"162\" height=\"55\" \/><\/p>\n<h1>PROPOLIS REPAIR HAIR BONDING PRO<\/h1>\n<p data-sourcepos=\"4:1-4:64\"><em><strong><span dir=\"auto\">\u00a1Descubre el poder del prop\u00f3leo para una reconstrucci\u00f3n profunda!<\/span><\/strong><\/em><\/p>\n<p data-sourcepos=\"6:1-6:507\"><span dir=\"auto\">\u00bfTu cabello est\u00e1 da\u00f1ado, quebradizo o tratado qu\u00edmicamente y necesita un rescate? \u00a1<\/span><span dir=\"auto\">El champ\u00fa reparador Kerasys Propolis Hair Bonding Pro Repair<\/span><span dir=\"auto\">\u00a0es la soluci\u00f3n perfecta! Este champ\u00fa nutritivo y reparador est\u00e1 formulado con extracto de prop\u00f3leo, un poderoso ingrediente conocido por sus\u00a0<\/span><span dir=\"auto\">propiedades antioxidantes, antibacterianas y fortalecedoras<\/span><span dir=\"auto\">. Fue creado para ayudar a reconstruir la estructura capilar, mejorar su fuerza y \u200b\u200brestaurar ese brillo natural que tanto te gusta.<img loading=\"lazy\" decoding=\"async\" class=\"alignleft\" src=\"https:\/\/i0.wp.com\/farmaciacarina.com\/wp-content\/uploads\/2025\/07\/0a03c684bd54aa5b7a103a670f196f10.webp?w=1024&amp;ssl=1\" width=\"574\" height=\"574\" \/><\/span><\/p>\n<p data-sourcepos=\"8:1-8:168\"><span dir=\"auto\">Su f\u00f3rmula suave limpia delicadamente sin da\u00f1ar el cabello, promoviendo un\u00a0<\/span><span dir=\"auto\">cuero cabelludo sano<\/span><span dir=\"auto\">\u00a0y\u00a0<\/span><span dir=\"auto\">un cabello m\u00e1s fuerte desde la ra\u00edz<\/span><span dir=\"auto\">. \u00a1Siente la transformaci\u00f3n con cada lavado!<\/span><\/p>\n<p>Aprovecha el poder natural del prop\u00f3leos para fortalecer y reparar el cabello da\u00f1ado. Esta f\u00f3rmula nutritiva est\u00e1 dise\u00f1ada para unir mechas de cabello, reduciendo la rotura y mejorando la resiliencia, al tiempo que deja tu cabello suave y brillante. Adecuado para todos los tipos de cabello, particularmente aquellos que necesitan cuidados intensivos, este champ\u00fa revitaliza su cabello de ra\u00edz a punta.<\/p>\n<p><strong>Beneficios clave:<\/strong><\/p>\n<ol>\n<li><strong>Fortalece y repara:<\/strong>\u00a0El cabello da\u00f1ado se refuerza y \u200b\u200bse revitaliza a trav\u00e9s de la acci\u00f3n de uni\u00f3n.<\/li>\n<li><strong>Reduce la rotura:<\/strong>\u00a0Mejora la resiliencia del cabello, reduciendo la probabilidad de rotura.<\/li>\n<li><strong>Deja el cabello suave y lustroso:<\/strong>\u00a0Promueve una apariencia sedosa y saludable para todos los tipos de cabello.<\/li>\n<\/ol>\n<p data-sourcepos=\"8:1-8:168\"><strong>Recomendado para:<\/strong>\u00a0Personas con cabello da\u00f1ado o quebradizo buscan reparaci\u00f3n y fortalecimiento intensivo.<\/p>\n<h3 data-sourcepos=\"10:1-10:53\"><span dir=\"auto\">Instrucciones de uso para lograr un cabello restaurado y brillante<\/span><\/h3>\n<p data-sourcepos=\"12:1-12:523\"><span dir=\"auto\">Aplique el champ\u00fa sobre el cabello mojado, masajeando suavemente el cuero cabelludo con las yemas de los dedos hasta formar una espuma abundante y envolvente. Extienda el producto por todo el cabello, asegur\u00e1ndose de que cada hebra reciba los beneficios del prop\u00f3leo. Enjuague bien. Si desea una limpieza m\u00e1s profunda o siente que su cabello necesita un cuidado adicional, repita la aplicaci\u00f3n. Para obtener resultados a\u00fan m\u00e1s efectivos, \u00faselo junto con\u00a0<\/span><span dir=\"auto\">el Acondicionador Propolis Hair Bond<\/span><span dir=\"auto\">\u00a0u otro tratamiento de la misma l\u00ednea.<\/span><\/p>\n","protected":false},"excerpt":{"rendered":"<p>PROPOLIS REPAIR HAIR BONDING PRO \u00a1Descubre el poder del prop\u00f3leo para una reconstrucci\u00f3n profunda! \u00bfTu cabello est\u00e1 da\u00f1ado, quebradizo o<\/p>\n","protected":false},"featured_media":97792,"comment_status":"open","ping_status":"closed","template":"","meta":{"nf_dc_page":""},"product_brand":[204],"product_cat":[85],"product_tag":[2715],"class_list":{"0":"post-97791","1":"product","2":"type-product","3":"status-publish","4":"has-post-thumbnail","6":"product_brand-kerasys","7":"product_cat-cosmeticos","8":"product_tag-2715","10":"first","11":"instock","12":"shipping-taxable","13":"purchasable","14":"product-type-simple"},"_links":{"self":[{"href":"https:\/\/brandss.com.py\/index\/wp-json\/wp\/v2\/product\/97791","targetHints":{"allow":["GET"]}}],"collection":[{"href":"https:\/\/brandss.com.py\/index\/wp-json\/wp\/v2\/product"}],"about":[{"href":"https:\/\/brandss.com.py\/index\/wp-json\/wp\/v2\/types\/product"}],"replies":[{"embeddable":true,"href":"https:\/\/brandss.com.py\/index\/wp-json\/wp\/v2\/comments?post=97791"}],"version-history":[{"count":2,"href":"https:\/\/brandss.com.py\/index\/wp-json\/wp\/v2\/product\/97791\/revisions"}],"predecessor-version":[{"id":97798,"href":"https:\/\/brandss.com.py\/index\/wp-json\/wp\/v2\/product\/97791\/revisions\/97798"}],"wp:featuredmedia":[{"embeddable":true,"href":"https:\/\/brandss.com.py\/index\/wp-json\/wp\/v2\/media\/97792"}],"wp:attachment":[{"href":"https:\/\/brandss.com.py\/index\/wp-json\/wp\/v2\/media?parent=97791"}],"wp:term":[{"taxonomy":"product_brand","embeddable":true,"href":"https:\/\/brandss.com.py\/index\/wp-json\/wp\/v2\/product_brand?post=97791"},{"taxonomy":"product_cat","embeddable":true,"href":"https:\/\/brandss.com.py\/index\/wp-json\/wp\/v2\/product_cat?post=97791"},{"taxonomy":"product_tag","embeddable":true,"href":"https:\/\/brandss.com.py\/index\/wp-json\/wp\/v2\/product_tag?post=97791"}],"curies":[{"name":"wp","href":"https:\/\/api.w.org\/{rel}","templated":true}]}}