{"id":97862,"date":"2026-02-09T18:59:31","date_gmt":"2026-02-09T18:59:31","guid":{"rendered":"https:\/\/brandss.com.py\/index\/?post_type=product&#038;p=97862"},"modified":"2026-03-23T13:42:10","modified_gmt":"2026-03-23T13:42:10","slug":"shampoo-capilar-kerasys-tea-tree-oil-400ml","status":"publish","type":"product","link":"https:\/\/brandss.com.py\/index\/producto\/shampoo-capilar-kerasys-tea-tree-oil-400ml\/","title":{"rendered":"SHAMPOO CAPILAR KERASYS TEA TREE OIL 400ML"},"content":{"rendered":"<p><img loading=\"lazy\" decoding=\"async\" class=\"\" src=\"https:\/\/acdn-us.mitiendanube.com\/stores\/006\/567\/235\/themes\/common\/logo-2027072255-1755034523-ec9fa1f2ce585f2d0ef3c935b64032841755034523.png?0\" alt=\"Tienda Online de KERASYS\" width=\"165\" height=\"56\" \/><\/p>\n<h1>TEA TREE OIL<\/h1>\n<p>Transforma tu rutina de cuidado capilar con\u00a0el champ\u00fa Kerasys Tea Tree Oil Deep Clean, especialmente formulado para\u00a0una limpieza profunda y el control de la grasa\u00a0en cabello graso o mixto. Con una acci\u00f3n purificante y refrescante, ayuda a equilibrar el cuero cabelludo y deja el cabello\u00a0limpio, ligero y con una sensaci\u00f3n de frescura\u00a0desde la primera aplicaci\u00f3n. Enriquecido con\u00a0aceite de \u00e1rbol de t\u00e9 (melaleuca), conocido por sus propiedades\u00a0antibacterianas, antif\u00fangicas y purificantes , este champ\u00fa elimina las impurezas, destapa los poros y fortalece el equilibrio natural del cuero cabelludo sin da\u00f1ar el cabello.<\/p>\n<h3><strong style=\"font-weight: inherit\">Beneficios\u202f<\/strong><\/h3>\n<ul style=\"font-weight: 400\">\n<li style=\"font-style: inherit;font-weight: 400\">Limpieza profunda y control de grasa, ideal para cuero cabelludo graso y cabello pesado.<\/li>\n<li style=\"font-style: inherit;font-weight: 400\">Una sensaci\u00f3n de frescor,\u00a0favoreciendo el confort y la ligereza durante todo el d\u00eda.<\/li>\n<li style=\"font-style: inherit;font-weight: 400\">F\u00f3rmula purificante con aceite de \u00e1rbol de t\u00e9, que ayuda a destapar los poros y eliminar residuos.<\/li>\n<li style=\"font-style: inherit;font-weight: 400\">Cabello suave, limpio y equilibrado, sin resecar los largos.<\/li>\n<li style=\"font-style: inherit;font-weight: 400\">Ayuda a mantener la oleosidad bajo control durante m\u00e1s tiempo, previniendo el efecto rebote.<\/li>\n<\/ul>\n<section class=\"card\">\n<h3><span dir=\"auto\">Resultados<\/span><\/h3>\n<p><span dir=\"auto\">Fortalece el equilibrio<\/span><span dir=\"auto\">\u00a0del cuero cabelludo.<\/span><\/p>\n<p><span dir=\"auto\">Reduce la oleosidad<\/span><span dir=\"auto\">\u00a0y prolonga la sensaci\u00f3n de limpieza y frescor.<\/span><\/p>\n<p><span dir=\"auto\">Cabello ligero, suelto y saludable<\/span><span dir=\"auto\">\u00a0desde la primera aplicaci\u00f3n.<\/span><\/p>\n<\/section>\n<section>\n<h3><span dir=\"auto\">Indicaci\u00f3n<\/span><\/h3>\n<p><span dir=\"auto\">Para quienes sufren de\u00a0<\/span><span dir=\"auto\">exceso de oleosidad en las ra\u00edces<\/span><span dir=\"auto\">\u00a0y desean una limpieza eficaz, control duradero y suavidad sin sequedad.<\/span><\/p>\n<\/section>\n<h3><strong style=\"font-weight: inherit\">Instrucciones de uso<\/strong><\/h3>\n<ol style=\"font-weight: 400\">\n<li style=\"font-style: inherit;font-weight: 400\">Moja tu cabello y aplica una cantidad adecuada de champ\u00fa.<\/li>\n<li style=\"font-style: inherit;font-weight: 400\">Masajea suavemente tu cuero cabelludo con las yemas de los dedos hasta que se forme espuma.<\/li>\n<li style=\"font-style: inherit;font-weight: 400\">Enjuague bien.<\/li>\n<li style=\"font-style: inherit;font-weight: 400\">Repita la aplicaci\u00f3n, si es necesario, para una limpieza m\u00e1s efectiva.<\/li>\n<\/ol>\n","protected":false},"excerpt":{"rendered":"<p>TEA TREE OIL Transforma tu rutina de cuidado capilar con\u00a0el champ\u00fa Kerasys Tea Tree Oil Deep Clean, especialmente formulado para\u00a0una<\/p>\n","protected":false},"featured_media":97863,"comment_status":"open","ping_status":"closed","template":"","meta":{"nf_dc_page":""},"product_brand":[204],"product_cat":[85],"product_tag":[3222],"class_list":{"0":"post-97862","1":"product","2":"type-product","3":"status-publish","4":"has-post-thumbnail","6":"product_brand-kerasys","7":"product_cat-cosmeticos","8":"product_tag-3222","10":"first","11":"instock","12":"shipping-taxable","13":"purchasable","14":"product-type-simple"},"_links":{"self":[{"href":"https:\/\/brandss.com.py\/index\/wp-json\/wp\/v2\/product\/97862","targetHints":{"allow":["GET"]}}],"collection":[{"href":"https:\/\/brandss.com.py\/index\/wp-json\/wp\/v2\/product"}],"about":[{"href":"https:\/\/brandss.com.py\/index\/wp-json\/wp\/v2\/types\/product"}],"replies":[{"embeddable":true,"href":"https:\/\/brandss.com.py\/index\/wp-json\/wp\/v2\/comments?post=97862"}],"version-history":[{"count":1,"href":"https:\/\/brandss.com.py\/index\/wp-json\/wp\/v2\/product\/97862\/revisions"}],"predecessor-version":[{"id":97865,"href":"https:\/\/brandss.com.py\/index\/wp-json\/wp\/v2\/product\/97862\/revisions\/97865"}],"wp:featuredmedia":[{"embeddable":true,"href":"https:\/\/brandss.com.py\/index\/wp-json\/wp\/v2\/media\/97863"}],"wp:attachment":[{"href":"https:\/\/brandss.com.py\/index\/wp-json\/wp\/v2\/media?parent=97862"}],"wp:term":[{"taxonomy":"product_brand","embeddable":true,"href":"https:\/\/brandss.com.py\/index\/wp-json\/wp\/v2\/product_brand?post=97862"},{"taxonomy":"product_cat","embeddable":true,"href":"https:\/\/brandss.com.py\/index\/wp-json\/wp\/v2\/product_cat?post=97862"},{"taxonomy":"product_tag","embeddable":true,"href":"https:\/\/brandss.com.py\/index\/wp-json\/wp\/v2\/product_tag?post=97862"}],"curies":[{"name":"wp","href":"https:\/\/api.w.org\/{rel}","templated":true}]}}