{"id":97866,"date":"2026-02-09T19:08:57","date_gmt":"2026-02-09T19:08:57","guid":{"rendered":"https:\/\/brandss.com.py\/index\/?post_type=product&#038;p=97866"},"modified":"2026-02-09T19:09:20","modified_gmt":"2026-02-09T19:09:20","slug":"acondicionador-capilar-kerasys-tea-tree-oil-400ml","status":"publish","type":"product","link":"https:\/\/brandss.com.py\/index\/producto\/acondicionador-capilar-kerasys-tea-tree-oil-400ml\/","title":{"rendered":"ACONDICIONADOR CAPILAR KERASYS TEA TREE OIL 400ML"},"content":{"rendered":"<p><img loading=\"lazy\" decoding=\"async\" class=\"\" src=\"https:\/\/acdn-us.mitiendanube.com\/stores\/006\/567\/235\/themes\/common\/logo-2027072255-1755034523-ec9fa1f2ce585f2d0ef3c935b64032841755034523.png?0\" alt=\"Tienda Online de KERASYS\" width=\"128\" height=\"43\" \/><\/p>\n<h1>TEA TREE OIL<\/h1>\n<p class=\"lead\"><span dir=\"auto\">El Acondicionador Kerasys Tea Tree Oil Deep Clean de 400 ml es un acondicionador profesional que complementa la acci\u00f3n de limpieza profunda y revitalizante del champ\u00fa de la misma l\u00ednea. Fue desarrollado para cabello que necesita refrescar el cuero cabelludo, reducir la grasa y aportar ligereza. Su f\u00f3rmula con aceite de \u00e1rbol de t\u00e9 ayuda a calmar y equilibrar el cuero cabelludo, a la vez que acondiciona el cabello, dej\u00e1ndolo desenredado y con un aspecto m\u00e1s saludable. <\/span><\/p>\n<p class=\"lead\"><span dir=\"auto\">Real Nature<\/span><span dir=\"auto\">\u00a0es la filosof\u00eda de Kerasys para un cuidado m\u00e1s natural y responsable. El\u00a0<\/span><span dir=\"auto\">Acondicionador Equilibrante con Aceite de \u00c1rbol de T\u00e9<\/span><span dir=\"auto\">\u00a0fue desarrollado para\u00a0<\/span><span dir=\"auto\">cabello y cuero cabelludo grasos<\/span><span dir=\"auto\">\u00a0: limpia y controla la grasa, ayuda a regular las funciones del cuero cabelludo y mantiene\u00a0<\/span><span dir=\"auto\">el equilibrio<\/span><span dir=\"auto\">\u00a0por m\u00e1s tiempo, sin resecar. Proporciona una sensaci\u00f3n de\u00a0<\/span><span dir=\"auto\">frescura<\/span><span dir=\"auto\">\u00a0y ligereza desde la primera aplicaci\u00f3n.<\/span><\/p>\n<section class=\"card\">\n<h3 class=\"kicker\"><span dir=\"auto\">\u00bfPor qu\u00e9 funciona?<\/span><\/h3>\n<ul>\n<li><span class=\"bullet-title\"><span dir=\"auto\">Aceite de \u00e1rbol de t\u00e9 (Melaleuca alternifolia):<\/span><\/span><span dir=\"auto\">\u00a0acci\u00f3n antibacteriana, antiviral y antif\u00fangica; destapa los poros del fol\u00edculo, elimina impurezas y ayuda a fortalecer la ra\u00edz.<\/span><\/li>\n<li><span class=\"bullet-title\"><span dir=\"auto\">Limpieza equilibrada y ligeramente \u00e1cida:<\/span><\/span><span dir=\"auto\">\u00a0controla la grasa durante m\u00e1s tiempo\u00a0<\/span><span dir=\"auto\">sin resecar<\/span><span dir=\"auto\">.\u00a0<\/span><span class=\"small\"><span dir=\"auto\">(pH 4,10 \u2022 25 \u00b0C)<\/span><\/span><\/li>\n<li><span class=\"bullet-title\"><span dir=\"auto\">Mezcla Real Nature:<\/span><\/span><span dir=\"auto\">\u00a0extractos bot\u00e1nicos que calman y renuevan el cuero cabelludo y la fibra capilar.<\/span><\/li>\n<\/ul>\n<\/section>\n<div class=\"divider\"><\/div>\n<section>\n<h2><span dir=\"auto\">Consejo de Aplicaci\u00f3n<\/span><\/h2>\n<div class=\"grid grid-2\">\n<div class=\"step\">\n<div class=\"badge\"><span dir=\"auto\">Paso 1 \u2014 Champ\u00fa<\/span><\/div>\n<ol>\n<li><span dir=\"auto\">Lava tu cuero cabelludo masajeando con las yemas de los dedos hasta formar espuma.<\/span><\/li>\n<li><span dir=\"auto\">Enjuague bien y repita si es necesario.<\/span><\/li>\n<\/ol>\n<\/div>\n<div class=\"step\">\n<div class=\"badge\"><span dir=\"auto\">Paso 2 \u2014 Acondicionador<\/span><\/div>\n<ol>\n<li><span dir=\"auto\">Retire el exceso de agua.<\/span><\/li>\n<li><span dir=\"auto\">Aplica el\u00a0<\/span><span dir=\"auto\">acondicionador de aceite de \u00e1rbol de t\u00e9<\/span><span dir=\"auto\">\u00a0en los largos y las puntas de tu cabello, masaje\u00e1ndolo suavemente.<\/span><\/li>\n<li><span dir=\"auto\">Dejar actuar durante\u00a0<\/span><span dir=\"auto\">2-3 minutos<\/span><span dir=\"auto\">\u00a0y enjuagar bien.<\/span><\/li>\n<\/ol>\n<p class=\"small\"><span dir=\"auto\">Consejo: Para un acabado ligero, opta por acondicionadores fluidos sin enjuague en las ra\u00edces y crema solo en las puntas.<\/span><\/p>\n<\/div>\n<\/div>\n<\/section>\n<section class=\"card\">\n<h2><span dir=\"auto\">Resultado<\/span><\/h2>\n<p><span dir=\"auto\">Fortalece\u00a0el equilibrio del cuero cabelludo.<\/span><\/p>\n<p><span dir=\"auto\">Reduce la oleosidad hasta en un 60%<\/span><span dir=\"auto\">\u00a0y proporciona una sensaci\u00f3n de frescor duradera.<\/span><\/p>\n<p><span dir=\"auto\">Cabello ligero y saludable<\/span><span dir=\"auto\">\u00a0desde la primera aplicaci\u00f3n.<\/span><\/p>\n<\/section>\n","protected":false},"excerpt":{"rendered":"<p>TEA TREE OIL El Acondicionador Kerasys Tea Tree Oil Deep Clean de 400 ml es un acondicionador profesional que complementa<\/p>\n","protected":false},"featured_media":97867,"comment_status":"open","ping_status":"closed","template":"","meta":{"nf_dc_page":""},"product_brand":[204],"product_cat":[85],"product_tag":[2727],"class_list":{"0":"post-97866","1":"product","2":"type-product","3":"status-publish","4":"has-post-thumbnail","6":"product_brand-kerasys","7":"product_cat-cosmeticos","8":"product_tag-2727","10":"first","11":"instock","12":"shipping-taxable","13":"purchasable","14":"product-type-simple"},"_links":{"self":[{"href":"https:\/\/brandss.com.py\/index\/wp-json\/wp\/v2\/product\/97866","targetHints":{"allow":["GET"]}}],"collection":[{"href":"https:\/\/brandss.com.py\/index\/wp-json\/wp\/v2\/product"}],"about":[{"href":"https:\/\/brandss.com.py\/index\/wp-json\/wp\/v2\/types\/product"}],"replies":[{"embeddable":true,"href":"https:\/\/brandss.com.py\/index\/wp-json\/wp\/v2\/comments?post=97866"}],"version-history":[{"count":1,"href":"https:\/\/brandss.com.py\/index\/wp-json\/wp\/v2\/product\/97866\/revisions"}],"predecessor-version":[{"id":97868,"href":"https:\/\/brandss.com.py\/index\/wp-json\/wp\/v2\/product\/97866\/revisions\/97868"}],"wp:featuredmedia":[{"embeddable":true,"href":"https:\/\/brandss.com.py\/index\/wp-json\/wp\/v2\/media\/97867"}],"wp:attachment":[{"href":"https:\/\/brandss.com.py\/index\/wp-json\/wp\/v2\/media?parent=97866"}],"wp:term":[{"taxonomy":"product_brand","embeddable":true,"href":"https:\/\/brandss.com.py\/index\/wp-json\/wp\/v2\/product_brand?post=97866"},{"taxonomy":"product_cat","embeddable":true,"href":"https:\/\/brandss.com.py\/index\/wp-json\/wp\/v2\/product_cat?post=97866"},{"taxonomy":"product_tag","embeddable":true,"href":"https:\/\/brandss.com.py\/index\/wp-json\/wp\/v2\/product_tag?post=97866"}],"curies":[{"name":"wp","href":"https:\/\/api.w.org\/{rel}","templated":true}]}}