{"id":97870,"date":"2026-02-10T10:36:35","date_gmt":"2026-02-10T10:36:35","guid":{"rendered":"https:\/\/brandss.com.py\/index\/?post_type=product&#038;p=97870"},"modified":"2026-02-10T10:36:57","modified_gmt":"2026-02-10T10:36:57","slug":"acondicionador-capilar-kerasys-perfumed-cherry-blossom-1000ml","status":"publish","type":"product","link":"https:\/\/brandss.com.py\/index\/producto\/acondicionador-capilar-kerasys-perfumed-cherry-blossom-1000ml\/","title":{"rendered":"ACONDICIONADOR CAPILAR KERASYS PERFUMED CHERRY BLOSSOM 1000ML"},"content":{"rendered":"<p><img loading=\"lazy\" decoding=\"async\" class=\"\" src=\"https:\/\/acdn-us.mitiendanube.com\/stores\/006\/567\/235\/themes\/common\/logo-2027072255-1755034523-ec9fa1f2ce585f2d0ef3c935b64032841755034523.png?0\" alt=\"Comprar HAIR CLINIC en KERASYS\" width=\"148\" height=\"50\" \/><\/p>\n<h1>PERFUMED CHERRY BLOSSOM<\/h1>\n<p>Acondicionador\u00a0hidratante para todo tipo de cabellos,\u00a0con extracto de flor de cerezo y aceites naturales, aporta volumen, brillo y elasticidad al cabello. Protege eficazmente el color del cabello del da\u00f1o qu\u00edmico y ambiental.\u00a0Aporta al cabello un brillo irresistible y un agradable aroma a flor de cerezos.<img loading=\"lazy\" decoding=\"async\" class=\"alignleft\" src=\"https:\/\/cdnx.jumpseller.com\/tienda-mi-estilo1\/image\/29905129\/resize\/918\/918?1669845348\" width=\"652\" height=\"652\" \/><\/p>\n<p>El acondicionador perfumado Kerasys CHERRY BLOSSOM cuenta con una deliciosa fragancia de flor de cerezo que perdura en tu cabello, dej\u00e1ndolo bellamente perfumado y cautivador.<\/p>\n<p>Aroma intenso a flor de cerezo, orqu\u00eddeas, gardenia y un toque suave de madera de s\u00e1ndalo.<\/p>\n<h3><strong>Componentes claves<\/strong><\/h3>\n<p><strong>Aceite de Arg\u00e1n y semilla de arg\u00e1n:<\/strong>\u00a0tiene vitaminas, minerales y \u00e1cidos grasos altamente beneficiosos para la piel y el pelo. Previenen el envejecimiento prematuro y reparan el da\u00f1o del pelo en pocas aplicaciones.\u00a0Equilibra el cuero cabelludo debido a que contiene polifenoles, los cuales favorecen la circulaci\u00f3n sangu\u00ednea y que las c\u00e9lulas reciban los nutrientes necesarios.\u00a0Mejora la producci\u00f3n de queratina, lo que se traduce en un cabello mucho m\u00e1s fuerte y denso.<\/p>\n<p><strong>Extracto de Flor de Cerezo:\u00a0\u00a0<\/strong>previene eficazmente los da\u00f1os causados por el medio ambiente, previene la resequedad\u00a0y evita las puntas partidas. Es alto en antioxidantes y favorece la regeneraci\u00f3n del cabello.<\/p>\n<h3>Beneficios<\/h3>\n<p><strong>Nutritivo e hidratante:<\/strong> este acondicionador nutre e hidrata profundamente tu cabello, aportando humedad esencial y dej\u00e1ndolo suave, liso y manejable. Di adi\u00f3s a los mechones secos y mediocres y hola al cabello que se ve y se siente revitalizado.<br \/>\n<strong>Desenredar y alisar:<\/strong> experimenta la alegr\u00eda del cabello liso y sin enredos con nuestro acondicionador perfumado CHERRY BLOSSOM. Desenreda tu cabello sin esfuerzo, por lo que es m\u00e1s f\u00e1cil peinarlo y peinarlo. Disfruta de los beneficios del cabello que se ve elegante, brillante y f\u00e1cil de manejar.<br \/>\n<strong>Mejora la fragancia y la frescura:<\/strong> nuestro acondicionador perfumado CHERRY BLOSSOM no solo nutre tu cabello, sino que tambi\u00e9n mejora la fragancia y frescura de tus mechones. Ayuda a bloquear el cautivador aroma de las flores de cerezo, dejando tu cabello con un olor delicioso durante todo el d\u00eda.<\/p>\n<h3>\nModo de uso<\/h3>\n<p>Despu\u00e9s del shampoo, aplica de medios a puntas en el cabello h\u00famedo, deja actuar por 2-3 minutos y enjuaga bien.<\/p>\n","protected":false},"excerpt":{"rendered":"<p>PERFUMED CHERRY BLOSSOM Acondicionador\u00a0hidratante para todo tipo de cabellos,\u00a0con extracto de flor de cerezo y aceites naturales, aporta volumen, brillo<\/p>\n","protected":false},"featured_media":97871,"comment_status":"open","ping_status":"closed","template":"","meta":{"nf_dc_page":""},"product_brand":[204],"product_cat":[85],"product_tag":[2728],"class_list":{"0":"post-97870","1":"product","2":"type-product","3":"status-publish","4":"has-post-thumbnail","6":"product_brand-kerasys","7":"product_cat-cosmeticos","8":"product_tag-2728","10":"first","11":"instock","12":"shipping-taxable","13":"purchasable","14":"product-type-simple"},"_links":{"self":[{"href":"https:\/\/brandss.com.py\/index\/wp-json\/wp\/v2\/product\/97870","targetHints":{"allow":["GET"]}}],"collection":[{"href":"https:\/\/brandss.com.py\/index\/wp-json\/wp\/v2\/product"}],"about":[{"href":"https:\/\/brandss.com.py\/index\/wp-json\/wp\/v2\/types\/product"}],"replies":[{"embeddable":true,"href":"https:\/\/brandss.com.py\/index\/wp-json\/wp\/v2\/comments?post=97870"}],"version-history":[{"count":1,"href":"https:\/\/brandss.com.py\/index\/wp-json\/wp\/v2\/product\/97870\/revisions"}],"predecessor-version":[{"id":97875,"href":"https:\/\/brandss.com.py\/index\/wp-json\/wp\/v2\/product\/97870\/revisions\/97875"}],"wp:featuredmedia":[{"embeddable":true,"href":"https:\/\/brandss.com.py\/index\/wp-json\/wp\/v2\/media\/97871"}],"wp:attachment":[{"href":"https:\/\/brandss.com.py\/index\/wp-json\/wp\/v2\/media?parent=97870"}],"wp:term":[{"taxonomy":"product_brand","embeddable":true,"href":"https:\/\/brandss.com.py\/index\/wp-json\/wp\/v2\/product_brand?post=97870"},{"taxonomy":"product_cat","embeddable":true,"href":"https:\/\/brandss.com.py\/index\/wp-json\/wp\/v2\/product_cat?post=97870"},{"taxonomy":"product_tag","embeddable":true,"href":"https:\/\/brandss.com.py\/index\/wp-json\/wp\/v2\/product_tag?post=97870"}],"curies":[{"name":"wp","href":"https:\/\/api.w.org\/{rel}","templated":true}]}}