{"id":98073,"date":"2026-02-11T14:32:58","date_gmt":"2026-02-11T14:32:58","guid":{"rendered":"https:\/\/brandss.com.py\/index\/?post_type=product&#038;p=98073"},"modified":"2026-02-11T14:33:31","modified_gmt":"2026-02-11T14:33:31","slug":"base-facial-armaf-beaute-matte-max-foundation-spf-20-coffee-30ml","status":"publish","type":"product","link":"https:\/\/brandss.com.py\/index\/producto\/base-facial-armaf-beaute-matte-max-foundation-spf-20-coffee-30ml\/","title":{"rendered":"BASE FACIAL ARMAF BEAUT\u00c9 MATTE MAX FOUNDATION SPF 20 COFFEE 30ML"},"content":{"rendered":"<p><img loading=\"lazy\" decoding=\"async\" class=\"\" src=\"https:\/\/i0.wp.com\/odora.bg\/wp-content\/uploads\/2025\/08\/ZXVZX.png?resize=84%2C84&amp;ssl=1\" alt=\"Armaf - ODORA\" width=\"84\" height=\"84\" data-recalc-dims=\"1\" \/><\/p>\n<h1>MATTE MAX FOUNDATION SPF 20<\/h1>\n<p>La base de maquillaje Matte Max presenta una f\u00f3rmula densa con una cobertura muy alta y un acabado mate que disimula las imperfecciones y manchas de la piel. Est\u00e1 enriquecida con \u00e1cido hialur\u00f3nico para una piel hidratada y cuenta con FPS 20 para protecci\u00f3n solar diaria.<\/p>\n<h3>Modo de uso<\/h3>\n<p>Aplica la base sobre el rostro y difum\u00ednala hacia afuera, cubriendo seg\u00fan sea necesario para lograr un acabado impecable.<\/p>\n","protected":false},"excerpt":{"rendered":"<p>MATTE MAX FOUNDATION SPF 20 La base de maquillaje Matte Max presenta una f\u00f3rmula densa con una cobertura muy alta<\/p>\n","protected":false},"featured_media":98074,"comment_status":"open","ping_status":"closed","template":"","meta":{"nf_dc_page":""},"product_brand":[106],"product_cat":[95],"product_tag":[2780],"class_list":{"0":"post-98073","1":"product","2":"type-product","3":"status-publish","4":"has-post-thumbnail","6":"product_brand-armaf","7":"product_cat-maquillaje","8":"product_tag-2780","10":"first","11":"instock","12":"shipping-taxable","13":"purchasable","14":"product-type-simple"},"_links":{"self":[{"href":"https:\/\/brandss.com.py\/index\/wp-json\/wp\/v2\/product\/98073","targetHints":{"allow":["GET"]}}],"collection":[{"href":"https:\/\/brandss.com.py\/index\/wp-json\/wp\/v2\/product"}],"about":[{"href":"https:\/\/brandss.com.py\/index\/wp-json\/wp\/v2\/types\/product"}],"replies":[{"embeddable":true,"href":"https:\/\/brandss.com.py\/index\/wp-json\/wp\/v2\/comments?post=98073"}],"version-history":[{"count":1,"href":"https:\/\/brandss.com.py\/index\/wp-json\/wp\/v2\/product\/98073\/revisions"}],"predecessor-version":[{"id":98076,"href":"https:\/\/brandss.com.py\/index\/wp-json\/wp\/v2\/product\/98073\/revisions\/98076"}],"wp:featuredmedia":[{"embeddable":true,"href":"https:\/\/brandss.com.py\/index\/wp-json\/wp\/v2\/media\/98074"}],"wp:attachment":[{"href":"https:\/\/brandss.com.py\/index\/wp-json\/wp\/v2\/media?parent=98073"}],"wp:term":[{"taxonomy":"product_brand","embeddable":true,"href":"https:\/\/brandss.com.py\/index\/wp-json\/wp\/v2\/product_brand?post=98073"},{"taxonomy":"product_cat","embeddable":true,"href":"https:\/\/brandss.com.py\/index\/wp-json\/wp\/v2\/product_cat?post=98073"},{"taxonomy":"product_tag","embeddable":true,"href":"https:\/\/brandss.com.py\/index\/wp-json\/wp\/v2\/product_tag?post=98073"}],"curies":[{"name":"wp","href":"https:\/\/api.w.org\/{rel}","templated":true}]}}