{"id":98148,"date":"2026-02-12T11:02:43","date_gmt":"2026-02-12T11:02:43","guid":{"rendered":"https:\/\/brandss.com.py\/index\/?post_type=product&#038;p=98148"},"modified":"2026-02-12T11:03:09","modified_gmt":"2026-02-12T11:03:09","slug":"polvo-facial-armaf-beaute-parfaite-fix-compact-tan-8gr","status":"publish","type":"product","link":"https:\/\/brandss.com.py\/index\/producto\/polvo-facial-armaf-beaute-parfaite-fix-compact-tan-8gr\/","title":{"rendered":"POLVO FACIAL ARMAF BEAUT\u00c9 PARFAITE FIX COMPACT TAN 8GR"},"content":{"rendered":"<p><img loading=\"lazy\" decoding=\"async\" class=\"\" src=\"https:\/\/i0.wp.com\/odora.bg\/wp-content\/uploads\/2025\/08\/ZXVZX.png?resize=60%2C60&amp;ssl=1\" alt=\"Armaf - ODORA\" width=\"60\" height=\"60\" data-recalc-dims=\"1\" \/><\/p>\n<h1>PARFAITE FIX COMPACT<\/h1>\n<p><span dir=\"auto\">Es un polvo ligero y sedoso que absorbe el exceso de grasa y deja una capa uniforme sobre la piel. Difumina y suaviza las imperfecciones, sin acumularse en l\u00edneas de expresi\u00f3n ni arrugas. Solo tienes que aplicar un poco de compacto en las zonas propensas al sudor del rostro y te durar\u00e1 todo el d\u00eda, incluso si decides darte un chapuz\u00f3n en la piscina.<img decoding=\"async\" class=\"alignleft\" src=\"https:\/\/i0.wp.com\/armafbeaute.com\/cdn\/shop\/files\/6294015176438_11-_2.jpg?ssl=1\" data-recalc-dims=\"1\" \/><\/span><\/p>\n<h3><strong><span dir=\"auto\">Beneficios<\/span><\/strong><\/h3>\n<ol>\n<li><span dir=\"auto\">Acabado mate sin costuras.<\/span><\/li>\n<li><span dir=\"auto\">F\u00f3rmula ligera.<\/span><\/li>\n<li><span dir=\"auto\">Polvo ultrafino.<\/span><\/li>\n<li><span dir=\"auto\">Difuminar la imperfecci\u00f3n.<\/span><\/li>\n<li><span dir=\"auto\">Textura suave y sedosa.<\/span><\/li>\n<li><span dir=\"auto\">6 tonos para elegir.<\/span><\/li>\n<\/ol>\n<h3><strong><span dir=\"auto\">Modo de uso<\/span><\/strong><\/h3>\n<p><span dir=\"auto\">Aplica el producto sobre la borla aplicadora y conc\u00e9ntrate en la zona T y las zonas con brillos.<\/span><\/p>\n<p><span dir=\"auto\">Difumina suavemente el polvo con movimientos circulares para un acabado suave y natural. Aseg\u00farate de difuminarlo bien alrededor de la mand\u00edbula y la l\u00ednea del cabello.<\/span><\/p>\n<p><span dir=\"auto\">Lleva contigo tus polvos compactos para retoques r\u00e1pidos a lo largo del d\u00eda y mantener una tez fresca y mate, eliminando el exceso de brillos y manteniendo el maquillaje en su lugar.<\/span><\/p>\n","protected":false},"excerpt":{"rendered":"<p>PARFAITE FIX COMPACT Es un polvo ligero y sedoso que absorbe el exceso de grasa y deja una capa uniforme<\/p>\n","protected":false},"featured_media":98141,"comment_status":"open","ping_status":"closed","template":"","meta":{"nf_dc_page":""},"product_brand":[106],"product_cat":[95],"product_tag":[2795],"class_list":{"0":"post-98148","1":"product","2":"type-product","3":"status-publish","4":"has-post-thumbnail","6":"product_brand-armaf","7":"product_cat-maquillaje","8":"product_tag-2795","10":"first","11":"instock","12":"shipping-taxable","13":"purchasable","14":"product-type-simple"},"_links":{"self":[{"href":"https:\/\/brandss.com.py\/index\/wp-json\/wp\/v2\/product\/98148","targetHints":{"allow":["GET"]}}],"collection":[{"href":"https:\/\/brandss.com.py\/index\/wp-json\/wp\/v2\/product"}],"about":[{"href":"https:\/\/brandss.com.py\/index\/wp-json\/wp\/v2\/types\/product"}],"replies":[{"embeddable":true,"href":"https:\/\/brandss.com.py\/index\/wp-json\/wp\/v2\/comments?post=98148"}],"version-history":[{"count":1,"href":"https:\/\/brandss.com.py\/index\/wp-json\/wp\/v2\/product\/98148\/revisions"}],"predecessor-version":[{"id":98150,"href":"https:\/\/brandss.com.py\/index\/wp-json\/wp\/v2\/product\/98148\/revisions\/98150"}],"wp:featuredmedia":[{"embeddable":true,"href":"https:\/\/brandss.com.py\/index\/wp-json\/wp\/v2\/media\/98141"}],"wp:attachment":[{"href":"https:\/\/brandss.com.py\/index\/wp-json\/wp\/v2\/media?parent=98148"}],"wp:term":[{"taxonomy":"product_brand","embeddable":true,"href":"https:\/\/brandss.com.py\/index\/wp-json\/wp\/v2\/product_brand?post=98148"},{"taxonomy":"product_cat","embeddable":true,"href":"https:\/\/brandss.com.py\/index\/wp-json\/wp\/v2\/product_cat?post=98148"},{"taxonomy":"product_tag","embeddable":true,"href":"https:\/\/brandss.com.py\/index\/wp-json\/wp\/v2\/product_tag?post=98148"}],"curies":[{"name":"wp","href":"https:\/\/api.w.org\/{rel}","templated":true}]}}