{"id":98204,"date":"2026-02-12T14:37:42","date_gmt":"2026-02-12T14:37:42","guid":{"rendered":"https:\/\/brandss.com.py\/index\/?post_type=product&#038;p=98204"},"modified":"2026-02-12T14:38:09","modified_gmt":"2026-02-12T14:38:09","slug":"base-facial-armaf-beaute-parfaite-fix-liq-foundation-coverage-24-hr-tan-27ml","status":"publish","type":"product","link":"https:\/\/brandss.com.py\/index\/producto\/base-facial-armaf-beaute-parfaite-fix-liq-foundation-coverage-24-hr-tan-27ml\/","title":{"rendered":"BASE FACIAL ARMAF BEAUT\u00c9 PARFAITE FIX LIQ FOUNDATION COVERAGE 24 HR TAN 27ML"},"content":{"rendered":"<p><img loading=\"lazy\" decoding=\"async\" class=\"\" src=\"https:\/\/i0.wp.com\/odora.bg\/wp-content\/uploads\/2025\/08\/ZXVZX.png?resize=125%2C125&amp;ssl=1\" alt=\"Armaf - ODORA\" width=\"125\" height=\"125\" data-recalc-dims=\"1\" \/><\/p>\n<h1>PARFAITE FIX LIQ FOUNDATION<\/h1>\n<p>Una base l\u00edquida de 24 horas de duraci\u00f3n con un acabado mate natural que unifica el tono desigual de la piel y cubre las imperfecciones con una cobertura modulable.<img decoding=\"async\" class=\"alignleft\" src=\"https:\/\/i0.wp.com\/armafbeaute.com\/cdn\/shop\/files\/294015176568_4.jpg?ssl=1\" data-recalc-dims=\"1\" \/><\/p>\n<div>\n<div class=\"summary__title\">\n<h3><\/h3>\n<h3 class=\"h4 accordion__title inline-richtext\"><span dir=\"auto\">Beneficios<\/span><\/h3>\n<\/div>\n<\/div>\n<div id=\"ProductAccordion-collapsible_tab_cB64N4-template--18051886940359__main\" class=\"accordion__content rte\">\n<div class=\"metafield-rich_text_field\">\n<ul>\n<li><span dir=\"auto\">Dura hasta 24 horas.<\/span><\/li>\n<li><span dir=\"auto\">Acabado mate natural.<\/span><\/li>\n<li><span dir=\"auto\">Resistente al agua.<\/span><\/li>\n<li><span dir=\"auto\">Cobertura edificable.<\/span><\/li>\n<li><span dir=\"auto\">Enriquecido con \u00e1cido hialuronato.<\/span><\/li>\n<li><span dir=\"auto\">Vitamina C\/E\/B5 enriquecida.<\/span><\/li>\n<\/ul>\n<div>\n<div class=\"summary__title\">\n<h3><\/h3>\n<h3 class=\"h4 accordion__title inline-richtext\"><span dir=\"auto\">Modo de uso<\/span><\/h3>\n<\/div>\n<\/div>\n<div id=\"ProductAccordion-collapsible_tab_ymcUjQ-template--18051886940359__main\" class=\"accordion__content rte\">\n<div class=\"metafield-rich_text_field\">\n<p><span dir=\"auto\">Usa una esponja o brocha de maquillaje para aplicar la base de maquillaje uniformemente, empezando desde el centro del rostro y difumin\u00e1ndola hacia afuera. Presta atenci\u00f3n a las zonas que podr\u00edan necesitar m\u00e1s cobertura.<\/span><\/p>\n<\/div>\n<\/div>\n<\/div>\n<\/div>\n","protected":false},"excerpt":{"rendered":"<p>PARFAITE FIX LIQ FOUNDATION Una base l\u00edquida de 24 horas de duraci\u00f3n con un acabado mate natural que unifica el<\/p>\n","protected":false},"featured_media":98205,"comment_status":"open","ping_status":"closed","template":"","meta":{"nf_dc_page":""},"product_brand":[106],"product_cat":[95],"product_tag":[2807],"class_list":{"0":"post-98204","1":"product","2":"type-product","3":"status-publish","4":"has-post-thumbnail","6":"product_brand-armaf","7":"product_cat-maquillaje","8":"product_tag-2807","10":"first","11":"instock","12":"shipping-taxable","13":"purchasable","14":"product-type-simple"},"_links":{"self":[{"href":"https:\/\/brandss.com.py\/index\/wp-json\/wp\/v2\/product\/98204","targetHints":{"allow":["GET"]}}],"collection":[{"href":"https:\/\/brandss.com.py\/index\/wp-json\/wp\/v2\/product"}],"about":[{"href":"https:\/\/brandss.com.py\/index\/wp-json\/wp\/v2\/types\/product"}],"replies":[{"embeddable":true,"href":"https:\/\/brandss.com.py\/index\/wp-json\/wp\/v2\/comments?post=98204"}],"version-history":[{"count":1,"href":"https:\/\/brandss.com.py\/index\/wp-json\/wp\/v2\/product\/98204\/revisions"}],"predecessor-version":[{"id":98207,"href":"https:\/\/brandss.com.py\/index\/wp-json\/wp\/v2\/product\/98204\/revisions\/98207"}],"wp:featuredmedia":[{"embeddable":true,"href":"https:\/\/brandss.com.py\/index\/wp-json\/wp\/v2\/media\/98205"}],"wp:attachment":[{"href":"https:\/\/brandss.com.py\/index\/wp-json\/wp\/v2\/media?parent=98204"}],"wp:term":[{"taxonomy":"product_brand","embeddable":true,"href":"https:\/\/brandss.com.py\/index\/wp-json\/wp\/v2\/product_brand?post=98204"},{"taxonomy":"product_cat","embeddable":true,"href":"https:\/\/brandss.com.py\/index\/wp-json\/wp\/v2\/product_cat?post=98204"},{"taxonomy":"product_tag","embeddable":true,"href":"https:\/\/brandss.com.py\/index\/wp-json\/wp\/v2\/product_tag?post=98204"}],"curies":[{"name":"wp","href":"https:\/\/api.w.org\/{rel}","templated":true}]}}