{"id":98223,"date":"2026-02-12T17:41:46","date_gmt":"2026-02-12T17:41:46","guid":{"rendered":"https:\/\/brandss.com.py\/index\/?post_type=product&#038;p=98223"},"modified":"2026-02-12T17:42:25","modified_gmt":"2026-02-12T17:42:25","slug":"labial-liquido-armaf-beaute-creme-touch-matte-nantes-3gr","status":"publish","type":"product","link":"https:\/\/brandss.com.py\/index\/producto\/labial-liquido-armaf-beaute-creme-touch-matte-nantes-3gr\/","title":{"rendered":"LABIAL L\u00cdQUIDO ARMAF BEAUT\u00c9 CR\u00c8ME TOUCH MATTE NANTES 3GR"},"content":{"rendered":"<p><img loading=\"lazy\" decoding=\"async\" class=\"\" src=\"https:\/\/i0.wp.com\/odora.bg\/wp-content\/uploads\/2025\/08\/ZXVZX.png?resize=82%2C82&amp;ssl=1\" alt=\"Armaf - ODORA\" width=\"82\" height=\"82\" data-recalc-dims=\"1\" \/><\/p>\n<h1>CR\u00c8ME TOUCH MATTE<\/h1>\n<div class=\"OverviewTab-module-scss-module__NTeOuq__overviewDescriptionCtr\">\n<div class=\"OverviewDescription-module-scss-module__VOioTG__overviewDescriptionWrapper\">\n<p><span dir=\"auto\">Experimenta la combinaci\u00f3n perfecta de color, comodidad y durabilidad con este labial cremoso semimate. Nuestra f\u00f3rmula est\u00e1 impregnada de pigmentos ricos, as\u00ed que una sola pasada es suficiente para lograr un look vibrante e impactante. El labial se desliza f\u00e1cilmente, proporcionando un acabado mate suave y cremoso que luce elegante y se siente incre\u00edblemente c\u00f3modo. A diferencia de los labiales mate tradicionales, esta textura no reseca los labios, lo que garantiza que se sientan suaves y flexibles durante todo el d\u00eda. Es hora de disfrutar de un labial de larga duraci\u00f3n que no compromete la comodidad ni el color. Perfecto para cualquier ocasi\u00f3n, este labial es un complemento esencial para tu colecci\u00f3n de maquillaje.<\/span><\/p>\n<p><span dir=\"auto\">Una f\u00f3rmula ligera y cremosa que se desliza sobre los labios como mantequilla. C\u00f3modo de usar durante largas horas sin comprometer la hidrataci\u00f3n labial. \u00a1Es hora de decir no a los labios agrietados!<\/span><\/p>\n<p><img loading=\"lazy\" decoding=\"async\" class=\"wp-image-98221 alignleft\" src=\"https:\/\/i0.wp.com\/brandss.com.py\/index\/wp-content\/uploads\/2026\/02\/LYON-5.png?resize=449%2C445&amp;ssl=1\" alt=\"\" width=\"449\" height=\"445\" data-recalc-dims=\"1\" srcset=\"https:\/\/brandss.com.py\/index\/wp-content\/uploads\/2026\/02\/LYON-5.png 600w, https:\/\/brandss.com.py\/index\/wp-content\/uploads\/2026\/02\/LYON-5-303x300.png 303w, https:\/\/brandss.com.py\/index\/wp-content\/uploads\/2026\/02\/LYON-5-150x149.png 150w, https:\/\/brandss.com.py\/index\/wp-content\/uploads\/2026\/02\/LYON-5-430x426.png 430w\" sizes=\"auto, (max-width: 449px) 100vw, 449px\" \/><\/p>\n<\/div>\n<\/div>\n<div class=\"OverviewTab-module-scss-module__NTeOuq__highlightsCtr\">\n<h3 class=\"OverviewTab-module-scss-module__NTeOuq__columnTitle\"><span dir=\"auto\">Caracter\u00edsticas<\/span><\/h3>\n<ul>\n<li><span dir=\"auto\"><strong>Acabado semi-mate:<\/strong>\u00a0ofrece un hermoso acabado mate suave y cremoso que es sofisticado y c\u00f3modo de usar.<\/span><\/li>\n<li><span dir=\"auto\"><strong>Pigmentaci\u00f3n rica:<\/strong>\u00a0con pigmentos ricos para lograr un color intenso y vibrante con una sola pasada sin esfuerzo.<\/span><\/li>\n<li><span dir=\"auto\"><strong>Aplicaci\u00f3n suave:<\/strong>\u00a0la f\u00f3rmula se desliza sin esfuerzo, lo que garantiza una aplicaci\u00f3n suave y uniforme en todo momento.<\/span><\/li>\n<li><span dir=\"auto\"><strong>Textura que no reseca:<\/strong>\u00a0dise\u00f1ada para no resecar, manteniendo tus labios c\u00f3modos e hidratados durante todo el d\u00eda.<\/span><\/li>\n<li><span dir=\"auto\"><strong>Ligero y de larga duraci\u00f3n:<\/strong>\u00a0se siente incre\u00edblemente ligero en los labios y al mismo tiempo proporciona un uso duradero, para que puedas disfrutar de tu d\u00eda sin preocuparte por los retoques.<\/span><\/li>\n<\/ul>\n<h3><span dir=\"auto\">Modo de uso<\/span><\/h3>\n<p><span dir=\"auto\">Usa el aplicador para delinear tus labios, comenzando desde el arco de Cupido y extendi\u00e9ndolo hacia afuera para una definici\u00f3n precisa.<\/span><\/p>\n<p><span dir=\"auto\">Desliza el labial l\u00edquido por tus labios, asegurando una aplicaci\u00f3n uniforme y suave gracias a su textura cremosa.<\/span><\/p>\n<p><span dir=\"auto\">Para un color m\u00e1s intenso, deja que la primera capa se fije y luego aplica el labial l\u00edquido gradualmente hasta lograr la profundidad deseada, con un acabado cremoso y duradero.<\/span><\/p>\n<\/div>\n","protected":false},"excerpt":{"rendered":"<p>CR\u00c8ME TOUCH MATTE Experimenta la combinaci\u00f3n perfecta de color, comodidad y durabilidad con este labial cremoso semimate. Nuestra f\u00f3rmula est\u00e1<\/p>\n","protected":false},"featured_media":98224,"comment_status":"open","ping_status":"closed","template":"","meta":{"nf_dc_page":""},"product_brand":[106],"product_cat":[95],"product_tag":[2810],"class_list":{"0":"post-98223","1":"product","2":"type-product","3":"status-publish","4":"has-post-thumbnail","6":"product_brand-armaf","7":"product_cat-maquillaje","8":"product_tag-2810","10":"first","11":"instock","12":"shipping-taxable","13":"purchasable","14":"product-type-simple"},"_links":{"self":[{"href":"https:\/\/brandss.com.py\/index\/wp-json\/wp\/v2\/product\/98223","targetHints":{"allow":["GET"]}}],"collection":[{"href":"https:\/\/brandss.com.py\/index\/wp-json\/wp\/v2\/product"}],"about":[{"href":"https:\/\/brandss.com.py\/index\/wp-json\/wp\/v2\/types\/product"}],"replies":[{"embeddable":true,"href":"https:\/\/brandss.com.py\/index\/wp-json\/wp\/v2\/comments?post=98223"}],"version-history":[{"count":1,"href":"https:\/\/brandss.com.py\/index\/wp-json\/wp\/v2\/product\/98223\/revisions"}],"predecessor-version":[{"id":98229,"href":"https:\/\/brandss.com.py\/index\/wp-json\/wp\/v2\/product\/98223\/revisions\/98229"}],"wp:featuredmedia":[{"embeddable":true,"href":"https:\/\/brandss.com.py\/index\/wp-json\/wp\/v2\/media\/98224"}],"wp:attachment":[{"href":"https:\/\/brandss.com.py\/index\/wp-json\/wp\/v2\/media?parent=98223"}],"wp:term":[{"taxonomy":"product_brand","embeddable":true,"href":"https:\/\/brandss.com.py\/index\/wp-json\/wp\/v2\/product_brand?post=98223"},{"taxonomy":"product_cat","embeddable":true,"href":"https:\/\/brandss.com.py\/index\/wp-json\/wp\/v2\/product_cat?post=98223"},{"taxonomy":"product_tag","embeddable":true,"href":"https:\/\/brandss.com.py\/index\/wp-json\/wp\/v2\/product_tag?post=98223"}],"curies":[{"name":"wp","href":"https:\/\/api.w.org\/{rel}","templated":true}]}}