{"id":98404,"date":"2026-02-14T12:42:33","date_gmt":"2026-02-14T12:42:33","guid":{"rendered":"https:\/\/brandss.com.py\/index\/?post_type=product&#038;p=98404"},"modified":"2026-02-14T12:46:54","modified_gmt":"2026-02-14T12:46:54","slug":"lapiz-labial-armaf-beaute-true-matte-bullet-schon-4ml","status":"publish","type":"product","link":"https:\/\/brandss.com.py\/index\/producto\/lapiz-labial-armaf-beaute-true-matte-bullet-schon-4ml\/","title":{"rendered":"L\u00c1PIZ LABIAL ARMAF BEAUT\u00c9 TRUE MATTE BULLET SCHON 4ML"},"content":{"rendered":"<p><img loading=\"lazy\" decoding=\"async\" class=\"\" src=\"https:\/\/i0.wp.com\/odora.bg\/wp-content\/uploads\/2025\/08\/ZXVZX.png?resize=98%2C98&amp;ssl=1\" alt=\"Armaf - ODORA\" width=\"98\" height=\"98\" data-recalc-dims=\"1\" \/><\/p>\n<h1>TRUE MATTE BULLET<\/h1>\n<div class=\"OverviewTab-module-scss-module__NTeOuq__overviewDescriptionCtr\">\n<div class=\"OverviewDescription-module-scss-module__VOioTG__overviewDescriptionWrapper\">\n<p class=\"OverviewDescription-module-scss-module__VOioTG__overviewDesc\"><span dir=\"auto\">Descubre el poder del labial True Matte Bullet, dise\u00f1ado para brindar un acabado mate cremoso y suave con una comodidad y durabilidad inigualables. Su f\u00f3rmula se desliza f\u00e1cilmente sobre los labios, ofreciendo larga duraci\u00f3n, resistencia al agua y un color ultrapigmentado que dura de d\u00eda a noche. A diferencia de los mates tradicionales, True Matte combina una textura rica y cremosa con una alta cobertura en una sola pasada. Su dise\u00f1o en forma de bala garantiza una aplicaci\u00f3n precisa, lo que lo hace perfecto para lograr un look de labios impecable y profesional en todo momento. Ya sea que te vistas elegante para un evento especial o busques un b\u00e1sico para el d\u00eda a d\u00eda, el labial True Matte Bullet brinda un color intenso y seguro con una elegancia suave y mate que no se desvanece ni se corre f\u00e1cilmente.<\/span><\/p>\n<\/div>\n<\/div>\n<div class=\"OverviewTab-module-scss-module__NTeOuq__highlightsCtr\">\n<h3 class=\"OverviewTab-module-scss-module__NTeOuq__columnTitle\"><span dir=\"auto\">Caracter\u00edsticas<img decoding=\"async\" class=\"alignleft\" src=\"https:\/\/i0.wp.com\/armafbeaute.com\/cdn\/shop\/files\/6294015177558-5_81c3dc0e-5bec-4f1d-8eb7-215dca503646.jpg?ssl=1\" data-recalc-dims=\"1\" \/><\/span><\/h3>\n<ul>\n<li><span dir=\"auto\">F\u00f3rmula cremosa mate: Textura suave y c\u00f3moda que se desliza f\u00e1cilmente sin tirones<\/span><\/li>\n<li><span dir=\"auto\">Ultra Color Payoff: Este l\u00e1piz labial altamente pigmentado brinda un color intenso y vibrante en una sola pasada.<\/span><\/li>\n<li><span dir=\"auto\">Resistente al agua y de larga duraci\u00f3n: permanece en su lugar durante horas sin decolorarse, mancharse ni transferirse.<\/span><\/li>\n<li><span dir=\"auto\">Acabado mate perfecto: proporciona un aspecto mate impecable manteniendo los labios suaves y c\u00f3modos.<\/span><\/li>\n<li><span dir=\"auto\">L\u00e1piz labial con dise\u00f1o de bala: formato de bala cl\u00e1sico para una aplicaci\u00f3n precisa y sin esfuerzo en cualquier momento.<\/span><\/li>\n<\/ul>\n<h3 class=\"mb-6 text-lg font-semibold tracking-tighter text-[#344054]\"><span dir=\"auto\">Beneficios<\/span><\/h3>\n<ul>\n<li><span dir=\"auto\">Acabado mate aut\u00e9ntico para un look atrevido y elegante.<\/span><\/li>\n<li>F\u00f3rmula ligera que garantiza un uso c\u00f3modo.<\/li>\n<li>Resultados de color intensos con solo una pasada.<\/li>\n<li>Cobertura duradera para una confianza que dura todo el d\u00eda..<\/li>\n<li>Dise\u00f1o de bala suave para una aplicaci\u00f3n f\u00e1cil y precisa.<\/li>\n<\/ul>\n<h3><\/h3>\n<h3>Modo de uso<\/h3>\n<div id=\"ProductAccordion-collapsible_tab_ymcUjQ-template--18051886940359__main\" class=\"accordion__content rte\">\n<div class=\"metafield-rich_text_field\">\n<p><span dir=\"auto\">Usa la punta del aplicador para delinear tus labios y luego aplica el color uniformemente. Empieza desde el centro y trabaja hacia afuera para mayor precisi\u00f3n.<\/span><\/p>\n<p><span dir=\"auto\">Tras la primera aplicaci\u00f3n, seca suavemente tus labios con un pa\u00f1uelo de papel para eliminar el exceso de producto. Esto ayuda a fijar el acabado mate y a prolongar su duraci\u00f3n.<\/span><\/p>\n<\/div>\n<\/div>\n<\/div>\n","protected":false},"excerpt":{"rendered":"<p>TRUE MATTE BULLET Descubre el poder del labial True Matte Bullet, dise\u00f1ado para brindar un acabado mate cremoso y suave<\/p>\n","protected":false},"featured_media":98405,"comment_status":"open","ping_status":"closed","template":"","meta":{"nf_dc_page":""},"product_brand":[106],"product_cat":[95],"product_tag":[2839],"class_list":{"0":"post-98404","1":"product","2":"type-product","3":"status-publish","4":"has-post-thumbnail","6":"product_brand-armaf","7":"product_cat-maquillaje","8":"product_tag-2839","10":"first","11":"instock","12":"shipping-taxable","13":"purchasable","14":"product-type-simple"},"_links":{"self":[{"href":"https:\/\/brandss.com.py\/index\/wp-json\/wp\/v2\/product\/98404","targetHints":{"allow":["GET"]}}],"collection":[{"href":"https:\/\/brandss.com.py\/index\/wp-json\/wp\/v2\/product"}],"about":[{"href":"https:\/\/brandss.com.py\/index\/wp-json\/wp\/v2\/types\/product"}],"replies":[{"embeddable":true,"href":"https:\/\/brandss.com.py\/index\/wp-json\/wp\/v2\/comments?post=98404"}],"version-history":[{"count":1,"href":"https:\/\/brandss.com.py\/index\/wp-json\/wp\/v2\/product\/98404\/revisions"}],"predecessor-version":[{"id":98409,"href":"https:\/\/brandss.com.py\/index\/wp-json\/wp\/v2\/product\/98404\/revisions\/98409"}],"wp:featuredmedia":[{"embeddable":true,"href":"https:\/\/brandss.com.py\/index\/wp-json\/wp\/v2\/media\/98405"}],"wp:attachment":[{"href":"https:\/\/brandss.com.py\/index\/wp-json\/wp\/v2\/media?parent=98404"}],"wp:term":[{"taxonomy":"product_brand","embeddable":true,"href":"https:\/\/brandss.com.py\/index\/wp-json\/wp\/v2\/product_brand?post=98404"},{"taxonomy":"product_cat","embeddable":true,"href":"https:\/\/brandss.com.py\/index\/wp-json\/wp\/v2\/product_cat?post=98404"},{"taxonomy":"product_tag","embeddable":true,"href":"https:\/\/brandss.com.py\/index\/wp-json\/wp\/v2\/product_tag?post=98404"}],"curies":[{"name":"wp","href":"https:\/\/api.w.org\/{rel}","templated":true}]}}