{"id":98443,"date":"2026-02-16T13:23:56","date_gmt":"2026-02-16T13:23:56","guid":{"rendered":"https:\/\/brandss.com.py\/index\/?post_type=product&#038;p=98443"},"modified":"2026-02-16T16:32:21","modified_gmt":"2026-02-16T16:32:21","slug":"lapiz-labial-armaf-beaute-velvet-matte-rochelle-2-6gr","status":"publish","type":"product","link":"https:\/\/brandss.com.py\/index\/producto\/lapiz-labial-armaf-beaute-velvet-matte-rochelle-2-6gr\/","title":{"rendered":"L\u00c1PIZ LABIAL ARMAF BEAUT\u00c9 VELVET MATTE ROCHELLE 2.6GR"},"content":{"rendered":"<p><img loading=\"lazy\" decoding=\"async\" class=\"\" src=\"https:\/\/i0.wp.com\/odora.bg\/wp-content\/uploads\/2025\/08\/ZXVZX.png?resize=97%2C97&amp;ssl=1\" alt=\"Armaf - ODORA\" width=\"97\" height=\"97\" data-recalc-dims=\"1\" \/><\/p>\n<h1>VELVET MATTE<\/h1>\n<p>Un labial ultramate y s\u00faper intenso con la suavidad de un tratamiento labial hidratante. Su f\u00f3rmula incluye manteca de karit\u00e9 en cantidades conocidas por brindar mayor confort e hidrataci\u00f3n. \u00a1Es hora de elevar el mate a una nueva elegancia!<\/p>\n<p><img decoding=\"async\" class=\"alignleft\" src=\"https:\/\/i0.wp.com\/armafbeaute.com\/cdn\/shop\/files\/6294015176957-4_6b33012e-bfe3-431b-9363-39ae3f737af3.jpg?ssl=1\" data-recalc-dims=\"1\" \/><\/p>\n<div>\n<div class=\"summary__title\">\n<p>Redefine la elegancia con el labial Velvet Matte Bullet, un lujoso color de labios que ofrece una intensidad ultramate con la comodidad de la hidrataci\u00f3n. A diferencia de los labiales mate tradicionales, esta f\u00f3rmula est\u00e1 enriquecida con manteca de karit\u00e9 en niveles comprobados para proporcionar hidrataci\u00f3n y confort adicionales, para que tus labios se mantengan suaves y flexibles todo el d\u00eda. Con su pigmentaci\u00f3n s\u00faper rica, Velvet Matte ofrece una cobertura completa y audaz en una sola pasada. Su textura suave se desliza f\u00e1cilmente sobre los labios sin tirones ni resecarlos, lo que lo convierte en un imprescindible tanto para el d\u00eda a d\u00eda como para ocasiones especiales. Su cl\u00e1sico dise\u00f1o de bala garantiza una aplicaci\u00f3n precisa y sin esfuerzo, mientras que el elegante acabado mate eleva tu look de maquillaje con una sofisticaci\u00f3n atemporal. Lleva el mate a un nuevo nivel de belleza con el labial Velvet Matte Bullet, donde la riqueza se une a la comodidad.<\/p>\n<div>\n<div class=\"summary__title\">\n<div class=\"OverviewTab-module-scss-module__NTeOuq__highlightsCtr\">\n<h3 class=\"OverviewTab-module-scss-module__NTeOuq__columnTitle\"><span dir=\"auto\">Caracter<strong class=\"Yjhzub\">\u00ed<\/strong>sticas<\/span><\/h3>\n<ul>\n<li><span dir=\"auto\">Acabado ultramate: consigue un look mate audaz y aterciopelado con un resultado de color intenso y rico en una sola pasada.<\/span><\/li>\n<li><span dir=\"auto\">Hidratante con manteca de karit\u00e9: infundido con manteca de karit\u00e9 para mantener los labios suaves, nutridos y c\u00f3modos durante todo el d\u00eda.<\/span><\/li>\n<li><span dir=\"auto\">Comodidad que no reseca: la textura suave se desliza f\u00e1cilmente sin tirar, agrietar ni resecar los labios.<\/span><\/li>\n<li><span dir=\"auto\">Larga duraci\u00f3n: la f\u00f3rmula de alto rendimiento proporciona un color vibrante que permanece durante horas.<\/span><\/li>\n<li><span dir=\"auto\">Elegante dise\u00f1o de bala: L\u00e1piz labial cl\u00e1sico en forma de bala para una aplicaci\u00f3n precisa y sin esfuerzo en cualquier momento y en cualquier lugar.<\/span><\/li>\n<\/ul>\n<p>&nbsp;<\/p>\n<\/div>\n<\/div>\n<\/div>\n<h2 class=\"h4 accordion__title inline-richtext\"><span dir=\"auto\">Beneficios<\/span><\/h2>\n<p>&nbsp;<\/p>\n<\/div>\n<\/div>\n<div id=\"ProductAccordion-collapsible_tab_cB64N4-template--18051886940359__main\" class=\"accordion__content rte\">\n<div class=\"metafield-rich_text_field\">\n<ul>\n<li><span dir=\"auto\">Textura suave y sedosa<\/span><\/li>\n<li><span dir=\"auto\">Acabado mate aterciopelado<\/span><\/li>\n<li><span dir=\"auto\">Intensa recompensa<\/span><\/li>\n<li><span dir=\"auto\">Ligero<\/span><\/li>\n<li><span dir=\"auto\">Enriquecido con manteca de karit\u00e9<\/span><\/li>\n<\/ul>\n<div>\n<div class=\"summary__title\">\n<h2><\/h2>\n<h2 class=\"h4 accordion__title inline-richtext\"><span dir=\"auto\">Modo de uso<\/span><\/h2>\n<p>&nbsp;<\/p>\n<\/div>\n<\/div>\n<div id=\"ProductAccordion-collapsible_tab_ymcUjQ-template--18051886940359__main\" class=\"accordion__content rte\">\n<div class=\"metafield-rich_text_field\">\n<p><span dir=\"auto\">Comienza delineando tus labios con un delineador a juego, asegur\u00e1ndote de que sea preciso. A continuaci\u00f3n, para una aplicaci\u00f3n directa, presiona suavemente el labial sobre tus labios con una presi\u00f3n uniforme y ligera. Despu\u00e9s, junta los labios para lograr una distribuci\u00f3n uniforme del color.<\/span><\/p>\n<\/div>\n<\/div>\n<\/div>\n<\/div>\n","protected":false},"excerpt":{"rendered":"<p>VELVET MATTE Un labial ultramate y s\u00faper intenso con la suavidad de un tratamiento labial hidratante. Su f\u00f3rmula incluye manteca<\/p>\n","protected":false},"featured_media":98444,"comment_status":"open","ping_status":"closed","template":"","meta":{"nf_dc_page":""},"product_brand":[106],"product_cat":[95],"product_tag":[2845],"class_list":{"0":"post-98443","1":"product","2":"type-product","3":"status-publish","4":"has-post-thumbnail","6":"product_brand-armaf","7":"product_cat-maquillaje","8":"product_tag-2845","10":"first","11":"instock","12":"shipping-taxable","13":"purchasable","14":"product-type-simple"},"_links":{"self":[{"href":"https:\/\/brandss.com.py\/index\/wp-json\/wp\/v2\/product\/98443","targetHints":{"allow":["GET"]}}],"collection":[{"href":"https:\/\/brandss.com.py\/index\/wp-json\/wp\/v2\/product"}],"about":[{"href":"https:\/\/brandss.com.py\/index\/wp-json\/wp\/v2\/types\/product"}],"replies":[{"embeddable":true,"href":"https:\/\/brandss.com.py\/index\/wp-json\/wp\/v2\/comments?post=98443"}],"version-history":[{"count":2,"href":"https:\/\/brandss.com.py\/index\/wp-json\/wp\/v2\/product\/98443\/revisions"}],"predecessor-version":[{"id":98485,"href":"https:\/\/brandss.com.py\/index\/wp-json\/wp\/v2\/product\/98443\/revisions\/98485"}],"wp:featuredmedia":[{"embeddable":true,"href":"https:\/\/brandss.com.py\/index\/wp-json\/wp\/v2\/media\/98444"}],"wp:attachment":[{"href":"https:\/\/brandss.com.py\/index\/wp-json\/wp\/v2\/media?parent=98443"}],"wp:term":[{"taxonomy":"product_brand","embeddable":true,"href":"https:\/\/brandss.com.py\/index\/wp-json\/wp\/v2\/product_brand?post=98443"},{"taxonomy":"product_cat","embeddable":true,"href":"https:\/\/brandss.com.py\/index\/wp-json\/wp\/v2\/product_cat?post=98443"},{"taxonomy":"product_tag","embeddable":true,"href":"https:\/\/brandss.com.py\/index\/wp-json\/wp\/v2\/product_tag?post=98443"}],"curies":[{"name":"wp","href":"https:\/\/api.w.org\/{rel}","templated":true}]}}