{"id":98583,"date":"2026-02-17T17:30:39","date_gmt":"2026-02-17T17:30:39","guid":{"rendered":"https:\/\/brandss.com.py\/index\/?post_type=product&#038;p=98583"},"modified":"2026-02-17T17:31:04","modified_gmt":"2026-02-17T17:31:04","slug":"polvo-facial-armaf-beaute-parfaite-fix-setting-01-3-8gr","status":"publish","type":"product","link":"https:\/\/brandss.com.py\/index\/producto\/polvo-facial-armaf-beaute-parfaite-fix-setting-01-3-8gr\/","title":{"rendered":"POLVO FACIAL ARMAF BEAUT\u00c9 PARFAITE FIX SETTING 01 3.8GR"},"content":{"rendered":"<p><img loading=\"lazy\" decoding=\"async\" class=\"\" src=\"https:\/\/odora.bg\/wp-content\/uploads\/2025\/08\/ZXVZX.png\" alt=\"Armaf - ODORA\" width=\"91\" height=\"91\" \/><\/p>\n<h1>PARFAITE FIX SETTING<\/h1>\n<div class=\"OverviewTab-module-scss-module__NTeOuq__overviewDescriptionCtr\">\n<div class=\"OverviewDescription-module-scss-module__VOioTG__overviewDescriptionWrapper\">\n<p><span dir=\"auto\">Consigue un maquillaje impecable y duradero con los polvos fijadores Armaf Beaut\u00e9 Parfait\u00e9 Fix Setting Powder. Estos polvos ligeros y de fina molienda est\u00e1n dise\u00f1ados para fijar el maquillaje, controlar el brillo y minimizar la apariencia de poros y l\u00edneas de expresi\u00f3n. Su f\u00f3rmula transl\u00facida se funde a la perfecci\u00f3n con todos los tonos de piel, dejando un acabado suave y mate sin efecto de resalte.<\/span><\/p>\n<p>Un polvo fijador ligero y de textura exquisita, repleto de delicados pigmentos para iluminar tu piel con el tono perfecto. Este polvo ultrafino y suave se difumina a la perfecci\u00f3n en la piel, dejando un acabado mate suave y mate, sin el efecto de apelmazamiento que se ve en las fotos.<\/p>\n<\/div>\n<\/div>\n<div class=\"OverviewTab-module-scss-module__NTeOuq__highlightsCtr\">\n<h3 class=\"OverviewTab-module-scss-module__NTeOuq__columnTitle\"><span dir=\"auto\">Caracter\u00edsticas<img decoding=\"async\" class=\"alignleft\" src=\"https:\/\/armafbeaute.com\/cdn\/shop\/files\/setting_powder.jpg?v=1764063863\" \/><\/span><\/h3>\n<ul>\n<li><span dir=\"auto\"><strong>Fijado perfecto:<\/strong> fija el maquillaje en su lugar para que dure todo el d\u00eda con un acabado suave y mate.<\/span><\/li>\n<li><span dir=\"auto\"><strong>Control de oleosidad:<\/strong> Absorbe el brillo y mantiene tu piel con un aspecto fresco e impecable.<\/span><\/li>\n<li><span dir=\"auto\"><strong>Transl\u00facido:<\/strong> Tono universal, invisible, adecuado para todos los tonos y tipos de piel.<\/span><\/li>\n<li><span dir=\"auto\"><strong>Ligero:<\/strong> Polvo ultrafino que se siente liviano y c\u00f3modo sobre la piel.<\/span><\/li>\n<li><span dir=\"auto\"><strong>Sin flashback:<\/strong> garantiza un acabado perfecto en fotograf\u00edas y bajo luces brillantes.<\/span><\/li>\n<\/ul>\n<h3><strong><span dir=\"auto\">Beneficios<\/span><\/strong><\/h3>\n<ol>\n<li><span dir=\"auto\">Efecto de enfoque suave.<\/span><\/li>\n<li><span dir=\"auto\">F\u00f3rmula sin peso.<\/span><\/li>\n<li><span dir=\"auto\">Textura sedosa.<\/span><\/li>\n<li><span dir=\"auto\">Absorbe la grasa y el brillo.<\/span><\/li>\n<\/ol>\n<h3><strong><span dir=\"auto\">Modo de uso<\/span><\/strong><\/h3>\n<p><span dir=\"auto\">Aplica suavemente los polvos fijadores sobre el rostro con una esponja o brocha de maquillaje, centr\u00e1ndote en las zonas con tendencia a los brillos.<\/span><\/p>\n<p><span dir=\"auto\">Difumina los polvos uniformemente con movimientos suaves y envolventes para fijar el maquillaje y reducir los brillos. Presta atenci\u00f3n a la zona debajo de los ojos y la zona T.<\/span><\/p>\n<p><span dir=\"auto\">Deja que los polvos se asienten brevemente y retira el exceso con una brocha limpia para lograr un look mate natural que prolonga la duraci\u00f3n del maquillaje.<\/span><\/p>\n<p><span dir=\"auto\">Los polvos fijadores se pueden usar como toque final para asegurar un aspecto impecable y evitar que el maquillaje se deslice durante el d\u00eda.<\/span><\/p>\n<\/div>\n","protected":false},"excerpt":{"rendered":"<p>PARFAITE FIX SETTING Consigue un maquillaje impecable y duradero con los polvos fijadores Armaf Beaut\u00e9 Parfait\u00e9 Fix Setting Powder. Estos<\/p>\n","protected":false},"featured_media":98584,"comment_status":"open","ping_status":"closed","template":"","meta":{"nf_dc_page":""},"product_brand":[106],"product_cat":[95],"product_tag":[2870],"class_list":{"0":"post-98583","1":"product","2":"type-product","3":"status-publish","4":"has-post-thumbnail","6":"product_brand-armaf","7":"product_cat-maquillaje","8":"product_tag-2870","10":"first","11":"instock","12":"shipping-taxable","13":"purchasable","14":"product-type-simple"},"_links":{"self":[{"href":"https:\/\/brandss.com.py\/index\/wp-json\/wp\/v2\/product\/98583","targetHints":{"allow":["GET"]}}],"collection":[{"href":"https:\/\/brandss.com.py\/index\/wp-json\/wp\/v2\/product"}],"about":[{"href":"https:\/\/brandss.com.py\/index\/wp-json\/wp\/v2\/types\/product"}],"replies":[{"embeddable":true,"href":"https:\/\/brandss.com.py\/index\/wp-json\/wp\/v2\/comments?post=98583"}],"version-history":[{"count":1,"href":"https:\/\/brandss.com.py\/index\/wp-json\/wp\/v2\/product\/98583\/revisions"}],"predecessor-version":[{"id":98591,"href":"https:\/\/brandss.com.py\/index\/wp-json\/wp\/v2\/product\/98583\/revisions\/98591"}],"wp:featuredmedia":[{"embeddable":true,"href":"https:\/\/brandss.com.py\/index\/wp-json\/wp\/v2\/media\/98584"}],"wp:attachment":[{"href":"https:\/\/brandss.com.py\/index\/wp-json\/wp\/v2\/media?parent=98583"}],"wp:term":[{"taxonomy":"product_brand","embeddable":true,"href":"https:\/\/brandss.com.py\/index\/wp-json\/wp\/v2\/product_brand?post=98583"},{"taxonomy":"product_cat","embeddable":true,"href":"https:\/\/brandss.com.py\/index\/wp-json\/wp\/v2\/product_cat?post=98583"},{"taxonomy":"product_tag","embeddable":true,"href":"https:\/\/brandss.com.py\/index\/wp-json\/wp\/v2\/product_tag?post=98583"}],"curies":[{"name":"wp","href":"https:\/\/api.w.org\/{rel}","templated":true}]}}