{"id":98592,"date":"2026-02-17T17:52:00","date_gmt":"2026-02-17T17:52:00","guid":{"rendered":"https:\/\/brandss.com.py\/index\/?post_type=product&#038;p=98592"},"modified":"2026-02-17T17:52:35","modified_gmt":"2026-02-17T17:52:35","slug":"prebase-facial-armaf-beaute-parfaite-fix-mattify-28ml","status":"publish","type":"product","link":"https:\/\/brandss.com.py\/index\/producto\/prebase-facial-armaf-beaute-parfaite-fix-mattify-28ml\/","title":{"rendered":"PREBASE FACIAL ARMAF BEAUT\u00c9 PARFAITE FIX MATTIFY 28ML"},"content":{"rendered":"<p><img loading=\"lazy\" decoding=\"async\" class=\"\" src=\"https:\/\/odora.bg\/wp-content\/uploads\/2025\/08\/ZXVZX.png\" alt=\"Armaf - ODORA\" width=\"101\" height=\"101\" \/><\/p>\n<h1>PARFAITE FIX MATTIFY<\/h1>\n<div class=\"OverviewTab-module-scss-module__NTeOuq__overviewDescriptionCtr\">\n<div class=\"OverviewDescription-module-scss-module__VOioTG__overviewDescriptionWrapper\">\n<p><span dir=\"auto\">Consigue un look impecable y sin brillos con la prebase matificante Parfaite Fix. Esta prebase en gel transparente est\u00e1 dise\u00f1ada para proteger tu rostro de los brillos, proporcionando un acabado mate completo y duradero. Tanto si buscas un look totalmente mate como si quieres controlar el brillo en zonas espec\u00edficas, esta vers\u00e1til prebase es tu arma secreta. \u00dasala como base para crear una textura suave y luego aplica un iluminador en las zonas del rostro donde quieras a\u00f1adir un toque de luminosidad. Formulada con vitamina E rica en antioxidantes, la prebase matificante Parfaite Fix no solo prepara tu piel para el maquillaje, sino que tambi\u00e9n la nutre, convirti\u00e9ndola en el comienzo perfecto de tu rutina de belleza.<img decoding=\"async\" class=\"alignright\" src=\"https:\/\/armafbeaute.com\/cdn\/shop\/files\/Mattify-Primer.jpg?v=1766743507\" \/><\/span><\/p>\n<p>Parfaite Fix-Mattify Primer es una prebase en gel transparente que iluminar\u00e1 tu rostro con un acabado mate completo. Si quieres controlar el brillo, usa esta prebase y a\u00f1ade un iluminador en las zonas del rostro que desees iluminar. Contiene vitamina E rica en antioxidantes para nutrir tu piel.<\/p>\n<\/div>\n<\/div>\n<div class=\"OverviewTab-module-scss-module__NTeOuq__highlightsCtr\">\n<h3><\/h3>\n<h3 class=\"OverviewTab-module-scss-module__NTeOuq__columnTitle\"><span dir=\"auto\">Caracter\u00edsticas<\/span><\/h3>\n<p>&nbsp;<\/p>\n<ul>\n<li><span dir=\"auto\"><strong>F\u00f3rmula matificante:<\/strong> Esta base en gel transparente proporciona un acabado mate completo, perfecto para controlar el brillo y la grasa no deseados durante todo el d\u00eda.<\/span><\/li>\n<li><span dir=\"auto\"><strong>Base vers\u00e1til:<\/strong> \u00dasalo como base de maquillaje para crear un lienzo suave y sin brillo o aplica estrat\u00e9gicamente un iluminador en las \u00e1reas donde quieras agregar un toque de luminosidad.<\/span><\/li>\n<li><span dir=\"auto\"><strong>Nutrici\u00f3n de la piel:<\/strong> Enriquecida con vitamina E rica en antioxidantes, esta base ayuda a nutrir tu piel mientras la prepara para el maquillaje.<\/span><\/li>\n<li><span dir=\"auto\"><strong>Aplicaci\u00f3n suave:<\/strong> La f\u00f3rmula en gel liviana se desliza sin esfuerzo, creando una superficie suave y uniforme para una aplicaci\u00f3n de base impecable.<\/span><\/li>\n<li><span dir=\"auto\"><strong>Prolonga la duraci\u00f3n del maquillaje:<\/strong> fija el maquillaje en su lugar, garantizando que tu look se mantenga fresco y perfecto por m\u00e1s tiempo.<\/span><\/li>\n<\/ul>\n<h3><img loading=\"lazy\" decoding=\"async\" class=\"alignleft\" src=\"https:\/\/bf1af2.akinoncloudcdn.com\/products\/2024\/12\/09\/221088\/bc69c46d-e44b-4ac5-8a74-20fbe6974887_size1920_cropCenter.jpg\" width=\"420\" height=\"420\" \/><\/h3>\n<h3><strong><span dir=\"auto\">Beneficios<\/span><\/strong><\/h3>\n<p>&nbsp;<\/p>\n<ol>\n<li><span dir=\"auto\">F\u00f3rmula suave a base de gel.<\/span><\/li>\n<li><span dir=\"auto\">Enriquecido con vitamina E.<\/span><\/li>\n<li><span dir=\"auto\">Controla el brillo facial.<\/span><\/li>\n<li><span dir=\"auto\">Acabado mate.<\/span><\/li>\n<\/ol>\n<h3><strong><span dir=\"auto\">Modo de uso<\/span><\/strong><\/h3>\n<section id=\"shopify-section-template--15041213104164__main\" class=\"shopify-section section\">\n<section id=\"MainProduct-template--15041213104164__main\" class=\"section-template--15041213104164__main-padding gradient color-background-1\" data-section=\"template--15041213104164__main\">\n<div class=\"custom-page-width\">\n<div class=\"tab-content\">\n<div class=\"active\" data-trg=\"#use\">\n<div class=\"metafield-rich_text_field\">\n<p><span dir=\"auto\">Aplica una peque\u00f1a cantidad de prebase mate en las yemas de los dedos y apl\u00edcala uniformemente sobre el rostro, priorizando las zonas con exceso de brillo.<\/span><br \/>\n<span dir=\"auto\">Presiona suavemente la prebase sobre la piel, dejando que se fije y cree una superficie aterciopelada para la aplicaci\u00f3n del maquillaje.<\/span><br \/>\n<span dir=\"auto\">Contin\u00faa con tu rutina de maquillaje habitual y notar\u00e1s una mayor duraci\u00f3n y un acabado mate, ya que la prebase ayuda a controlar el exceso de grasa a lo largo del d\u00eda.<\/span><\/p>\n<\/div>\n<\/div>\n<\/div>\n<\/div>\n<\/section>\n<\/section>\n<\/div>\n","protected":false},"excerpt":{"rendered":"<p>PARFAITE FIX MATTIFY Consigue un look impecable y sin brillos con la prebase matificante Parfaite Fix. Esta prebase en gel<\/p>\n","protected":false},"featured_media":98593,"comment_status":"open","ping_status":"closed","template":"","meta":{"nf_dc_page":""},"product_brand":[106],"product_cat":[95],"product_tag":[2871],"class_list":{"0":"post-98592","1":"product","2":"type-product","3":"status-publish","4":"has-post-thumbnail","6":"product_brand-armaf","7":"product_cat-maquillaje","8":"product_tag-2871","10":"first","11":"instock","12":"shipping-taxable","13":"purchasable","14":"product-type-simple"},"_links":{"self":[{"href":"https:\/\/brandss.com.py\/index\/wp-json\/wp\/v2\/product\/98592","targetHints":{"allow":["GET"]}}],"collection":[{"href":"https:\/\/brandss.com.py\/index\/wp-json\/wp\/v2\/product"}],"about":[{"href":"https:\/\/brandss.com.py\/index\/wp-json\/wp\/v2\/types\/product"}],"replies":[{"embeddable":true,"href":"https:\/\/brandss.com.py\/index\/wp-json\/wp\/v2\/comments?post=98592"}],"version-history":[{"count":1,"href":"https:\/\/brandss.com.py\/index\/wp-json\/wp\/v2\/product\/98592\/revisions"}],"predecessor-version":[{"id":98600,"href":"https:\/\/brandss.com.py\/index\/wp-json\/wp\/v2\/product\/98592\/revisions\/98600"}],"wp:featuredmedia":[{"embeddable":true,"href":"https:\/\/brandss.com.py\/index\/wp-json\/wp\/v2\/media\/98593"}],"wp:attachment":[{"href":"https:\/\/brandss.com.py\/index\/wp-json\/wp\/v2\/media?parent=98592"}],"wp:term":[{"taxonomy":"product_brand","embeddable":true,"href":"https:\/\/brandss.com.py\/index\/wp-json\/wp\/v2\/product_brand?post=98592"},{"taxonomy":"product_cat","embeddable":true,"href":"https:\/\/brandss.com.py\/index\/wp-json\/wp\/v2\/product_cat?post=98592"},{"taxonomy":"product_tag","embeddable":true,"href":"https:\/\/brandss.com.py\/index\/wp-json\/wp\/v2\/product_tag?post=98592"}],"curies":[{"name":"wp","href":"https:\/\/api.w.org\/{rel}","templated":true}]}}