{"id":98622,"date":"2026-02-18T11:19:59","date_gmt":"2026-02-18T11:19:59","guid":{"rendered":"https:\/\/brandss.com.py\/index\/?post_type=product&#038;p=98622"},"modified":"2026-02-18T11:20:34","modified_gmt":"2026-02-18T11:20:34","slug":"rubor-facial-armaf-beaute-what-a-cheek-cinnamon-bun","status":"publish","type":"product","link":"https:\/\/brandss.com.py\/index\/producto\/rubor-facial-armaf-beaute-what-a-cheek-cinnamon-bun\/","title":{"rendered":"RUBOR FACIAL ARMAF BEAUT\u00c9 WHAT-A-CHEEK CINNAMON BUN"},"content":{"rendered":"<p><img loading=\"lazy\" decoding=\"async\" class=\"\" src=\"https:\/\/odora.bg\/wp-content\/uploads\/2025\/08\/ZXVZX.png\" alt=\"Armaf - ODORA\" width=\"94\" height=\"94\" \/><\/p>\n<h1>WHAT-A-CHEEK<\/h1>\n<div class=\"OverviewTab-module-scss-module__NTeOuq__overviewDescriptionCtr\">\n<div class=\"OverviewDescription-module-scss-module__VOioTG__overviewDescriptionWrapper\">\n<p class=\"OverviewDescription-module-scss-module__VOioTG__overviewDesc\"><span dir=\"auto\">Consigue un rubor radiante y saludable con el rubor What-A-Cheek. Esta f\u00f3rmula \u00fanica tiene una textura ligera y sedosa que se siente suave sobre la piel y se difumina a la perfecci\u00f3n para un acabado impecable. Ya sea que prefieras un toque sutil de color o un efecto m\u00e1s dram\u00e1tico, su f\u00f3rmula modulable te permite crear f\u00e1cilmente el look deseado. Simplemente aplica una capa ligera para un rubor natural o apl\u00edcala en capas para un color m\u00e1s intenso. Disponible en 4 magn\u00edficos tonos, el rubor What-A-Cheek es tu producto ideal para a\u00f1adir un toque de color luminoso a tus mejillas, realzando a la perfecci\u00f3n tu look con un hermoso efecto que va desde lo natural hasta lo dram\u00e1tico.<img loading=\"lazy\" decoding=\"async\" class=\"alignright\" src=\"https:\/\/f.nooncdn.com\/p\/pzsku\/ZD9D2A967F0868A7B16D8Z\/45\/1757685486\/72dc76ec-147d-4fc7-99bb-516cadc8330e.jpg?width=800\" width=\"479\" height=\"479\" \/><\/span><\/p>\n<p>Sum\u00e9rgete en un color luminoso en tus mejillas. El rubor What-A-Cheek tiene una textura ligera y sedosa que se adapta a tus mejillas con un toque suave. Disponible en 4 magn\u00edficos tonos, este rubor modulable ofrece un color natural y dram\u00e1tico para realzar tu look a la perfecci\u00f3n.<\/p>\n<\/div>\n<\/div>\n<div class=\"OverviewTab-module-scss-module__NTeOuq__highlightsCtr\">\n<h3><\/h3>\n<h3 class=\"OverviewTab-module-scss-module__NTeOuq__columnTitle\"><span dir=\"auto\">Caracter\u00edsticas<\/span><\/h3>\n<p>&nbsp;<\/p>\n<ul>\n<li><span dir=\"auto\">Color luminoso: Sumerge tus mejillas en un hermoso color luminoso que agrega un brillo saludable y radiante a tu cutis.<\/span><\/li>\n<li><span dir=\"auto\">Ligero y sedoso: La textura sedosa y liviana se desliza sobre tu piel, proporcionando una sensaci\u00f3n suave y c\u00f3moda.<\/span><\/li>\n<li><span dir=\"auto\">F\u00f3rmula modificable: Pasa de un rubor natural a un toque de color espectacular. Su f\u00f3rmula modulable te permite controlar la intensidad de tu look.<\/span><\/li>\n<li><span dir=\"auto\">4 tonos hermosos: elige entre una selecci\u00f3n de 4 tonos impresionantes para complementar perfectamente tu tono de piel y estilo de maquillaje.<\/span><\/li>\n<li><span dir=\"auto\">Larga duraci\u00f3n: Proporciona un color que se mantiene vibrante y fresco durante todo el d\u00eda, mejorando tu apariencia desde la ma\u00f1ana hasta la noche.<\/span><\/li>\n<\/ul>\n<div>\n<div class=\"summary__title\">\n<h2><\/h2>\n<h2 class=\"h4 accordion__title inline-richtext\"><span dir=\"auto\">Beneficios<\/span><\/h2>\n<h2 class=\"h4 accordion__title inline-richtext\"><span dir=\"auto\"><img decoding=\"async\" class=\"alignleft\" src=\"https:\/\/armafbeaute.com\/cdn\/shop\/files\/6294015176346__4_5797211c-5e11-474b-9fec-443ff228e15d.jpg?v=1764063128\" \/><\/span><\/h2>\n<\/div>\n<\/div>\n<div id=\"ProductAccordion-collapsible_tab_cB64N4-template--18051886940359__main\" class=\"accordion__content rte\">\n<div class=\"metafield-rich_text_field\">\n<ul>\n<li><span dir=\"auto\">F\u00f3rmula edificable<\/span><\/li>\n<li><span dir=\"auto\">Altamente pigmentado<\/span><\/li>\n<li><span dir=\"auto\">F\u00e1cil de mezclar<\/span><\/li>\n<li><span dir=\"auto\">Polvo ultrafino<\/span><\/li>\n<li><span dir=\"auto\">4 tonos preciosos<\/span><\/li>\n<\/ul>\n<div>\n<div class=\"summary__title\">\n<h2 class=\"h4 accordion__title inline-richtext\"><span dir=\"auto\">Modo de uso<\/span><\/h2>\n<\/div>\n<\/div>\n<div id=\"ProductAccordion-collapsible_tab_ymcUjQ-template--18051886940359__main\" class=\"accordion__content rte\">\n<div class=\"metafield-rich_text_field\">\n<p><span dir=\"auto\">Sonr\u00ede suavemente para localizar las manzanas de tus mejillas. Con una brocha para rubor, aplica el producto con movimientos circulares en las zonas redondeadas de tus mejillas para un look juvenil.<\/span><\/p>\n<p><span dir=\"auto\">Difumina el rubor hacia arriba y hacia afuera para un acabado uniforme. Difumina suavemente el color para evitar l\u00edneas marcadas y lograr una apariencia natural y radiante.<\/span><\/p>\n<\/div>\n<\/div>\n<\/div>\n<\/div>\n<\/div>\n","protected":false},"excerpt":{"rendered":"<p>WHAT-A-CHEEK Consigue un rubor radiante y saludable con el rubor What-A-Cheek. Esta f\u00f3rmula \u00fanica tiene una textura ligera y sedosa<\/p>\n","protected":false},"featured_media":98623,"comment_status":"open","ping_status":"closed","template":"","meta":{"nf_dc_page":""},"product_brand":[106],"product_cat":[95],"product_tag":[2876],"class_list":{"0":"post-98622","1":"product","2":"type-product","3":"status-publish","4":"has-post-thumbnail","6":"product_brand-armaf","7":"product_cat-maquillaje","8":"product_tag-2876","10":"first","11":"instock","12":"shipping-taxable","13":"purchasable","14":"product-type-simple"},"_links":{"self":[{"href":"https:\/\/brandss.com.py\/index\/wp-json\/wp\/v2\/product\/98622","targetHints":{"allow":["GET"]}}],"collection":[{"href":"https:\/\/brandss.com.py\/index\/wp-json\/wp\/v2\/product"}],"about":[{"href":"https:\/\/brandss.com.py\/index\/wp-json\/wp\/v2\/types\/product"}],"replies":[{"embeddable":true,"href":"https:\/\/brandss.com.py\/index\/wp-json\/wp\/v2\/comments?post=98622"}],"version-history":[{"count":1,"href":"https:\/\/brandss.com.py\/index\/wp-json\/wp\/v2\/product\/98622\/revisions"}],"predecessor-version":[{"id":98628,"href":"https:\/\/brandss.com.py\/index\/wp-json\/wp\/v2\/product\/98622\/revisions\/98628"}],"wp:featuredmedia":[{"embeddable":true,"href":"https:\/\/brandss.com.py\/index\/wp-json\/wp\/v2\/media\/98623"}],"wp:attachment":[{"href":"https:\/\/brandss.com.py\/index\/wp-json\/wp\/v2\/media?parent=98622"}],"wp:term":[{"taxonomy":"product_brand","embeddable":true,"href":"https:\/\/brandss.com.py\/index\/wp-json\/wp\/v2\/product_brand?post=98622"},{"taxonomy":"product_cat","embeddable":true,"href":"https:\/\/brandss.com.py\/index\/wp-json\/wp\/v2\/product_cat?post=98622"},{"taxonomy":"product_tag","embeddable":true,"href":"https:\/\/brandss.com.py\/index\/wp-json\/wp\/v2\/product_tag?post=98622"}],"curies":[{"name":"wp","href":"https:\/\/api.w.org\/{rel}","templated":true}]}}