{"id":98645,"date":"2026-02-18T12:44:46","date_gmt":"2026-02-18T12:44:46","guid":{"rendered":"https:\/\/brandss.com.py\/index\/?post_type=product&#038;p=98645"},"modified":"2026-02-18T12:45:13","modified_gmt":"2026-02-18T12:45:13","slug":"polvo-facial-armaf-beaute-stanner-bronzer-sandy-shine","status":"publish","type":"product","link":"https:\/\/brandss.com.py\/index\/producto\/polvo-facial-armaf-beaute-stanner-bronzer-sandy-shine\/","title":{"rendered":"POLVO FACIAL ARMAF BEAUT\u00c9 STANNER BRONZER SANDY SHINE"},"content":{"rendered":"<p><img loading=\"lazy\" decoding=\"async\" class=\"\" src=\"https:\/\/odora.bg\/wp-content\/uploads\/2025\/08\/ZXVZX.png\" alt=\"Armaf - ODORA\" width=\"98\" height=\"98\" \/><\/p>\n<h1>STANNER BRONZER<\/h1>\n<div class=\"OverviewTab-module-scss-module__NTeOuq__overviewDescriptionCtr\">\n<div class=\"OverviewDescription-module-scss-module__VOioTG__overviewDescriptionWrapper\">\n<p><span dir=\"auto\">Define tus rasgos como una profesional con el Bronceador Stanner. Su f\u00f3rmula mate de alta pigmentaci\u00f3n est\u00e1 dise\u00f1ada para esculpir tu rostro con una precisi\u00f3n impecable. Su tacto ligero y su textura suave permiten difuminar y contornear f\u00e1cilmente, d\u00e1ndote control total sobre tu look. Ya sea que busques una definici\u00f3n sutil o un efecto m\u00e1s dram\u00e1tico y definido, la f\u00f3rmula modulable del Bronceador Stanner te permite personalizar la intensidad. Se funde a la perfecci\u00f3n con la piel, creando una sombra de aspecto natural que aporta dimensi\u00f3n y calidez. Perfecto para lograr un brillo bronceado o un rostro perfectamente contorneado, este bronceador es una herramienta esencial en tu kit de maquillaje.<img decoding=\"async\" class=\"alignleft\" src=\"https:\/\/armafbeaute.com\/cdn\/shop\/files\/6294015176476_5.jpg?v=1763628683\" \/><\/span><\/p>\n<\/div>\n<\/div>\n<div class=\"OverviewTab-module-scss-module__NTeOuq__highlightsCtr\">\n<h3><\/h3>\n<h3 class=\"OverviewTab-module-scss-module__NTeOuq__columnTitle\"><span dir=\"auto\">Caracter\u00edsticas<\/span><\/h3>\n<p>&nbsp;<\/p>\n<ul>\n<li><span dir=\"auto\"><strong>Escultura profesional:<\/strong> Define tus rasgos como un profesional con este bronceador mate altamente pigmentado que esculpe bellamente tu rostro.<\/span><\/li>\n<li><span dir=\"auto\"><strong>Altamente pigmentado:<\/strong> Ofrece un resultado de color intenso para un contorno y bronceado notable y efectivo.<\/span><\/li>\n<li><span dir=\"auto\"><strong>Suave y ligero como una pluma:<\/strong> La sensaci\u00f3n liviana como una pluma y su textura suave garantizan una aplicaci\u00f3n perfecta que nunca se siente pesada ni apelmazada.<\/span><\/li>\n<li><span dir=\"auto\"><strong>F\u00f3rmula modificable:<\/strong> Aplique f\u00e1cilmente desde una definici\u00f3n sutil para un aspecto natural hasta un efecto cincelado m\u00e1s dram\u00e1tico para p\u00f3mulos definidos.<\/span><\/li>\n<li><span dir=\"auto\"><strong>Mezcla f\u00e1cil:<\/strong> La f\u00f3rmula sedosa se mezcla sin esfuerzo con la piel, lo que la hace perfecta tanto para principiantes como para maquilladores.<\/span><\/li>\n<\/ul>\n<\/div>\n<h3><\/h3>\n<p>&nbsp;<\/p>\n<div class=\"OverviewTab-module-scss-module__NTeOuq__highlightsCtr\">\n<h3><strong><span dir=\"auto\">Beneficios<\/span><\/strong><\/h3>\n<ol>\n<li><span dir=\"auto\">F\u00f3rmula edificable<\/span><\/li>\n<li><span dir=\"auto\">Acabado mate<\/span><\/li>\n<li><span dir=\"auto\">Polvo ultrafino<\/span><\/li>\n<li><span dir=\"auto\">Altamente mezclable<\/span><\/li>\n<li><span dir=\"auto\">3 tonos esculpientes<\/span><\/li>\n<\/ol>\n<h3><strong><span dir=\"auto\">Modo de uso<\/span><\/strong><\/h3>\n<p><span dir=\"auto\">Con una brocha para bronceador, aplica el producto en las zonas de mayor exposici\u00f3n al sol (p\u00f3mulos, frente, nariz y mand\u00edbula) para lograr un efecto c\u00e1lido y radiante.<\/span><\/p>\n<p><span dir=\"auto\">Difumina bien el bronceador para evitar l\u00edneas marcadas y lograr un acabado bronceado natural que complemente a la perfecci\u00f3n tu tono de piel.<\/span><\/p>\n<\/div>\n","protected":false},"excerpt":{"rendered":"<p>STANNER BRONZER Define tus rasgos como una profesional con el Bronceador Stanner. Su f\u00f3rmula mate de alta pigmentaci\u00f3n est\u00e1 dise\u00f1ada<\/p>\n","protected":false},"featured_media":98646,"comment_status":"open","ping_status":"closed","template":"","meta":{"nf_dc_page":""},"product_brand":[106],"product_cat":[95],"product_tag":[2880],"class_list":{"0":"post-98645","1":"product","2":"type-product","3":"status-publish","4":"has-post-thumbnail","6":"product_brand-armaf","7":"product_cat-maquillaje","8":"product_tag-2880","10":"first","11":"instock","12":"shipping-taxable","13":"purchasable","14":"product-type-simple"},"_links":{"self":[{"href":"https:\/\/brandss.com.py\/index\/wp-json\/wp\/v2\/product\/98645","targetHints":{"allow":["GET"]}}],"collection":[{"href":"https:\/\/brandss.com.py\/index\/wp-json\/wp\/v2\/product"}],"about":[{"href":"https:\/\/brandss.com.py\/index\/wp-json\/wp\/v2\/types\/product"}],"replies":[{"embeddable":true,"href":"https:\/\/brandss.com.py\/index\/wp-json\/wp\/v2\/comments?post=98645"}],"version-history":[{"count":1,"href":"https:\/\/brandss.com.py\/index\/wp-json\/wp\/v2\/product\/98645\/revisions"}],"predecessor-version":[{"id":98651,"href":"https:\/\/brandss.com.py\/index\/wp-json\/wp\/v2\/product\/98645\/revisions\/98651"}],"wp:featuredmedia":[{"embeddable":true,"href":"https:\/\/brandss.com.py\/index\/wp-json\/wp\/v2\/media\/98646"}],"wp:attachment":[{"href":"https:\/\/brandss.com.py\/index\/wp-json\/wp\/v2\/media?parent=98645"}],"wp:term":[{"taxonomy":"product_brand","embeddable":true,"href":"https:\/\/brandss.com.py\/index\/wp-json\/wp\/v2\/product_brand?post=98645"},{"taxonomy":"product_cat","embeddable":true,"href":"https:\/\/brandss.com.py\/index\/wp-json\/wp\/v2\/product_cat?post=98645"},{"taxonomy":"product_tag","embeddable":true,"href":"https:\/\/brandss.com.py\/index\/wp-json\/wp\/v2\/product_tag?post=98645"}],"curies":[{"name":"wp","href":"https:\/\/api.w.org\/{rel}","templated":true}]}}