{"id":98780,"date":"2026-02-19T14:06:44","date_gmt":"2026-02-19T14:06:44","guid":{"rendered":"https:\/\/brandss.com.py\/index\/?post_type=product&#038;p=98780"},"modified":"2026-04-11T13:16:43","modified_gmt":"2026-04-11T13:16:43","slug":"iphone-apple-17-pro-max-a3257-dual-256gb-cosmic-orange","status":"publish","type":"product","link":"https:\/\/brandss.com.py\/index\/producto\/iphone-apple-17-pro-max-a3257-dual-256gb-cosmic-orange\/","title":{"rendered":"IPHONE APPLE 17 PRO MAX A3257 DUAL 256GB COSMIC ORANGE"},"content":{"rendered":"<p><img loading=\"lazy\" decoding=\"async\" class=\"\" src=\"https:\/\/upload.wikimedia.org\/wikipedia\/commons\/f\/fa\/Apple_logo_black.svg\" alt=\"Archivo:Apple logo black.svg - Wikipedia, la enciclopedia libre\" width=\"51\" height=\"62\" \/><\/p>\n<h1>17 PRO MAX<\/h1>\n<p><span dir=\"auto\">El Apple iPhone 17 Pro Max combina un dise\u00f1o elegante con un rendimiento inigualable, impulsado por el avanzado chip A19 Pro y iOS 26. Con la bater\u00eda m\u00e1s duradera jam\u00e1s vista en un Pro Max, ofrece m\u00e1s tiempo para transmitir, jugar y crear sin concesiones.<\/span><\/p>\n<h3>Caracter\u00edsticas<\/h3>\n<ul>\n<li><strong><span dir=\"auto\">Super Retina\u00a0<\/span><span class=\"caps\"><span dir=\"auto\">XDR\u00a0<\/span><\/span><span class=\"caps\"><span dir=\"auto\">OLED<\/span><\/span><span dir=\"auto\">\u00a0de 6,9\u201d .<\/span><\/strong><span dir=\"auto\">\u00a0ProMotion de 120 Hz con HDR10, Dolby Vision y Ceramic Shield 2.<\/span><\/li>\n<li><strong><span dir=\"auto\">Dise\u00f1o unibody de aluminio.<\/span><\/strong><span dir=\"auto\">\u00a0M\u00e1s resistente y refrigerado, con una conductividad t\u00e9rmica 20 veces superior a la del titanio.<\/span><\/li>\n<li><strong><span dir=\"auto\">Sistema de triple c\u00e1mara + LiDAR.<\/span><\/strong><span dir=\"auto\">\u00a048 MP gran angular, 48 MP ultra gran angular, 48 MP telefoto con zoom \u00f3ptico de 8\u00d7 y frontal Centre Stage de 18 MP.<\/span><\/li>\n<li><strong><span dir=\"auto\">Herramientas de video profesionales.<\/span><\/strong><span dir=\"auto\">\u00a0ProRes\u00a0<\/span><span class=\"caps\"><span dir=\"auto\">RAW<\/span><\/span><span dir=\"auto\">\u00a0, Dolby Vision 4K120,\u00a0<\/span><span class=\"caps\"><span dir=\"auto\">ACES<\/span><\/span><span dir=\"auto\">\u00a0, ProRes Log y Genlock.<\/span><\/li>\n<li><strong><span dir=\"auto\">Chip A19 Pro.\u00a0<\/span><\/strong><span class=\"caps\"><span dir=\"auto\">La CPU<\/span><\/span><span dir=\"auto\">\u00a0y\u00a0<\/span><span class=\"caps\"><span dir=\"auto\">GPU<\/span><\/span><span dir=\"auto\">\u00a0m\u00e1s r\u00e1pidas para iPhone\u00a0con c\u00f3mputo de IA 3x para juegos y Apple Intelligence.<\/span><\/li>\n<li><strong><span dir=\"auto\">12 GB\u00a0<\/span><span class=\"caps\"><span dir=\"auto\">de RAM<\/span><\/span><span dir=\"auto\">\u00a0y 256 GB de almacenamiento interno.<\/span><\/strong><span dir=\"auto\">\u00a0Multitarea r\u00e1pida con amplio espacio para aplicaciones, contenido multimedia y archivos.<\/span><\/li>\n<li><strong><span dir=\"auto\">La bater\u00eda m\u00e1s grande del iPhone.<\/span><\/strong><span dir=\"auto\">\u00a0Hasta 37 horas de reproducci\u00f3n; carga al 50 % en 20 minutos.<\/span><\/li>\n<li><strong><span dir=\"auto\">Sistema operativo iOS 26.<\/span><\/strong><span dir=\"auto\">\u00a0Privacidad mejorada,\u00a0<\/span><span class=\"caps\"><span dir=\"auto\">alertas de emergencia<\/span><\/span><span dir=\"auto\">\u00a0por sat\u00e9lite e integraci\u00f3n perfecta con el ecosistema de Apple.<\/span><\/li>\n<\/ul>\n<p><strong><span dir=\"auto\"><img decoding=\"async\" class=\"alignleft\" src=\"https:\/\/pisces.bbystatic.com\/image2\/BestBuy_US\/images\/products\/ec761130-8ad5-42c4-b470-e8010d16bb31.jpg;maxHeight=1080;maxWidth=900?format=webp\" \/>Pantalla\u00a0<\/span><span class=\"caps\"><span dir=\"auto\">OLED<\/span><\/span><span dir=\"auto\">\u00a0expansiva de 6,9\u201d<\/span><\/strong><\/p>\n<p><span dir=\"auto\">La\u00a0<span class=\"caps\">pantalla OLED\u00a0<\/span><\/span><span class=\"caps\"><span dir=\"auto\">LTPO<\/span><\/span>\u00a0<span dir=\"auto\">de mayor tama\u00f1o ofrece im\u00e1genes n\u00edtidas y fluidas de 120 Hz con HDR10 y Dolby Vision. Un revestimiento antirreflejos de 7 capas mejora la legibilidad con luz intensa, mientras que Ceramic Shield 2 ofrece una resistencia tres veces superior a los ara\u00f1azos y cuatro veces m\u00e1s protecci\u00f3n contra grietas.<\/span><\/p>\n<p><strong><span dir=\"auto\">Primer dise\u00f1o unibody de aluminio<\/span><\/strong><\/p>\n<p><span dir=\"auto\">Una carcasa de aleaci\u00f3n de aluminio forjado en caliente debuta en el iPhone, maximizando la durabilidad y la capacidad de la bater\u00eda. Conduce el calor 20 veces mejor que el titanio para un rendimiento m\u00e1s estable y sostenido.<\/span><\/p>\n<p><strong><span dir=\"auto\">El mejor sistema de c\u00e1mara jam\u00e1s visto en un iPhone<\/span><\/strong><\/p>\n<p><span dir=\"auto\">Tres c\u00e1maras Fusion de 48 MP capturan m\u00e1s detalles en cada distancia focal. El sensor teleobjetivo es un 56 % m\u00e1s grande y alcanza hasta 200 mm (8x \u00f3ptico, 40x digital). Graba v\u00eddeos de calidad cinematogr\u00e1fica con ProRes\u00a0<\/span><span class=\"caps\"><span dir=\"auto\">RAW<\/span><\/span><span dir=\"auto\">\u00a0, Dolby Vision 4K120, ProRes Log y\u00a0<\/span><span class=\"caps\"><span dir=\"auto\">ACES<\/span><\/span><span dir=\"auto\">\u00a0; Genlock permite una sincronizaci\u00f3n multic\u00e1mara precisa. La c\u00e1mara frontal Center Stage de 18 MP encuadra selfies y fotos de grupo de forma inteligente.<\/span><\/p>\n<p><strong><span dir=\"auto\">Chip A19 Pro: el iPhone con el rendimiento m\u00e1s r\u00e1pido<\/span><\/strong><\/p>\n<p><span class=\"caps\"><span dir=\"auto\">Una CPU<\/span><\/span><span dir=\"auto\">\u00a0de 6 n\u00facleos\u00a0(2 de rendimiento + 4 de eficiencia) con ancho de banda front-end mejorado y predicci\u00f3n de ramificaciones, adem\u00e1s de una cach\u00e9 de \u00faltimo nivel un 50 % m\u00e1s grande para una mayor eficiencia energ\u00e9tica. La\u00a0<\/span><span class=\"caps\"><span dir=\"auto\">GPU<\/span><\/span><span dir=\"auto\">\u00a0de 5 n\u00facleos incorpora cach\u00e9 din\u00e1mica de segunda generaci\u00f3n, mayor velocidad matem\u00e1tica y compresi\u00f3n de im\u00e1genes unificada, mientras que los aceleradores neuronales ofrecen el triple de capacidad de procesamiento que el A18 Pro para Apple Intelligence, juegos y aplicaciones profesionales.<\/span><\/p>\n<p><strong><span dir=\"auto\">Gesti\u00f3n t\u00e9rmica avanzada<\/span><\/strong><\/p>\n<p><span dir=\"auto\">Una nueva c\u00e1mara de vapor utiliza agua desionizada sellada para extraer el calor de los componentes clave. Combinada con la carcasa unibody de aluminio, permite un rendimiento sostenido hasta un 40 % superior al del iPhone 16 Pro para cargas de trabajo como juegos, edici\u00f3n de v\u00eddeo y versiones con idiomas integrados.<\/span><\/p>\n<p><strong><span dir=\"auto\">La bater\u00eda m\u00e1s grande en cualquier iPhone<\/span><\/strong><\/p>\n<p><span dir=\"auto\">Disfruta de hasta 37 horas de reproducci\u00f3n de video. Carga r\u00e1pidamente al 50 % en aproximadamente 20 minutos con un adaptador\u00a0<\/span><span class=\"caps\"><span dir=\"auto\">USB<\/span><\/span><span dir=\"auto\">\u00a0-C de 40 W (se vende por separado) o recarga inal\u00e1mbrica con MagSafe de 25 W (se recomienda un adaptador de 30 W o superior).<\/span><\/p>\n<p><strong><span dir=\"auto\">Construido para durar<\/span><\/strong><\/p>\n<p><span dir=\"auto\">Ceramic Shield 2 protege la parte frontal; el Ceramic Shield original refuerza la parte trasera. La carcasa ofrece una resistencia cuatro veces superior a las grietas y tres veces superior a los ara\u00f1azos que el cristal.<\/span><\/p>\n<p><strong><span dir=\"auto\">Combinaciones de colores elegantes<\/span><\/strong><\/p>\n<p><span dir=\"auto\">Disponible en azul profundo, naranja c\u00f3smico y plata: acabados atrevidos que complementan el dise\u00f1o unibody de primera calidad.<\/span><\/p>\n<div class=\"modal-header\">\n<h3 id=\"specificationsModalLabel\" class=\"modal-title mt-1\">Especificaciones<\/h3>\n<\/div>\n<div id=\"modalBody\" class=\"modal-body\">\n<div class=\"specifications-container\">\n<div class=\"specification-item\">\n<div class=\"spec-label\"><strong>Marca:<\/strong>\u00a0Apple<br \/>\n<strong>Modelo<\/strong>: iPhone 17 Pro Max<br \/>\n<strong>Color:<\/strong> Cosmic orange<br \/>\n<strong>Pantalla:<\/strong>\u00a06.7 pulgadas Super Retina XDR<br \/>\n<strong>Resolucion:<\/strong>\u00a02796 x 1290 p\u00edxeles<br \/>\n<strong>Taza de Refrezco:<\/strong>\u00a0120Hz (ProMotion)<br \/>\n<strong>Resistencia de Pantalla:<\/strong>\u00a0Ceramic Shield<br \/>\n<strong>Procesador:<\/strong>\u00a0A17 Pro<br \/>\n<strong>Almacenamiento:<\/strong>\u00a0256 GB<br \/>\n<strong>RAM:<\/strong>\u00a08 GB<br \/>\n<strong>C\u00e1mara Principal:<\/strong>\u00a0Triple 48 MP (gran angular) + 12 MP (ultra gran angular) + 12 MP (telefoto)<br \/>\n<strong>C\u00e1mara Angular:<\/strong>\u00a012 MP (ultra gran angular)<br \/>\n<strong>C\u00e1mara Profunda:<\/strong>\u00a0N\/A<br \/>\n<strong>C\u00e1mara Frontal:<\/strong>\u00a012 MP<br \/>\n<strong>Bateria:<\/strong>\u00a0Aproximadamente 4,422 mAh<br \/>\n<strong>Carga r\u00e1pida:<\/strong>\u00a0S\u00ed (hasta 30W)<br \/>\n<strong>Ciclos de Carga:<\/strong>\u00a0M\u00e1s de 500 ciclos<br \/>\n<strong>Tipo de Carga:<\/strong>\u00a0USB-C<br \/>\n<strong>Sistema Operativo:<\/strong>\u00a0iOS 17<br \/>\n<strong>Conectividad:<\/strong>\u00a05G, Wi-Fi 6E, Bluetooth 5.3<br \/>\n<strong>Lector de huellas:<\/strong>\u00a0N\/A (Face ID)<br \/>\n<strong>Protecci\u00f3n contra salpicaduras IP:<\/strong>\u00a0IP68<br \/>\n<strong>Dimensiones:<\/strong>\u00a0159.9 x 76.7 x 8.25 mm<br \/>\n<strong>Peso:<\/strong>\u00a0221 g<br \/>\n<strong>Elementos adicionales:<\/strong>\u00a0Cable de carga, Manual de usuario<\/div>\n<\/div>\n<\/div>\n<\/div>\n","protected":false},"excerpt":{"rendered":"<p>17 PRO MAX El Apple iPhone 17 Pro Max combina un dise\u00f1o elegante con un rendimiento inigualable, impulsado por el<\/p>\n","protected":false},"featured_media":98781,"comment_status":"open","ping_status":"closed","template":"","meta":{"nf_dc_page":""},"product_brand":[2898],"product_cat":[2187],"product_tag":[2900],"class_list":{"0":"post-98780","1":"product","2":"type-product","3":"status-publish","4":"has-post-thumbnail","6":"product_brand-apple","7":"product_cat-celulares","8":"product_tag-2900","10":"first","11":"instock","12":"sale","13":"shipping-taxable","14":"purchasable","15":"product-type-simple"},"_links":{"self":[{"href":"https:\/\/brandss.com.py\/index\/wp-json\/wp\/v2\/product\/98780","targetHints":{"allow":["GET"]}}],"collection":[{"href":"https:\/\/brandss.com.py\/index\/wp-json\/wp\/v2\/product"}],"about":[{"href":"https:\/\/brandss.com.py\/index\/wp-json\/wp\/v2\/types\/product"}],"replies":[{"embeddable":true,"href":"https:\/\/brandss.com.py\/index\/wp-json\/wp\/v2\/comments?post=98780"}],"version-history":[{"count":2,"href":"https:\/\/brandss.com.py\/index\/wp-json\/wp\/v2\/product\/98780\/revisions"}],"predecessor-version":[{"id":98798,"href":"https:\/\/brandss.com.py\/index\/wp-json\/wp\/v2\/product\/98780\/revisions\/98798"}],"wp:featuredmedia":[{"embeddable":true,"href":"https:\/\/brandss.com.py\/index\/wp-json\/wp\/v2\/media\/98781"}],"wp:attachment":[{"href":"https:\/\/brandss.com.py\/index\/wp-json\/wp\/v2\/media?parent=98780"}],"wp:term":[{"taxonomy":"product_brand","embeddable":true,"href":"https:\/\/brandss.com.py\/index\/wp-json\/wp\/v2\/product_brand?post=98780"},{"taxonomy":"product_cat","embeddable":true,"href":"https:\/\/brandss.com.py\/index\/wp-json\/wp\/v2\/product_cat?post=98780"},{"taxonomy":"product_tag","embeddable":true,"href":"https:\/\/brandss.com.py\/index\/wp-json\/wp\/v2\/product_tag?post=98780"}],"curies":[{"name":"wp","href":"https:\/\/api.w.org\/{rel}","templated":true}]}}