{"id":98923,"date":"2026-02-20T17:09:42","date_gmt":"2026-02-20T17:09:42","guid":{"rendered":"https:\/\/brandss.com.py\/index\/?post_type=product&#038;p=98923"},"modified":"2026-02-20T17:09:58","modified_gmt":"2026-02-20T17:09:58","slug":"perfume-femenino-paco-rabanne-fame-parfum-80ml","status":"publish","type":"product","link":"https:\/\/brandss.com.py\/index\/producto\/perfume-femenino-paco-rabanne-fame-parfum-80ml\/","title":{"rendered":"PERFUME FEMENINO PACO RABANNE FAME PARFUM 80ML"},"content":{"rendered":"<p><img loading=\"lazy\" decoding=\"async\" class=\"\" src=\"https:\/\/cdn.freebiesupply.com\/logos\/large\/2x\/paco-rabanne-1-logo-png-transparent.png\" alt=\"Paco Rabanne Logo PNG Transparent &amp; SVG Vector - Freebie Supply\" width=\"83\" height=\"83\" \/><\/p>\n<h1>FAME<\/h1>\n<p>D\u00e9jate seducir por la elegancia y la sofisticaci\u00f3n del perfume Fame de Paco Rabanne, una fragancia que encarna tanto la fuerza como la feminidad. <span dir=\"auto\">Descubre FAME Parfum: la poderosa y adictiva firma femenina de Rabanne. La noche es tu para\u00edso. Eres la chica de moda despreocupada con una causa. FAME Parfum desvela la faceta m\u00e1s misteriosa de la feminidad para la mujer que naci\u00f3 para brillar.<img loading=\"lazy\" decoding=\"async\" class=\"alignleft\" src=\"https:\/\/medias.rabanne.com\/cdn-cgi\/image\/width=700,quality=90,format=auto\/https:\/\/medias.rabanne.com\/medias\/sys_master\/images\/h01\/h31\/10682993541150\/10682993475614\/10682993475614.jpg\" width=\"299\" height=\"374\" \/><\/span><br \/>\n<span dir=\"auto\">El esp\u00edritu vanguardista de Rabanne perdura en FAME Parfum: una enigm\u00e1tica mezcla de jazm\u00edn sensual, incienso hipn\u00f3tico y almizcle irresistible para cautivar miradas y revelar su aura adictiva.<\/span><br \/>\n<span dir=\"auto\">Creado con el m\u00e1ximo refinamiento, FAME Parfum de Rabanne est\u00e1 formulado responsablemente con los ingredientes m\u00e1s preciados y de origen \u00e9tico.<\/span><\/p>\n<h3>Notas Olfativas<\/h3>\n<div>Presentamos Fame Parfum, una fragancia cautivadora y dise\u00f1ada exclusivamente para mujeres. Este exquisito aroma pertenece a la familia Floral Amaderada Almizclada, y ofrece una combinaci\u00f3n \u00fanica de notas de salida, coraz\u00f3n y base que crean un aroma verdaderamente inolvidable.<img loading=\"lazy\" decoding=\"async\" class=\"alignright\" src=\"https:\/\/fuschia.com.py\/userfiles\/images\/productos\/600\/3349668614660-3.jpg\" width=\"485\" height=\"485\" \/><\/div>\n<div>\n<p><span dir=\"auto\">Fame de Paco Rabanne es una fragancia ic\u00f3nica y lujosa que evoca el esp\u00edritu parisino de la feminidad. Cada toque de esta divina fragancia se abre con una tentadora explosi\u00f3n de jazm\u00edn et\u00e9reo, entrelazada con sabroso mango e incienso adictivo, creando una seductora firma olfativa. <\/span><\/p>\n<p><span dir=\"auto\">En la salida, experimentar\u00e1 la deliciosa combinaci\u00f3n de jugoso mango, pimienta rosa picante y refrescante bergamota. Estas notas vibrantes preparan el escenario para el coraz\u00f3n de la fragancia, donde se unen los ricos y misteriosos aromas del incienso, el pachul\u00ed terroso y el delicado jazm\u00edn. Finalmente, las notas de fondo de c\u00e1lido s\u00e1ndalo, dulce benju\u00ed y sensual almizcle dejan una impresi\u00f3n duradera que perdura en la piel.<\/span><\/p>\n<p><span dir=\"auto\">Presentado en una botella exquisita, inspirada en el ic\u00f3nico vestido de cota de malla de la marca, es la elecci\u00f3n perfecta para cualquiera que busque causar una buena impresi\u00f3n.<\/span><\/p>\n<p><span dir=\"auto\">Esta cl\u00e1sica botella rellenable en blanco y dorado a\u00f1ade un toque de distinci\u00f3n a cualquier tocador y es un regalo exquisito para la mujer m\u00e1s ic\u00f3nica de tu vida. Vive el lujo con Paco Rabanne Fame Eau De Parfum Recargable, una fragancia atemporal exclusiva para quienes se atreven a ser extraordinarias.<\/span><\/p>\n<p><strong>Notas de salida:<\/strong> bergamota, mango, pimienta rosa.<br \/>\n<strong><br \/>\nNotas de coraz\u00f3n:<\/strong> incienso, jazm\u00edn, pachul\u00ed.<br \/>\n<strong><br \/>\nNotas de fondo:<\/strong> almizcle, benju\u00ed, helvetolida, s\u00e1ndalo.<\/p>\n<\/div>\n","protected":false},"excerpt":{"rendered":"<p>FAME D\u00e9jate seducir por la elegancia y la sofisticaci\u00f3n del perfume Fame de Paco Rabanne, una fragancia que encarna tanto<\/p>\n","protected":false},"featured_media":98924,"comment_status":"open","ping_status":"closed","template":"","meta":{"nf_dc_page":""},"product_brand":[126],"product_cat":[84],"product_tag":[2921],"class_list":{"0":"post-98923","1":"product","2":"type-product","3":"status-publish","4":"has-post-thumbnail","6":"product_brand-paco-rabanne","7":"product_cat-perfumeria","8":"product_tag-2921","10":"first","11":"instock","12":"shipping-taxable","13":"purchasable","14":"product-type-simple"},"_links":{"self":[{"href":"https:\/\/brandss.com.py\/index\/wp-json\/wp\/v2\/product\/98923","targetHints":{"allow":["GET"]}}],"collection":[{"href":"https:\/\/brandss.com.py\/index\/wp-json\/wp\/v2\/product"}],"about":[{"href":"https:\/\/brandss.com.py\/index\/wp-json\/wp\/v2\/types\/product"}],"replies":[{"embeddable":true,"href":"https:\/\/brandss.com.py\/index\/wp-json\/wp\/v2\/comments?post=98923"}],"version-history":[{"count":1,"href":"https:\/\/brandss.com.py\/index\/wp-json\/wp\/v2\/product\/98923\/revisions"}],"predecessor-version":[{"id":98928,"href":"https:\/\/brandss.com.py\/index\/wp-json\/wp\/v2\/product\/98923\/revisions\/98928"}],"wp:featuredmedia":[{"embeddable":true,"href":"https:\/\/brandss.com.py\/index\/wp-json\/wp\/v2\/media\/98924"}],"wp:attachment":[{"href":"https:\/\/brandss.com.py\/index\/wp-json\/wp\/v2\/media?parent=98923"}],"wp:term":[{"taxonomy":"product_brand","embeddable":true,"href":"https:\/\/brandss.com.py\/index\/wp-json\/wp\/v2\/product_brand?post=98923"},{"taxonomy":"product_cat","embeddable":true,"href":"https:\/\/brandss.com.py\/index\/wp-json\/wp\/v2\/product_cat?post=98923"},{"taxonomy":"product_tag","embeddable":true,"href":"https:\/\/brandss.com.py\/index\/wp-json\/wp\/v2\/product_tag?post=98923"}],"curies":[{"name":"wp","href":"https:\/\/api.w.org\/{rel}","templated":true}]}}