{"id":98929,"date":"2026-02-20T17:35:21","date_gmt":"2026-02-20T17:35:21","guid":{"rendered":"https:\/\/brandss.com.py\/index\/?post_type=product&#038;p=98929"},"modified":"2026-02-20T17:35:45","modified_gmt":"2026-02-20T17:35:45","slug":"perfume-masculino-versace-blue-jeans-edt-75ml","status":"publish","type":"product","link":"https:\/\/brandss.com.py\/index\/producto\/perfume-masculino-versace-blue-jeans-edt-75ml\/","title":{"rendered":"PERFUME MASCULINO VERSACE BLUE JEANS EDT 75ML"},"content":{"rendered":"<h1 class=\"product-page--title\" data-item=\"section-heading\"><img loading=\"lazy\" decoding=\"async\" class=\"\" src=\"https:\/\/www.clipartmax.com\/png\/full\/252-2524147_versace-medusa-logo-png-transparent-svg-vector-freebie-versace-logo.png\" alt=\"Versace Medusa Logo Png Transparent Svg Vector Freebie - Versace Logo -  (2400x2996) Png Clipart Download\" width=\"101\" height=\"126\" \/><\/h1>\n<h1>BLUE JEANS<\/h1>\n<p><span dir=\"auto\">Un cielo azul y una brisa c\u00e1lida,<\/span><span dir=\"auto\">\u00a0Blue Jeans Eau de Toilette<\/span><span dir=\"auto\">, de\u00a0<\/span><span dir=\"auto\">Versace<\/span><span dir=\"auto\">, es una fragancia refrescante que captura el esp\u00edritu aventurero, despreocupado y encantador. <\/span><span dir=\"auto\">Los jeans azules son un cl\u00e1sico que nunca pasa de moda. Combinan con casi todo y quedan genial en todos, como el Eau de Toilette Versace Jeans Blue para hombre, que despertar\u00e1 tus sentidos con su composici\u00f3n arom\u00e1tica.<img decoding=\"async\" class=\"alignleft\" src=\"https:\/\/www.essenciasshop.co.jp\/cdn\/shop\/files\/10005313c_500x.jpg?v=1745743569\" \/><\/span><\/p>\n<ul>\n<li><span dir=\"auto\">Una fragancia arom\u00e1tica con lavanda, vainilla y c\u00edtricos.<\/span><\/li>\n<li><span dir=\"auto\">inspirado en la Riviera italiana<\/span><\/li>\n<li><span dir=\"auto\">Lanzado en 1994<\/span><\/li>\n<\/ul>\n<p>Versace Jeans Blue fue creado por el perfumista Jean-Pierre Bethouart en 1994. Su composici\u00f3n arom\u00e1tica est\u00e1 inspirada en la atm\u00f3sfera de la Riviera italiana, hermosos atardeceres y una fresca brisa del oc\u00e9ano.<\/p>\n<h3>Notas Olfativas<\/h3>\n<p>El perfume Blue Jeans de Versace es una fragancia de la familia olfativa arom\u00e1tica foug\u00e8re para hombres. Una fragancia con notas c\u00edtricas y verdes, donde el elegante aroma de galbanum,\u00a0rosa\u00a0y otros ingredientes crea una imagen \u00fanica.\u00a0Este conjunto se intensifica con las notas florales de\u00a0jazm\u00edn\u00a0y\u00a0violeta, que a\u00f1aden un toque refinado. La fragancia se complementa con la frescura de las maderas, como\u00a0cedro,\u00a0s\u00e1ndalo\u00a0y\u00a0vetiver, que elevan a\u00fan m\u00e1s la atm\u00f3sfera. Por \u00faltimo, la suavidad del\u00a0\u00e1mbar\u00a0y\u00a0almizcle envuelve esta armon\u00eda \u00fanica, creando una sensaci\u00f3n c\u00e1lida y acogedora. El color\u00a0azul, que transmite frescura y pureza, refleja perfectamente el car\u00e1cter\u00a0amaderado\u00a0y\u00a0suavemente c\u00e1lido\u00a0de esta fragancia.<\/p>\n<ul>\n<li><strong>Notas de salida:<\/strong> c\u00edtricos, bergamota, enebro de Virginia, an\u00eds, palo de rosa de Brasil, albahaca.<\/li>\n<li><strong>Notas de coraz\u00f3n:<\/strong> lavanda, rosa, clavel, heliotropo, jazm\u00edn, geranio, salvia, abeto, lirio de los valles (muguete).<\/li>\n<li><strong>Notas de fondo:<\/strong> vainilla, haba tonka, s\u00e1ndalo, iris, almizcle, \u00e1mbar, cedro, vetiver, pachul\u00ed.<\/li>\n<\/ul>\n","protected":false},"excerpt":{"rendered":"<p>BLUE JEANS Un cielo azul y una brisa c\u00e1lida,\u00a0Blue Jeans Eau de Toilette, de\u00a0Versace, es una fragancia refrescante que captura<\/p>\n","protected":false},"featured_media":98930,"comment_status":"open","ping_status":"closed","template":"","meta":{"nf_dc_page":""},"product_brand":[121],"product_cat":[84],"product_tag":[2922],"class_list":{"0":"post-98929","1":"product","2":"type-product","3":"status-publish","4":"has-post-thumbnail","6":"product_brand-versace","7":"product_cat-perfumeria","8":"product_tag-2922","10":"first","11":"instock","12":"shipping-taxable","13":"purchasable","14":"product-type-simple"},"_links":{"self":[{"href":"https:\/\/brandss.com.py\/index\/wp-json\/wp\/v2\/product\/98929","targetHints":{"allow":["GET"]}}],"collection":[{"href":"https:\/\/brandss.com.py\/index\/wp-json\/wp\/v2\/product"}],"about":[{"href":"https:\/\/brandss.com.py\/index\/wp-json\/wp\/v2\/types\/product"}],"replies":[{"embeddable":true,"href":"https:\/\/brandss.com.py\/index\/wp-json\/wp\/v2\/comments?post=98929"}],"version-history":[{"count":1,"href":"https:\/\/brandss.com.py\/index\/wp-json\/wp\/v2\/product\/98929\/revisions"}],"predecessor-version":[{"id":98934,"href":"https:\/\/brandss.com.py\/index\/wp-json\/wp\/v2\/product\/98929\/revisions\/98934"}],"wp:featuredmedia":[{"embeddable":true,"href":"https:\/\/brandss.com.py\/index\/wp-json\/wp\/v2\/media\/98930"}],"wp:attachment":[{"href":"https:\/\/brandss.com.py\/index\/wp-json\/wp\/v2\/media?parent=98929"}],"wp:term":[{"taxonomy":"product_brand","embeddable":true,"href":"https:\/\/brandss.com.py\/index\/wp-json\/wp\/v2\/product_brand?post=98929"},{"taxonomy":"product_cat","embeddable":true,"href":"https:\/\/brandss.com.py\/index\/wp-json\/wp\/v2\/product_cat?post=98929"},{"taxonomy":"product_tag","embeddable":true,"href":"https:\/\/brandss.com.py\/index\/wp-json\/wp\/v2\/product_tag?post=98929"}],"curies":[{"name":"wp","href":"https:\/\/api.w.org\/{rel}","templated":true}]}}