{"id":98942,"date":"2026-02-20T19:06:12","date_gmt":"2026-02-20T19:06:12","guid":{"rendered":"https:\/\/brandss.com.py\/index\/?post_type=product&#038;p=98942"},"modified":"2026-02-20T19:06:35","modified_gmt":"2026-02-20T19:06:35","slug":"perfume-femenino-hugo-boss-boss-woman-edp-90ml","status":"publish","type":"product","link":"https:\/\/brandss.com.py\/index\/producto\/perfume-femenino-hugo-boss-boss-woman-edp-90ml\/","title":{"rendered":"PERFUME FEMENINO HUGO BOSS BOSS WOMAN EDP 90ML"},"content":{"rendered":"<p><img loading=\"lazy\" decoding=\"async\" class=\"\" src=\"https:\/\/upload.wikimedia.org\/wikipedia\/commons\/thumb\/7\/73\/Hugo-Boss-Logo.svg\/1280px-Hugo-Boss-Logo.svg.png\" alt=\"Archivo:Hugo-Boss-Logo.svg - Wikipedia, la enciclopedia libre\" width=\"121\" height=\"45\" \/><\/p>\n<h1>BOSS WOMAN<\/h1>\n<p>Es un homenaje a la mujer exitosa y segura de s\u00ed misma, que combina fuerza, confianza en s\u00ed misma, feminidad y estilo. Este perfume floral afrutado es una fragancia contempor\u00e1nea y atractiva para la mujer moderna. <img loading=\"lazy\" decoding=\"async\" class=\"alignleft\" src=\"https:\/\/m.media-amazon.com\/images\/I\/81JWxyMkfNL._AC_SL1500_.jpg\" width=\"809\" height=\"809\" \/><\/p>\n<p>BOSS Woman es un lujoso Eau de Parfum que presenta una mezcla de notas frescas y dulces, inspiradas en mujeres seguras y empoderadas, de Hugo Boss.<\/p>\n<p><span dir=\"auto\">BOSS Woman es un homenaje a la mujer BOSS exitosa y segura de s\u00ed misma, evocando la combinaci\u00f3n perfecta de fuerza y \u200b\u200bconfianza en s\u00ed misma con feminidad y estilo para crear una fragancia rica y contempor\u00e1nea para la mujer moderna.<\/span><\/p>\n<ul class=\"tickmark_blue\">\n<li><span dir=\"auto\">Eau de Parfum de alta potencia<\/span><\/li>\n<li><span dir=\"auto\">Dura hasta 6 horas<\/span><\/li>\n<li><span dir=\"auto\">Inspirado por mujeres exitosas y empoderadas<\/span><\/li>\n<li><span dir=\"auto\">Una fragancia contempor\u00e1nea de Hugo Boss<\/span><\/li>\n<\/ul>\n<h3><\/h3>\n<h3>Notas Olfativas<\/h3>\n<p>&nbsp;<\/p>\n<div class=\"elementor-element elementor-element-4745db93 elementor-widget elementor-widget-woocommerce-product-short-description\" data-id=\"4745db93\" data-element_type=\"widget\" data-e-type=\"widget\" data-widget_type=\"woocommerce-product-short-description.default\">\n<div class=\"elementor-widget-container\">\n<div class=\"woocommerce-product-details__short-description\">\n<p>Boss Woman\u00a0es una fragancia fresca y moderna que captura la esencia de la mujer sofisticada y elegante. Con una apertura vibrante de flor de loto y mandarinas jugosas, ofrece una sensaci\u00f3n ligera y energ\u00e9tica que atrae de inmediato. A medida que se desarrolla, las notas de flor de azahar y magnolia aportan un toque floral delicado y femenino.<\/p>\n<p>La base de s\u00e1ndalo y \u00e1mbar crea un final c\u00e1lido y envolvente, dejando una huella suave y duradera. Ideal para la mujer que busca una fragancia fresca, refinada y con una feminidad sutil pero poderosa.<\/p>\n<\/div>\n<\/div>\n<\/div>\n<div class=\"elementor-element elementor-element-bb0d726 elementor-woo-meta--view-inline elementor-widget elementor-widget-woocommerce-product-meta\" data-id=\"bb0d726\" data-element_type=\"widget\" data-e-type=\"widget\" data-widget_type=\"woocommerce-product-meta.default\">\n<div class=\"elementor-widget-container\"><strong>Notas de salida:<\/strong> mandarina, mango.<br \/>\n<strong>Notas de coraz\u00f3n:<\/strong> ra\u00edz de violeta, fresia.<br \/>\n<strong>Notas de fondo:<\/strong> extracto de cedro blanco, s\u00e1ndalo.<\/div>\n<\/div>\n","protected":false},"excerpt":{"rendered":"<p>BOSS WOMAN Es un homenaje a la mujer exitosa y segura de s\u00ed misma, que combina fuerza, confianza en s\u00ed<\/p>\n","protected":false},"featured_media":98943,"comment_status":"open","ping_status":"closed","template":"","meta":{"nf_dc_page":""},"product_brand":[130],"product_cat":[84],"product_tag":[2924],"class_list":{"0":"post-98942","1":"product","2":"type-product","3":"status-publish","4":"has-post-thumbnail","6":"product_brand-hugo-boss","7":"product_cat-perfumeria","8":"product_tag-2924","10":"first","11":"instock","12":"shipping-taxable","13":"purchasable","14":"product-type-simple"},"_links":{"self":[{"href":"https:\/\/brandss.com.py\/index\/wp-json\/wp\/v2\/product\/98942","targetHints":{"allow":["GET"]}}],"collection":[{"href":"https:\/\/brandss.com.py\/index\/wp-json\/wp\/v2\/product"}],"about":[{"href":"https:\/\/brandss.com.py\/index\/wp-json\/wp\/v2\/types\/product"}],"replies":[{"embeddable":true,"href":"https:\/\/brandss.com.py\/index\/wp-json\/wp\/v2\/comments?post=98942"}],"version-history":[{"count":1,"href":"https:\/\/brandss.com.py\/index\/wp-json\/wp\/v2\/product\/98942\/revisions"}],"predecessor-version":[{"id":98947,"href":"https:\/\/brandss.com.py\/index\/wp-json\/wp\/v2\/product\/98942\/revisions\/98947"}],"wp:featuredmedia":[{"embeddable":true,"href":"https:\/\/brandss.com.py\/index\/wp-json\/wp\/v2\/media\/98943"}],"wp:attachment":[{"href":"https:\/\/brandss.com.py\/index\/wp-json\/wp\/v2\/media?parent=98942"}],"wp:term":[{"taxonomy":"product_brand","embeddable":true,"href":"https:\/\/brandss.com.py\/index\/wp-json\/wp\/v2\/product_brand?post=98942"},{"taxonomy":"product_cat","embeddable":true,"href":"https:\/\/brandss.com.py\/index\/wp-json\/wp\/v2\/product_cat?post=98942"},{"taxonomy":"product_tag","embeddable":true,"href":"https:\/\/brandss.com.py\/index\/wp-json\/wp\/v2\/product_tag?post=98942"}],"curies":[{"name":"wp","href":"https:\/\/api.w.org\/{rel}","templated":true}]}}