{"id":98968,"date":"2026-02-21T12:23:41","date_gmt":"2026-02-21T12:23:41","guid":{"rendered":"https:\/\/brandss.com.py\/index\/?post_type=product&#038;p=98968"},"modified":"2026-02-21T12:24:05","modified_gmt":"2026-02-21T12:24:05","slug":"perfume-masculino-adyan-awad-alpha-extrait-de-parfum-100ml","status":"publish","type":"product","link":"https:\/\/brandss.com.py\/index\/producto\/perfume-masculino-adyan-awad-alpha-extrait-de-parfum-100ml\/","title":{"rendered":"PERFUME MASCULINO ADYAN AWAD ALPHA EXTRAIT DE PARFUM 100ML"},"content":{"rendered":"<p><img loading=\"lazy\" decoding=\"async\" class=\"\" src=\"https:\/\/media-qatar.ansargallery.com\/brands\/logo\/adyan.png\" alt=\"Buy Adyan Perfumes &amp; Fragrances Online | Ansar Gallery Qatar\" width=\"80\" height=\"80\" \/><\/p>\n<h1>AWAD ALPHA<\/h1>\n<p style=\"font-weight: 400\"><strong><em>Una declaraci\u00f3n audaz de poder y presencia.<\/em><\/strong><\/p>\n<p style=\"font-weight: 400\">Din\u00e1mico e imponente, Alpha Awad irradia confianza y sofisticaci\u00f3n, combinando fuerza con un carisma natural. Su esencia refinada perdura, dejando una impresi\u00f3n inolvidable de autoridad y atractivo.<img loading=\"lazy\" decoding=\"async\" class=\"alignleft\" src=\"https:\/\/oudhalanfar.com\/cdn\/shop\/files\/AwadAlphaCatelog.jpg?v=1748268582&amp;width=1400\" width=\"683\" height=\"483\" \/><\/p>\n<p style=\"font-weight: 400\">Awad Alpha te revelar\u00e1 lo sensual que puede ser una fragancia oriental. El enigma y la pizca de misterio que emanan de ella te cautivar\u00e1n al instante y no dejar\u00e1n indiferentes a los que te rodean. Una fragancia de noche que combina una dulzura sensual con una profundidad c\u00e1lida y atrae la atenci\u00f3n sin concesiones.<\/p>\n<h3><\/h3>\n<h3>Notas Olfativas<\/h3>\n<p>&nbsp;<\/p>\n<p><span dir=\"auto\">La fragancia se abre con\u00a0<\/span><span dir=\"auto\">bergamota, lavanda y menta<\/span><span dir=\"auto\">, que suavizan su car\u00e1cter goloso y aportan una frescura inmediata. Esta combinaci\u00f3n crea un contraste entre las notas refrescantes y las notas finales m\u00e1s dulces, creando una primera impresi\u00f3n moderna y atractiva.<\/span><\/p>\n<p><span dir=\"auto\">El coraz\u00f3n del perfume se compone de\u00a0<\/span><span dir=\"auto\">vainilla y benju\u00ed<\/span><span dir=\"auto\">, que le aportan una deliciosa y cremosa profundidad. Estos elementos realzan su car\u00e1cter gourmand, y la transici\u00f3n entre la salida y la base conecta a la perfecci\u00f3n notas frescas y c\u00e1lidas.<\/span><\/p>\n<p><span dir=\"auto\">La base est\u00e1 compuesta de\u00a0<\/span><span dir=\"auto\">miel, haba tonka y tabaco<\/span><span dir=\"auto\">, que le dan al aroma un final c\u00e1lido y seductor. Gracias a estas notas, el perfume tiene una presencia potente, ideal para la noche y las estaciones m\u00e1s fr\u00edas.<\/span><\/p>\n<p>&nbsp;<\/p>\n<p><strong>Notas de salida:<\/strong> bergamota, lavanda, menta.<br \/>\n<strong>Notas de coraz\u00f3n:<\/strong> benju\u00ed, vainilla.<br \/>\n<strong>Notas de fondo:<\/strong> haba tonka, miel, tabaco.<\/p>\n","protected":false},"excerpt":{"rendered":"<p>AWAD ALPHA Una declaraci\u00f3n audaz de poder y presencia. Din\u00e1mico e imponente, Alpha Awad irradia confianza y sofisticaci\u00f3n, combinando fuerza<\/p>\n","protected":false},"featured_media":98969,"comment_status":"open","ping_status":"closed","template":"","meta":{"nf_dc_page":""},"product_brand":[1972],"product_cat":[84],"product_tag":[2929],"class_list":{"0":"post-98968","1":"product","2":"type-product","3":"status-publish","4":"has-post-thumbnail","6":"product_brand-adyan","7":"product_cat-perfumeria","8":"product_tag-2929","10":"first","11":"instock","12":"shipping-taxable","13":"purchasable","14":"product-type-simple"},"_links":{"self":[{"href":"https:\/\/brandss.com.py\/index\/wp-json\/wp\/v2\/product\/98968","targetHints":{"allow":["GET"]}}],"collection":[{"href":"https:\/\/brandss.com.py\/index\/wp-json\/wp\/v2\/product"}],"about":[{"href":"https:\/\/brandss.com.py\/index\/wp-json\/wp\/v2\/types\/product"}],"replies":[{"embeddable":true,"href":"https:\/\/brandss.com.py\/index\/wp-json\/wp\/v2\/comments?post=98968"}],"version-history":[{"count":1,"href":"https:\/\/brandss.com.py\/index\/wp-json\/wp\/v2\/product\/98968\/revisions"}],"predecessor-version":[{"id":98973,"href":"https:\/\/brandss.com.py\/index\/wp-json\/wp\/v2\/product\/98968\/revisions\/98973"}],"wp:featuredmedia":[{"embeddable":true,"href":"https:\/\/brandss.com.py\/index\/wp-json\/wp\/v2\/media\/98969"}],"wp:attachment":[{"href":"https:\/\/brandss.com.py\/index\/wp-json\/wp\/v2\/media?parent=98968"}],"wp:term":[{"taxonomy":"product_brand","embeddable":true,"href":"https:\/\/brandss.com.py\/index\/wp-json\/wp\/v2\/product_brand?post=98968"},{"taxonomy":"product_cat","embeddable":true,"href":"https:\/\/brandss.com.py\/index\/wp-json\/wp\/v2\/product_cat?post=98968"},{"taxonomy":"product_tag","embeddable":true,"href":"https:\/\/brandss.com.py\/index\/wp-json\/wp\/v2\/product_tag?post=98968"}],"curies":[{"name":"wp","href":"https:\/\/api.w.org\/{rel}","templated":true}]}}