{"id":98974,"date":"2026-02-21T13:24:34","date_gmt":"2026-02-21T13:24:34","guid":{"rendered":"https:\/\/brandss.com.py\/index\/?post_type=product&#038;p=98974"},"modified":"2026-02-21T13:25:07","modified_gmt":"2026-02-21T13:25:07","slug":"perfume-femenino-al-wataniah-watani-pink-edp-100ml","status":"publish","type":"product","link":"https:\/\/brandss.com.py\/index\/producto\/perfume-femenino-al-wataniah-watani-pink-edp-100ml\/","title":{"rendered":"PERFUME FEMENINO AL WATANIAH WATANI PINK EDP 100ML"},"content":{"rendered":"<p><img loading=\"lazy\" decoding=\"async\" class=\"\" src=\"https:\/\/www.alwataniah.com\/cdn\/shop\/files\/alwatniah-logo.webp?v=1759732990&amp;width=500\" alt=\"About Us | Al Wataniah Perfumes Official \u2013 Alwataniah\" width=\"101\" height=\"95\" \/><\/p>\n<h1>WATANI PINK<\/h1>\n<p><strong><em>La esencia de la feminidad radiante<\/em><\/strong><\/p>\n<p>Es una fragancia femenina intensa, cautivadora y sofisticada, creada para mujeres que aprecian los perfumes impactantes y sutiles. Con una moderna y dulce esencia floral y una base elegante, Watani Pink transmite presencia, feminidad y personalidad en cada aplicaci\u00f3n.<\/p>\n<p data-path-to-node=\"5\">Watani Pink\u00a0es mucho m\u00e1s que un perfume; es una declaraci\u00f3n de elegancia y alegr\u00eda. Dise\u00f1ada para la mujer que camina con confianza y deja un aura de sofisticaci\u00f3n rom\u00e1ntica a su paso, esta fragancia captura la magia de un jard\u00edn \u00e1rabe en plena floraci\u00f3n bajo el sol de la ma\u00f1ana.<\/p>\n<p data-path-to-node=\"8\">Esta joya de la perfumer\u00eda oriental equilibra perfectamente la frescura de las frutas silvestres con la opulencia de las flores nobles. Es una fragancia vibrante, dulce y aterciopelada que se adapta tanto a una jornada de oficina como a una cena especial.<\/p>\n<h3 data-path-to-node=\"8\">Notas Olfativas<\/h3>\n<p data-end=\"950\" data-start=\"494\"><span dir=\"auto\">La salida es impactante y cremosa, combinando\u00a0<\/span><span dir=\"auto\">flores blancas y nardos<\/span><span dir=\"auto\">\u00a0con el toque inesperado y sofisticado del\u00a0<\/span><span dir=\"auto\">cacao<\/span><span dir=\"auto\">, creando un inicio intenso, femenino y ligeramente gourmand. En el coraz\u00f3n, la fragancia contrasta con matices\u00a0<\/span><span dir=\"auto\">dulces, c\u00edtricos y amaderados<\/span><span dir=\"auto\">, logrando un equilibrio entre una frescura luminosa y una profundidad elegante. El fondo revela la fuerza del\u00a0<\/span><span dir=\"auto\">pachul\u00ed<\/span><span dir=\"auto\">, garantizando una estela impactante, ligeramente terrosa y extremadamente cautivadora.<\/span><\/p>\n<p data-end=\"979\" data-start=\"952\">\n<p data-end=\"1129\" data-start=\"981\"><strong data-end=\"1002\" data-start=\"984\"><span dir=\"auto\">Notas de salida:<\/span><\/strong><span dir=\"auto\"> floral blanco, nardos, cacao.<\/span><br data-end=\"1036\" data-start=\"1033\" \/><strong data-end=\"1060\" data-start=\"1039\"><span dir=\"auto\">Notas de coraz\u00f3n:<\/span><\/strong><span dir=\"auto\"> acorde dulce, c\u00edtricos, amaderado.<\/span><br data-end=\"1095\" data-start=\"1092\" \/><strong data-end=\"1117\" data-start=\"1098\"><span dir=\"auto\">Notas de fondo:<\/span><\/strong><span dir=\"auto\"> pachul\u00ed.<\/span><\/p>\n","protected":false},"excerpt":{"rendered":"<p>WATANI PINK La esencia de la feminidad radiante Es una fragancia femenina intensa, cautivadora y sofisticada, creada para mujeres que<\/p>\n","protected":false},"featured_media":98975,"comment_status":"open","ping_status":"closed","template":"","meta":{"nf_dc_page":""},"product_brand":[105],"product_cat":[84],"product_tag":[2930],"class_list":{"0":"post-98974","1":"product","2":"type-product","3":"status-publish","4":"has-post-thumbnail","6":"product_brand-al-wataniah","7":"product_cat-perfumeria","8":"product_tag-2930","10":"first","11":"instock","12":"shipping-taxable","13":"purchasable","14":"product-type-simple"},"_links":{"self":[{"href":"https:\/\/brandss.com.py\/index\/wp-json\/wp\/v2\/product\/98974","targetHints":{"allow":["GET"]}}],"collection":[{"href":"https:\/\/brandss.com.py\/index\/wp-json\/wp\/v2\/product"}],"about":[{"href":"https:\/\/brandss.com.py\/index\/wp-json\/wp\/v2\/types\/product"}],"replies":[{"embeddable":true,"href":"https:\/\/brandss.com.py\/index\/wp-json\/wp\/v2\/comments?post=98974"}],"version-history":[{"count":1,"href":"https:\/\/brandss.com.py\/index\/wp-json\/wp\/v2\/product\/98974\/revisions"}],"predecessor-version":[{"id":98978,"href":"https:\/\/brandss.com.py\/index\/wp-json\/wp\/v2\/product\/98974\/revisions\/98978"}],"wp:featuredmedia":[{"embeddable":true,"href":"https:\/\/brandss.com.py\/index\/wp-json\/wp\/v2\/media\/98975"}],"wp:attachment":[{"href":"https:\/\/brandss.com.py\/index\/wp-json\/wp\/v2\/media?parent=98974"}],"wp:term":[{"taxonomy":"product_brand","embeddable":true,"href":"https:\/\/brandss.com.py\/index\/wp-json\/wp\/v2\/product_brand?post=98974"},{"taxonomy":"product_cat","embeddable":true,"href":"https:\/\/brandss.com.py\/index\/wp-json\/wp\/v2\/product_cat?post=98974"},{"taxonomy":"product_tag","embeddable":true,"href":"https:\/\/brandss.com.py\/index\/wp-json\/wp\/v2\/product_tag?post=98974"}],"curies":[{"name":"wp","href":"https:\/\/api.w.org\/{rel}","templated":true}]}}