{"id":98985,"date":"2026-02-21T14:38:26","date_gmt":"2026-02-21T14:38:26","guid":{"rendered":"https:\/\/brandss.com.py\/index\/?post_type=product&#038;p=98985"},"modified":"2026-02-21T14:38:46","modified_gmt":"2026-02-21T14:38:46","slug":"perfume-unisex-al-wataniah-al-andalus-sevilla-edp-100ml","status":"publish","type":"product","link":"https:\/\/brandss.com.py\/index\/producto\/perfume-unisex-al-wataniah-al-andalus-sevilla-edp-100ml\/","title":{"rendered":"PERFUME UNISEX AL WATANIAH AL ANDALUS SEVILLA EDP 100ML"},"content":{"rendered":"<p><img loading=\"lazy\" decoding=\"async\" class=\"\" src=\"https:\/\/www.alwataniah.com\/cdn\/shop\/files\/alwatniah-logo.webp?v=1759732990&amp;width=500\" alt=\"About Us | Al Wataniah Perfumes Official \u2013 Alwataniah\" width=\"146\" height=\"138\" \/><\/p>\n<h1>AL ANDALUS SEVILLA<\/h1>\n<p>Del\u00e9itese con la irresistible dulzura de Sevilla, una lujosa creaci\u00f3n de la casa Al Wataniah. Esta fragancia invita a un vibrante viaje sensorial, donde suculentas notas frutales se fusionan con la calidez de las maderas nobles, dando como resultado una composici\u00f3n refrescante, dulce y profundamente sofisticada.<img loading=\"lazy\" decoding=\"async\" class=\"alignleft\" src=\"https:\/\/www.bjutip.com\/image\/cache\/catalog\/Perfumes\/Unisex\/5055810099169_4-800x800.jpg\" width=\"695\" height=\"695\" \/><\/p>\n<p>Sevilla es una fragancia oriental floral elegante y envolvente, inspirada en la pasi\u00f3n, la calidez y la sofisticaci\u00f3n. Pensada para quienes buscan un aroma duradero y con car\u00e1cter, Sevilla combina notas vibrantes y sensuales que evolucionan desde una apertura fresca hasta un fondo profundo y c\u00e1lido, ideal para usar tanto en el d\u00eda como en la noche.<\/p>\n<p>Su presencia sofisticada y su estela cautivadora lo convierten en una opci\u00f3n destacada para regalar o para tu colecci\u00f3n personal de perfumes.<\/p>\n<p>Siente la energ\u00eda radiante y el toque sensual de Sevilla Al Wataniah.<\/p>\n<p>&nbsp;<\/p>\n<h3>Notas Olfativas<\/h3>\n<p>&nbsp;<\/p>\n<p>El Perfume Al Andalus Sevilla de Al Wataniah es una fragancia de la familia amaderada frutal para mujeres y hombres, ofreciendo una fragancia duradera, refinada y vers\u00e1til, perfecta para el d\u00eda a d\u00eda o momentos especiales.<\/p>\n<p><span dir=\"auto\">La experiencia comienza con una explosi\u00f3n frutal de manzana, pi\u00f1a y cereza, que proporciona una radiante frescura tropical desde la primera aplicaci\u00f3n. En su coraz\u00f3n, se revela el misterio: el toque picante del an\u00eds se une a la cremosidad del s\u00e1ndalo, creando un equilibrio perfecto entre la energ\u00eda de las frutas y la elegancia amaderada.<\/span><\/p>\n<p><span dir=\"auto\">El final es cautivador y sensual: una c\u00e1lida base de cedro y vainilla se completa con el toque aterciopelado de frambuesa, asegurando que la fragancia envuelva la piel en una estela suave e inolvidable. <\/span><\/p>\n<p><span dir=\"auto\">Sevilla es el perfume perfecto para quienes desean irradiar alegr\u00eda, lujo y una dulzura magn\u00e9tica.<\/span><\/p>\n<p><strong><span dir=\"auto\">Notas de salida: <\/span><\/strong><span dir=\"auto\">manzana, pi\u00f1a, cereza.<\/span><\/p>\n<p><strong><span dir=\"auto\">Notas de coraz\u00f3n: <\/span><\/strong><span dir=\"auto\">an\u00eds, s\u00e1ndalo.<\/span><\/p>\n<p><span dir=\"auto\"><strong>Notas de fondo:<\/strong> c<\/span><span dir=\"auto\">edro, vainilla, frambuesa.<\/span><\/p>\n","protected":false},"excerpt":{"rendered":"<p>AL ANDALUS SEVILLA Del\u00e9itese con la irresistible dulzura de Sevilla, una lujosa creaci\u00f3n de la casa Al Wataniah. Esta fragancia<\/p>\n","protected":false},"featured_media":98986,"comment_status":"open","ping_status":"closed","template":"","meta":{"nf_dc_page":""},"product_brand":[105],"product_cat":[84],"product_tag":[2932],"class_list":{"0":"post-98985","1":"product","2":"type-product","3":"status-publish","4":"has-post-thumbnail","6":"product_brand-al-wataniah","7":"product_cat-perfumeria","8":"product_tag-2932","10":"first","11":"instock","12":"shipping-taxable","13":"purchasable","14":"product-type-simple"},"_links":{"self":[{"href":"https:\/\/brandss.com.py\/index\/wp-json\/wp\/v2\/product\/98985","targetHints":{"allow":["GET"]}}],"collection":[{"href":"https:\/\/brandss.com.py\/index\/wp-json\/wp\/v2\/product"}],"about":[{"href":"https:\/\/brandss.com.py\/index\/wp-json\/wp\/v2\/types\/product"}],"replies":[{"embeddable":true,"href":"https:\/\/brandss.com.py\/index\/wp-json\/wp\/v2\/comments?post=98985"}],"version-history":[{"count":1,"href":"https:\/\/brandss.com.py\/index\/wp-json\/wp\/v2\/product\/98985\/revisions"}],"predecessor-version":[{"id":98990,"href":"https:\/\/brandss.com.py\/index\/wp-json\/wp\/v2\/product\/98985\/revisions\/98990"}],"wp:featuredmedia":[{"embeddable":true,"href":"https:\/\/brandss.com.py\/index\/wp-json\/wp\/v2\/media\/98986"}],"wp:attachment":[{"href":"https:\/\/brandss.com.py\/index\/wp-json\/wp\/v2\/media?parent=98985"}],"wp:term":[{"taxonomy":"product_brand","embeddable":true,"href":"https:\/\/brandss.com.py\/index\/wp-json\/wp\/v2\/product_brand?post=98985"},{"taxonomy":"product_cat","embeddable":true,"href":"https:\/\/brandss.com.py\/index\/wp-json\/wp\/v2\/product_cat?post=98985"},{"taxonomy":"product_tag","embeddable":true,"href":"https:\/\/brandss.com.py\/index\/wp-json\/wp\/v2\/product_tag?post=98985"}],"curies":[{"name":"wp","href":"https:\/\/api.w.org\/{rel}","templated":true}]}}