{"id":99027,"date":"2026-02-23T13:39:49","date_gmt":"2026-02-23T13:39:49","guid":{"rendered":"https:\/\/brandss.com.py\/index\/?post_type=product&#038;p=99027"},"modified":"2026-02-23T13:44:44","modified_gmt":"2026-02-23T13:44:44","slug":"perfume-unisex-al-wataniah-al-daiem-edp-75ml","status":"publish","type":"product","link":"https:\/\/brandss.com.py\/index\/producto\/perfume-unisex-al-wataniah-al-daiem-edp-75ml\/","title":{"rendered":"PERFUME UNISEX AL WATANIAH AL DAIEM EDP 75ML"},"content":{"rendered":"<p><img loading=\"lazy\" decoding=\"async\" class=\"\" src=\"https:\/\/www.alwataniah.com\/cdn\/shop\/files\/alwatniah-logo.webp?v=1759732990&amp;width=500\" alt=\"About Us | Al Wataniah Perfumes Official \u2013 Alwataniah\" width=\"116\" height=\"109\" \/><\/p>\n<h1>AL DAIEM<\/h1>\n<h5><em><span dir=\"auto\">El equilibrio entre la frescura y la oscuridad<\/span><\/em><\/h5>\n<p><span dir=\"auto\">Creado para la intensidad de la vida moderna, el <\/span><span dir=\"auto\">Al Daiem<\/span><span dir=\"auto\"> te envuelve en una estela de prestigio y enfoque. Es la fusi\u00f3n perfecta de energ\u00eda urbana y distinci\u00f3n cl\u00e1sica, representando el \u00e9xito de quienes lideran con determinaci\u00f3n y elegancia.\u00a0<\/span><span dir=\"auto\">Al\u00a0<\/span><span dir=\"auto\">Daiem<\/span><span dir=\"auto\"> trasciende las tendencias pasajeras para convertirse en el sello distintivo de una trayectoria victoriosa. Mediante la magistral uni\u00f3n de la frescura del cardamomo y la intensidad del incienso, esta fragancia inmortaliza la presencia de quien la lleva <\/span><span dir=\"auto\">Con notas \u00fanicas, <\/span><span dir=\"auto\">Al Daiem<\/span><span dir=\"auto\">\u00a0ofrece una experiencia sensorial que se distingue de la perfumer\u00eda comercial. Es una fragancia para quienes buscan exclusividad y profundidad.<\/span><\/p>\n<div id=\"row-1880847567\" class=\"row\">\n<div id=\"col-2070346855\" class=\"col medium-1\/2 large-6\">\n<div class=\"col-inner\">\n<p><strong><span dir=\"auto\">Versatilidad enigm\u00e1tica<img decoding=\"async\" class=\"alignleft\" src=\"https:\/\/www.bjutip.com\/image\/cache\/catalog\/Perfumes\/Women\/5055810056995_7-800x800.jpg\" \/><\/span><\/strong><\/p>\n<p><span dir=\"auto\">A pesar de su densidad, el equilibrio c\u00edtrico-especiado permite utilizarlo tanto en eventos formales como en reuniones nocturnas donde la intenci\u00f3n es hacer una declaraci\u00f3n sofisticada.<\/span><\/p>\n<p><strong><span dir=\"auto\">Aura de poder unisex<\/span><\/strong><\/p>\n<p><span dir=\"auto\">La sofisticaci\u00f3n de\u00a0<\/span><span dir=\"auto\">Al Daiem<\/span><span dir=\"auto\">\u00a0no tiene g\u00e9nero . En la piel masculina, resalta las maderas y las especias; en la piel femenina, enfatiza el misterio de las flores y el aterciopelado incienso.<\/span><\/p>\n<p>&nbsp;<\/p>\n<h3>Notas Olfativas<\/h3>\n<p>&nbsp;<\/p>\n<div class=\"col-12 col-md-7 product-info pe-md-5\">\n<div class=\"product-info-tabs\">\n<div class=\"tab-content\">\n<div id=\"tab-description\" class=\"tab-pane active show\" role=\"tabpanel\">\n<p><span dir=\"auto\">Al Daiem <\/span><span dir=\"auto\">es una sorprendente\u00a0<\/span><span dir=\"auto\">fragancia oriental<\/span><span dir=\"auto\">\u00a0creada\u00a0<\/span><span dir=\"auto\">para hombres y mujeres<\/span><span dir=\"auto\"> que adoptan una elegancia moderna y audaz.\u00a0<\/span><span dir=\"auto\">Inspirada en la arquitectura futurista del Museo del Futuro de Dub\u00e1i, la fragancia\u00a0<\/span><span dir=\"auto\">se abre<\/span><span dir=\"auto\"> con una vibrante fusi\u00f3n de\u00a0<\/span><span dir=\"auto\">lim\u00f3n<\/span><span dir=\"auto\">,\u00a0<\/span><span dir=\"auto\">jengibre<\/span><span dir=\"auto\">,\u00a0<\/span><span dir=\"auto\">cardamomo<\/span><span dir=\"auto\">,\u00a0<\/span><span dir=\"auto\">bergamota<\/span><span dir=\"auto\">,\u00a0<\/span><span dir=\"auto\">pomelo<\/span><span dir=\"auto\">\u00a0y frescas\u00a0<\/span><span dir=\"auto\">notas verdes<\/span><span dir=\"auto\">. Esta vibrante introducci\u00f3n se siente brillante, especiada y contempor\u00e1nea, ofreciendo un comienzo en\u00e9rgico que capta la atenci\u00f3n al instante con su car\u00e1cter radiante y vanguardista.<\/span><\/p>\n<p><span dir=\"auto\">A medida que el perfume se despliega, Al Daiem se transforma en un\u00a0<\/span><span dir=\"auto\">coraz\u00f3n<\/span><span dir=\"auto\"> sofisticado y texturizado. Una refinada mezcla de\u00a0\u00a0<\/span><span dir=\"auto\">mate<\/span><span dir=\"auto\">,\u00a0<\/span><span dir=\"auto\">jazm\u00edn sambac<\/span><span dir=\"auto\">,\u00a0<\/span><span dir=\"auto\">incienso<\/span><span dir=\"auto\">,\u00a0<\/span><span dir=\"auto\">nuez moscada<\/span><span dir=\"auto\">,\u00a0<\/span><span dir=\"auto\">violeta<\/span><span dir=\"auto\">\u00a0y\u00a0<\/span><span dir=\"auto\">pimienta rosa<\/span><span dir=\"auto\">\u00a0aporta profundidad y un sutil toque ahumado, manteniendo un refinado equilibrio floral-especiado. Esta fase media realza la fragancia con una presencia lujosa, creando una evoluci\u00f3n suave pero potente que se siente femenina y con una firmeza asertiva.<\/span><\/p>\n<p><span dir=\"auto\">El fondo revela una base<\/span><span dir=\"auto\">\u00a0duradera y elegante\u00a0compuesta de\u00a0\u00a0<\/span><span dir=\"auto\">haba tonka, <\/span><span dir=\"auto\">almizcle<\/span><span dir=\"auto\"> suave,\u00a0<\/span><span dir=\"auto\">cachemira<\/span><span dir=\"auto\">,\u00a0<\/span><span dir=\"auto\">abedul<\/span><span dir=\"auto\">,\u00a0<\/span><span dir=\"auto\">vetiver<\/span><span dir=\"auto\">\u00a0y\u00a0<\/span><span dir=\"auto\">madera de guayaco<\/span><span dir=\"auto\">. Estas notas aportan calidez, cremosidad amaderada y una estela moderna y audaz que perdura maravillosamente en la piel.<\/span><\/p>\n<p><span dir=\"auto\">Dise\u00f1ado para mujeres que aprecian los aromas llamativos con un toque futurista, Al Daiem es ideal para la noche, ocasiones especiales y estaciones m\u00e1s fr\u00edas cuando desea que su fragancia transmita sofisticaci\u00f3n, fuerza y \u200b\u200bun estilo inconfundible.<\/span><\/p>\n<ul>\n<li><b><span dir=\"auto\">Notas de salida:<\/span><\/b><span dir=\"auto\">\u00a0lim\u00f3n, jengibre, cardamomo, bergamota, pomelo, notas verdes.<\/span><\/li>\n<li><b><span dir=\"auto\">Notas de coraz\u00f3n:<\/span><\/b><span dir=\"auto\"> mate, jazm\u00edn sambac, incienso, nuez moscada, violeta, pimienta rosa.<\/span><\/li>\n<li><b><span dir=\"auto\">Notas de fondo:<\/span><\/b><span dir=\"auto\"> haba tonka, almizcle, cachemira, abedul, vetiver, madera de guayaco<\/span><\/li>\n<\/ul>\n<\/div>\n<\/div>\n<\/div>\n<\/div>\n<div class=\"col-12 col-md-5 product-right-wrapper text-start\">\n<div id=\"product\" class=\" product-right-info  \"><\/div>\n<\/div>\n<\/div>\n<\/div>\n<\/div>\n","protected":false},"excerpt":{"rendered":"<p>AL DAIEM El equilibrio entre la frescura y la oscuridad Creado para la intensidad de la vida moderna, el Al<\/p>\n","protected":false},"featured_media":99028,"comment_status":"open","ping_status":"closed","template":"","meta":{"nf_dc_page":""},"product_brand":[105],"product_cat":[84],"product_tag":[2940],"class_list":{"0":"post-99027","1":"product","2":"type-product","3":"status-publish","4":"has-post-thumbnail","6":"product_brand-al-wataniah","7":"product_cat-perfumeria","8":"product_tag-2940","10":"first","11":"instock","12":"shipping-taxable","13":"purchasable","14":"product-type-simple"},"_links":{"self":[{"href":"https:\/\/brandss.com.py\/index\/wp-json\/wp\/v2\/product\/99027","targetHints":{"allow":["GET"]}}],"collection":[{"href":"https:\/\/brandss.com.py\/index\/wp-json\/wp\/v2\/product"}],"about":[{"href":"https:\/\/brandss.com.py\/index\/wp-json\/wp\/v2\/types\/product"}],"replies":[{"embeddable":true,"href":"https:\/\/brandss.com.py\/index\/wp-json\/wp\/v2\/comments?post=99027"}],"version-history":[{"count":1,"href":"https:\/\/brandss.com.py\/index\/wp-json\/wp\/v2\/product\/99027\/revisions"}],"predecessor-version":[{"id":99032,"href":"https:\/\/brandss.com.py\/index\/wp-json\/wp\/v2\/product\/99027\/revisions\/99032"}],"wp:featuredmedia":[{"embeddable":true,"href":"https:\/\/brandss.com.py\/index\/wp-json\/wp\/v2\/media\/99028"}],"wp:attachment":[{"href":"https:\/\/brandss.com.py\/index\/wp-json\/wp\/v2\/media?parent=99027"}],"wp:term":[{"taxonomy":"product_brand","embeddable":true,"href":"https:\/\/brandss.com.py\/index\/wp-json\/wp\/v2\/product_brand?post=99027"},{"taxonomy":"product_cat","embeddable":true,"href":"https:\/\/brandss.com.py\/index\/wp-json\/wp\/v2\/product_cat?post=99027"},{"taxonomy":"product_tag","embeddable":true,"href":"https:\/\/brandss.com.py\/index\/wp-json\/wp\/v2\/product_tag?post=99027"}],"curies":[{"name":"wp","href":"https:\/\/api.w.org\/{rel}","templated":true}]}}