{"id":99121,"date":"2026-02-24T12:46:08","date_gmt":"2026-02-24T12:46:08","guid":{"rendered":"https:\/\/brandss.com.py\/index\/?post_type=product&#038;p=99121"},"modified":"2026-03-17T10:33:34","modified_gmt":"2026-03-17T10:33:34","slug":"perfume-unisex-french-avenue-veneno-bianco-edp-100ml","status":"publish","type":"product","link":"https:\/\/brandss.com.py\/index\/producto\/perfume-unisex-french-avenue-veneno-bianco-edp-100ml\/","title":{"rendered":"PERFUME UNISEX FRENCH AVENUE VENENO BIANCO EDP 100ML"},"content":{"rendered":"<p><img loading=\"lazy\" decoding=\"async\" class=\"\" src=\"https:\/\/rneydistribution.com\/img\/brands-cards\/french-avenue\/logo.png\" alt=\"French Avenue | RNEY\" width=\"77\" height=\"77\" \/><\/p>\n<h1>VENENO BIANCO<\/h1>\n<h5 data-start=\"0\" data-end=\"83\"><em><strong data-start=\"0\" data-end=\"83\"><span dir=\"auto\">Una fragancia luminosa y refrescante<\/span><\/strong><\/em><\/h5>\n<p>Es una fragancia tropical para la persona vibrante y so\u00f1adora que busca una esencia floral cremosa que evoca playas soleadas y lujo accesible. <span dir=\"auto\">Una fragancia magn\u00e9tica que combina elegancia y audacia en cada nota. <\/span><span dir=\"auto\">Veneno Bianco<\/span><span dir=\"auto\"> irradia sofisticaci\u00f3n con su cautivadora mezcla de cremosas flores blancas, toques dulces y una adictiva base de \u00e1mbar. Ideal para quienes desean dejar una estela impactante y seductora all\u00e1 donde vayan.<\/span><br \/>\n<span dir=\"auto\">Es la elecci\u00f3n perfecta para quienes desean experimentar el poder de la alta perfumer\u00eda con elegancia, ya que posee un aroma tropical, gourmand y floral atemporal, cautivador y perfecto, ideal para d\u00edas c\u00e1lidos o noches memorables.<img decoding=\"async\" class=\"alignleft\" src=\"https:\/\/cdnx.jumpseller.com\/aromachil\/image\/66038398\/resize\/591\/591?1754013638\" \/><\/span><\/p>\n<p><span dir=\"auto\">Un perfume que lleva la tentaci\u00f3n en su nombre y el poder de la seducci\u00f3n en su esencia.<\/span><\/p>\n<h3><\/h3>\n<h3>Notas Olfativas<\/h3>\n<p>&nbsp;<\/p>\n<p>Veneno Bianco de French Avenue es una fragancia de la familia olfativa Floral para Hombres y Mujeres. Veneno Bianco se despliega como un veneno blanco seductor, suave a la vista pero letal en su magnetismo, abriendo con un destello luminoso de bergamota y neroli que acaricia la piel con pureza tentadora. La cremosidad de la leche se funde con las flores de tiar\u00e9 y el ylang-ylang, creando un aura c\u00e1lida y adictiva que hipnotiza a quien se atreve a acercarse. Las flores blancas aportan un resplandor casi celestial, contrastando con la vibra tropical del coco que insin\u00faa placer y abandono. La vainilla surge profunda, envolvente, arrastrando el aroma hacia un terreno \u00edntimo y provocador. La madera de guayaco a\u00f1ade un toque ahumado y elegante que recuerda el misterio de un secreto susurrado al o\u00eddo. El l\u00e1dano aporta una densidad irresistible que oscurece suavemente el brillo inicial, como un veneno dulce que se libera lentamente. En su conjunto, Veneno Bianco es una invitaci\u00f3n peligrosa y exquisita, una caricia blanca que seduce con la intensidad de lo prohibido!!<\/p>\n<p><strong>Notas de salida:<\/strong> bergamota, neroli, leche.<\/p>\n<p><strong>Notas de coraz\u00f3n:<\/strong> flores de tiar\u00e9, ylang-ylang, flores blancas.<\/p>\n<p><strong>Notas de fondo:<\/strong> coco, vainilla, madera de guayaco, l\u00e1dano.<\/p>\n","protected":false},"excerpt":{"rendered":"<p>VENENO BIANCO Una fragancia luminosa y refrescante Es una fragancia tropical para la persona vibrante y so\u00f1adora que busca una<\/p>\n","protected":false},"featured_media":99122,"comment_status":"open","ping_status":"closed","template":"","meta":{"nf_dc_page":""},"product_brand":[112],"product_cat":[84],"product_tag":[2960],"class_list":{"0":"post-99121","1":"product","2":"type-product","3":"status-publish","4":"has-post-thumbnail","6":"product_brand-french-avenue","7":"product_cat-perfumeria","8":"product_tag-2960","10":"first","11":"instock","12":"shipping-taxable","13":"purchasable","14":"product-type-simple"},"_links":{"self":[{"href":"https:\/\/brandss.com.py\/index\/wp-json\/wp\/v2\/product\/99121","targetHints":{"allow":["GET"]}}],"collection":[{"href":"https:\/\/brandss.com.py\/index\/wp-json\/wp\/v2\/product"}],"about":[{"href":"https:\/\/brandss.com.py\/index\/wp-json\/wp\/v2\/types\/product"}],"replies":[{"embeddable":true,"href":"https:\/\/brandss.com.py\/index\/wp-json\/wp\/v2\/comments?post=99121"}],"version-history":[{"count":1,"href":"https:\/\/brandss.com.py\/index\/wp-json\/wp\/v2\/product\/99121\/revisions"}],"predecessor-version":[{"id":99128,"href":"https:\/\/brandss.com.py\/index\/wp-json\/wp\/v2\/product\/99121\/revisions\/99128"}],"wp:featuredmedia":[{"embeddable":true,"href":"https:\/\/brandss.com.py\/index\/wp-json\/wp\/v2\/media\/99122"}],"wp:attachment":[{"href":"https:\/\/brandss.com.py\/index\/wp-json\/wp\/v2\/media?parent=99121"}],"wp:term":[{"taxonomy":"product_brand","embeddable":true,"href":"https:\/\/brandss.com.py\/index\/wp-json\/wp\/v2\/product_brand?post=99121"},{"taxonomy":"product_cat","embeddable":true,"href":"https:\/\/brandss.com.py\/index\/wp-json\/wp\/v2\/product_cat?post=99121"},{"taxonomy":"product_tag","embeddable":true,"href":"https:\/\/brandss.com.py\/index\/wp-json\/wp\/v2\/product_tag?post=99121"}],"curies":[{"name":"wp","href":"https:\/\/api.w.org\/{rel}","templated":true}]}}