{"id":99195,"date":"2026-02-25T13:54:52","date_gmt":"2026-02-25T13:54:52","guid":{"rendered":"https:\/\/brandss.com.py\/index\/?post_type=product&#038;p=99195"},"modified":"2026-02-25T13:55:15","modified_gmt":"2026-02-25T13:55:15","slug":"perfume-unisex-armaf-odyssey-dubai-chocolat-edp-100ml","status":"publish","type":"product","link":"https:\/\/brandss.com.py\/index\/producto\/perfume-unisex-armaf-odyssey-dubai-chocolat-edp-100ml\/","title":{"rendered":"PERFUME UNISEX ARMAF ODYSSEY DUBAI CHOCOLAT EDP 100ML"},"content":{"rendered":"<p><img loading=\"lazy\" decoding=\"async\" class=\"\" src=\"https:\/\/odora.bg\/wp-content\/uploads\/2025\/08\/ZXVZX.png\" alt=\"Armaf - ODORA\" width=\"96\" height=\"96\" \/><\/p>\n<h1>ODYSSEY DUBAI CHOCOLAT<\/h1>\n<p><span dir=\"auto\">Descubre Odyssey Dubai Chocolat, una fragancia unisex que celebra el lado m\u00e1s delicioso de la perfumer\u00eda oriental. Perfecta para quienes buscan un perfume envolvente, gourmand y seductor, esta creaci\u00f3n destaca por su rica y sorprendente pir\u00e1mide olfativa.<img decoding=\"async\" class=\"alignleft\" src=\"https:\/\/www.beautybase.com\/images\/armaf-odyssey-dubai-chocolate-eau-de-parfum-100ml-spray-p83913-38346_medium.jpg\" \/> <\/span><\/p>\n<p><span dir=\"auto\">Experimenta el irresistible encanto de <\/span><span dir=\"auto\">Odyssey Dubai Chocolat<\/span><span dir=\"auto\">, una lujosa fragancia de vainilla oriental para hombre y mujer. Una rica mezcla de caf\u00e9, pralin\u00e9 y chocolate, entrelazada con c\u00e1lida vainilla, caramelo y madera de \u00e1mbar, crea una fragancia indulgente e inolvidable.<\/span><\/p>\n<p>Armaf, conocida por su capacidad para crear fragancias cautivadoras y, a menudo, innovadoras, ha brindado una experiencia olfativa verdaderamente \u00fanica con Odyssey Dubai Chocolat. No se trata de un simple perfume de chocolate; es un viaje al coraz\u00f3n del reciente furor culinario de Dub\u00e1i, capturando la esencia de la popular barra de chocolate kunafa con pistacho en una botella.<\/p>\n<p>&nbsp;<\/p>\n<h3>Notas Olfativas<\/h3>\n<p>&nbsp;<\/p>\n<p>Odyssey Dubai Chocolat no se inspira \u00fanicamente en el chocolate. Es una traducci\u00f3n directa de los sabores y texturas de un postre cl\u00e1sico. Imagina la experiencia de morder este famoso dulce de Dub\u00e1i con sus capas cremosas, crujientes y con sabor a nuez y empezar\u00e1s a comprender la complejidad de su fragancia.<\/p>\n<p><span dir=\"auto\">Esta fragancia se abre con una deliciosa y placentera mezcla de caf\u00e9, pistacho, pralin\u00e9, knafeh y avellana, creando una rica y dulce entrada con notas de frutos secos que evoca un postre exquisito. El coraz\u00f3n ofrece una lujosa mezcla de chocolate, vainilla y la c\u00e1lida especia del cardamomo, que aporta profundidad y suavidad a la composici\u00f3n.<\/span><\/p>\n<p><span dir=\"auto\">En la base, caramelo, haba tonka y madera de \u00e1mbar aportan un final dulce, cremoso y amaderado que perdura con calidez. Perfecto para quienes disfrutan de una fragancia gourmand con una deliciosa combinaci\u00f3n de notas dulces, a frutos secos y especiadas.<\/span><\/p>\n<p><strong><span dir=\"auto\">Notas de salida:<\/span><\/strong><span dir=\"auto\">\u00a0caf\u00e9, pistacho, pralin\u00e9, knafeh, avellana.<\/span><br \/>\n<strong><span dir=\"auto\">Notas de coraz\u00f3n:<\/span><\/strong><span dir=\"auto\">\u00a0chocolate, vainilla, cardamomo.<\/span><br \/>\n<strong><span dir=\"auto\">Notas de fondo:<\/span><\/strong><span dir=\"auto\">\u00a0caramelo, haba tonka, madera de \u00e1mbar.<\/span><\/p>\n","protected":false},"excerpt":{"rendered":"<p>ODYSSEY DUBAI CHOCOLAT Descubre Odyssey Dubai Chocolat, una fragancia unisex que celebra el lado m\u00e1s delicioso de la perfumer\u00eda oriental.<\/p>\n","protected":false},"featured_media":99196,"comment_status":"open","ping_status":"closed","template":"","meta":{"nf_dc_page":""},"product_brand":[106],"product_cat":[84],"product_tag":[2973],"class_list":{"0":"post-99195","1":"product","2":"type-product","3":"status-publish","4":"has-post-thumbnail","6":"product_brand-armaf","7":"product_cat-perfumeria","8":"product_tag-2973","10":"first","11":"instock","12":"shipping-taxable","13":"purchasable","14":"product-type-simple"},"_links":{"self":[{"href":"https:\/\/brandss.com.py\/index\/wp-json\/wp\/v2\/product\/99195","targetHints":{"allow":["GET"]}}],"collection":[{"href":"https:\/\/brandss.com.py\/index\/wp-json\/wp\/v2\/product"}],"about":[{"href":"https:\/\/brandss.com.py\/index\/wp-json\/wp\/v2\/types\/product"}],"replies":[{"embeddable":true,"href":"https:\/\/brandss.com.py\/index\/wp-json\/wp\/v2\/comments?post=99195"}],"version-history":[{"count":1,"href":"https:\/\/brandss.com.py\/index\/wp-json\/wp\/v2\/product\/99195\/revisions"}],"predecessor-version":[{"id":99203,"href":"https:\/\/brandss.com.py\/index\/wp-json\/wp\/v2\/product\/99195\/revisions\/99203"}],"wp:featuredmedia":[{"embeddable":true,"href":"https:\/\/brandss.com.py\/index\/wp-json\/wp\/v2\/media\/99196"}],"wp:attachment":[{"href":"https:\/\/brandss.com.py\/index\/wp-json\/wp\/v2\/media?parent=99195"}],"wp:term":[{"taxonomy":"product_brand","embeddable":true,"href":"https:\/\/brandss.com.py\/index\/wp-json\/wp\/v2\/product_brand?post=99195"},{"taxonomy":"product_cat","embeddable":true,"href":"https:\/\/brandss.com.py\/index\/wp-json\/wp\/v2\/product_cat?post=99195"},{"taxonomy":"product_tag","embeddable":true,"href":"https:\/\/brandss.com.py\/index\/wp-json\/wp\/v2\/product_tag?post=99195"}],"curies":[{"name":"wp","href":"https:\/\/api.w.org\/{rel}","templated":true}]}}