{"id":99204,"date":"2026-02-25T16:15:47","date_gmt":"2026-02-25T16:15:47","guid":{"rendered":"https:\/\/brandss.com.py\/index\/?post_type=product&#038;p=99204"},"modified":"2026-02-25T16:16:45","modified_gmt":"2026-02-25T16:16:45","slug":"perfume-unisex-armaf-scentasy-noir-de-peche-edp-100ml","status":"publish","type":"product","link":"https:\/\/brandss.com.py\/index\/producto\/perfume-unisex-armaf-scentasy-noir-de-peche-edp-100ml\/","title":{"rendered":"PERFUME UNISEX ARMAF SCENTASY NOIR DE P\u00caCHE EDP 100ML"},"content":{"rendered":"<p><img loading=\"lazy\" decoding=\"async\" class=\"\" src=\"https:\/\/odora.bg\/wp-content\/uploads\/2025\/08\/ZXVZX.png\" alt=\"Armaf - ODORA\" width=\"88\" height=\"88\" \/><\/p>\n<h1>SCENTASY NOIR DE P\u00caCHE<\/h1>\n<p>Es una fragancia radiante que celebra el encanto moderno con un vibrante juego de dulzura y calidez. Descubre Scentasy Noir De Peche, una fragancia unisex que cautiva desde el primer instante. Su apertura frutal de durazno jugoso evoluciona hacia un coraz\u00f3n floral dulce y delicado, mientras que las notas base de maderas nobles, vainilla sutil y almizcar crean una estela envolvente y moderna.<img loading=\"lazy\" decoding=\"async\" class=\"alignleft\" src=\"https:\/\/static.wixstatic.com\/media\/8bcfa2_30f974aac10d4585bc6789b4f7e6784a~mv2.jpg\/v1\/fill\/w_601,h_751,al_c,q_85,usm_0.66_1.00_0.01\/8bcfa2_30f974aac10d4585bc6789b4f7e6784a~mv2.jpg\" width=\"248\" height=\"310\" \/><\/p>\n<p>Esta composici\u00f3n sensual ofrece longevidad y proyecci\u00f3n excepcionales, perfecta para quien busca un aroma sofisticado que trascienda g\u00e9neros y ocasiones.<\/p>\n<p>&nbsp;<\/p>\n<h3>Notas Olfativas<\/h3>\n<p>&nbsp;<\/p>\n<p><img loading=\"lazy\" decoding=\"async\" class=\"alignright\" src=\"https:\/\/static.wixstatic.com\/media\/8bcfa2_bf6daa494e064e7c841a5d2d524cd64e~mv2.jpg\/v1\/fill\/w_601,h_751,al_c,q_85,usm_0.66_1.00_0.01\/8bcfa2_bf6daa494e064e7c841a5d2d524cd64e~mv2.jpg\" width=\"387\" height=\"484\" \/><\/p>\n<p>SCENTASY Noir de Peche es una fragancia cautivadora que combina sofisticaci\u00f3n sensual con elegancia moderna. <span dir=\"auto\">La composici\u00f3n se abre con jugosos melocotones y nectarina, complementados con un suave caramelo para una experiencia placentera.<\/span><\/p>\n<p data-start=\"2087\" data-end=\"2354\"><span dir=\"auto\">En el coraz\u00f3n, las especias, el iris y la guayaba se combinan a la perfecci\u00f3n para crear un car\u00e1cter \u00fanico y contempor\u00e1neo. <\/span><\/p>\n<p data-start=\"2087\" data-end=\"2354\"><span dir=\"auto\">La fragancia se asienta sobre una reconfortante base de vainilla, almizcle, notas amaderadas, \u00e1mbar y b\u00e1lsamo, dejando una huella duradera, a la vez atractiva y sofisticada. Armaf Scentasy Noir De Peche es una nueva fragancia. Scentasy Noir de P\u00eache se lanz\u00f3 en 2025.\u00a0<\/span><\/p>\n<p data-start=\"2356\" data-end=\"2497\"><strong data-start=\"2356\" data-end=\"2370\"><span dir=\"auto\">Notas de salida:<\/span><\/strong><span dir=\"auto\">\u00a0melocot\u00f3n, nectarina, caramelo.<\/span><br data-start=\"2396\" data-end=\"2399\" \/><strong data-start=\"2399\" data-end=\"2415\"><span dir=\"auto\">Notas de coraz\u00f3n:<\/span><\/strong><span dir=\"auto\">\u00a0especias, iris, guayaba.<\/span><br data-start=\"2435\" data-end=\"2438\" \/><strong data-start=\"2438\" data-end=\"2453\"><span dir=\"auto\">Notas de fondo:<\/span><\/strong><span dir=\"auto\">\u00a0vainilla, almizcle, notas amaderadas, \u00e1mbar, b\u00e1lsamo.<\/span><\/p>\n","protected":false},"excerpt":{"rendered":"<p>SCENTASY NOIR DE P\u00caCHE Es una fragancia radiante que celebra el encanto moderno con un vibrante juego de dulzura y<\/p>\n","protected":false},"featured_media":99205,"comment_status":"open","ping_status":"closed","template":"","meta":{"nf_dc_page":""},"product_brand":[106],"product_cat":[84],"product_tag":[2974],"class_list":{"0":"post-99204","1":"product","2":"type-product","3":"status-publish","4":"has-post-thumbnail","6":"product_brand-armaf","7":"product_cat-perfumeria","8":"product_tag-2974","10":"first","11":"instock","12":"shipping-taxable","13":"purchasable","14":"product-type-simple"},"_links":{"self":[{"href":"https:\/\/brandss.com.py\/index\/wp-json\/wp\/v2\/product\/99204","targetHints":{"allow":["GET"]}}],"collection":[{"href":"https:\/\/brandss.com.py\/index\/wp-json\/wp\/v2\/product"}],"about":[{"href":"https:\/\/brandss.com.py\/index\/wp-json\/wp\/v2\/types\/product"}],"replies":[{"embeddable":true,"href":"https:\/\/brandss.com.py\/index\/wp-json\/wp\/v2\/comments?post=99204"}],"version-history":[{"count":1,"href":"https:\/\/brandss.com.py\/index\/wp-json\/wp\/v2\/product\/99204\/revisions"}],"predecessor-version":[{"id":99212,"href":"https:\/\/brandss.com.py\/index\/wp-json\/wp\/v2\/product\/99204\/revisions\/99212"}],"wp:featuredmedia":[{"embeddable":true,"href":"https:\/\/brandss.com.py\/index\/wp-json\/wp\/v2\/media\/99205"}],"wp:attachment":[{"href":"https:\/\/brandss.com.py\/index\/wp-json\/wp\/v2\/media?parent=99204"}],"wp:term":[{"taxonomy":"product_brand","embeddable":true,"href":"https:\/\/brandss.com.py\/index\/wp-json\/wp\/v2\/product_brand?post=99204"},{"taxonomy":"product_cat","embeddable":true,"href":"https:\/\/brandss.com.py\/index\/wp-json\/wp\/v2\/product_cat?post=99204"},{"taxonomy":"product_tag","embeddable":true,"href":"https:\/\/brandss.com.py\/index\/wp-json\/wp\/v2\/product_tag?post=99204"}],"curies":[{"name":"wp","href":"https:\/\/api.w.org\/{rel}","templated":true}]}}