{"id":99254,"date":"2026-02-27T13:02:02","date_gmt":"2026-02-27T13:02:02","guid":{"rendered":"https:\/\/brandss.com.py\/index\/?post_type=product&#038;p=99254"},"modified":"2026-02-27T13:03:48","modified_gmt":"2026-02-27T13:03:48","slug":"celular-honor-x7d-ds-8-256gb-6-77-ocean-cyan","status":"publish","type":"product","link":"https:\/\/brandss.com.py\/index\/producto\/celular-honor-x7d-ds-8-256gb-6-77-ocean-cyan\/","title":{"rendered":"CELULAR HONOR X7D DS 8\/256GB 6.77 OCEAN CYAN"},"content":{"rendered":"<p><img loading=\"lazy\" decoding=\"async\" class=\"\" src=\"https:\/\/i0.wp.com\/download.logo.wine\/logo\/Honor_%28brand%29\/Honor_%28brand%29-Logo.wine.png?resize=74%2C49&amp;ssl=1\" alt=\"Download Honor Logo in SVG Vector or PNG File Format - Logo.wine\" width=\"74\" height=\"49\" data-recalc-dims=\"1\" \/><\/p>\n<h1>X7D<\/h1>\n<p class=\"short-desc\"><span dir=\"auto\">Explora el smartphone Honor X7d, dise\u00f1ado para un rendimiento fluido y una experiencia visual n\u00edtida. Con conectividad confiable y funciones esenciales, ofrece una experiencia m\u00f3vil vers\u00e1til, ideal para el uso diario, el entretenimiento y la comunicaci\u00f3n en cualquier lugar. El Honor X7d Dual es un smartphone potente y vers\u00e1til, ideal para quienes buscan rendimiento y autonom\u00eda. Cuenta con una bater\u00eda de 6500 mAh que garantiza uso prolongado durante todo el d\u00eda, una pantalla TFT LCD de 6.77\u2033, c\u00e1mara principal de 108 MP y frontal de 8 MP para fotos de alta calidad, y un rendimiento fluido gracias a su procesador Snapdragon 685, CPU Octa-core de 2.8 GHz y GPU Adreno 610. Incorpora Android 15, conectividad avanzada, Dual SIM y certificaci\u00f3n IP65 resistente al agua, convirti\u00e9ndose en una opci\u00f3n confiable y completa para el uso diario.<img decoding=\"async\" class=\"alignleft\" src=\"https:\/\/de2kqc9pq55cj.cloudfront.net\/fit-in\/700x700\/filters:fill(FFFFFF):quality(90):format(webp)\/_img_productos\/celular-honor-x7d-8gb-256gb-fb-cyan-.jpg\" \/><\/span><\/p>\n<p><strong><span dir=\"auto\">Bater\u00eda de doble celda de 6500 mAh.<\/span><\/strong><\/p>\n<p><span dir=\"auto\">Dise\u00f1ada para la eficiencia y la seguridad.\u00a0\u00a0<\/span><span dir=\"auto\">Bater\u00eda de doble celda con un dise\u00f1o m\u00e1s resistente y seguro.<\/span><\/p>\n<p><strong><span dir=\"auto\">Confiabilidad a prueba de ca\u00eddas de 360\u00b0, listo para cualquier cosa.<\/span><\/strong><\/p>\n<p><span dir=\"auto\">La resistencia al impacto aument\u00f3 un 25 %. El riesgo de deformaci\u00f3n del cuadro se redujo un 15 %.<\/span><\/p>\n<p><strong><span dir=\"auto\">800.000 veces<\/span><\/strong><\/p>\n<p><span dir=\"auto\">Prueba de toques de pantalla<\/span><\/p>\n<p><strong><span dir=\"auto\">210.000 veces<\/span><\/strong><\/p>\n<p><span dir=\"auto\">Se probaron las pulsaciones del bot\u00f3n de encendido<\/span><\/p>\n<p><strong><span dir=\"auto\">Prueba de lluvia de 24 horas: dise\u00f1ada para soportar lo inesperado.<\/span><\/strong><\/p>\n<p><span dir=\"auto\">Ba\u00f1o, cocina, exteriores: listos para donde sea que la vida te lleve.<\/span><\/p>\n<p><strong><span dir=\"auto\">Resistencia al polvo a nivel completo.<\/span><\/strong><\/p>\n<p><span dir=\"auto\">No se ve afectado por la arena, el polvo ni la suciedad cotidiana.<\/span><\/p>\n<p><strong><span dir=\"auto\">Mejora del tacto con las manos mojadas<\/span><\/strong><\/p>\n<p><span dir=\"auto\">Realice llamadas sin esfuerzo, incluso con las manos mojadas o enjabonadas.<\/span><\/p>\n<p><strong><span dir=\"auto\">Bot\u00f3n AI instant\u00e1neo, acceso con un clic. 1 bot\u00f3n, acceso con un clic.<\/span><\/strong><\/p>\n<p><span dir=\"auto\">Un bot\u00f3n lateral f\u00edsico te permite iniciar comandos y aplicaciones favoritas instant\u00e1neamente con una sola pulsaci\u00f3n.<\/span><\/p>\n<p><strong><span dir=\"auto\">Portal m\u00e1gico<\/span><\/strong><\/p>\n<p><span dir=\"auto\">Golpea la pantalla con tu nudillo y haz un c\u00edrculo para activar el Portal M\u00e1gico y acceder a los servicios en un solo paso.<\/span><\/p>\n<p><strong><span dir=\"auto\">C\u00e1psula m\u00e1gica<\/span><\/strong><\/p>\n<p><span dir=\"auto\">Con la atenci\u00f3n fija, puedes captar informaci\u00f3n clave de un vistazo.<\/span><\/p>\n<p><strong><span dir=\"auto\">NFC, listo para la facilidad diaria.<\/span><\/strong><\/p>\n<p><span dir=\"auto\">Ad\u00e9ntrese en una forma de vida m\u00e1s inteligente con un solo toque.<\/span><\/p>\n<p><strong><span dir=\"auto\">12 GB + 128 GB. Multitarea con libertad. Almacenamiento sencillo.<\/span><\/strong><\/p>\n<p><span dir=\"auto\">La tecnolog\u00eda HONOR RAM Turbo puede lograr una experiencia de memoria de 6 GB + 6 GB = 12 GB que funciona sin problemas incluso despu\u00e9s de un uso prolongado.<\/span><\/p>\n<p><strong><span dir=\"auto\">400% de volumen con altavoces duales. Sonido que llena cada momento.<\/span><\/strong><\/p>\n<p><span dir=\"auto\">El modo de volumen alto se adapta a entornos exteriores. Amplifica la m\u00fasica, los v\u00eddeos y los sonidos de navegaci\u00f3n, a la vez que ofrece una calidad de voz clara y alta para las llamadas.<\/span><\/p>\n<h3 class=\"card-info-title technical\">Especificaciones t\u00e9cnicas<\/h3>\n<div class=\"card-info-content\">\n<div>\u2013 Sistema operativo: Android 15 con MagicOS 9.0 \u2014 interfaz actualizada y segura.<\/div>\n<div>\u2013 Procesador: Qualcomm Snapdragon 685 Octa-Core con GPU Adreno 610.<\/div>\n<div>\u2013 Memoria RAM: 8 GB (amplia multitarea).<\/div>\n<div>\u2013 Almacenamiento interno: 256 GB, ampliable con microSD (hasta ~1 TB).<\/div>\n<div>\u2013 Pantalla: 6.77\u2033 TFT LCD, 120 Hz, HD+ (720 \u00d7 1610) \u2014 visualizaci\u00f3n suave y amplia.<\/div>\n<div>\u2013 C\u00e1mara trasera dual: 108 MP (principal) + 2 MP (profundidad) \u2014 fotos detalladas y efectos de fondo.<\/div>\n<div>\u2013 C\u00e1mara frontal: 8 MP para selfies y videollamadas.<\/div>\n<div>\u2013 Bater\u00eda: 6500 mAh con carga r\u00e1pida SuperCharge 35 W \u2014 autonom\u00eda para todo el d\u00eda.<\/div>\n<div>\u2013 Conectividad: Dual SIM (Nano), Wi-Fi 802.11 a\/b\/g\/n\/ac (2.4 \/ 5 GHz), Bluetooth 5.0, NFC, GPS\/Glonass.<\/div>\n<div>\u2013 Resistencia: Certificaci\u00f3n IP65 contra polvo y salpicaduras.<\/div>\n<div>\u2013 Audio: Altavoces est\u00e9reo con potencia elevada (hasta ~400 %).<\/div>\n<div>\u2013 Sensores: Huella lateral, proximidad, luz ambiente, aceler\u00f3metro, br\u00fajula.<\/div>\n<div>\u2013 Dimensiones: Aproximadamente 166.9 \u00d7 76.8 \u00d7 8.24 mm y peso ~208 g.<\/div>\n<\/div>\n","protected":false},"excerpt":{"rendered":"<p>X7D Explora el smartphone Honor X7d, dise\u00f1ado para un rendimiento fluido y una experiencia visual n\u00edtida. Con conectividad confiable y<\/p>\n","protected":false},"featured_media":99255,"comment_status":"open","ping_status":"closed","template":"","meta":{"nf_dc_page":""},"product_brand":[2186],"product_cat":[2187],"product_tag":[2980],"class_list":{"0":"post-99254","1":"product","2":"type-product","3":"status-publish","4":"has-post-thumbnail","6":"product_brand-honor","7":"product_cat-celulares","8":"product_tag-2980","10":"first","11":"instock","12":"shipping-taxable","13":"purchasable","14":"product-type-simple"},"_links":{"self":[{"href":"https:\/\/brandss.com.py\/index\/wp-json\/wp\/v2\/product\/99254","targetHints":{"allow":["GET"]}}],"collection":[{"href":"https:\/\/brandss.com.py\/index\/wp-json\/wp\/v2\/product"}],"about":[{"href":"https:\/\/brandss.com.py\/index\/wp-json\/wp\/v2\/types\/product"}],"replies":[{"embeddable":true,"href":"https:\/\/brandss.com.py\/index\/wp-json\/wp\/v2\/comments?post=99254"}],"version-history":[{"count":1,"href":"https:\/\/brandss.com.py\/index\/wp-json\/wp\/v2\/product\/99254\/revisions"}],"predecessor-version":[{"id":99266,"href":"https:\/\/brandss.com.py\/index\/wp-json\/wp\/v2\/product\/99254\/revisions\/99266"}],"wp:featuredmedia":[{"embeddable":true,"href":"https:\/\/brandss.com.py\/index\/wp-json\/wp\/v2\/media\/99255"}],"wp:attachment":[{"href":"https:\/\/brandss.com.py\/index\/wp-json\/wp\/v2\/media?parent=99254"}],"wp:term":[{"taxonomy":"product_brand","embeddable":true,"href":"https:\/\/brandss.com.py\/index\/wp-json\/wp\/v2\/product_brand?post=99254"},{"taxonomy":"product_cat","embeddable":true,"href":"https:\/\/brandss.com.py\/index\/wp-json\/wp\/v2\/product_cat?post=99254"},{"taxonomy":"product_tag","embeddable":true,"href":"https:\/\/brandss.com.py\/index\/wp-json\/wp\/v2\/product_tag?post=99254"}],"curies":[{"name":"wp","href":"https:\/\/api.w.org\/{rel}","templated":true}]}}